{"id":82,"date":"2015-09-01T07:48:31","date_gmt":"2015-09-01T07:48:31","guid":{"rendered":"https:\/\/gjeilo.no\/?page_id=82"},"modified":"2026-03-19T15:53:11","modified_gmt":"2026-03-19T15:53:11","slug":"lars-syvers-kolden-kvale","status":"publish","type":"page","link":"https:\/\/gjeilo.no\/?page_id=82","title":{"rendered":"Lars Olsen Kv\u00e5le"},"content":{"rendered":"<p><a href=\"https:\/\/gjeilo.no\/wp-content\/uploads\/2015\/09\/larskvale.jpg\"><img loading=\"lazy\" decoding=\"async\" class=\"aligncenter wp-image-84 size-medium\" src=\"https:\/\/gjeilo.no\/wp-content\/uploads\/2015\/09\/larskvale-213x300.jpg\" alt=\"larskvale\" width=\"213\" height=\"300\" srcset=\"https:\/\/gjeilo.no\/wp-content\/uploads\/2015\/09\/larskvale-213x300.jpg 213w, https:\/\/gjeilo.no\/wp-content\/uploads\/2015\/09\/larskvale.jpg 272w\" sizes=\"auto, (max-width: 213px) 100vw, 213px\" \/><\/a>F\u00f8dd:\u00a0 1874 kb\u00a0 D\u00f8d:<br \/>\nGift den 28. mars 1895 med <a title=\"Marit Aukrustbakken (H\u00e5g\u00e5bakken)\" href=\"https:\/\/gjeilo.no\/?page_id=68\">Marit Pedersdatter Aukrustbakka Hoftakroken<\/a>, f 1869 kb<br \/>\nFar: <a href=\"https:\/\/gjeilo.no\/?page_id=1077\">Ole Olsen (Kolden)<\/a>, 1845<br \/>\nMor: <a href=\"https:\/\/gjeilo.no\/?page_id=2505\">Anne Larsdotter<\/a> f. 1846<br \/>\nVar f\u00f8dd p\u00e5 Kleiven i fylgje kb<br \/>\nVar forpaktarar p\u00e5 Gutub\u00f8 da dei gifta seg i 1895.<\/p>\n<p><a href=\"https:\/\/www.geni.com\/people\/Lars-Kv%C3%A5le\/6000000016384287033?through=6000000016384345006\" target=\"_blank\" rel=\"noopener\">Geni<\/a><br \/>\n<a href=\"https:\/\/gjeilo.no\"><img loading=\"lazy\" decoding=\"async\" class=\"alignnone  wp-image-6142\" src=\"https:\/\/gjeilo.no\/wp-content\/uploads\/2024\/11\/dor-100-DPI-1.png\" alt=\"\" width=\"89\" height=\"15\" \/><\/a><\/p>\n<p>Etterslekt, Lars Syvers. Kolden Kv\u00e5le og<br \/>\nMarit Larsdotter Aukrustbakken:<br \/>\n1. <a title=\"Anna Kv\u00e5le\" href=\"https:\/\/gjeilo.no\/?page_id=54\">Anne Kv\u00e5le<\/a> g.m <a title=\"Ola Slettom\" href=\"https:\/\/gjeilo.no\/?page_id=57\">Ola Settom<\/a>,<br \/>\n1.1 Laurits Kv\u00e5le (far: ) g.m. Laura fr\u00e5 Gaupne<br \/>\n1.1.1 Bj\u00f8rg Lauritsd. Kv\u00e5le,f<br \/>\n1.2.Astrid Olsd. Slettom,f. 9-des 1920, g med Olav Pers. Sletten<br \/>\n1.2.1. Per Olavs. Sletten<br \/>\n1.2.2.Ola Olavs. Sletten<br \/>\n1.2.2.1.Tove Sletten<br \/>\n1.2.2.2. Olav Rune Sletten<br \/>\n1.2.3. Ingvald Olavs. Sletten<br \/>\n1.2.4. Leif Arvid Olavs. Sletten<br \/>\n1.2.5. Anne Lise Olavsd. Sletten<br \/>\n1.2.5.1.Torkild Husom<br \/>\n1.2.5.2.Astrid Husom<br \/>\n1.2.5.3.Kristin Husom<br \/>\n1.2.5.4.Eva R\u00f8nningen<br \/>\n1.3.Margit Olsd. Slettom,f. 9.des 1920, d\u00f8d berre fire veker gamal.<br \/>\n1.4.Marit Olsd. Slettom, f. 1921, g med Lars Skjerpingstad<br \/>\n1.4.1. Ester Larsd. Skjerpingstad<br \/>\n1.5.Jofrid Olsd. Slettom, f. 15.des 1929, g med Kaare Ols. Kroken f 1924<br \/>\n2. Ola Lars. Kv\u00e5le, g.m. Ragna &#8230;&#8230;<br \/>\n2.1..Marit Olsd. Kv\u00e5le<br \/>\n2.1.1. Anton Ottars. N\u00f8rjordet<br \/>\n2.1.1.1.Gry Veronica N\u00f8rjordet<br \/>\n2.1.1.2.Odd Einar N\u00f8rjordet,f 1986<br \/>\n2.1.2.Rannveig Ottard. N\u00f8rjordet<br \/>\n2.1.2.1.Vidar Stee<br \/>\n2.1.2.2.Yngve Stee<br \/>\n2.1.2.3.Merete Stee<br \/>\n2.2. Anne Olsd. Kv\u00e5le g med Ola Kj\u00f8rten<br \/>\n2.2.1.Jakup Ols. Kj\u00f8rren<br \/>\n2.2.1.1.Eldri Skjelkv\u00e5le Kj\u00f8rren<br \/>\n2.2.1.2.Ingrid Oline Skjelkv\u00e5le Kj\u00f8rren<br \/>\n2.2.2.Randi Olsd. Kj\u00f8rren<br \/>\n2.2.3.Kari Olsd. Kj\u00f8rren<br \/>\n2.2.3.1.Liv Turtum,f 1988<br \/>\n2.2.3.2.Anne Turtum<br \/>\n2.2.3.3.Sina Turtum<br \/>\n2.3.Leif Ols. Kv\u00e5le,g med Embj\u00f8rg Kvams\u00f8ygard<br \/>\n2.3.1. Svein Kv\u00e5le<br \/>\n2.3.2. Heidi Kv\u00e5le<br \/>\n2.3.3. Marie Kv\u00e5le<br \/>\n2.4.Reidun Olsd. Kv\u00e5le,g med Peder Hosar\u00f8ygard<br \/>\n2.4.1.Torodd Hosar\u00f8ygard<br \/>\n2.4.2.Per Morten Hosar\u00f8ygard<br \/>\n3. Lars Lars. Kv\u00e5le, g med Ragnhild N\u00f8rjordet<br \/>\n3.1.M\u00e5lfrid Larsd. Kv\u00e5le<br \/>\n3.1.1.Dagmar Laingen<br \/>\n3.1.2.Yngve Laingen<br \/>\n3.2. Laila Larsd, Kv\u00e5le<br \/>\n3.2.1.Lars Steinar Laingen<br \/>\n3.2.2.Roar Laingen<br \/>\n4. Kristian Lars. Kv\u00e5le, ugift.<br \/>\n5. Amund Lars. Kv\u00e5le, g.m.<br \/>\n6. Erling Lars. Kv\u00e5le,d\u00f8d ung.<\/p>\n<p>Syskjen:<br \/>\n1. Kari g.m. Ola Berg, reiste til Amerika.<br \/>\n1.1. Oskar Ols.<br \/>\n1.2. Anna.<\/p>\n\n\n<figure class=\"wp-block-image size-full\"><a href=\"https:\/\/gjeilo.no\/wp-content\/uploads\/2020\/03\/5A541BB9-4AAB-4924-8E39-588A159412B4.jpeg\"><img loading=\"lazy\" decoding=\"async\" width=\"750\" height=\"598\" src=\"https:\/\/gjeilo.no\/wp-content\/uploads\/2020\/03\/5A541BB9-4AAB-4924-8E39-588A159412B4.jpeg\" alt=\"\" class=\"wp-image-648\" srcset=\"https:\/\/gjeilo.no\/wp-content\/uploads\/2020\/03\/5A541BB9-4AAB-4924-8E39-588A159412B4.jpeg 750w, https:\/\/gjeilo.no\/wp-content\/uploads\/2020\/03\/5A541BB9-4AAB-4924-8E39-588A159412B4-300x239.jpeg 300w\" sizes=\"auto, (max-width: 750px) 100vw, 750px\" \/><\/a><figcaption class=\"wp-element-caption\">Foreldra til Anne, Lars og Marit,  kj\u00f8pte Kv\u00e5le i 1906 da Anne var ni \u00e5r gamal. KARL H\u00d8GBERG \u2013 Kv\u00e5le g\u00e5rd i Lom 1932. Aud har kj\u00f8pt dette maleriet.<\/figcaption><\/figure>\n","protected":false},"excerpt":{"rendered":"<p>F\u00f8dd:\u00a0 1874 kb\u00a0 D\u00f8d: Gift den 28. mars 1895 med Marit Pedersdatter Aukrustbakka Hoftakroken, f 1869 kb Far: Ole Olsen (Kolden), 1845 Mor: Anne Larsdotter f. 1846 Var f\u00f8dd p\u00e5 Kleiven i fylgje kb Var forpaktarar p\u00e5 Gutub\u00f8 da dei gifta seg i 1895. Geni Etterslekt, Lars Syvers. Kolden Kv\u00e5le og Marit Larsdotter Aukrustbakken: 1. &hellip; <a href=\"https:\/\/gjeilo.no\/?page_id=82\" class=\"more-link\">Fortsett \u00e5 lese <span class=\"screen-reader-text\">Lars Olsen Kv\u00e5le<\/span><\/a><\/p>\n","protected":false},"author":2,"featured_media":0,"parent":0,"menu_order":0,"comment_status":"closed","ping_status":"open","template":"","meta":{"footnotes":""},"class_list":["post-82","page","type-page","status-publish","hentry"],"yoast_head":"<!-- This site is optimized with the Yoast SEO plugin v26.0 - https:\/\/yoast.com\/wordpress\/plugins\/seo\/ -->\n<title>Lars Olsen Kv\u00e5le - Slektskap<\/title>\n<meta name=\"robots\" content=\"index, follow, max-snippet:-1, max-image-preview:large, max-video-preview:-1\" \/>\n<link rel=\"canonical\" href=\"https:\/\/gjeilo.no\/?page_id=82\" \/>\n<meta property=\"og:locale\" content=\"nb_NO\" \/>\n<meta property=\"og:type\" content=\"article\" \/>\n<meta property=\"og:title\" content=\"Lars Olsen Kv\u00e5le - Slektskap\" \/>\n<meta property=\"og:description\" content=\"F\u00f8dd:\u00a0 1874 kb\u00a0 D\u00f8d: Gift den 28. mars 1895 med Marit Pedersdatter Aukrustbakka Hoftakroken, f 1869 kb Far: Ole Olsen (Kolden), 1845 Mor: Anne Larsdotter f. 1846 Var f\u00f8dd p\u00e5 Kleiven i fylgje kb Var forpaktarar p\u00e5 Gutub\u00f8 da dei gifta seg i 1895. Geni Etterslekt, Lars Syvers. Kolden Kv\u00e5le og Marit Larsdotter Aukrustbakken: 1. &hellip; Fortsett \u00e5 lese Lars Olsen Kv\u00e5le\" \/>\n<meta property=\"og:url\" content=\"https:\/\/gjeilo.no\/?page_id=82\" \/>\n<meta property=\"og:site_name\" content=\"Slektskap\" \/>\n<meta property=\"article:modified_time\" content=\"2026-03-19T15:53:11+00:00\" \/>\n<meta property=\"og:image\" content=\"https:\/\/gjeilo.no\/wp-content\/uploads\/2015\/09\/larskvale.jpg\" \/>\n\t<meta property=\"og:image:width\" content=\"272\" \/>\n\t<meta property=\"og:image:height\" content=\"384\" \/>\n\t<meta property=\"og:image:type\" content=\"image\/jpeg\" \/>\n<meta name=\"twitter:card\" content=\"summary_large_image\" \/>\n<meta name=\"twitter:label1\" content=\"Ansl. lesetid\" \/>\n\t<meta name=\"twitter:data1\" content=\"3 minutter\" \/>\n<script type=\"application\/ld+json\" class=\"yoast-schema-graph\">{\"@context\":\"https:\/\/schema.org\",\"@graph\":[{\"@type\":\"WebPage\",\"@id\":\"https:\/\/gjeilo.no\/?page_id=82\",\"url\":\"https:\/\/gjeilo.no\/?page_id=82\",\"name\":\"Lars Olsen Kv\u00e5le - Slektskap\",\"isPartOf\":{\"@id\":\"https:\/\/gjeilo.no\/#website\"},\"primaryImageOfPage\":{\"@id\":\"https:\/\/gjeilo.no\/?page_id=82#primaryimage\"},\"image\":{\"@id\":\"https:\/\/gjeilo.no\/?page_id=82#primaryimage\"},\"thumbnailUrl\":\"https:\/\/gjeilo.no\/wp-content\/uploads\/2015\/09\/larskvale-213x300.jpg\",\"datePublished\":\"2015-09-01T07:48:31+00:00\",\"dateModified\":\"2026-03-19T15:53:11+00:00\",\"breadcrumb\":{\"@id\":\"https:\/\/gjeilo.no\/?page_id=82#breadcrumb\"},\"inLanguage\":\"nb-NO\",\"potentialAction\":[{\"@type\":\"ReadAction\",\"target\":[\"https:\/\/gjeilo.no\/?page_id=82\"]}]},{\"@type\":\"ImageObject\",\"inLanguage\":\"nb-NO\",\"@id\":\"https:\/\/gjeilo.no\/?page_id=82#primaryimage\",\"url\":\"https:\/\/gjeilo.no\/wp-content\/uploads\/2015\/09\/larskvale.jpg\",\"contentUrl\":\"https:\/\/gjeilo.no\/wp-content\/uploads\/2015\/09\/larskvale.jpg\",\"width\":272,\"height\":384,\"caption\":\"Lars Kv\u00e5le\"},{\"@type\":\"BreadcrumbList\",\"@id\":\"https:\/\/gjeilo.no\/?page_id=82#breadcrumb\",\"itemListElement\":[{\"@type\":\"ListItem\",\"position\":1,\"name\":\"Hjem\",\"item\":\"https:\/\/gjeilo.no\/\"},{\"@type\":\"ListItem\",\"position\":2,\"name\":\"Lars Olsen Kv\u00e5le\"}]},{\"@type\":\"WebSite\",\"@id\":\"https:\/\/gjeilo.no\/#website\",\"url\":\"https:\/\/gjeilo.no\/\",\"name\":\"Slektskap\",\"description\":\"\",\"potentialAction\":[{\"@type\":\"SearchAction\",\"target\":{\"@type\":\"EntryPoint\",\"urlTemplate\":\"https:\/\/gjeilo.no\/?s={search_term_string}\"},\"query-input\":{\"@type\":\"PropertyValueSpecification\",\"valueRequired\":true,\"valueName\":\"search_term_string\"}}],\"inLanguage\":\"nb-NO\"}]}<\/script>\n<!-- \/ Yoast SEO plugin. -->","yoast_head_json":{"title":"Lars Olsen Kv\u00e5le - Slektskap","robots":{"index":"index","follow":"follow","max-snippet":"max-snippet:-1","max-image-preview":"max-image-preview:large","max-video-preview":"max-video-preview:-1"},"canonical":"https:\/\/gjeilo.no\/?page_id=82","og_locale":"nb_NO","og_type":"article","og_title":"Lars Olsen Kv\u00e5le - Slektskap","og_description":"F\u00f8dd:\u00a0 1874 kb\u00a0 D\u00f8d: Gift den 28. mars 1895 med Marit Pedersdatter Aukrustbakka Hoftakroken, f 1869 kb Far: Ole Olsen (Kolden), 1845 Mor: Anne Larsdotter f. 1846 Var f\u00f8dd p\u00e5 Kleiven i fylgje kb Var forpaktarar p\u00e5 Gutub\u00f8 da dei gifta seg i 1895. Geni Etterslekt, Lars Syvers. Kolden Kv\u00e5le og Marit Larsdotter Aukrustbakken: 1. &hellip; Fortsett \u00e5 lese Lars Olsen Kv\u00e5le","og_url":"https:\/\/gjeilo.no\/?page_id=82","og_site_name":"Slektskap","article_modified_time":"2026-03-19T15:53:11+00:00","og_image":[{"width":272,"height":384,"url":"https:\/\/gjeilo.no\/wp-content\/uploads\/2015\/09\/larskvale.jpg","type":"image\/jpeg"}],"twitter_card":"summary_large_image","twitter_misc":{"Ansl. lesetid":"3 minutter"},"schema":{"@context":"https:\/\/schema.org","@graph":[{"@type":"WebPage","@id":"https:\/\/gjeilo.no\/?page_id=82","url":"https:\/\/gjeilo.no\/?page_id=82","name":"Lars Olsen Kv\u00e5le - Slektskap","isPartOf":{"@id":"https:\/\/gjeilo.no\/#website"},"primaryImageOfPage":{"@id":"https:\/\/gjeilo.no\/?page_id=82#primaryimage"},"image":{"@id":"https:\/\/gjeilo.no\/?page_id=82#primaryimage"},"thumbnailUrl":"https:\/\/gjeilo.no\/wp-content\/uploads\/2015\/09\/larskvale-213x300.jpg","datePublished":"2015-09-01T07:48:31+00:00","dateModified":"2026-03-19T15:53:11+00:00","breadcrumb":{"@id":"https:\/\/gjeilo.no\/?page_id=82#breadcrumb"},"inLanguage":"nb-NO","potentialAction":[{"@type":"ReadAction","target":["https:\/\/gjeilo.no\/?page_id=82"]}]},{"@type":"ImageObject","inLanguage":"nb-NO","@id":"https:\/\/gjeilo.no\/?page_id=82#primaryimage","url":"https:\/\/gjeilo.no\/wp-content\/uploads\/2015\/09\/larskvale.jpg","contentUrl":"https:\/\/gjeilo.no\/wp-content\/uploads\/2015\/09\/larskvale.jpg","width":272,"height":384,"caption":"Lars Kv\u00e5le"},{"@type":"BreadcrumbList","@id":"https:\/\/gjeilo.no\/?page_id=82#breadcrumb","itemListElement":[{"@type":"ListItem","position":1,"name":"Hjem","item":"https:\/\/gjeilo.no\/"},{"@type":"ListItem","position":2,"name":"Lars Olsen Kv\u00e5le"}]},{"@type":"WebSite","@id":"https:\/\/gjeilo.no\/#website","url":"https:\/\/gjeilo.no\/","name":"Slektskap","description":"","potentialAction":[{"@type":"SearchAction","target":{"@type":"EntryPoint","urlTemplate":"https:\/\/gjeilo.no\/?s={search_term_string}"},"query-input":{"@type":"PropertyValueSpecification","valueRequired":true,"valueName":"search_term_string"}}],"inLanguage":"nb-NO"}]}},"_links":{"self":[{"href":"https:\/\/gjeilo.no\/index.php?rest_route=\/wp\/v2\/pages\/82","targetHints":{"allow":["GET"]}}],"collection":[{"href":"https:\/\/gjeilo.no\/index.php?rest_route=\/wp\/v2\/pages"}],"about":[{"href":"https:\/\/gjeilo.no\/index.php?rest_route=\/wp\/v2\/types\/page"}],"author":[{"embeddable":true,"href":"https:\/\/gjeilo.no\/index.php?rest_route=\/wp\/v2\/users\/2"}],"replies":[{"embeddable":true,"href":"https:\/\/gjeilo.no\/index.php?rest_route=%2Fwp%2Fv2%2Fcomments&post=82"}],"version-history":[{"count":27,"href":"https:\/\/gjeilo.no\/index.php?rest_route=\/wp\/v2\/pages\/82\/revisions"}],"predecessor-version":[{"id":6609,"href":"https:\/\/gjeilo.no\/index.php?rest_route=\/wp\/v2\/pages\/82\/revisions\/6609"}],"wp:attachment":[{"href":"https:\/\/gjeilo.no\/index.php?rest_route=%2Fwp%2Fv2%2Fmedia&parent=82"}],"curies":[{"name":"wp","href":"https:\/\/api.w.org\/{rel}","templated":true}]}}