{"id":6692,"date":"2026-04-12T12:28:52","date_gmt":"2026-04-12T12:28:52","guid":{"rendered":"https:\/\/gjeilo.no\/?page_id=6692"},"modified":"2026-04-12T18:05:03","modified_gmt":"2026-04-12T18:05:03","slug":"gjeiloshagan","status":"publish","type":"page","link":"https:\/\/gjeilo.no\/?page_id=6692","title":{"rendered":"Gjeiloshagen \/ Gjeilosh\u00e5g\u00e5n"},"content":{"rendered":"\n<figure class=\"wp-block-image size-large\"><a href=\"https:\/\/gjeilo.no\/wp-content\/uploads\/2026\/04\/02349w5mgmhW.webp\"><img loading=\"lazy\" decoding=\"async\" width=\"1024\" height=\"662\" src=\"https:\/\/gjeilo.no\/wp-content\/uploads\/2026\/04\/02349w5mgmhW-1024x662.webp\" alt=\"\" class=\"wp-image-6694\" srcset=\"https:\/\/gjeilo.no\/wp-content\/uploads\/2026\/04\/02349w5mgmhW-1024x662.webp 1024w, https:\/\/gjeilo.no\/wp-content\/uploads\/2026\/04\/02349w5mgmhW-300x194.webp 300w, https:\/\/gjeilo.no\/wp-content\/uploads\/2026\/04\/02349w5mgmhW-768x497.webp 768w, https:\/\/gjeilo.no\/wp-content\/uploads\/2026\/04\/02349w5mgmhW.webp 1200w\" sizes=\"auto, (max-width: 1024px) 100vw, 1024px\" \/><\/a><figcaption class=\"wp-element-caption\">Gjeilosstronda s\u00f8r for riksvegen midt p\u00e5 1950-talet Postkort. Midt p\u00e5 biletet fremst er huset til Ola Rudsar (f. 1914) og t.h. Nils Moen (f. Aurmoen 1890) sitt. Oppe i bakken ligg huset til Syverine Melby (f. Gjeilo 1868) og i h\u00f8gre biletkant Maurstadhaugen \u00f8vst og Tor\u00f8-stugu (Gjeiloshagen) nedanfor. <a href=\"https:\/\/digitaltmuseum.no\/021018525678\/gjeilosstronda-sor-for-riksvegen-midt-pa-1950-talet\">DM<\/a><\/figcaption><\/figure>\n\n\n\n<div class=\"wp-block-media-text is-stacked-on-mobile is-vertically-aligned-top\"><figure class=\"wp-block-media-text__media\"><img loading=\"lazy\" decoding=\"async\" width=\"864\" height=\"670\" src=\"https:\/\/gjeilo.no\/wp-content\/uploads\/2026\/04\/Skjermbilde-2026-04-12-kl.-14.37.40-1.png\" alt=\"\" class=\"wp-image-6700 size-full\" srcset=\"https:\/\/gjeilo.no\/wp-content\/uploads\/2026\/04\/Skjermbilde-2026-04-12-kl.-14.37.40-1.png 864w, https:\/\/gjeilo.no\/wp-content\/uploads\/2026\/04\/Skjermbilde-2026-04-12-kl.-14.37.40-1-300x233.png 300w, https:\/\/gjeilo.no\/wp-content\/uploads\/2026\/04\/Skjermbilde-2026-04-12-kl.-14.37.40-1-768x596.png 768w\" sizes=\"auto, (max-width: 864px) 100vw, 864px\" \/><\/figure><div class=\"wp-block-media-text__content\">\n<p>Utsnitt av postkort som viser Gjeiloshagen midt p\u00e5 1950-talet.<\/p>\n<\/div><\/div>\n\n\n<p><a href=\"https:\/\/gjeilo.no\/?page_id=164\">Maria Olsd. Haugtredet <\/a>var f\u00f8dd p\u00e5 Gjeiloshagen p\u00e5 Gjeilosstronde den 20\/9 1895.\u00a0 I folketeljinga fr\u00e5 1900 st\u00e5r det at Maria budde p\u00e5 Haugtr\u00e6det litt lengre aust p\u00e5 Gjeilosstrond saman med foreldra Ola og Anne og syskjena Anne, Julie, Tea og Lars. Familien fl\u00f8tte da fr\u00e5 Gjeiloshagen til Haugtr\u00e6det f\u00f8r 1900 og tok da sikkert etternamnet da. Det er ikkje kjelder p\u00e5 kva for etternamn familien nytta f\u00f8r flyttinga til Haugtredet og det er heller ikkje kjendt kvifor familien flytte.<\/p>\n<p>Gjeiloshagen ligg oppi skr\u00e5ninga ogafor Nygarden og har vore bebudd i alle fall fr\u00e5 f\u00f8r 1800. I \u00e6tteboka for Skj\u00e5k st\u00e5r det at Hans Kristensen Gjeiloshagen og kona Anne budde der saman med sonen Kristen f. 1795. P\u00e5 oppslag ved det som er att av stugu p\u00e5 Gjeiloshagen pr. 2026 st\u00e5r det: <em>Marit Elves\u00e6ter f\u00f8dt Gjeilosh\u00e5g\u00e5 1817 &#8211; 1901 Gift med Rasmus Amundsen Elves\u00e6ter 1798-1867\u00a0 \u00a0&laquo;Gamlebestemor&raquo; Marit Elves\u00e6ter stammor til blant andre Fel-Jakup og Elves\u00e6ter-\u00e6tta i B\u00f8verdalen.<\/em><a href=\"https:\/\/gjeilo.no\/wp-content\/uploads\/2026\/04\/IMG_9727-2-scaled.jpg\"><img loading=\"lazy\" decoding=\"async\" class=\"alignnone size-full wp-image-6715\" src=\"https:\/\/gjeilo.no\/wp-content\/uploads\/2026\/04\/IMG_9727-2-scaled.jpg\" alt=\"\" width=\"2560\" height=\"2505\" srcset=\"https:\/\/gjeilo.no\/wp-content\/uploads\/2026\/04\/IMG_9727-2-scaled.jpg 2560w, https:\/\/gjeilo.no\/wp-content\/uploads\/2026\/04\/IMG_9727-2-300x294.jpg 300w, https:\/\/gjeilo.no\/wp-content\/uploads\/2026\/04\/IMG_9727-2-1024x1002.jpg 1024w, https:\/\/gjeilo.no\/wp-content\/uploads\/2026\/04\/IMG_9727-2-768x751.jpg 768w, https:\/\/gjeilo.no\/wp-content\/uploads\/2026\/04\/IMG_9727-2-1536x1503.jpg 1536w, https:\/\/gjeilo.no\/wp-content\/uploads\/2026\/04\/IMG_9727-2-2048x2004.jpg 2048w\" sizes=\"auto, (max-width: 2560px) 100vw, 2560px\" \/><\/a><br \/>Det g\u00e5r ikkje fram av \u00e6ttebok for Skj\u00e5k at Marit var f\u00f8dd p\u00e5 Gjeiloshagen 1917.<\/p>\n\n\n<figure class=\"wp-block-image size-large\"><a href=\"https:\/\/gjeilo.no\/wp-content\/uploads\/2026\/03\/gjeiloshagan-Screenshot-2026-03-24-at-17-29-12-I-Gjeiloshagen-for-1910-Sylfest-Maurstad-var-smed-sja-alle-ljaane-i-bakgrunnen-Gudbrandsdalsmusea-_-DigitaltMuseum.png\"><img loading=\"lazy\" decoding=\"async\" width=\"1024\" height=\"596\" src=\"https:\/\/gjeilo.no\/wp-content\/uploads\/2026\/03\/gjeiloshagan-Screenshot-2026-03-24-at-17-29-12-I-Gjeiloshagen-for-1910-Sylfest-Maurstad-var-smed-sja-alle-ljaane-i-bakgrunnen-Gudbrandsdalsmusea-_-DigitaltMuseum-1024x596.png\" alt=\"\" class=\"wp-image-6677\" srcset=\"https:\/\/gjeilo.no\/wp-content\/uploads\/2026\/03\/gjeiloshagan-Screenshot-2026-03-24-at-17-29-12-I-Gjeiloshagen-for-1910-Sylfest-Maurstad-var-smed-sja-alle-ljaane-i-bakgrunnen-Gudbrandsdalsmusea-_-DigitaltMuseum-1024x596.png 1024w, https:\/\/gjeilo.no\/wp-content\/uploads\/2026\/03\/gjeiloshagan-Screenshot-2026-03-24-at-17-29-12-I-Gjeiloshagen-for-1910-Sylfest-Maurstad-var-smed-sja-alle-ljaane-i-bakgrunnen-Gudbrandsdalsmusea-_-DigitaltMuseum-300x174.png 300w, https:\/\/gjeilo.no\/wp-content\/uploads\/2026\/03\/gjeiloshagan-Screenshot-2026-03-24-at-17-29-12-I-Gjeiloshagen-for-1910-Sylfest-Maurstad-var-smed-sja-alle-ljaane-i-bakgrunnen-Gudbrandsdalsmusea-_-DigitaltMuseum-768x447.png 768w, https:\/\/gjeilo.no\/wp-content\/uploads\/2026\/03\/gjeiloshagan-Screenshot-2026-03-24-at-17-29-12-I-Gjeiloshagen-for-1910-Sylfest-Maurstad-var-smed-sja-alle-ljaane-i-bakgrunnen-Gudbrandsdalsmusea-_-DigitaltMuseum-1536x893.png 1536w, https:\/\/gjeilo.no\/wp-content\/uploads\/2026\/03\/gjeiloshagan-Screenshot-2026-03-24-at-17-29-12-I-Gjeiloshagen-for-1910-Sylfest-Maurstad-var-smed-sja-alle-ljaane-i-bakgrunnen-Gudbrandsdalsmusea-_-DigitaltMuseum-2048x1191.png 2048w\" sizes=\"auto, (max-width: 1024px) 100vw, 1024px\" \/><\/a><figcaption class=\"wp-element-caption\">Gjeiloshagen slik det s\u00e5g ut da Anne og Ola Haugtr\u00e6det budde der. Dette bildet er fr\u00e5 f\u00f8r 1910. F.v.: Rolv O. Gjeilo (f. 1879), Rasmus Englund (f. Bakken ca. 1816), Ola Bakken (f. 1827), Sylfest Maurstad (f. 1841), Tor\u00f8 Maurstad (f. Gjeilo 1842). Tor\u00f8 var syster til kona til Ola Bakken, som budde her b\u00e5de i 1900 og 1910 ifg. folketellingane. Rolv O. Gjeilo var son av Ola Bakken og Rasmus Englund var bror til Ola. <a href=\"https:\/\/digitaltmuseum.no\/0210113278525\/i-gjeiloshagen-for-1910-sylfest-maurstad-var-smed-sja-alle-ljaane-i-bakgrunne\">Digitalmuseum.<\/a><\/figcaption><\/figure>\n\n\n\n<p>Foto fr\u00e5 Gjeiloshagen april 2026<\/p>\n\n\n\n<figure class=\"wp-block-gallery has-nested-images columns-1 is-cropped wp-block-gallery-1 is-layout-flex wp-block-gallery-is-layout-flex\">\n<figure class=\"wp-block-image size-full\"><a href=\"https:\/\/gjeilo.no\/wp-content\/uploads\/2026\/04\/IMG_9719-scaled.jpg\"><img loading=\"lazy\" decoding=\"async\" width=\"2560\" height=\"1920\" data-id=\"6724\" src=\"https:\/\/gjeilo.no\/wp-content\/uploads\/2026\/04\/IMG_9719-scaled.jpg\" alt=\"\" class=\"wp-image-6724\" srcset=\"https:\/\/gjeilo.no\/wp-content\/uploads\/2026\/04\/IMG_9719-scaled.jpg 2560w, https:\/\/gjeilo.no\/wp-content\/uploads\/2026\/04\/IMG_9719-300x225.jpg 300w, https:\/\/gjeilo.no\/wp-content\/uploads\/2026\/04\/IMG_9719-1024x768.jpg 1024w, https:\/\/gjeilo.no\/wp-content\/uploads\/2026\/04\/IMG_9719-768x576.jpg 768w, https:\/\/gjeilo.no\/wp-content\/uploads\/2026\/04\/IMG_9719-1536x1152.jpg 1536w, https:\/\/gjeilo.no\/wp-content\/uploads\/2026\/04\/IMG_9719-2048x1536.jpg 2048w\" sizes=\"auto, (max-width: 2560px) 100vw, 2560px\" \/><\/a><\/figure>\n\n\n\n<figure class=\"wp-block-image size-full\"><a href=\"https:\/\/gjeilo.no\/wp-content\/uploads\/2026\/04\/IMG_9723-1-scaled.jpg\"><img loading=\"lazy\" decoding=\"async\" width=\"2560\" height=\"1920\" data-id=\"6729\" src=\"https:\/\/gjeilo.no\/wp-content\/uploads\/2026\/04\/IMG_9723-1-scaled.jpg\" alt=\"\" class=\"wp-image-6729\" srcset=\"https:\/\/gjeilo.no\/wp-content\/uploads\/2026\/04\/IMG_9723-1-scaled.jpg 2560w, https:\/\/gjeilo.no\/wp-content\/uploads\/2026\/04\/IMG_9723-1-300x225.jpg 300w, https:\/\/gjeilo.no\/wp-content\/uploads\/2026\/04\/IMG_9723-1-1024x768.jpg 1024w, https:\/\/gjeilo.no\/wp-content\/uploads\/2026\/04\/IMG_9723-1-768x576.jpg 768w, https:\/\/gjeilo.no\/wp-content\/uploads\/2026\/04\/IMG_9723-1-1536x1152.jpg 1536w, https:\/\/gjeilo.no\/wp-content\/uploads\/2026\/04\/IMG_9723-1-2048x1536.jpg 2048w\" sizes=\"auto, (max-width: 2560px) 100vw, 2560px\" \/><\/a><\/figure>\n\n\n\n<figure class=\"wp-block-image size-full\"><a href=\"https:\/\/gjeilo.no\/wp-content\/uploads\/2026\/04\/IMG_9724-scaled.jpg\"><img loading=\"lazy\" decoding=\"async\" width=\"2560\" height=\"1920\" data-id=\"6730\" src=\"https:\/\/gjeilo.no\/wp-content\/uploads\/2026\/04\/IMG_9724-scaled.jpg\" alt=\"\" class=\"wp-image-6730\" srcset=\"https:\/\/gjeilo.no\/wp-content\/uploads\/2026\/04\/IMG_9724-scaled.jpg 2560w, https:\/\/gjeilo.no\/wp-content\/uploads\/2026\/04\/IMG_9724-300x225.jpg 300w, https:\/\/gjeilo.no\/wp-content\/uploads\/2026\/04\/IMG_9724-1024x768.jpg 1024w, https:\/\/gjeilo.no\/wp-content\/uploads\/2026\/04\/IMG_9724-768x576.jpg 768w, https:\/\/gjeilo.no\/wp-content\/uploads\/2026\/04\/IMG_9724-1536x1152.jpg 1536w, https:\/\/gjeilo.no\/wp-content\/uploads\/2026\/04\/IMG_9724-2048x1536.jpg 2048w\" sizes=\"auto, (max-width: 2560px) 100vw, 2560px\" \/><\/a><\/figure>\n\n\n\n<figure class=\"wp-block-image size-full\"><a href=\"https:\/\/gjeilo.no\/wp-content\/uploads\/2026\/04\/IMG_9726-scaled.jpg\"><img loading=\"lazy\" decoding=\"async\" width=\"2560\" height=\"1920\" data-id=\"6731\" src=\"https:\/\/gjeilo.no\/wp-content\/uploads\/2026\/04\/IMG_9726-scaled.jpg\" alt=\"\" class=\"wp-image-6731\" srcset=\"https:\/\/gjeilo.no\/wp-content\/uploads\/2026\/04\/IMG_9726-scaled.jpg 2560w, https:\/\/gjeilo.no\/wp-content\/uploads\/2026\/04\/IMG_9726-300x225.jpg 300w, https:\/\/gjeilo.no\/wp-content\/uploads\/2026\/04\/IMG_9726-1024x768.jpg 1024w, https:\/\/gjeilo.no\/wp-content\/uploads\/2026\/04\/IMG_9726-768x576.jpg 768w, https:\/\/gjeilo.no\/wp-content\/uploads\/2026\/04\/IMG_9726-1536x1152.jpg 1536w, https:\/\/gjeilo.no\/wp-content\/uploads\/2026\/04\/IMG_9726-2048x1536.jpg 2048w\" sizes=\"auto, (max-width: 2560px) 100vw, 2560px\" \/><\/a><\/figure>\n\n\n\n<figure class=\"wp-block-image size-full\"><a href=\"https:\/\/gjeilo.no\/wp-content\/uploads\/2026\/04\/IMG_9728-scaled.jpg\"><img loading=\"lazy\" decoding=\"async\" width=\"2560\" height=\"2414\" data-id=\"6732\" src=\"https:\/\/gjeilo.no\/wp-content\/uploads\/2026\/04\/IMG_9728-scaled.jpg\" alt=\"\" class=\"wp-image-6732\" srcset=\"https:\/\/gjeilo.no\/wp-content\/uploads\/2026\/04\/IMG_9728-scaled.jpg 2560w, https:\/\/gjeilo.no\/wp-content\/uploads\/2026\/04\/IMG_9728-300x283.jpg 300w, https:\/\/gjeilo.no\/wp-content\/uploads\/2026\/04\/IMG_9728-1024x965.jpg 1024w, https:\/\/gjeilo.no\/wp-content\/uploads\/2026\/04\/IMG_9728-768x724.jpg 768w, https:\/\/gjeilo.no\/wp-content\/uploads\/2026\/04\/IMG_9728-1536x1448.jpg 1536w, https:\/\/gjeilo.no\/wp-content\/uploads\/2026\/04\/IMG_9728-2048x1931.jpg 2048w\" sizes=\"auto, (max-width: 2560px) 100vw, 2560px\" \/><\/a><\/figure>\n\n\n\n<figure class=\"wp-block-image size-full\"><a href=\"https:\/\/gjeilo.no\/wp-content\/uploads\/2026\/04\/IMG_9722-scaled.jpg\"><img loading=\"lazy\" decoding=\"async\" width=\"2560\" height=\"1920\" data-id=\"6733\" src=\"https:\/\/gjeilo.no\/wp-content\/uploads\/2026\/04\/IMG_9722-scaled.jpg\" alt=\"\" class=\"wp-image-6733\" srcset=\"https:\/\/gjeilo.no\/wp-content\/uploads\/2026\/04\/IMG_9722-scaled.jpg 2560w, https:\/\/gjeilo.no\/wp-content\/uploads\/2026\/04\/IMG_9722-300x225.jpg 300w, https:\/\/gjeilo.no\/wp-content\/uploads\/2026\/04\/IMG_9722-1024x768.jpg 1024w, https:\/\/gjeilo.no\/wp-content\/uploads\/2026\/04\/IMG_9722-768x576.jpg 768w, https:\/\/gjeilo.no\/wp-content\/uploads\/2026\/04\/IMG_9722-1536x1152.jpg 1536w, https:\/\/gjeilo.no\/wp-content\/uploads\/2026\/04\/IMG_9722-2048x1536.jpg 2048w\" sizes=\"auto, (max-width: 2560px) 100vw, 2560px\" \/><\/a><\/figure>\n<\/figure>\n","protected":false},"excerpt":{"rendered":"<p>Utsnitt av postkort som viser Gjeiloshagen midt p\u00e5 1950-talet. Maria Olsd. Haugtredet var f\u00f8dd p\u00e5 Gjeiloshagen p\u00e5 Gjeilosstronde den 20\/9 1895.\u00a0 I folketeljinga fr\u00e5 1900 st\u00e5r det at Maria budde p\u00e5 Haugtr\u00e6det litt lengre aust p\u00e5 Gjeilosstrond saman med foreldra Ola og Anne og syskjena Anne, Julie, Tea og Lars. Familien fl\u00f8tte da fr\u00e5 Gjeiloshagen &hellip; <a href=\"https:\/\/gjeilo.no\/?page_id=6692\" class=\"more-link\">Fortsett \u00e5 lese <span class=\"screen-reader-text\">Gjeiloshagen \/ Gjeilosh\u00e5g\u00e5n<\/span><\/a><\/p>\n","protected":false},"author":2,"featured_media":0,"parent":0,"menu_order":0,"comment_status":"closed","ping_status":"closed","template":"","meta":{"footnotes":""},"class_list":["post-6692","page","type-page","status-publish","hentry"],"yoast_head":"<!-- This site is optimized with the Yoast SEO plugin v26.0 - https:\/\/yoast.com\/wordpress\/plugins\/seo\/ -->\n<title>Gjeiloshagen \/ Gjeilosh\u00e5g\u00e5n - Slektskap<\/title>\n<meta name=\"robots\" content=\"index, follow, max-snippet:-1, max-image-preview:large, max-video-preview:-1\" \/>\n<link rel=\"canonical\" href=\"https:\/\/gjeilo.no\/?page_id=6692\" \/>\n<meta property=\"og:locale\" content=\"nb_NO\" \/>\n<meta property=\"og:type\" content=\"article\" \/>\n<meta property=\"og:title\" content=\"Gjeiloshagen \/ Gjeilosh\u00e5g\u00e5n - Slektskap\" \/>\n<meta property=\"og:description\" content=\"Utsnitt av postkort som viser Gjeiloshagen midt p\u00e5 1950-talet. Maria Olsd. Haugtredet var f\u00f8dd p\u00e5 Gjeiloshagen p\u00e5 Gjeilosstronde den 20\/9 1895.\u00a0 I folketeljinga fr\u00e5 1900 st\u00e5r det at Maria budde p\u00e5 Haugtr\u00e6det litt lengre aust p\u00e5 Gjeilosstrond saman med foreldra Ola og Anne og syskjena Anne, Julie, Tea og Lars. Familien fl\u00f8tte da fr\u00e5 Gjeiloshagen &hellip; Fortsett \u00e5 lese Gjeiloshagen \/ Gjeilosh\u00e5g\u00e5n\" \/>\n<meta property=\"og:url\" content=\"https:\/\/gjeilo.no\/?page_id=6692\" \/>\n<meta property=\"og:site_name\" content=\"Slektskap\" \/>\n<meta property=\"article:modified_time\" content=\"2026-04-12T18:05:03+00:00\" \/>\n<meta property=\"og:image\" content=\"https:\/\/gjeilo.no\/wp-content\/uploads\/2026\/04\/02349w5mgmhW.webp\" \/>\n\t<meta property=\"og:image:width\" content=\"1200\" \/>\n\t<meta property=\"og:image:height\" content=\"776\" \/>\n\t<meta property=\"og:image:type\" content=\"image\/webp\" \/>\n<meta name=\"twitter:card\" content=\"summary_large_image\" \/>\n<meta name=\"twitter:label1\" content=\"Ansl. lesetid\" \/>\n\t<meta name=\"twitter:data1\" content=\"4 minutter\" \/>\n<script type=\"application\/ld+json\" class=\"yoast-schema-graph\">{\"@context\":\"https:\/\/schema.org\",\"@graph\":[{\"@type\":\"WebPage\",\"@id\":\"https:\/\/gjeilo.no\/?page_id=6692\",\"url\":\"https:\/\/gjeilo.no\/?page_id=6692\",\"name\":\"Gjeiloshagen \/ Gjeilosh\u00e5g\u00e5n - Slektskap\",\"isPartOf\":{\"@id\":\"https:\/\/gjeilo.no\/#website\"},\"primaryImageOfPage\":{\"@id\":\"https:\/\/gjeilo.no\/?page_id=6692#primaryimage\"},\"image\":{\"@id\":\"https:\/\/gjeilo.no\/?page_id=6692#primaryimage\"},\"thumbnailUrl\":\"https:\/\/gjeilo.no\/wp-content\/uploads\/2026\/04\/02349w5mgmhW-1024x662.webp\",\"datePublished\":\"2026-04-12T12:28:52+00:00\",\"dateModified\":\"2026-04-12T18:05:03+00:00\",\"breadcrumb\":{\"@id\":\"https:\/\/gjeilo.no\/?page_id=6692#breadcrumb\"},\"inLanguage\":\"nb-NO\",\"potentialAction\":[{\"@type\":\"ReadAction\",\"target\":[\"https:\/\/gjeilo.no\/?page_id=6692\"]}]},{\"@type\":\"ImageObject\",\"inLanguage\":\"nb-NO\",\"@id\":\"https:\/\/gjeilo.no\/?page_id=6692#primaryimage\",\"url\":\"https:\/\/gjeilo.no\/wp-content\/uploads\/2026\/04\/02349w5mgmhW.webp\",\"contentUrl\":\"https:\/\/gjeilo.no\/wp-content\/uploads\/2026\/04\/02349w5mgmhW.webp\",\"width\":1200,\"height\":776,\"caption\":\"Gjeilosstronda s\u00f8r for riksvegen midt p\u00e5 1950-talet Postkort. Midt p\u00e5 biletet fremst er huset til Ola Rudsar (f. 1914) og t.h. Nils Moen (f. Aurmoen 1890) sitt. Oppe i bakken ligg huset til Syverine Melby (f. Gjeilo 1868) og i h\u00f8gre biletkant Maurstadhaugen \u00f8vst og Tor\u00f8-stugu (Gjeiloshagen) nedanfor.\"},{\"@type\":\"BreadcrumbList\",\"@id\":\"https:\/\/gjeilo.no\/?page_id=6692#breadcrumb\",\"itemListElement\":[{\"@type\":\"ListItem\",\"position\":1,\"name\":\"Hjem\",\"item\":\"https:\/\/gjeilo.no\/\"},{\"@type\":\"ListItem\",\"position\":2,\"name\":\"Gjeiloshagen \/ Gjeilosh\u00e5g\u00e5n\"}]},{\"@type\":\"WebSite\",\"@id\":\"https:\/\/gjeilo.no\/#website\",\"url\":\"https:\/\/gjeilo.no\/\",\"name\":\"Slektskap\",\"description\":\"\",\"potentialAction\":[{\"@type\":\"SearchAction\",\"target\":{\"@type\":\"EntryPoint\",\"urlTemplate\":\"https:\/\/gjeilo.no\/?s={search_term_string}\"},\"query-input\":{\"@type\":\"PropertyValueSpecification\",\"valueRequired\":true,\"valueName\":\"search_term_string\"}}],\"inLanguage\":\"nb-NO\"}]}<\/script>\n<!-- \/ Yoast SEO plugin. -->","yoast_head_json":{"title":"Gjeiloshagen \/ Gjeilosh\u00e5g\u00e5n - Slektskap","robots":{"index":"index","follow":"follow","max-snippet":"max-snippet:-1","max-image-preview":"max-image-preview:large","max-video-preview":"max-video-preview:-1"},"canonical":"https:\/\/gjeilo.no\/?page_id=6692","og_locale":"nb_NO","og_type":"article","og_title":"Gjeiloshagen \/ Gjeilosh\u00e5g\u00e5n - Slektskap","og_description":"Utsnitt av postkort som viser Gjeiloshagen midt p\u00e5 1950-talet. Maria Olsd. Haugtredet var f\u00f8dd p\u00e5 Gjeiloshagen p\u00e5 Gjeilosstronde den 20\/9 1895.\u00a0 I folketeljinga fr\u00e5 1900 st\u00e5r det at Maria budde p\u00e5 Haugtr\u00e6det litt lengre aust p\u00e5 Gjeilosstrond saman med foreldra Ola og Anne og syskjena Anne, Julie, Tea og Lars. Familien fl\u00f8tte da fr\u00e5 Gjeiloshagen &hellip; Fortsett \u00e5 lese Gjeiloshagen \/ Gjeilosh\u00e5g\u00e5n","og_url":"https:\/\/gjeilo.no\/?page_id=6692","og_site_name":"Slektskap","article_modified_time":"2026-04-12T18:05:03+00:00","og_image":[{"width":1200,"height":776,"url":"https:\/\/gjeilo.no\/wp-content\/uploads\/2026\/04\/02349w5mgmhW.webp","type":"image\/webp"}],"twitter_card":"summary_large_image","twitter_misc":{"Ansl. lesetid":"4 minutter"},"schema":{"@context":"https:\/\/schema.org","@graph":[{"@type":"WebPage","@id":"https:\/\/gjeilo.no\/?page_id=6692","url":"https:\/\/gjeilo.no\/?page_id=6692","name":"Gjeiloshagen \/ Gjeilosh\u00e5g\u00e5n - Slektskap","isPartOf":{"@id":"https:\/\/gjeilo.no\/#website"},"primaryImageOfPage":{"@id":"https:\/\/gjeilo.no\/?page_id=6692#primaryimage"},"image":{"@id":"https:\/\/gjeilo.no\/?page_id=6692#primaryimage"},"thumbnailUrl":"https:\/\/gjeilo.no\/wp-content\/uploads\/2026\/04\/02349w5mgmhW-1024x662.webp","datePublished":"2026-04-12T12:28:52+00:00","dateModified":"2026-04-12T18:05:03+00:00","breadcrumb":{"@id":"https:\/\/gjeilo.no\/?page_id=6692#breadcrumb"},"inLanguage":"nb-NO","potentialAction":[{"@type":"ReadAction","target":["https:\/\/gjeilo.no\/?page_id=6692"]}]},{"@type":"ImageObject","inLanguage":"nb-NO","@id":"https:\/\/gjeilo.no\/?page_id=6692#primaryimage","url":"https:\/\/gjeilo.no\/wp-content\/uploads\/2026\/04\/02349w5mgmhW.webp","contentUrl":"https:\/\/gjeilo.no\/wp-content\/uploads\/2026\/04\/02349w5mgmhW.webp","width":1200,"height":776,"caption":"Gjeilosstronda s\u00f8r for riksvegen midt p\u00e5 1950-talet Postkort. Midt p\u00e5 biletet fremst er huset til Ola Rudsar (f. 1914) og t.h. Nils Moen (f. Aurmoen 1890) sitt. Oppe i bakken ligg huset til Syverine Melby (f. Gjeilo 1868) og i h\u00f8gre biletkant Maurstadhaugen \u00f8vst og Tor\u00f8-stugu (Gjeiloshagen) nedanfor."},{"@type":"BreadcrumbList","@id":"https:\/\/gjeilo.no\/?page_id=6692#breadcrumb","itemListElement":[{"@type":"ListItem","position":1,"name":"Hjem","item":"https:\/\/gjeilo.no\/"},{"@type":"ListItem","position":2,"name":"Gjeiloshagen \/ Gjeilosh\u00e5g\u00e5n"}]},{"@type":"WebSite","@id":"https:\/\/gjeilo.no\/#website","url":"https:\/\/gjeilo.no\/","name":"Slektskap","description":"","potentialAction":[{"@type":"SearchAction","target":{"@type":"EntryPoint","urlTemplate":"https:\/\/gjeilo.no\/?s={search_term_string}"},"query-input":{"@type":"PropertyValueSpecification","valueRequired":true,"valueName":"search_term_string"}}],"inLanguage":"nb-NO"}]}},"_links":{"self":[{"href":"https:\/\/gjeilo.no\/index.php?rest_route=\/wp\/v2\/pages\/6692","targetHints":{"allow":["GET"]}}],"collection":[{"href":"https:\/\/gjeilo.no\/index.php?rest_route=\/wp\/v2\/pages"}],"about":[{"href":"https:\/\/gjeilo.no\/index.php?rest_route=\/wp\/v2\/types\/page"}],"author":[{"embeddable":true,"href":"https:\/\/gjeilo.no\/index.php?rest_route=\/wp\/v2\/users\/2"}],"replies":[{"embeddable":true,"href":"https:\/\/gjeilo.no\/index.php?rest_route=%2Fwp%2Fv2%2Fcomments&post=6692"}],"version-history":[{"count":30,"href":"https:\/\/gjeilo.no\/index.php?rest_route=\/wp\/v2\/pages\/6692\/revisions"}],"predecessor-version":[{"id":6757,"href":"https:\/\/gjeilo.no\/index.php?rest_route=\/wp\/v2\/pages\/6692\/revisions\/6757"}],"wp:attachment":[{"href":"https:\/\/gjeilo.no\/index.php?rest_route=%2Fwp%2Fv2%2Fmedia&parent=6692"}],"curies":[{"name":"wp","href":"https:\/\/api.w.org\/{rel}","templated":true}]}}