{"id":6633,"date":"2026-03-20T14:54:55","date_gmt":"2026-03-20T14:54:55","guid":{"rendered":"https:\/\/gjeilo.no\/?page_id=6633"},"modified":"2026-03-20T16:30:39","modified_gmt":"2026-03-20T16:30:39","slug":"maria-olsdotter-molokken-anne-marie","status":"publish","type":"page","link":"https:\/\/gjeilo.no\/?page_id=6633","title":{"rendered":"Maria Olsdotter Mol\u00f8kken, (Anne Marie)"},"content":{"rendered":"\n<p>F\u00f8dd 1838 i Norddal, M\u00f8re og Romsdal.<br>Gift med <a href=\"https:\/\/gjeilo.no\/?page_id=191\">Torstein Johannesson Mol\u00f8kken<\/a> f. 20\/5 1837<\/p>\n\n\n\n<p>Dotter til Ola Sevaldsson Hovtye f. 1801 d. 1868 <a href=\"https:\/\/www.geni.com\/people\/Ola-Hovtye-II\/6000000021454388842\">GENI <\/a>og Dorthe Arnesdotter Hovtye (Dorte) f. 1806 i V\u00e5g\u00e5 <a href=\"https:\/\/www.geni.com\/people\/Dorthe-Hovtye-Dorte\/6000000021454413204\">GENI<\/a>.<\/p>\n\n\n\n<p>Born: <br>1 <a href=\"https:\/\/gjeilo.no\/?page_id=177\">Anne Torsteinsdotter Mol\u00f8kken<\/a> (9\/4 1864 &#8211; 12\/4 1944) g.m. Ola Haugtr\u00e6det.<br>2 Ola Molykkjun (spelemann) f. 21\/12 1871<br><\/p>\n\n\n\n<p><\/p>\n","protected":false},"excerpt":{"rendered":"<p>F\u00f8dd 1838 i Norddal, M\u00f8re og Romsdal.Gift med Torstein Johannesson Mol\u00f8kken f. 20\/5 1837 Dotter til Ola Sevaldsson Hovtye f. 1801 d. 1868 GENI og Dorthe Arnesdotter Hovtye (Dorte) f. 1806 i V\u00e5g\u00e5 GENI. Born: 1 Anne Torsteinsdotter Mol\u00f8kken (9\/4 1864 &#8211; 12\/4 1944) g.m. Ola Haugtr\u00e6det.2 Ola Molykkjun (spelemann) f. 21\/12 1871<\/p>\n","protected":false},"author":2,"featured_media":0,"parent":0,"menu_order":0,"comment_status":"closed","ping_status":"closed","template":"","meta":{"footnotes":""},"class_list":["post-6633","page","type-page","status-publish","hentry"],"yoast_head":"<!-- This site is optimized with the Yoast SEO plugin v26.0 - https:\/\/yoast.com\/wordpress\/plugins\/seo\/ -->\n<title>Maria Olsdotter Mol\u00f8kken, (Anne Marie) - Slektskap<\/title>\n<meta name=\"robots\" content=\"index, follow, max-snippet:-1, max-image-preview:large, max-video-preview:-1\" \/>\n<link rel=\"canonical\" href=\"https:\/\/gjeilo.no\/?page_id=6633\" \/>\n<meta property=\"og:locale\" content=\"nb_NO\" \/>\n<meta property=\"og:type\" content=\"article\" \/>\n<meta property=\"og:title\" content=\"Maria Olsdotter Mol\u00f8kken, (Anne Marie) - Slektskap\" \/>\n<meta property=\"og:description\" content=\"F\u00f8dd 1838 i Norddal, M\u00f8re og Romsdal.Gift med Torstein Johannesson Mol\u00f8kken f. 20\/5 1837 Dotter til Ola Sevaldsson Hovtye f. 1801 d. 1868 GENI og Dorthe Arnesdotter Hovtye (Dorte) f. 1806 i V\u00e5g\u00e5 GENI. Born: 1 Anne Torsteinsdotter Mol\u00f8kken (9\/4 1864 &#8211; 12\/4 1944) g.m. Ola Haugtr\u00e6det.2 Ola Molykkjun (spelemann) f. 21\/12 1871\" \/>\n<meta property=\"og:url\" content=\"https:\/\/gjeilo.no\/?page_id=6633\" \/>\n<meta property=\"og:site_name\" content=\"Slektskap\" \/>\n<meta property=\"article:modified_time\" content=\"2026-03-20T16:30:39+00:00\" \/>\n<meta name=\"twitter:card\" content=\"summary_large_image\" \/>\n<meta name=\"twitter:label1\" content=\"Ansl. lesetid\" \/>\n\t<meta name=\"twitter:data1\" content=\"1 minutt\" \/>\n<script type=\"application\/ld+json\" class=\"yoast-schema-graph\">{\"@context\":\"https:\/\/schema.org\",\"@graph\":[{\"@type\":\"WebPage\",\"@id\":\"https:\/\/gjeilo.no\/?page_id=6633\",\"url\":\"https:\/\/gjeilo.no\/?page_id=6633\",\"name\":\"Maria Olsdotter Mol\u00f8kken, (Anne Marie) - Slektskap\",\"isPartOf\":{\"@id\":\"https:\/\/gjeilo.no\/#website\"},\"datePublished\":\"2026-03-20T14:54:55+00:00\",\"dateModified\":\"2026-03-20T16:30:39+00:00\",\"breadcrumb\":{\"@id\":\"https:\/\/gjeilo.no\/?page_id=6633#breadcrumb\"},\"inLanguage\":\"nb-NO\",\"potentialAction\":[{\"@type\":\"ReadAction\",\"target\":[\"https:\/\/gjeilo.no\/?page_id=6633\"]}]},{\"@type\":\"BreadcrumbList\",\"@id\":\"https:\/\/gjeilo.no\/?page_id=6633#breadcrumb\",\"itemListElement\":[{\"@type\":\"ListItem\",\"position\":1,\"name\":\"Hjem\",\"item\":\"https:\/\/gjeilo.no\/\"},{\"@type\":\"ListItem\",\"position\":2,\"name\":\"Maria Olsdotter Mol\u00f8kken, (Anne Marie)\"}]},{\"@type\":\"WebSite\",\"@id\":\"https:\/\/gjeilo.no\/#website\",\"url\":\"https:\/\/gjeilo.no\/\",\"name\":\"Slektskap\",\"description\":\"\",\"potentialAction\":[{\"@type\":\"SearchAction\",\"target\":{\"@type\":\"EntryPoint\",\"urlTemplate\":\"https:\/\/gjeilo.no\/?s={search_term_string}\"},\"query-input\":{\"@type\":\"PropertyValueSpecification\",\"valueRequired\":true,\"valueName\":\"search_term_string\"}}],\"inLanguage\":\"nb-NO\"}]}<\/script>\n<!-- \/ Yoast SEO plugin. -->","yoast_head_json":{"title":"Maria Olsdotter Mol\u00f8kken, (Anne Marie) - Slektskap","robots":{"index":"index","follow":"follow","max-snippet":"max-snippet:-1","max-image-preview":"max-image-preview:large","max-video-preview":"max-video-preview:-1"},"canonical":"https:\/\/gjeilo.no\/?page_id=6633","og_locale":"nb_NO","og_type":"article","og_title":"Maria Olsdotter Mol\u00f8kken, (Anne Marie) - Slektskap","og_description":"F\u00f8dd 1838 i Norddal, M\u00f8re og Romsdal.Gift med Torstein Johannesson Mol\u00f8kken f. 20\/5 1837 Dotter til Ola Sevaldsson Hovtye f. 1801 d. 1868 GENI og Dorthe Arnesdotter Hovtye (Dorte) f. 1806 i V\u00e5g\u00e5 GENI. Born: 1 Anne Torsteinsdotter Mol\u00f8kken (9\/4 1864 &#8211; 12\/4 1944) g.m. Ola Haugtr\u00e6det.2 Ola Molykkjun (spelemann) f. 21\/12 1871","og_url":"https:\/\/gjeilo.no\/?page_id=6633","og_site_name":"Slektskap","article_modified_time":"2026-03-20T16:30:39+00:00","twitter_card":"summary_large_image","twitter_misc":{"Ansl. lesetid":"1 minutt"},"schema":{"@context":"https:\/\/schema.org","@graph":[{"@type":"WebPage","@id":"https:\/\/gjeilo.no\/?page_id=6633","url":"https:\/\/gjeilo.no\/?page_id=6633","name":"Maria Olsdotter Mol\u00f8kken, (Anne Marie) - Slektskap","isPartOf":{"@id":"https:\/\/gjeilo.no\/#website"},"datePublished":"2026-03-20T14:54:55+00:00","dateModified":"2026-03-20T16:30:39+00:00","breadcrumb":{"@id":"https:\/\/gjeilo.no\/?page_id=6633#breadcrumb"},"inLanguage":"nb-NO","potentialAction":[{"@type":"ReadAction","target":["https:\/\/gjeilo.no\/?page_id=6633"]}]},{"@type":"BreadcrumbList","@id":"https:\/\/gjeilo.no\/?page_id=6633#breadcrumb","itemListElement":[{"@type":"ListItem","position":1,"name":"Hjem","item":"https:\/\/gjeilo.no\/"},{"@type":"ListItem","position":2,"name":"Maria Olsdotter Mol\u00f8kken, (Anne Marie)"}]},{"@type":"WebSite","@id":"https:\/\/gjeilo.no\/#website","url":"https:\/\/gjeilo.no\/","name":"Slektskap","description":"","potentialAction":[{"@type":"SearchAction","target":{"@type":"EntryPoint","urlTemplate":"https:\/\/gjeilo.no\/?s={search_term_string}"},"query-input":{"@type":"PropertyValueSpecification","valueRequired":true,"valueName":"search_term_string"}}],"inLanguage":"nb-NO"}]}},"_links":{"self":[{"href":"https:\/\/gjeilo.no\/index.php?rest_route=\/wp\/v2\/pages\/6633","targetHints":{"allow":["GET"]}}],"collection":[{"href":"https:\/\/gjeilo.no\/index.php?rest_route=\/wp\/v2\/pages"}],"about":[{"href":"https:\/\/gjeilo.no\/index.php?rest_route=\/wp\/v2\/types\/page"}],"author":[{"embeddable":true,"href":"https:\/\/gjeilo.no\/index.php?rest_route=\/wp\/v2\/users\/2"}],"replies":[{"embeddable":true,"href":"https:\/\/gjeilo.no\/index.php?rest_route=%2Fwp%2Fv2%2Fcomments&post=6633"}],"version-history":[{"count":8,"href":"https:\/\/gjeilo.no\/index.php?rest_route=\/wp\/v2\/pages\/6633\/revisions"}],"predecessor-version":[{"id":6647,"href":"https:\/\/gjeilo.no\/index.php?rest_route=\/wp\/v2\/pages\/6633\/revisions\/6647"}],"wp:attachment":[{"href":"https:\/\/gjeilo.no\/index.php?rest_route=%2Fwp%2Fv2%2Fmedia&parent=6633"}],"curies":[{"name":"wp","href":"https:\/\/api.w.org\/{rel}","templated":true}]}}