{"id":6103,"date":"2024-09-08T15:03:41","date_gmt":"2024-09-08T15:03:41","guid":{"rendered":"https:\/\/gjeilo.no\/?page_id=6103"},"modified":"2024-09-08T15:03:42","modified_gmt":"2024-09-08T15:03:42","slug":"linkside","status":"publish","type":"page","link":"https:\/\/gjeilo.no\/?page_id=6103","title":{"rendered":"Linkside"},"content":{"rendered":"<ul class=\"wp-block-page-list\"><li class=\"wp-block-pages-list__item menu-item-home\"><a class=\"wp-block-pages-list__item__link\" href=\"https:\/\/gjeilo.no\/\">(ingen tittel)<\/a><\/li><li class=\"wp-block-pages-list__item\"><a class=\"wp-block-pages-list__item__link\" href=\"https:\/\/gjeilo.no\/?page_id=333\">Amerikaslekta til Kaare og Aud<\/a><\/li><li class=\"wp-block-pages-list__item\"><a class=\"wp-block-pages-list__item__link\" href=\"https:\/\/gjeilo.no\/?page_id=1944\">Amerikaslekta til Thea<\/a><\/li><li class=\"wp-block-pages-list__item\"><a class=\"wp-block-pages-list__item__link\" href=\"https:\/\/gjeilo.no\/?page_id=260\">Amund Larsen Dalen Amundsted<\/a><\/li><li class=\"wp-block-pages-list__item\"><a class=\"wp-block-pages-list__item__link\" href=\"https:\/\/gjeilo.no\/?page_id=119\">Anders i Prest-Kroken<\/a><\/li><li class=\"wp-block-pages-list__item\"><a class=\"wp-block-pages-list__item__link\" href=\"https:\/\/gjeilo.no\/?page_id=111\">Anders Jonsen Kroken<\/a><\/li><li class=\"wp-block-pages-list__item\"><a class=\"wp-block-pages-list__item__link\" href=\"https:\/\/gjeilo.no\/?page_id=320\">Anetavle Aud Kroken<\/a><\/li><li class=\"wp-block-pages-list__item\"><a class=\"wp-block-pages-list__item__link\" href=\"https:\/\/gjeilo.no\/?page_id=326\">Anetavle Ola F. Gjeilo<\/a><\/li><li class=\"wp-block-pages-list__item\"><a class=\"wp-block-pages-list__item__link\" href=\"https:\/\/gjeilo.no\/?page_id=91\">Anna Kristofferdatter Gjerde<\/a><\/li><li class=\"wp-block-pages-list__item\"><a class=\"wp-block-pages-list__item__link\" href=\"https:\/\/gjeilo.no\/?page_id=6294\">Anna Teigen<\/a><\/li><li class=\"wp-block-pages-list__item\"><a class=\"wp-block-pages-list__item__link\" href=\"https:\/\/gjeilo.no\/?page_id=256\">Anne Dalen Systuen<\/a><\/li><li class=\"wp-block-pages-list__item\"><a class=\"wp-block-pages-list__item__link\" href=\"https:\/\/gjeilo.no\/?page_id=54\">Anne Larsdotter Kv\u00e5le<\/a><\/li><li class=\"wp-block-pages-list__item\"><a class=\"wp-block-pages-list__item__link\" href=\"https:\/\/gjeilo.no\/?page_id=177\">Anne Mol\u00f8kken (Molykkjun)<\/a><\/li><li class=\"wp-block-pages-list__item\"><a class=\"wp-block-pages-list__item__link\" href=\"https:\/\/gjeilo.no\/?page_id=141\">Anne Olsd. Bakken Slettom<\/a><\/li><li class=\"wp-block-pages-list__item\"><a class=\"wp-block-pages-list__item__link\" href=\"https:\/\/gjeilo.no\/?page_id=218\">Avisoppslag om drifta p\u00e5 Sygard Gjeilo<\/a><\/li><li class=\"wp-block-pages-list__item\"><a class=\"wp-block-pages-list__item__link\" href=\"https:\/\/gjeilo.no\/?page_id=6499\">Bygdahistorie fr\u00e5 Gjeilosstronde<\/a><\/li><li class=\"wp-block-pages-list__item\"><a class=\"wp-block-pages-list__item__link\" href=\"https:\/\/gjeilo.no\/?page_id=114\">Dagboka til Anders Jonsen<\/a><\/li><li class=\"wp-block-pages-list__item\"><a class=\"wp-block-pages-list__item__link\" href=\"https:\/\/gjeilo.no\/?page_id=249\">Embj\u00f8rg Amundsdotter Dalen Gjeilo (Amundsted)<\/a><\/li><li class=\"wp-block-pages-list__item\"><a class=\"wp-block-pages-list__item__link\" href=\"https:\/\/gjeilo.no\/?page_id=132\">Embj\u00f8rg Andersdotter S\u00e6terdalen<\/a><\/li><li class=\"wp-block-pages-list__item\"><a class=\"wp-block-pages-list__item__link\" href=\"https:\/\/gjeilo.no\/?page_id=4711\">Erik Christophersen \u00d8ijordet<\/a><\/li><li class=\"wp-block-pages-list__item\"><a class=\"wp-block-pages-list__item__link\" href=\"https:\/\/gjeilo.no\/?page_id=2832\">Foto fr\u00e5 Sygard Gjeilo og s\u00e6tra p\u00e5 Neto<\/a><\/li><li class=\"wp-block-pages-list__item\"><a class=\"wp-block-pages-list__item__link\" href=\"https:\/\/gjeilo.no\/?page_id=103\">Fr\u00e5 husmannsplass i Medalen til home-stead i North Dakota<\/a><\/li><li class=\"wp-block-pages-list__item\"><a class=\"wp-block-pages-list__item__link\" href=\"https:\/\/gjeilo.no\/?page_id=39\">Frans Ols. Gjeilo<\/a><\/li><li class=\"wp-block-pages-list__item\"><a class=\"wp-block-pages-list__item__link\" href=\"https:\/\/gjeilo.no\/?page_id=253\">Frants Olsson Gjeilo (Storkj\u00f8rren)<\/a><\/li><li class=\"wp-block-pages-list__item\"><a class=\"wp-block-pages-list__item__link\" href=\"https:\/\/gjeilo.no\/?page_id=6692\">Gjeiloshagen \/ Gjeilosh\u00e5g\u00e5n<\/a><\/li><li class=\"wp-block-pages-list__item\"><a class=\"wp-block-pages-list__item__link\" href=\"https:\/\/gjeilo.no\/?page_id=2820\">Graffershaugen<\/a><\/li><li class=\"wp-block-pages-list__item\"><a class=\"wp-block-pages-list__item__link\" href=\"https:\/\/gjeilo.no\/?page_id=290\">Halvor Engum<\/a><\/li><li class=\"wp-block-pages-list__item\"><a class=\"wp-block-pages-list__item__link\" href=\"https:\/\/gjeilo.no\/?page_id=4833\">Hytta i H\u00f8ydalen<\/a><\/li><li class=\"wp-block-pages-list__item\"><a class=\"wp-block-pages-list__item__link\" href=\"https:\/\/gjeilo.no\/?page_id=10\">Jofrid  Olsd. Slettom<\/a><\/li><li class=\"wp-block-pages-list__item\"><a class=\"wp-block-pages-list__item__link\" href=\"https:\/\/gjeilo.no\/?page_id=143\">Johan Erikson Bottabakkom Slettom<\/a><\/li><li class=\"wp-block-pages-list__item\"><a class=\"wp-block-pages-list__item__link\" href=\"https:\/\/gjeilo.no\/?page_id=167\">John Ols. \u00d8yjordet<\/a><\/li><li class=\"wp-block-pages-list__item\"><a class=\"wp-block-pages-list__item__link\" href=\"https:\/\/gjeilo.no\/?page_id=135\">Jon Amundsen Brimiskjellen<\/a><\/li><li class=\"wp-block-pages-list__item\"><a class=\"wp-block-pages-list__item__link\" href=\"https:\/\/gjeilo.no\/?page_id=271\">Jon Gjeilo Vaagaasar<\/a><\/li><li class=\"wp-block-pages-list__item\"><a class=\"wp-block-pages-list__item__link\" href=\"https:\/\/gjeilo.no\/?page_id=267\">Julianna (Julie) Engum Vaagaasar<\/a><\/li><li class=\"wp-block-pages-list__item\"><a class=\"wp-block-pages-list__item__link\" href=\"https:\/\/gjeilo.no\/?page_id=14\">Kaare Ols. Kroken<\/a><\/li><li class=\"wp-block-pages-list__item\"><a class=\"wp-block-pages-list__item__link\" href=\"https:\/\/gjeilo.no\/?page_id=299\">Kari Gunnarsdotter Kvist<\/a><\/li><li class=\"wp-block-pages-list__item\"><a class=\"wp-block-pages-list__item__link\" href=\"https:\/\/gjeilo.no\/?page_id=305\">Kristoffer Tomasson \u00d8ren<\/a><\/li><li class=\"wp-block-pages-list__item\"><a class=\"wp-block-pages-list__item__link\" href=\"https:\/\/gjeilo.no\/?page_id=2796\">Kroken<\/a><\/li><li class=\"wp-block-pages-list__item\"><a class=\"wp-block-pages-list__item__link\" href=\"https:\/\/gjeilo.no\/?page_id=82\">Lars Olsen Kv\u00e5le<\/a><\/li><li class=\"wp-block-pages-list__item\"><a class=\"wp-block-pages-list__item__link\" href=\"https:\/\/gjeilo.no\/?page_id=6103\">Linkside<\/a><\/li><li class=\"wp-block-pages-list__item\"><a class=\"wp-block-pages-list__item__link\" href=\"https:\/\/gjeilo.no\/?page_id=2711\">Live Kristensdatter Mallaug<\/a><\/li><li class=\"wp-block-pages-list__item\"><a class=\"wp-block-pages-list__item__link\" href=\"https:\/\/gjeilo.no\/?page_id=2505\">Live Larsdotter<\/a><\/li><li class=\"wp-block-pages-list__item\"><a class=\"wp-block-pages-list__item__link\" href=\"https:\/\/gjeilo.no\/?page_id=283\">Liv\u00f8 Mallaug, Engjom<\/a><\/li><li class=\"wp-block-pages-list__item\"><a class=\"wp-block-pages-list__item__link\" href=\"https:\/\/gjeilo.no\/?page_id=164\">Maria Olsd. Haugtr\u00e6det<\/a><\/li><li class=\"wp-block-pages-list__item\"><a class=\"wp-block-pages-list__item__link\" href=\"https:\/\/gjeilo.no\/?page_id=6633\">Maria Olsdotter Mol\u00f8kken, (Anne Marie)<\/a><\/li><li class=\"wp-block-pages-list__item\"><a class=\"wp-block-pages-list__item__link\" href=\"https:\/\/gjeilo.no\/?page_id=68\">Marit Larsd. Hoftakroken Aukrustbakken (Moen?)<\/a><\/li><li class=\"wp-block-pages-list__item\"><a class=\"wp-block-pages-list__item__link\" href=\"https:\/\/gjeilo.no\/?page_id=201\">Marit Nilsdotter Sperstadplass<\/a><\/li><li class=\"wp-block-pages-list__item\"><a class=\"wp-block-pages-list__item__link\" href=\"https:\/\/gjeilo.no\/?page_id=129\">Marit Olsdotter Visvolden<\/a><\/li><li class=\"wp-block-pages-list__item\"><a class=\"wp-block-pages-list__item__link\" href=\"https:\/\/gjeilo.no\/?page_id=262\">Marit Persdatter Krogstad<\/a><\/li><li class=\"wp-block-pages-list__item\"><a class=\"wp-block-pages-list__item__link\" href=\"https:\/\/gjeilo.no\/?page_id=155\">Minne fr\u00e5 barndoms\u00e5ra i Graffershaugen<\/a><\/li><li class=\"wp-block-pages-list__item\"><a class=\"wp-block-pages-list__item__link\" href=\"https:\/\/gjeilo.no\/?page_id=6587\">Minneord etter Thea<\/a><\/li><li class=\"wp-block-pages-list__item\"><a class=\"wp-block-pages-list__item__link\" href=\"https:\/\/gjeilo.no\/?page_id=2248\">Minneside Marianne \u00d8yjordet<\/a><\/li><li class=\"wp-block-pages-list__item\"><a class=\"wp-block-pages-list__item__link\" href=\"https:\/\/gjeilo.no\/?page_id=6534\">Minnetale til bestemor Thea<\/a><\/li><li class=\"wp-block-pages-list__item\"><a class=\"wp-block-pages-list__item__link\" href=\"https:\/\/gjeilo.no\/?page_id=204\">Ola \/ Ole Johnsen<\/a><\/li><li class=\"wp-block-pages-list__item\"><a class=\"wp-block-pages-list__item__link\" href=\"https:\/\/gjeilo.no\/?page_id=100\">Ola Andersen Kroken<\/a><\/li><li class=\"wp-block-pages-list__item\"><a class=\"wp-block-pages-list__item__link\" href=\"https:\/\/gjeilo.no\/?page_id=228\">Ola Gjeilo (Franson)<\/a><\/li><li class=\"wp-block-pages-list__item\"><a class=\"wp-block-pages-list__item__link\" href=\"https:\/\/gjeilo.no\/?page_id=183\">Ola Jacobsen (Jakobsson) Bil\u00f8ygard Haugtr\u00e6det<\/a><\/li><li class=\"wp-block-pages-list__item\"><a class=\"wp-block-pages-list__item__link\" href=\"https:\/\/gjeilo.no\/?page_id=57\">Ola Johanson Slettom<\/a><\/li><li class=\"wp-block-pages-list__item\"><a class=\"wp-block-pages-list__item__link\" href=\"https:\/\/gjeilo.no\/?page_id=1077\">Ola Olsen (Kolden)<\/a><\/li><li class=\"wp-block-pages-list__item\"><a class=\"wp-block-pages-list__item__link\" href=\"https:\/\/gjeilo.no\/?page_id=264\">Ola Storkj\u00f8rren<\/a><\/li><li class=\"wp-block-pages-list__item\"><a class=\"wp-block-pages-list__item__link\" href=\"https:\/\/gjeilo.no\/?page_id=2586\">Rolv Gregoriuss. Gjeilo<\/a><\/li><li class=\"wp-block-pages-list__item\"><a class=\"wp-block-pages-list__item__link\" href=\"https:\/\/gjeilo.no\/?page_id=693\">R\u00f8nnaug Knutsbakken Bottabakken<\/a><\/li><li class=\"wp-block-pages-list__item\"><a class=\"wp-block-pages-list__item__link\" href=\"https:\/\/gjeilo.no\/?page_id=2295\">R\u00f8nnaug Olsdotter<\/a><\/li><li class=\"wp-block-pages-list__item\"><a class=\"wp-block-pages-list__item__link\" href=\"https:\/\/gjeilo.no\/?page_id=2960\">Smilden \/ L\u00e6rdals\u00f8yri<\/a><\/li><li class=\"wp-block-pages-list__item\"><a class=\"wp-block-pages-list__item__link\" href=\"https:\/\/gjeilo.no\/?page_id=211\">Sygard Gjeilo<\/a><\/li><li class=\"wp-block-pages-list__item\"><a class=\"wp-block-pages-list__item__link\" href=\"https:\/\/gjeilo.no\/?page_id=4162\">Synne Jonsd. Gjeilo f. Vaagaasar<\/a><\/li><li class=\"wp-block-pages-list__item\"><a class=\"wp-block-pages-list__item__link\" href=\"https:\/\/gjeilo.no\/?page_id=2591\">Synne Olsd. B\u00f8je<\/a><\/li><li class=\"wp-block-pages-list__item\"><a class=\"wp-block-pages-list__item__link\" href=\"https:\/\/gjeilo.no\/?page_id=5856\">Temautgjeving Ola\/Visus<\/a><\/li><li class=\"wp-block-pages-list__item\"><a class=\"wp-block-pages-list__item__link\" href=\"https:\/\/gjeilo.no\/?page_id=22\">Thea Jonsd. \u00d8yjordet<\/a><\/li><li class=\"wp-block-pages-list__item\"><a class=\"wp-block-pages-list__item__link\" href=\"https:\/\/gjeilo.no\/?page_id=191\">Torstein Mol\u00f8kken<\/a><\/li><li class=\"wp-block-pages-list__item\"><a class=\"wp-block-pages-list__item__link\" href=\"https:\/\/gjeilo.no\/?page_id=5376\">Towards a new and unknown country at the other side of the ocean<\/a><\/li><\/ul>","protected":false},"excerpt":{"rendered":"","protected":false},"author":2,"featured_media":0,"parent":0,"menu_order":0,"comment_status":"closed","ping_status":"closed","template":"","meta":{"footnotes":""},"class_list":["post-6103","page","type-page","status-publish","hentry"],"yoast_head":"<!-- This site is optimized with the Yoast SEO plugin v26.0 - https:\/\/yoast.com\/wordpress\/plugins\/seo\/ -->\n<title>Linkside - Slektskap<\/title>\n<meta name=\"robots\" content=\"index, follow, max-snippet:-1, max-image-preview:large, max-video-preview:-1\" \/>\n<link rel=\"canonical\" href=\"https:\/\/gjeilo.no\/?page_id=6103\" \/>\n<meta property=\"og:locale\" content=\"nb_NO\" \/>\n<meta property=\"og:type\" content=\"article\" \/>\n<meta property=\"og:title\" content=\"Linkside - Slektskap\" \/>\n<meta property=\"og:url\" content=\"https:\/\/gjeilo.no\/?page_id=6103\" \/>\n<meta property=\"og:site_name\" content=\"Slektskap\" \/>\n<meta property=\"article:modified_time\" content=\"2024-09-08T15:03:42+00:00\" \/>\n<meta name=\"twitter:card\" content=\"summary_large_image\" \/>\n<script type=\"application\/ld+json\" class=\"yoast-schema-graph\">{\"@context\":\"https:\/\/schema.org\",\"@graph\":[{\"@type\":\"WebPage\",\"@id\":\"https:\/\/gjeilo.no\/?page_id=6103\",\"url\":\"https:\/\/gjeilo.no\/?page_id=6103\",\"name\":\"Linkside - Slektskap\",\"isPartOf\":{\"@id\":\"https:\/\/gjeilo.no\/#website\"},\"datePublished\":\"2024-09-08T15:03:41+00:00\",\"dateModified\":\"2024-09-08T15:03:42+00:00\",\"breadcrumb\":{\"@id\":\"https:\/\/gjeilo.no\/?page_id=6103#breadcrumb\"},\"inLanguage\":\"nb-NO\",\"potentialAction\":[{\"@type\":\"ReadAction\",\"target\":[\"https:\/\/gjeilo.no\/?page_id=6103\"]}]},{\"@type\":\"BreadcrumbList\",\"@id\":\"https:\/\/gjeilo.no\/?page_id=6103#breadcrumb\",\"itemListElement\":[{\"@type\":\"ListItem\",\"position\":1,\"name\":\"Hjem\",\"item\":\"https:\/\/gjeilo.no\/\"},{\"@type\":\"ListItem\",\"position\":2,\"name\":\"Linkside\"}]},{\"@type\":\"WebSite\",\"@id\":\"https:\/\/gjeilo.no\/#website\",\"url\":\"https:\/\/gjeilo.no\/\",\"name\":\"Slektskap\",\"description\":\"\",\"potentialAction\":[{\"@type\":\"SearchAction\",\"target\":{\"@type\":\"EntryPoint\",\"urlTemplate\":\"https:\/\/gjeilo.no\/?s={search_term_string}\"},\"query-input\":{\"@type\":\"PropertyValueSpecification\",\"valueRequired\":true,\"valueName\":\"search_term_string\"}}],\"inLanguage\":\"nb-NO\"}]}<\/script>\n<!-- \/ Yoast SEO plugin. -->","yoast_head_json":{"title":"Linkside - Slektskap","robots":{"index":"index","follow":"follow","max-snippet":"max-snippet:-1","max-image-preview":"max-image-preview:large","max-video-preview":"max-video-preview:-1"},"canonical":"https:\/\/gjeilo.no\/?page_id=6103","og_locale":"nb_NO","og_type":"article","og_title":"Linkside - Slektskap","og_url":"https:\/\/gjeilo.no\/?page_id=6103","og_site_name":"Slektskap","article_modified_time":"2024-09-08T15:03:42+00:00","twitter_card":"summary_large_image","schema":{"@context":"https:\/\/schema.org","@graph":[{"@type":"WebPage","@id":"https:\/\/gjeilo.no\/?page_id=6103","url":"https:\/\/gjeilo.no\/?page_id=6103","name":"Linkside - Slektskap","isPartOf":{"@id":"https:\/\/gjeilo.no\/#website"},"datePublished":"2024-09-08T15:03:41+00:00","dateModified":"2024-09-08T15:03:42+00:00","breadcrumb":{"@id":"https:\/\/gjeilo.no\/?page_id=6103#breadcrumb"},"inLanguage":"nb-NO","potentialAction":[{"@type":"ReadAction","target":["https:\/\/gjeilo.no\/?page_id=6103"]}]},{"@type":"BreadcrumbList","@id":"https:\/\/gjeilo.no\/?page_id=6103#breadcrumb","itemListElement":[{"@type":"ListItem","position":1,"name":"Hjem","item":"https:\/\/gjeilo.no\/"},{"@type":"ListItem","position":2,"name":"Linkside"}]},{"@type":"WebSite","@id":"https:\/\/gjeilo.no\/#website","url":"https:\/\/gjeilo.no\/","name":"Slektskap","description":"","potentialAction":[{"@type":"SearchAction","target":{"@type":"EntryPoint","urlTemplate":"https:\/\/gjeilo.no\/?s={search_term_string}"},"query-input":{"@type":"PropertyValueSpecification","valueRequired":true,"valueName":"search_term_string"}}],"inLanguage":"nb-NO"}]}},"_links":{"self":[{"href":"https:\/\/gjeilo.no\/index.php?rest_route=\/wp\/v2\/pages\/6103","targetHints":{"allow":["GET"]}}],"collection":[{"href":"https:\/\/gjeilo.no\/index.php?rest_route=\/wp\/v2\/pages"}],"about":[{"href":"https:\/\/gjeilo.no\/index.php?rest_route=\/wp\/v2\/types\/page"}],"author":[{"embeddable":true,"href":"https:\/\/gjeilo.no\/index.php?rest_route=\/wp\/v2\/users\/2"}],"replies":[{"embeddable":true,"href":"https:\/\/gjeilo.no\/index.php?rest_route=%2Fwp%2Fv2%2Fcomments&post=6103"}],"version-history":[{"count":1,"href":"https:\/\/gjeilo.no\/index.php?rest_route=\/wp\/v2\/pages\/6103\/revisions"}],"predecessor-version":[{"id":6104,"href":"https:\/\/gjeilo.no\/index.php?rest_route=\/wp\/v2\/pages\/6103\/revisions\/6104"}],"wp:attachment":[{"href":"https:\/\/gjeilo.no\/index.php?rest_route=%2Fwp%2Fv2%2Fmedia&parent=6103"}],"curies":[{"name":"wp","href":"https:\/\/api.w.org\/{rel}","templated":true}]}}