{"id":5856,"date":"2024-07-26T15:58:49","date_gmt":"2024-07-26T15:58:49","guid":{"rendered":"https:\/\/gjeilo.no\/?page_id=5856"},"modified":"2025-12-25T18:02:45","modified_gmt":"2025-12-25T18:02:45","slug":"temautgjeving-ola-visus","status":"publish","type":"page","link":"https:\/\/gjeilo.no\/?page_id=5856","title":{"rendered":"Temautgjeving Ola\/Visus"},"content":{"rendered":"<pre><strong><em>Fr\u00e5 desembermagasin\/julekampanje:<\/em><\/strong>\n<a href=\"https:\/\/gjeilo.no\/wp-content\/uploads\/2024\/12\/Prosjekt1-1.pdf\" target=\"_blank\" rel=\"noopener\">Historia til kyrkjene i Lom, spesielt Garmo stavkyrkje, desember 2024.<\/a>\n<a href=\"https:\/\/gjeilo.no\/wp-content\/uploads\/2024\/07\/des-mag-2023-ost.pdf\">Historia om osten i Lom, desember 2023<\/a>\n<a href=\"https:\/\/gjeilo.no\/wp-content\/uploads\/2024\/07\/des-mag-2022-grunderboom-bergom.pdf\">Grunderboom p\u00e5 Bergom, desember 2022<\/a>\n<a href=\"https:\/\/gjeilo.no\/wp-content\/uploads\/2024\/07\/des-mag-2021-kunstnarar.pdf\">Kunstnarliver i Lom, desember 2021<\/a>\n<a href=\"https:\/\/gjeilo.no\/wp-content\/uploads\/2024\/07\/des-mag-2020-livet-pa-husmannsplass.pdf\">Livet p\u00e5 husmannsplassar i Medalen, desember 2020<\/a>\n<a href=\"https:\/\/gjeilo.no\/wp-content\/uploads\/2024\/07\/des-mag-2020-ferdsel-om-vinteren.pdf\">Vinterferdsel, desember 2020<\/a>\n<a href=\"https:\/\/gjeilo.no\/wp-content\/uploads\/2024\/07\/des-mag-2020-bakeri-i-Lom-sidan-1890.pdf\">Bakeri i Lom sidan 1890, desember 2020<\/a>\n<a href=\"https:\/\/gjeilo.no\/wp-content\/uploads\/2024\/07\/des-mag-2019-Rich-Andvord-og-Hellekveguten.pdf\">Rick Andvord og Hellekveguten, desember 2019<\/a>\n<a href=\"https:\/\/gjeilo.no\/wp-content\/uploads\/2024\/07\/des-mag-2016-nisser-og-smatroll-Kjell-Aukrust.pdf\">Nisser og sm\u00e5troll - Kjell Aukrust, desember 2016<\/a>\n<a href=\"https:\/\/gjeilo.no\/wp-content\/uploads\/2024\/07\/des-mag-2016-livet-pa-bergom-i-stadig-utvikling.pdf\">Livet p\u00e5 Bergom i stadig utvikling, desember 2016<\/a>\n<a href=\"https:\/\/gjeilo.no\/wp-content\/uploads\/2024\/07\/des-mag-2012-fjoset-fra-1965.pdf\">\"Fjoset\" fr\u00e5 1965, desember 2012<\/a><\/pre>\n<pre><strong><em>Fr\u00e5 \u00e5rsrapportar Sparebank 1 Lom og Skj\u00e5k:<\/em><\/strong>\n<a href=\"https:\/\/gjeilo.no\/wp-content\/uploads\/2024\/07\/temadel-1996-dyr.pdf\">Dyrelivet, \u00e5rsrapport 1996<\/a>\n<a href=\"https:\/\/gjeilo.no\/wp-content\/uploads\/2024\/07\/temadel-1997-kultur.pdf\">Kulturlivet, \u00e5rsrapport 1997<\/a>\n<a href=\"https:\/\/gjeilo.no\/wp-content\/uploads\/2024\/07\/temadel-1999-planter.pdf\">Plantelivet, \u00e5rsrapport 1999<\/a>\n<a href=\"https:\/\/gjeilo.no\/wp-content\/uploads\/2024\/07\/temadel-2002-folket-og-fjellet.pdf\">Folket og fjellet, \u00e5rsrapport 2002<\/a>\n<a href=\"https:\/\/gjeilo.no\/wp-content\/uploads\/2024\/07\/temadel-2003-vartnet.pdf\">Vatnet, \u00e5rsrapport 2003<\/a>\n<a href=\"https:\/\/gjeilo.no\/wp-content\/uploads\/2024\/07\/temadel-2004-utvandring.pdf\">Utvandring til Amerika, \u00e5rsrapport 2004<\/a>\n<a href=\"https:\/\/gjeilo.no\/wp-content\/uploads\/2024\/07\/temadel-2005-ein-stad-a-bu.pdf\">Ottadalen - ein stad \u00e5 bu?, \u00e5rsrapport 2005<\/a>\n<a href=\"https:\/\/gjeilo.no\/wp-content\/uploads\/2024\/07\/temadel-2006-segner-og-overtru.pdf\">Segner og overtru, \u00e5rsrapport 2006<\/a>\n<a href=\"https:\/\/gjeilo.no\/wp-content\/uploads\/2024\/07\/temadel-2007-folkemusikk-temadel.pdf\">Folkemusikken, \u00e5rsrapport 2007<\/a>\n<a href=\"https:\/\/gjeilo.no\/wp-content\/uploads\/2024\/07\/temadel-2008-nasjonalparkar-temadel.pdf\">Nasjonalparkane v\u00e5re, \u00e5rsrapport 2008<\/a>\n<a href=\"https:\/\/gjeilo.no\/wp-content\/uploads\/2024\/07\/temadel-2009-fiske-temadel.pdf\">Fiske, \u00e5rsrapport 2009<\/a>\n<a href=\"https:\/\/gjeilo.no\/wp-content\/uploads\/2024\/07\/temadel-2010-menneskefot-og-dyreklauv.pdf\">Menneskefot og dyreklauv, \u00e5rsrapport 2010<\/a>\n<a href=\"https:\/\/gjeilo.no\/wp-content\/uploads\/2024\/07\/temadel-2011-idrett-temadel.pdf\">Idretten i Ottadalen, \u00e5rsrapport 2011<\/a><\/pre>\n<p><img loading=\"lazy\" decoding=\"async\" class=\"alignnone size-full wp-image-5933\" src=\"https:\/\/gjeilo.no\/wp-content\/uploads\/2024\/07\/Skjermbilde-2024-07-28-kl.-19.22.48-1.png\" alt=\"\" width=\"1837\" height=\"471\" srcset=\"https:\/\/gjeilo.no\/wp-content\/uploads\/2024\/07\/Skjermbilde-2024-07-28-kl.-19.22.48-1.png 1837w, https:\/\/gjeilo.no\/wp-content\/uploads\/2024\/07\/Skjermbilde-2024-07-28-kl.-19.22.48-1-300x77.png 300w, https:\/\/gjeilo.no\/wp-content\/uploads\/2024\/07\/Skjermbilde-2024-07-28-kl.-19.22.48-1-1024x263.png 1024w, https:\/\/gjeilo.no\/wp-content\/uploads\/2024\/07\/Skjermbilde-2024-07-28-kl.-19.22.48-1-768x197.png 768w, https:\/\/gjeilo.no\/wp-content\/uploads\/2024\/07\/Skjermbilde-2024-07-28-kl.-19.22.48-1-1536x394.png 1536w\" sizes=\"auto, (max-width: 1837px) 100vw, 1837px\" \/><\/p>\n<p><a href=\"https:\/\/gjeilo.no\"><img loading=\"lazy\" decoding=\"async\" class=\"alignnone  wp-image-6142\" src=\"https:\/\/gjeilo.no\/wp-content\/uploads\/2024\/11\/dor-100-DPI-1.png\" alt=\"\" width=\"107\" height=\"18\" \/><\/a><\/p>\n","protected":false},"excerpt":{"rendered":"<p>Fr\u00e5 desembermagasin\/julekampanje: Historia til kyrkjene i Lom, spesielt Garmo stavkyrkje, desember 2024. Historia om osten i Lom, desember 2023 Grunderboom p\u00e5 Bergom, desember 2022 Kunstnarliver i Lom, desember 2021 Livet p\u00e5 husmannsplassar i Medalen, desember 2020 Vinterferdsel, desember 2020 Bakeri i Lom sidan 1890, desember 2020 Rick Andvord og Hellekveguten, desember 2019 Nisser og sm\u00e5troll &hellip; <a href=\"https:\/\/gjeilo.no\/?page_id=5856\" class=\"more-link\">Fortsett \u00e5 lese <span class=\"screen-reader-text\">Temautgjeving Ola\/Visus<\/span><\/a><\/p>\n","protected":false},"author":2,"featured_media":5942,"parent":0,"menu_order":0,"comment_status":"closed","ping_status":"closed","template":"","meta":{"footnotes":""},"class_list":["post-5856","page","type-page","status-publish","has-post-thumbnail","hentry"],"yoast_head":"<!-- This site is optimized with the Yoast SEO plugin v26.0 - https:\/\/yoast.com\/wordpress\/plugins\/seo\/ -->\n<title>Temautgjeving Ola\/Visus - Slektskap<\/title>\n<meta name=\"robots\" content=\"index, follow, max-snippet:-1, max-image-preview:large, max-video-preview:-1\" \/>\n<link rel=\"canonical\" href=\"https:\/\/gjeilo.no\/?page_id=5856\" \/>\n<meta property=\"og:locale\" content=\"nb_NO\" \/>\n<meta property=\"og:type\" content=\"article\" \/>\n<meta property=\"og:title\" content=\"Temautgjeving Ola\/Visus - Slektskap\" \/>\n<meta property=\"og:description\" content=\"Fr\u00e5 desembermagasin\/julekampanje: Historia til kyrkjene i Lom, spesielt Garmo stavkyrkje, desember 2024. Historia om osten i Lom, desember 2023 Grunderboom p\u00e5 Bergom, desember 2022 Kunstnarliver i Lom, desember 2021 Livet p\u00e5 husmannsplassar i Medalen, desember 2020 Vinterferdsel, desember 2020 Bakeri i Lom sidan 1890, desember 2020 Rick Andvord og Hellekveguten, desember 2019 Nisser og sm\u00e5troll &hellip; Fortsett \u00e5 lese Temautgjeving Ola\/Visus\" \/>\n<meta property=\"og:url\" content=\"https:\/\/gjeilo.no\/?page_id=5856\" \/>\n<meta property=\"og:site_name\" content=\"Slektskap\" \/>\n<meta property=\"article:modified_time\" content=\"2025-12-25T18:02:45+00:00\" \/>\n<meta property=\"og:image\" content=\"https:\/\/gjeilo.no\/wp-content\/uploads\/2024\/08\/temadel-2004-utvandring-18.jpg\" \/>\n\t<meta property=\"og:image:width\" content=\"2152\" \/>\n\t<meta property=\"og:image:height\" content=\"1166\" \/>\n\t<meta property=\"og:image:type\" content=\"image\/jpeg\" \/>\n<meta name=\"twitter:card\" content=\"summary_large_image\" \/>\n<meta name=\"twitter:label1\" content=\"Ansl. lesetid\" \/>\n\t<meta name=\"twitter:data1\" content=\"1 minutt\" \/>\n<script type=\"application\/ld+json\" class=\"yoast-schema-graph\">{\"@context\":\"https:\/\/schema.org\",\"@graph\":[{\"@type\":\"WebPage\",\"@id\":\"https:\/\/gjeilo.no\/?page_id=5856\",\"url\":\"https:\/\/gjeilo.no\/?page_id=5856\",\"name\":\"Temautgjeving Ola\/Visus - Slektskap\",\"isPartOf\":{\"@id\":\"https:\/\/gjeilo.no\/#website\"},\"primaryImageOfPage\":{\"@id\":\"https:\/\/gjeilo.no\/?page_id=5856#primaryimage\"},\"image\":{\"@id\":\"https:\/\/gjeilo.no\/?page_id=5856#primaryimage\"},\"thumbnailUrl\":\"https:\/\/gjeilo.no\/wp-content\/uploads\/2024\/08\/temadel-2004-utvandring-18.jpg\",\"datePublished\":\"2024-07-26T15:58:49+00:00\",\"dateModified\":\"2025-12-25T18:02:45+00:00\",\"breadcrumb\":{\"@id\":\"https:\/\/gjeilo.no\/?page_id=5856#breadcrumb\"},\"inLanguage\":\"nb-NO\",\"potentialAction\":[{\"@type\":\"ReadAction\",\"target\":[\"https:\/\/gjeilo.no\/?page_id=5856\"]}]},{\"@type\":\"ImageObject\",\"inLanguage\":\"nb-NO\",\"@id\":\"https:\/\/gjeilo.no\/?page_id=5856#primaryimage\",\"url\":\"https:\/\/gjeilo.no\/wp-content\/uploads\/2024\/08\/temadel-2004-utvandring-18.jpg\",\"contentUrl\":\"https:\/\/gjeilo.no\/wp-content\/uploads\/2024\/08\/temadel-2004-utvandring-18.jpg\",\"width\":2152,\"height\":1166},{\"@type\":\"BreadcrumbList\",\"@id\":\"https:\/\/gjeilo.no\/?page_id=5856#breadcrumb\",\"itemListElement\":[{\"@type\":\"ListItem\",\"position\":1,\"name\":\"Hjem\",\"item\":\"https:\/\/gjeilo.no\/\"},{\"@type\":\"ListItem\",\"position\":2,\"name\":\"Temautgjeving Ola\/Visus\"}]},{\"@type\":\"WebSite\",\"@id\":\"https:\/\/gjeilo.no\/#website\",\"url\":\"https:\/\/gjeilo.no\/\",\"name\":\"Slektskap\",\"description\":\"\",\"potentialAction\":[{\"@type\":\"SearchAction\",\"target\":{\"@type\":\"EntryPoint\",\"urlTemplate\":\"https:\/\/gjeilo.no\/?s={search_term_string}\"},\"query-input\":{\"@type\":\"PropertyValueSpecification\",\"valueRequired\":true,\"valueName\":\"search_term_string\"}}],\"inLanguage\":\"nb-NO\"}]}<\/script>\n<!-- \/ Yoast SEO plugin. -->","yoast_head_json":{"title":"Temautgjeving Ola\/Visus - Slektskap","robots":{"index":"index","follow":"follow","max-snippet":"max-snippet:-1","max-image-preview":"max-image-preview:large","max-video-preview":"max-video-preview:-1"},"canonical":"https:\/\/gjeilo.no\/?page_id=5856","og_locale":"nb_NO","og_type":"article","og_title":"Temautgjeving Ola\/Visus - Slektskap","og_description":"Fr\u00e5 desembermagasin\/julekampanje: Historia til kyrkjene i Lom, spesielt Garmo stavkyrkje, desember 2024. Historia om osten i Lom, desember 2023 Grunderboom p\u00e5 Bergom, desember 2022 Kunstnarliver i Lom, desember 2021 Livet p\u00e5 husmannsplassar i Medalen, desember 2020 Vinterferdsel, desember 2020 Bakeri i Lom sidan 1890, desember 2020 Rick Andvord og Hellekveguten, desember 2019 Nisser og sm\u00e5troll &hellip; Fortsett \u00e5 lese Temautgjeving Ola\/Visus","og_url":"https:\/\/gjeilo.no\/?page_id=5856","og_site_name":"Slektskap","article_modified_time":"2025-12-25T18:02:45+00:00","og_image":[{"width":2152,"height":1166,"url":"https:\/\/gjeilo.no\/wp-content\/uploads\/2024\/08\/temadel-2004-utvandring-18.jpg","type":"image\/jpeg"}],"twitter_card":"summary_large_image","twitter_misc":{"Ansl. lesetid":"1 minutt"},"schema":{"@context":"https:\/\/schema.org","@graph":[{"@type":"WebPage","@id":"https:\/\/gjeilo.no\/?page_id=5856","url":"https:\/\/gjeilo.no\/?page_id=5856","name":"Temautgjeving Ola\/Visus - Slektskap","isPartOf":{"@id":"https:\/\/gjeilo.no\/#website"},"primaryImageOfPage":{"@id":"https:\/\/gjeilo.no\/?page_id=5856#primaryimage"},"image":{"@id":"https:\/\/gjeilo.no\/?page_id=5856#primaryimage"},"thumbnailUrl":"https:\/\/gjeilo.no\/wp-content\/uploads\/2024\/08\/temadel-2004-utvandring-18.jpg","datePublished":"2024-07-26T15:58:49+00:00","dateModified":"2025-12-25T18:02:45+00:00","breadcrumb":{"@id":"https:\/\/gjeilo.no\/?page_id=5856#breadcrumb"},"inLanguage":"nb-NO","potentialAction":[{"@type":"ReadAction","target":["https:\/\/gjeilo.no\/?page_id=5856"]}]},{"@type":"ImageObject","inLanguage":"nb-NO","@id":"https:\/\/gjeilo.no\/?page_id=5856#primaryimage","url":"https:\/\/gjeilo.no\/wp-content\/uploads\/2024\/08\/temadel-2004-utvandring-18.jpg","contentUrl":"https:\/\/gjeilo.no\/wp-content\/uploads\/2024\/08\/temadel-2004-utvandring-18.jpg","width":2152,"height":1166},{"@type":"BreadcrumbList","@id":"https:\/\/gjeilo.no\/?page_id=5856#breadcrumb","itemListElement":[{"@type":"ListItem","position":1,"name":"Hjem","item":"https:\/\/gjeilo.no\/"},{"@type":"ListItem","position":2,"name":"Temautgjeving Ola\/Visus"}]},{"@type":"WebSite","@id":"https:\/\/gjeilo.no\/#website","url":"https:\/\/gjeilo.no\/","name":"Slektskap","description":"","potentialAction":[{"@type":"SearchAction","target":{"@type":"EntryPoint","urlTemplate":"https:\/\/gjeilo.no\/?s={search_term_string}"},"query-input":{"@type":"PropertyValueSpecification","valueRequired":true,"valueName":"search_term_string"}}],"inLanguage":"nb-NO"}]}},"_links":{"self":[{"href":"https:\/\/gjeilo.no\/index.php?rest_route=\/wp\/v2\/pages\/5856","targetHints":{"allow":["GET"]}}],"collection":[{"href":"https:\/\/gjeilo.no\/index.php?rest_route=\/wp\/v2\/pages"}],"about":[{"href":"https:\/\/gjeilo.no\/index.php?rest_route=\/wp\/v2\/types\/page"}],"author":[{"embeddable":true,"href":"https:\/\/gjeilo.no\/index.php?rest_route=\/wp\/v2\/users\/2"}],"replies":[{"embeddable":true,"href":"https:\/\/gjeilo.no\/index.php?rest_route=%2Fwp%2Fv2%2Fcomments&post=5856"}],"version-history":[{"count":51,"href":"https:\/\/gjeilo.no\/index.php?rest_route=\/wp\/v2\/pages\/5856\/revisions"}],"predecessor-version":[{"id":6419,"href":"https:\/\/gjeilo.no\/index.php?rest_route=\/wp\/v2\/pages\/5856\/revisions\/6419"}],"wp:featuredmedia":[{"embeddable":true,"href":"https:\/\/gjeilo.no\/index.php?rest_route=\/wp\/v2\/media\/5942"}],"wp:attachment":[{"href":"https:\/\/gjeilo.no\/index.php?rest_route=%2Fwp%2Fv2%2Fmedia&parent=5856"}],"curies":[{"name":"wp","href":"https:\/\/api.w.org\/{rel}","templated":true}]}}