{"id":57,"date":"2015-09-01T07:26:15","date_gmt":"2015-09-01T07:26:15","guid":{"rendered":"https:\/\/gjeilo.no\/?page_id=57"},"modified":"2026-03-19T15:48:05","modified_gmt":"2026-03-19T15:48:05","slug":"ola-slettom","status":"publish","type":"page","link":"https:\/\/gjeilo.no\/?page_id=57","title":{"rendered":"Ola Johanson Slettom"},"content":{"rendered":"<p><a href=\"https:\/\/gjeilo.no\/wp-content\/uploads\/2015\/09\/OLASLE4.jpg\"><img loading=\"lazy\" decoding=\"async\" class=\"aligncenter wp-image-58 size-full\" src=\"https:\/\/gjeilo.no\/wp-content\/uploads\/2015\/09\/OLASLE4.jpg\" alt=\"OLASLE~4\" width=\"1311\" height=\"1410\" srcset=\"https:\/\/gjeilo.no\/wp-content\/uploads\/2015\/09\/OLASLE4.jpg 1311w, https:\/\/gjeilo.no\/wp-content\/uploads\/2015\/09\/OLASLE4-279x300.jpg 279w, https:\/\/gjeilo.no\/wp-content\/uploads\/2015\/09\/OLASLE4-952x1024.jpg 952w\" sizes=\"auto, (max-width: 1311px) 100vw, 1311px\" \/><\/a>F\u00f8dd den \/9 1900 D\u00f8d 17. mai 1945<br \/>\nGift med <a title=\"Anna Kv\u00e5le\" href=\"https:\/\/gjeilo.no\/?page_id=54\">Anne Kv\u00e5le<br \/>\n<\/a>Mor: <a title=\"Anne Olsd. Bakken Slettom\" href=\"https:\/\/gjeilo.no\/?page_id=141\">Anne Bakken<\/a><br \/>\nFar:<a title=\"Johan Johannes. Slettom\" href=\"https:\/\/gjeilo.no\/?page_id=143\"> Johan Slettom<\/a><\/p>\n<p>Foreldra til Anne, kona til Ola,\u00a0 kj\u00f8pte Kv\u00e5le i 1906 da Anne var ni \u00e5r gamal. Familien kom da fr\u00e5 \u00d8yjordet. Anne var eldst av alle og den einaste jenta i ein s\u00f8skenflokk p\u00e5 sju. Ho m\u00e5tte hjelpe til p\u00e5 garden og i 20 \u00e5rs alderen fekk ho ein gut (Laurits). Faren heitte Nils Vurvold. Han ville utvandre til Amerika som s\u00e5 mange andre. Anne ville vere med, men foreldra ville ikkje sleppe ho av garde.\u00a0 I 1920 gifta Anne seg med Ola. Dei budde da ei stund p\u00e5 Kv\u00e5le. I desember fekk dei tvillingane Astrid og Margit. Dei var b\u00e5e svake og Margit gjekk bort berre fire veker gamal. Fr\u00e5 der f l\u00f8tte familien til B\u00f8stugu. Der vart Marit f\u00f8dd. S\u00e5 fl\u00f8tte dei til Ysthuset, eit hus som stod nedved vegen ved Stubbom. Fr\u00e5 der gjekk fl\u00f8ttelasset til ei stugu i H\u00e5g\u00e5 (H\u00e5g\u00e5bakkstugu). Da var Astrid fire \u00e5r og Marit tre.\u00a0 Dette var ei sv\u00e6rt vanskeleg tid. Det var ikkje arbeid \u00e5 f\u00e5 for Ola og Anne sette opp ein vev og vov r\u00e5ndastakkty. Dei fire budde ei stutt tid i ei stugu i Juland og fr\u00e5 der fl\u00f8tte dei til Aukrustbakken (Sygard Aukrust). Da tok Astrid til p\u00e5 skulen p\u00e5 Gutub\u00f8teigen og Jofrid kom til verda. Her hadde dei ei ku og nokre geit. Der var dei til Jofrid var seks \u00e5r. Da fl\u00f8tte dei til Live Klepp nordafor ysteriet.\u00a0 Der vart familien berre eit \u00e5r og s\u00e5 gjekk turen oppi Klepp. Eit par \u00e5r seinare kom Synne Klepp, tanta til Ola heimatt og skulle ha att stugu. Familien m\u00e5tte atter ut p\u00e5 flyttefot, n\u00e5 til bedehuset s\u00f8p\u00e5 str\u00e5nd. Men etter to nye \u00e5r gjekk Synne bort og familien kunne fl\u00f8tte attende til Klepp der familien vart buande.<\/p>\n<p>Ola gjekk bort berre 45 \u00e5r gamal og Anne vart dermed tidleg einsleg fors\u00f8rgar for familien. Ho var mykje borte p\u00e5 bakst og gjekk heilt nedp\u00e5 Bergom p\u00e5 arbeid. Og det var lange arbeidsdagar fr\u00e5 kl. sju om morgonen til ni om kvelden. Ho fortalde at ho hadde ti kroner dagen. D\u00e5 ho vart eldre tok ho til med \u00e5 veve \u00e5kle. Folk kom heim med kvitt garn som Anne farga. Det vart mange \u00e5kla p\u00e5 dei \u00e5ra ho fekk halde p\u00e5. Berre til ein i Skj\u00e5k vov ho heile ni \u00e5kle \u2013 eit til kvar av ungane. P\u00e5 sine eldre dagar vart Anne plaga av leddgikt, noko som s\u00e6rleg gjekk ut over fingrane. Ho m\u00e5tte derfor trappe ned med vevinga.<\/p>\n<p>Ola dreiv ein del gardsarbeid og arbeidde seinare i vegvesenent med mining. Arbeidde ogs\u00e5 mykje i skogen. Ola hadde vanskar med ein fot som hemma han mykje i arbeidet.<\/p>\n<p><em>Jofrid har fortalt dette.<\/em><\/p>\n<p><a href=\"https:\/\/gjeilo.no\"><img loading=\"lazy\" decoding=\"async\" class=\"alignnone  wp-image-6142\" src=\"https:\/\/gjeilo.no\/wp-content\/uploads\/2024\/11\/dor-100-DPI-1.png\" alt=\"\" width=\"107\" height=\"18\" \/><\/a><\/p>\n<p>Born:<br \/>\n1. <strong>Astrid Olsd. Slettom<\/strong>, f. 9-des 1920, g m Olav Pers. Sletten<br \/>\n1.1. Per Olavs. Sletten<br \/>\n1.2. Ola Olavs. Sletten<br \/>\n1.3. Ingvald Olavs. Sletten<br \/>\n1.4. Leif Arvid Olavs. Sletten<br \/>\n1.5. Anne Lise Olavsd. Sletten<br \/>\n2. <strong>Margit Olsd. Slettom<\/strong>,f. 9. des 1920, d\u00f8d berre fire veker gamal.<br \/>\n3. <strong>Marit Olsd. Slettom<\/strong>, f. 1921, g m Lars Skjerpingstad<br \/>\n3.1. Ester Larsd. Skjerpingstad<strong><br \/>\n<\/strong>4. <a href=\"https:\/\/gjeilo.no\/?page_id=10\"><strong><span style=\"text-decoration: underline;\">Jofrid Olsd. Slettom<\/span><\/strong><\/a>, f. 15. des 1929, g m Kaare Ols. Kroken f 1924<br \/>\n4.1. Odd Arne Kroken, f 1960<br \/>\n4.2. Aud Kroken, f 1961<br \/>\n4.2.1. Rolv Gjeilo, f 1987<br \/>\n4.2.2. Synne Gjeilo, f1988<br \/>\n4.2.3. Vetle Gjeilo, f 1991<br \/>\n4.2.4. Haakon Gjeilo, f 1994<br \/>\n4.3. Vigdis Kroken, f 1964<br \/>\n4.4. Jon Kroken,f 1966<br \/>\n4.5. Kjell Kroken, f 1966<br \/>\n4.5.1. Kristoffer Kroken, f 1997<\/p>\n<p>Syskjen:<br \/>\n1. Jo g.m. Marit Tr\u00e5stad i Skj\u00e5k, born: Jonas og R\u00f8nnaug.<br \/>\n2. Kari<br \/>\n3. R\u00f8nnaug g.m. Eilev Randen, born: \u00c5slaug.<br \/>\n4. Knut g.m. Olga Marstein i Lia. Born:Anne, Embj\u00f8rg, Johan og Aud.<br \/>\n5. Anne g.m. Sylfest Juland, born: Sigurd, Jan og Arvid.<br \/>\n6. Sigvald g.m. Kari Skinnet (fr\u00e5 V\u00e5g\u00e5), born: Anna, Johan, K\u00e5re, Gunnar, Kjellaug, Solveig, Knut og Oddbj\u00f8rg.<br \/>\n7. Asbj\u00f8rn g.m. Ymbj\u00f8rg Repp, born: Kari, Johan, Asta, Leif Bj\u00f8rn og Odd Gunnar.<\/p>\n<div id='gallery-1' class='gallery galleryid-57 gallery-columns-1 gallery-size-full'><figure class='gallery-item'>\n\t\t\t<div class='gallery-icon portrait'>\n\t\t\t\t<a href='https:\/\/gjeilo.no\/wp-content\/uploads\/2015\/09\/OLASLE4.jpg'><img loading=\"lazy\" decoding=\"async\" width=\"1311\" height=\"1410\" src=\"https:\/\/gjeilo.no\/wp-content\/uploads\/2015\/09\/OLASLE4.jpg\" class=\"attachment-full size-full\" alt=\"\" aria-describedby=\"gallery-1-58\" srcset=\"https:\/\/gjeilo.no\/wp-content\/uploads\/2015\/09\/OLASLE4.jpg 1311w, https:\/\/gjeilo.no\/wp-content\/uploads\/2015\/09\/OLASLE4-279x300.jpg 279w, https:\/\/gjeilo.no\/wp-content\/uploads\/2015\/09\/OLASLE4-952x1024.jpg 952w\" sizes=\"auto, (max-width: 1311px) 100vw, 1311px\" \/><\/a>\n\t\t\t<\/div>\n\t\t\t\t<figcaption class='wp-caption-text gallery-caption' id='gallery-1-58'>\n\t\t\t\tOla Slettom\n\t\t\t\t<\/figcaption><\/figure><figure class='gallery-item'>\n\t\t\t<div class='gallery-icon portrait'>\n\t\t\t\t<a href='https:\/\/gjeilo.no\/wp-content\/uploads\/2015\/09\/OLASLE6.jpg'><img loading=\"lazy\" decoding=\"async\" width=\"883\" height=\"1282\" src=\"https:\/\/gjeilo.no\/wp-content\/uploads\/2015\/09\/OLASLE6.jpg\" class=\"attachment-full size-full\" alt=\"\" aria-describedby=\"gallery-1-62\" srcset=\"https:\/\/gjeilo.no\/wp-content\/uploads\/2015\/09\/OLASLE6.jpg 883w, https:\/\/gjeilo.no\/wp-content\/uploads\/2015\/09\/OLASLE6-207x300.jpg 207w, https:\/\/gjeilo.no\/wp-content\/uploads\/2015\/09\/OLASLE6-705x1024.jpg 705w\" sizes=\"auto, (max-width: 883px) 100vw, 883px\" \/><\/a>\n\t\t\t<\/div>\n\t\t\t\t<figcaption class='wp-caption-text gallery-caption' id='gallery-1-62'>\n\t\t\t\tAnne og Ola saman med Marit f. 1921 (Skjerpingstad) og Astrid  f. 1920 (Sletten). ca 1930\n\t\t\t\t<\/figcaption><\/figure><figure class='gallery-item'>\n\t\t\t<div class='gallery-icon landscape'>\n\t\t\t\t<a href='https:\/\/gjeilo.no\/wp-content\/uploads\/2015\/09\/olas_kort.jpg'><img loading=\"lazy\" decoding=\"async\" width=\"315\" height=\"175\" src=\"https:\/\/gjeilo.no\/wp-content\/uploads\/2015\/09\/olas_kort.jpg\" class=\"attachment-full size-full\" alt=\"\" aria-describedby=\"gallery-1-63\" srcset=\"https:\/\/gjeilo.no\/wp-content\/uploads\/2015\/09\/olas_kort.jpg 315w, https:\/\/gjeilo.no\/wp-content\/uploads\/2015\/09\/olas_kort-300x167.jpg 300w\" sizes=\"auto, (max-width: 315px) 100vw, 315px\" \/><\/a>\n\t\t\t<\/div>\n\t\t\t\t<figcaption class='wp-caption-text gallery-caption' id='gallery-1-63'>\n\t\t\t\tOla Slettom ID krigen.\n\t\t\t\t<\/figcaption><\/figure><figure class='gallery-item'>\n\t\t\t<div class='gallery-icon portrait'>\n\t\t\t\t<a href='https:\/\/gjeilo.no\/wp-content\/uploads\/2020\/03\/54E66561-14C5-4220-9CE9-6BF58B181A12.jpeg'><img loading=\"lazy\" decoding=\"async\" width=\"1142\" height=\"1280\" src=\"https:\/\/gjeilo.no\/wp-content\/uploads\/2020\/03\/54E66561-14C5-4220-9CE9-6BF58B181A12.jpeg\" class=\"attachment-full size-full\" alt=\"\" aria-describedby=\"gallery-1-1071\" srcset=\"https:\/\/gjeilo.no\/wp-content\/uploads\/2020\/03\/54E66561-14C5-4220-9CE9-6BF58B181A12.jpeg 1142w, https:\/\/gjeilo.no\/wp-content\/uploads\/2020\/03\/54E66561-14C5-4220-9CE9-6BF58B181A12-268x300.jpeg 268w, https:\/\/gjeilo.no\/wp-content\/uploads\/2020\/03\/54E66561-14C5-4220-9CE9-6BF58B181A12-914x1024.jpeg 914w, https:\/\/gjeilo.no\/wp-content\/uploads\/2020\/03\/54E66561-14C5-4220-9CE9-6BF58B181A12-768x861.jpeg 768w\" sizes=\"auto, (max-width: 1142px) 100vw, 1142px\" \/><\/a>\n\t\t\t<\/div>\n\t\t\t\t<figcaption class='wp-caption-text gallery-caption' id='gallery-1-1071'>\n\t\t\t\tOla Slettom i gravferda til foreldra sine som gjekk bort med berre nokre f\u00e5 dagars mellomrom. Fr\u00e5 venstre fremst: &laquo;Kari Slettom, Anne Slettom Juland, Asbj\u00f8rn Slettom, barna Astrid og Marit, Anne Aukrust, R\u00f8nnaug g. Randen, Eilev Randen.  Det er nedskrive ogs\u00e5 dei andre p\u00e5 bildet.\n\t\t\t\t<\/figcaption><\/figure><figure class='gallery-item'>\n\t\t\t<div class='gallery-icon landscape'>\n\t\t\t\t<a href='https:\/\/gjeilo.no\/wp-content\/uploads\/2020\/03\/A21CA3D7-F0BF-4EBD-9AB9-2E16D5CF7A4F.jpeg'><img loading=\"lazy\" decoding=\"async\" width=\"1996\" height=\"1206\" src=\"https:\/\/gjeilo.no\/wp-content\/uploads\/2020\/03\/A21CA3D7-F0BF-4EBD-9AB9-2E16D5CF7A4F.jpeg\" class=\"attachment-full size-full\" alt=\"\" aria-describedby=\"gallery-1-1070\" srcset=\"https:\/\/gjeilo.no\/wp-content\/uploads\/2020\/03\/A21CA3D7-F0BF-4EBD-9AB9-2E16D5CF7A4F.jpeg 1996w, https:\/\/gjeilo.no\/wp-content\/uploads\/2020\/03\/A21CA3D7-F0BF-4EBD-9AB9-2E16D5CF7A4F-300x181.jpeg 300w, https:\/\/gjeilo.no\/wp-content\/uploads\/2020\/03\/A21CA3D7-F0BF-4EBD-9AB9-2E16D5CF7A4F-1024x619.jpeg 1024w, https:\/\/gjeilo.no\/wp-content\/uploads\/2020\/03\/A21CA3D7-F0BF-4EBD-9AB9-2E16D5CF7A4F-768x464.jpeg 768w, https:\/\/gjeilo.no\/wp-content\/uploads\/2020\/03\/A21CA3D7-F0BF-4EBD-9AB9-2E16D5CF7A4F-1536x928.jpeg 1536w\" sizes=\"auto, (max-width: 1996px) 100vw, 1996px\" \/><\/a>\n\t\t\t<\/div>\n\t\t\t\t<figcaption class='wp-caption-text gallery-caption' id='gallery-1-1070'>\n\t\t\t\tOla Slettom i gravferda til foreldra sine som gjekk bort med berre nokre f\u00e5 dagars mellomrom.\nJo Tr\u00e5stad til h\u00f8gre som held hesten. Til venstre bak han ein av br\u00f8rne. Bak ved kista til venstre st\u00e5r Ola Slettom med taumane, til venstre for han ein av br\u00f8rne. Fr\u00e5 venstre fremst: &laquo;Kari Slettom, Anne Slettom Juland, Asbj\u00f8rn Slettom, barna Astrid og Marit, Anne Aukrust, R\u00f8nnaug g. Randen, Eilev Randen.  Det er nedskrive ogs\u00e5 dei andre p\u00e5 bildet.\n\t\t\t\t<\/figcaption><\/figure><figure class='gallery-item'>\n\t\t\t<div class='gallery-icon landscape'>\n\t\t\t\t<a href='https:\/\/gjeilo.no\/wp-content\/uploads\/2022\/07\/1310F5B8-2EDA-4C70-B984-5B4218DF252D.jpeg'><img loading=\"lazy\" decoding=\"async\" width=\"960\" height=\"704\" src=\"https:\/\/gjeilo.no\/wp-content\/uploads\/2022\/07\/1310F5B8-2EDA-4C70-B984-5B4218DF252D.jpeg\" class=\"attachment-full size-full\" alt=\"Slettom\" srcset=\"https:\/\/gjeilo.no\/wp-content\/uploads\/2022\/07\/1310F5B8-2EDA-4C70-B984-5B4218DF252D.jpeg 960w, https:\/\/gjeilo.no\/wp-content\/uploads\/2022\/07\/1310F5B8-2EDA-4C70-B984-5B4218DF252D-300x220.jpeg 300w, https:\/\/gjeilo.no\/wp-content\/uploads\/2022\/07\/1310F5B8-2EDA-4C70-B984-5B4218DF252D-768x563.jpeg 768w\" sizes=\"auto, (max-width: 960px) 100vw, 960px\" \/><\/a>\n\t\t\t<\/div><\/figure><figure class='gallery-item'>\n\t\t\t<div class='gallery-icon landscape'>\n\t\t\t\t<a href='https:\/\/gjeilo.no\/wp-content\/uploads\/2021\/12\/henrik-sorensen-slettom-i-sol.jpg'><img loading=\"lazy\" decoding=\"async\" width=\"480\" height=\"414\" src=\"https:\/\/gjeilo.no\/wp-content\/uploads\/2021\/12\/henrik-sorensen-slettom-i-sol.jpg\" class=\"attachment-full size-full\" alt=\"\" aria-describedby=\"gallery-1-1786\" srcset=\"https:\/\/gjeilo.no\/wp-content\/uploads\/2021\/12\/henrik-sorensen-slettom-i-sol.jpg 480w, https:\/\/gjeilo.no\/wp-content\/uploads\/2021\/12\/henrik-sorensen-slettom-i-sol-300x259.jpg 300w\" sizes=\"auto, (max-width: 480px) 100vw, 480px\" \/><\/a>\n\t\t\t<\/div>\n\t\t\t\t<figcaption class='wp-caption-text gallery-caption' id='gallery-1-1786'>\n\t\t\t\t&laquo;Slettom i Sol&raquo; av Henrik S\u00f8rensen m\u00e5la i 1935. Odd Slettom eig malerier.\n\t\t\t\t<\/figcaption><\/figure><figure class='gallery-item'>\n\t\t\t<div class='gallery-icon landscape'>\n\t\t\t\t<a href='https:\/\/gjeilo.no\/wp-content\/uploads\/2024\/02\/Skjermbilde-2024-02-09-kl.-13.49.32-e1763718408892.png'><img loading=\"lazy\" decoding=\"async\" width=\"1178\" height=\"924\" src=\"https:\/\/gjeilo.no\/wp-content\/uploads\/2024\/02\/Skjermbilde-2024-02-09-kl.-13.49.32-e1763718408892.png\" class=\"attachment-full size-full\" alt=\"\" aria-describedby=\"gallery-1-5360\" srcset=\"https:\/\/gjeilo.no\/wp-content\/uploads\/2024\/02\/Skjermbilde-2024-02-09-kl.-13.49.32-e1763718408892.png 1178w, https:\/\/gjeilo.no\/wp-content\/uploads\/2024\/02\/Skjermbilde-2024-02-09-kl.-13.49.32-e1763718408892-300x235.png 300w, https:\/\/gjeilo.no\/wp-content\/uploads\/2024\/02\/Skjermbilde-2024-02-09-kl.-13.49.32-e1763718408892-1024x803.png 1024w, https:\/\/gjeilo.no\/wp-content\/uploads\/2024\/02\/Skjermbilde-2024-02-09-kl.-13.49.32-e1763718408892-768x602.png 768w\" sizes=\"auto, (max-width: 1178px) 100vw, 1178px\" \/><\/a>\n\t\t\t<\/div>\n\t\t\t\t<figcaption class='wp-caption-text gallery-caption' id='gallery-1-5360'>\n\t\t\t\tDagningen, onsdag 29. mars 1939. Ola Slettom.\n\n\t\t\t\t<\/figcaption><\/figure><figure class='gallery-item'>\n\t\t\t<div class='gallery-icon landscape'>\n\t\t\t\t<a href='https:\/\/gjeilo.no\/wp-content\/uploads\/2026\/03\/ola-slettom-Skjermbilde-2026-03-15-kl.-12.32.00.png'><img loading=\"lazy\" decoding=\"async\" width=\"638\" height=\"472\" src=\"https:\/\/gjeilo.no\/wp-content\/uploads\/2026\/03\/ola-slettom-Skjermbilde-2026-03-15-kl.-12.32.00.png\" class=\"attachment-full size-full\" alt=\"\" aria-describedby=\"gallery-1-6597\" srcset=\"https:\/\/gjeilo.no\/wp-content\/uploads\/2026\/03\/ola-slettom-Skjermbilde-2026-03-15-kl.-12.32.00.png 638w, https:\/\/gjeilo.no\/wp-content\/uploads\/2026\/03\/ola-slettom-Skjermbilde-2026-03-15-kl.-12.32.00-300x222.png 300w\" sizes=\"auto, (max-width: 638px) 100vw, 638px\" \/><\/a>\n\t\t\t<\/div>\n\t\t\t\t<figcaption class='wp-caption-text gallery-caption' id='gallery-1-6597'>\n\t\t\t\tOla i arbeid p\u00e5 asfaltverk i Grov, fotografert i 1937. Lastebilen med reg.nr E-6118 er Chevrolet 1934-35 modell tilh\u00f8yrande Ottadalen Kommunale Billag i 1938. P\u00e5 verket st\u00e5r f.v.: Sj\u00e5f\u00f8r Ola P. Viker (f. 1895), Ola J. Slettom (f. 1900), Sverre Viker (f. 1915), Mathias Turtum (f. 1904) og Julius Kr\u00f8kje (f. 1910). Foto: Gudbrandsdalsmusea\n\t\t\t\t<\/figcaption><\/figure><figure class='gallery-item'>\n\t\t\t<div class='gallery-icon landscape'>\n\t\t\t\t<a href='https:\/\/gjeilo.no\/wp-content\/uploads\/2026\/03\/ola-slettom013AjNvwR9Gt.webp'><img loading=\"lazy\" decoding=\"async\" width=\"1200\" height=\"886\" src=\"https:\/\/gjeilo.no\/wp-content\/uploads\/2026\/03\/ola-slettom013AjNvwR9Gt.webp\" class=\"attachment-full size-full\" alt=\"\" aria-describedby=\"gallery-1-6598\" srcset=\"https:\/\/gjeilo.no\/wp-content\/uploads\/2026\/03\/ola-slettom013AjNvwR9Gt.webp 1200w, https:\/\/gjeilo.no\/wp-content\/uploads\/2026\/03\/ola-slettom013AjNvwR9Gt-300x222.webp 300w, https:\/\/gjeilo.no\/wp-content\/uploads\/2026\/03\/ola-slettom013AjNvwR9Gt-1024x756.webp 1024w, https:\/\/gjeilo.no\/wp-content\/uploads\/2026\/03\/ola-slettom013AjNvwR9Gt-768x567.webp 768w\" sizes=\"auto, (max-width: 1200px) 100vw, 1200px\" \/><\/a>\n\t\t\t<\/div>\n\t\t\t\t<figcaption class='wp-caption-text gallery-caption' id='gallery-1-6598'>\n\t\t\t\tOla i arbeid p\u00e5 asfaltverk i Grov, fotografert i 1937. Lastebilen med reg.nr E-6118 er Chevrolet 1934-35 modell tilh\u00f8yrande Ottadalen Kommunale Billag i 1938. P\u00e5 lasteplanet f.v.: Hans E. Moen, Anders O. Sveen (f. 1861), Anders A. Sveen (f. 1916), valsemester Arnesen og sj\u00e5f\u00f8r Nils Haugen. P\u00e5 verket st\u00e5r f.v.: Sj\u00e5f\u00f8r Ola P. Viker (f. 1895), Ola J. Slettom (f. 1900), Sverre Viker (f. 1915), Mathias Turtum (f. 1904) og Julius Kr\u00f8kje (f. 1910). Oskar Viker (f. 1904) sit p\u00e5 verket og Svein Tundrali (f. 1893) st\u00e5r framfor til h\u00f8gre. Foto: Gudbrandsdalsmusea\n\t\t\t\t<\/figcaption><\/figure>\n\t\t<\/div>\n\n","protected":false},"excerpt":{"rendered":"<p>F\u00f8dd den \/9 1900 D\u00f8d 17. mai 1945 Gift med Anne Kv\u00e5le Mor: Anne Bakken Far: Johan Slettom Foreldra til Anne, kona til Ola,\u00a0 kj\u00f8pte Kv\u00e5le i 1906 da Anne var ni \u00e5r gamal. Familien kom da fr\u00e5 \u00d8yjordet. Anne var eldst av alle og den einaste jenta i ein s\u00f8skenflokk p\u00e5 sju. Ho m\u00e5tte &hellip; <a href=\"https:\/\/gjeilo.no\/?page_id=57\" class=\"more-link\">Fortsett \u00e5 lese <span class=\"screen-reader-text\">Ola Johanson Slettom<\/span><\/a><\/p>\n","protected":false},"author":2,"featured_media":0,"parent":0,"menu_order":0,"comment_status":"closed","ping_status":"open","template":"","meta":{"footnotes":""},"class_list":["post-57","page","type-page","status-publish","hentry"],"yoast_head":"<!-- This site is optimized with the Yoast SEO plugin v26.0 - https:\/\/yoast.com\/wordpress\/plugins\/seo\/ -->\n<title>Ola Johanson Slettom - Slektskap<\/title>\n<meta name=\"robots\" content=\"index, follow, max-snippet:-1, max-image-preview:large, max-video-preview:-1\" \/>\n<link rel=\"canonical\" href=\"https:\/\/gjeilo.no\/?page_id=57\" \/>\n<meta property=\"og:locale\" content=\"nb_NO\" \/>\n<meta property=\"og:type\" content=\"article\" \/>\n<meta property=\"og:title\" content=\"Ola Johanson Slettom - Slektskap\" \/>\n<meta property=\"og:description\" content=\"F\u00f8dd den \/9 1900 D\u00f8d 17. mai 1945 Gift med Anne Kv\u00e5le Mor: Anne Bakken Far: Johan Slettom Foreldra til Anne, kona til Ola,\u00a0 kj\u00f8pte Kv\u00e5le i 1906 da Anne var ni \u00e5r gamal. Familien kom da fr\u00e5 \u00d8yjordet. Anne var eldst av alle og den einaste jenta i ein s\u00f8skenflokk p\u00e5 sju. Ho m\u00e5tte &hellip; Fortsett \u00e5 lese Ola Johanson Slettom\" \/>\n<meta property=\"og:url\" content=\"https:\/\/gjeilo.no\/?page_id=57\" \/>\n<meta property=\"og:site_name\" content=\"Slektskap\" \/>\n<meta property=\"article:modified_time\" content=\"2026-03-19T15:48:05+00:00\" \/>\n<meta property=\"og:image\" content=\"https:\/\/gjeilo.no\/wp-content\/uploads\/2015\/09\/OLASLE4.jpg\" \/>\n<meta name=\"twitter:card\" content=\"summary_large_image\" \/>\n<meta name=\"twitter:label1\" content=\"Ansl. lesetid\" \/>\n\t<meta name=\"twitter:data1\" content=\"4 minutter\" \/>\n<script type=\"application\/ld+json\" class=\"yoast-schema-graph\">{\"@context\":\"https:\/\/schema.org\",\"@graph\":[{\"@type\":\"WebPage\",\"@id\":\"https:\/\/gjeilo.no\/?page_id=57\",\"url\":\"https:\/\/gjeilo.no\/?page_id=57\",\"name\":\"Ola Johanson Slettom - Slektskap\",\"isPartOf\":{\"@id\":\"https:\/\/gjeilo.no\/#website\"},\"primaryImageOfPage\":{\"@id\":\"https:\/\/gjeilo.no\/?page_id=57#primaryimage\"},\"image\":{\"@id\":\"https:\/\/gjeilo.no\/?page_id=57#primaryimage\"},\"thumbnailUrl\":\"https:\/\/gjeilo.no\/wp-content\/uploads\/2015\/09\/OLASLE4.jpg\",\"datePublished\":\"2015-09-01T07:26:15+00:00\",\"dateModified\":\"2026-03-19T15:48:05+00:00\",\"breadcrumb\":{\"@id\":\"https:\/\/gjeilo.no\/?page_id=57#breadcrumb\"},\"inLanguage\":\"nb-NO\",\"potentialAction\":[{\"@type\":\"ReadAction\",\"target\":[\"https:\/\/gjeilo.no\/?page_id=57\"]}]},{\"@type\":\"ImageObject\",\"inLanguage\":\"nb-NO\",\"@id\":\"https:\/\/gjeilo.no\/?page_id=57#primaryimage\",\"url\":\"https:\/\/gjeilo.no\/wp-content\/uploads\/2015\/09\/OLASLE4.jpg\",\"contentUrl\":\"https:\/\/gjeilo.no\/wp-content\/uploads\/2015\/09\/OLASLE4.jpg\"},{\"@type\":\"BreadcrumbList\",\"@id\":\"https:\/\/gjeilo.no\/?page_id=57#breadcrumb\",\"itemListElement\":[{\"@type\":\"ListItem\",\"position\":1,\"name\":\"Hjem\",\"item\":\"https:\/\/gjeilo.no\/\"},{\"@type\":\"ListItem\",\"position\":2,\"name\":\"Ola Johanson Slettom\"}]},{\"@type\":\"WebSite\",\"@id\":\"https:\/\/gjeilo.no\/#website\",\"url\":\"https:\/\/gjeilo.no\/\",\"name\":\"Slektskap\",\"description\":\"\",\"potentialAction\":[{\"@type\":\"SearchAction\",\"target\":{\"@type\":\"EntryPoint\",\"urlTemplate\":\"https:\/\/gjeilo.no\/?s={search_term_string}\"},\"query-input\":{\"@type\":\"PropertyValueSpecification\",\"valueRequired\":true,\"valueName\":\"search_term_string\"}}],\"inLanguage\":\"nb-NO\"}]}<\/script>\n<!-- \/ Yoast SEO plugin. -->","yoast_head_json":{"title":"Ola Johanson Slettom - Slektskap","robots":{"index":"index","follow":"follow","max-snippet":"max-snippet:-1","max-image-preview":"max-image-preview:large","max-video-preview":"max-video-preview:-1"},"canonical":"https:\/\/gjeilo.no\/?page_id=57","og_locale":"nb_NO","og_type":"article","og_title":"Ola Johanson Slettom - Slektskap","og_description":"F\u00f8dd den \/9 1900 D\u00f8d 17. mai 1945 Gift med Anne Kv\u00e5le Mor: Anne Bakken Far: Johan Slettom Foreldra til Anne, kona til Ola,\u00a0 kj\u00f8pte Kv\u00e5le i 1906 da Anne var ni \u00e5r gamal. Familien kom da fr\u00e5 \u00d8yjordet. Anne var eldst av alle og den einaste jenta i ein s\u00f8skenflokk p\u00e5 sju. Ho m\u00e5tte &hellip; Fortsett \u00e5 lese Ola Johanson Slettom","og_url":"https:\/\/gjeilo.no\/?page_id=57","og_site_name":"Slektskap","article_modified_time":"2026-03-19T15:48:05+00:00","og_image":[{"url":"https:\/\/gjeilo.no\/wp-content\/uploads\/2015\/09\/OLASLE4.jpg","type":"","width":"","height":""}],"twitter_card":"summary_large_image","twitter_misc":{"Ansl. lesetid":"4 minutter"},"schema":{"@context":"https:\/\/schema.org","@graph":[{"@type":"WebPage","@id":"https:\/\/gjeilo.no\/?page_id=57","url":"https:\/\/gjeilo.no\/?page_id=57","name":"Ola Johanson Slettom - Slektskap","isPartOf":{"@id":"https:\/\/gjeilo.no\/#website"},"primaryImageOfPage":{"@id":"https:\/\/gjeilo.no\/?page_id=57#primaryimage"},"image":{"@id":"https:\/\/gjeilo.no\/?page_id=57#primaryimage"},"thumbnailUrl":"https:\/\/gjeilo.no\/wp-content\/uploads\/2015\/09\/OLASLE4.jpg","datePublished":"2015-09-01T07:26:15+00:00","dateModified":"2026-03-19T15:48:05+00:00","breadcrumb":{"@id":"https:\/\/gjeilo.no\/?page_id=57#breadcrumb"},"inLanguage":"nb-NO","potentialAction":[{"@type":"ReadAction","target":["https:\/\/gjeilo.no\/?page_id=57"]}]},{"@type":"ImageObject","inLanguage":"nb-NO","@id":"https:\/\/gjeilo.no\/?page_id=57#primaryimage","url":"https:\/\/gjeilo.no\/wp-content\/uploads\/2015\/09\/OLASLE4.jpg","contentUrl":"https:\/\/gjeilo.no\/wp-content\/uploads\/2015\/09\/OLASLE4.jpg"},{"@type":"BreadcrumbList","@id":"https:\/\/gjeilo.no\/?page_id=57#breadcrumb","itemListElement":[{"@type":"ListItem","position":1,"name":"Hjem","item":"https:\/\/gjeilo.no\/"},{"@type":"ListItem","position":2,"name":"Ola Johanson Slettom"}]},{"@type":"WebSite","@id":"https:\/\/gjeilo.no\/#website","url":"https:\/\/gjeilo.no\/","name":"Slektskap","description":"","potentialAction":[{"@type":"SearchAction","target":{"@type":"EntryPoint","urlTemplate":"https:\/\/gjeilo.no\/?s={search_term_string}"},"query-input":{"@type":"PropertyValueSpecification","valueRequired":true,"valueName":"search_term_string"}}],"inLanguage":"nb-NO"}]}},"_links":{"self":[{"href":"https:\/\/gjeilo.no\/index.php?rest_route=\/wp\/v2\/pages\/57","targetHints":{"allow":["GET"]}}],"collection":[{"href":"https:\/\/gjeilo.no\/index.php?rest_route=\/wp\/v2\/pages"}],"about":[{"href":"https:\/\/gjeilo.no\/index.php?rest_route=\/wp\/v2\/types\/page"}],"author":[{"embeddable":true,"href":"https:\/\/gjeilo.no\/index.php?rest_route=\/wp\/v2\/users\/2"}],"replies":[{"embeddable":true,"href":"https:\/\/gjeilo.no\/index.php?rest_route=%2Fwp%2Fv2%2Fcomments&post=57"}],"version-history":[{"count":48,"href":"https:\/\/gjeilo.no\/index.php?rest_route=\/wp\/v2\/pages\/57\/revisions"}],"predecessor-version":[{"id":6604,"href":"https:\/\/gjeilo.no\/index.php?rest_route=\/wp\/v2\/pages\/57\/revisions\/6604"}],"wp:attachment":[{"href":"https:\/\/gjeilo.no\/index.php?rest_route=%2Fwp%2Fv2%2Fmedia&parent=57"}],"curies":[{"name":"wp","href":"https:\/\/api.w.org\/{rel}","templated":true}]}}