{"id":4833,"date":"2023-09-26T16:34:14","date_gmt":"2023-09-26T16:34:14","guid":{"rendered":"https:\/\/gjeilo.no\/?page_id=4833"},"modified":"2023-09-26T16:37:31","modified_gmt":"2023-09-26T16:37:31","slug":"hytta-i-hoydalen","status":"publish","type":"page","link":"https:\/\/gjeilo.no\/?page_id=4833","title":{"rendered":"Hytta i H\u00f8ydalen"},"content":{"rendered":"<div id='gallery-1' class='gallery galleryid-4833 gallery-columns-2 gallery-size-full'><figure class='gallery-item'>\n\t\t\t<div class='gallery-icon landscape'>\n\t\t\t\t<a href='https:\/\/gjeilo.no\/wp-content\/uploads\/2023\/09\/89201520-3EAE-4914-8C61-C17BE49E13BE-scaled.jpeg'><img loading=\"lazy\" decoding=\"async\" width=\"2560\" height=\"1907\" src=\"https:\/\/gjeilo.no\/wp-content\/uploads\/2023\/09\/89201520-3EAE-4914-8C61-C17BE49E13BE-scaled.jpeg\" class=\"attachment-full size-full\" alt=\"\" aria-describedby=\"gallery-1-4829\" srcset=\"https:\/\/gjeilo.no\/wp-content\/uploads\/2023\/09\/89201520-3EAE-4914-8C61-C17BE49E13BE-scaled.jpeg 2560w, https:\/\/gjeilo.no\/wp-content\/uploads\/2023\/09\/89201520-3EAE-4914-8C61-C17BE49E13BE-300x223.jpeg 300w, https:\/\/gjeilo.no\/wp-content\/uploads\/2023\/09\/89201520-3EAE-4914-8C61-C17BE49E13BE-1024x763.jpeg 1024w, https:\/\/gjeilo.no\/wp-content\/uploads\/2023\/09\/89201520-3EAE-4914-8C61-C17BE49E13BE-768x572.jpeg 768w, https:\/\/gjeilo.no\/wp-content\/uploads\/2023\/09\/89201520-3EAE-4914-8C61-C17BE49E13BE-1536x1144.jpeg 1536w, https:\/\/gjeilo.no\/wp-content\/uploads\/2023\/09\/89201520-3EAE-4914-8C61-C17BE49E13BE-2048x1525.jpeg 2048w\" sizes=\"auto, (max-width: 2560px) 100vw, 2560px\" \/><\/a>\n\t\t\t<\/div>\n\t\t\t\t<figcaption class='wp-caption-text gallery-caption' id='gallery-1-4829'>\n\t\t\t\tSj\u00e5f\u00f8rhytta til OKB slik den var da vi kj\u00f8pte den samen med Alma og Magnar \u00d8yjordet\n\t\t\t\t<\/figcaption><\/figure><figure class='gallery-item'>\n\t\t\t<div class='gallery-icon landscape'>\n\t\t\t\t<a href='https:\/\/gjeilo.no\/wp-content\/uploads\/2023\/09\/3838C03A-02B0-46EF-9055-23EE356E82E9-scaled.jpeg'><img loading=\"lazy\" decoding=\"async\" width=\"2560\" height=\"1920\" src=\"https:\/\/gjeilo.no\/wp-content\/uploads\/2023\/09\/3838C03A-02B0-46EF-9055-23EE356E82E9-scaled.jpeg\" class=\"attachment-full size-full\" alt=\"\" srcset=\"https:\/\/gjeilo.no\/wp-content\/uploads\/2023\/09\/3838C03A-02B0-46EF-9055-23EE356E82E9-scaled.jpeg 2560w, https:\/\/gjeilo.no\/wp-content\/uploads\/2023\/09\/3838C03A-02B0-46EF-9055-23EE356E82E9-300x225.jpeg 300w, https:\/\/gjeilo.no\/wp-content\/uploads\/2023\/09\/3838C03A-02B0-46EF-9055-23EE356E82E9-1024x768.jpeg 1024w, https:\/\/gjeilo.no\/wp-content\/uploads\/2023\/09\/3838C03A-02B0-46EF-9055-23EE356E82E9-768x576.jpeg 768w, https:\/\/gjeilo.no\/wp-content\/uploads\/2023\/09\/3838C03A-02B0-46EF-9055-23EE356E82E9-1536x1152.jpeg 1536w, https:\/\/gjeilo.no\/wp-content\/uploads\/2023\/09\/3838C03A-02B0-46EF-9055-23EE356E82E9-2048x1536.jpeg 2048w\" sizes=\"auto, (max-width: 2560px) 100vw, 2560px\" \/><\/a>\n\t\t\t<\/div><\/figure><figure class='gallery-item'>\n\t\t\t<div class='gallery-icon landscape'>\n\t\t\t\t<a href='https:\/\/gjeilo.no\/wp-content\/uploads\/2023\/09\/7FFFDE25-19D9-4E0D-99C5-C6168B75E60B-scaled.jpeg'><img loading=\"lazy\" decoding=\"async\" width=\"2560\" height=\"1779\" src=\"https:\/\/gjeilo.no\/wp-content\/uploads\/2023\/09\/7FFFDE25-19D9-4E0D-99C5-C6168B75E60B-scaled.jpeg\" class=\"attachment-full size-full\" alt=\"\" srcset=\"https:\/\/gjeilo.no\/wp-content\/uploads\/2023\/09\/7FFFDE25-19D9-4E0D-99C5-C6168B75E60B-scaled.jpeg 2560w, https:\/\/gjeilo.no\/wp-content\/uploads\/2023\/09\/7FFFDE25-19D9-4E0D-99C5-C6168B75E60B-300x208.jpeg 300w, https:\/\/gjeilo.no\/wp-content\/uploads\/2023\/09\/7FFFDE25-19D9-4E0D-99C5-C6168B75E60B-1024x711.jpeg 1024w, https:\/\/gjeilo.no\/wp-content\/uploads\/2023\/09\/7FFFDE25-19D9-4E0D-99C5-C6168B75E60B-768x534.jpeg 768w, https:\/\/gjeilo.no\/wp-content\/uploads\/2023\/09\/7FFFDE25-19D9-4E0D-99C5-C6168B75E60B-1536x1067.jpeg 1536w, https:\/\/gjeilo.no\/wp-content\/uploads\/2023\/09\/7FFFDE25-19D9-4E0D-99C5-C6168B75E60B-2048x1423.jpeg 2048w\" sizes=\"auto, (max-width: 2560px) 100vw, 2560px\" \/><\/a>\n\t\t\t<\/div><\/figure><figure class='gallery-item'>\n\t\t\t<div class='gallery-icon landscape'>\n\t\t\t\t<a href='https:\/\/gjeilo.no\/wp-content\/uploads\/2023\/09\/0C02CFA6-DEB3-4F84-8CF3-F5516CF20E85-scaled.jpeg'><img loading=\"lazy\" decoding=\"async\" width=\"2560\" height=\"1737\" src=\"https:\/\/gjeilo.no\/wp-content\/uploads\/2023\/09\/0C02CFA6-DEB3-4F84-8CF3-F5516CF20E85-scaled.jpeg\" class=\"attachment-full size-full\" alt=\"\" srcset=\"https:\/\/gjeilo.no\/wp-content\/uploads\/2023\/09\/0C02CFA6-DEB3-4F84-8CF3-F5516CF20E85-scaled.jpeg 2560w, https:\/\/gjeilo.no\/wp-content\/uploads\/2023\/09\/0C02CFA6-DEB3-4F84-8CF3-F5516CF20E85-300x204.jpeg 300w, https:\/\/gjeilo.no\/wp-content\/uploads\/2023\/09\/0C02CFA6-DEB3-4F84-8CF3-F5516CF20E85-1024x695.jpeg 1024w, https:\/\/gjeilo.no\/wp-content\/uploads\/2023\/09\/0C02CFA6-DEB3-4F84-8CF3-F5516CF20E85-768x521.jpeg 768w, https:\/\/gjeilo.no\/wp-content\/uploads\/2023\/09\/0C02CFA6-DEB3-4F84-8CF3-F5516CF20E85-1536x1042.jpeg 1536w, https:\/\/gjeilo.no\/wp-content\/uploads\/2023\/09\/0C02CFA6-DEB3-4F84-8CF3-F5516CF20E85-2048x1390.jpeg 2048w\" sizes=\"auto, (max-width: 2560px) 100vw, 2560px\" \/><\/a>\n\t\t\t<\/div><\/figure>\n\t\t<\/div>\n\n","protected":false},"excerpt":{"rendered":"","protected":false},"author":2,"featured_media":0,"parent":0,"menu_order":0,"comment_status":"closed","ping_status":"closed","template":"","meta":{"footnotes":""},"class_list":["post-4833","page","type-page","status-publish","hentry"],"yoast_head":"<!-- This site is optimized with the Yoast SEO plugin v26.0 - https:\/\/yoast.com\/wordpress\/plugins\/seo\/ -->\n<title>Hytta i H\u00f8ydalen - Slektskap<\/title>\n<meta name=\"robots\" content=\"index, follow, max-snippet:-1, max-image-preview:large, max-video-preview:-1\" \/>\n<link rel=\"canonical\" href=\"https:\/\/gjeilo.no\/?page_id=4833\" \/>\n<meta property=\"og:locale\" content=\"nb_NO\" \/>\n<meta property=\"og:type\" content=\"article\" \/>\n<meta property=\"og:title\" content=\"Hytta i H\u00f8ydalen - Slektskap\" \/>\n<meta property=\"og:url\" content=\"https:\/\/gjeilo.no\/?page_id=4833\" \/>\n<meta property=\"og:site_name\" content=\"Slektskap\" \/>\n<meta property=\"article:modified_time\" content=\"2023-09-26T16:37:31+00:00\" \/>\n<meta property=\"og:image\" content=\"https:\/\/gjeilo.no\/wp-content\/uploads\/2023\/09\/89201520-3EAE-4914-8C61-C17BE49E13BE-scaled.jpeg\" \/>\n<meta name=\"twitter:card\" content=\"summary_large_image\" \/>\n<script type=\"application\/ld+json\" class=\"yoast-schema-graph\">{\"@context\":\"https:\/\/schema.org\",\"@graph\":[{\"@type\":\"WebPage\",\"@id\":\"https:\/\/gjeilo.no\/?page_id=4833\",\"url\":\"https:\/\/gjeilo.no\/?page_id=4833\",\"name\":\"Hytta i H\u00f8ydalen - Slektskap\",\"isPartOf\":{\"@id\":\"https:\/\/gjeilo.no\/#website\"},\"datePublished\":\"2023-09-26T16:34:14+00:00\",\"dateModified\":\"2023-09-26T16:37:31+00:00\",\"breadcrumb\":{\"@id\":\"https:\/\/gjeilo.no\/?page_id=4833#breadcrumb\"},\"inLanguage\":\"nb-NO\",\"potentialAction\":[{\"@type\":\"ReadAction\",\"target\":[\"https:\/\/gjeilo.no\/?page_id=4833\"]}]},{\"@type\":\"BreadcrumbList\",\"@id\":\"https:\/\/gjeilo.no\/?page_id=4833#breadcrumb\",\"itemListElement\":[{\"@type\":\"ListItem\",\"position\":1,\"name\":\"Hjem\",\"item\":\"https:\/\/gjeilo.no\/\"},{\"@type\":\"ListItem\",\"position\":2,\"name\":\"Hytta i H\u00f8ydalen\"}]},{\"@type\":\"WebSite\",\"@id\":\"https:\/\/gjeilo.no\/#website\",\"url\":\"https:\/\/gjeilo.no\/\",\"name\":\"Slektskap\",\"description\":\"\",\"potentialAction\":[{\"@type\":\"SearchAction\",\"target\":{\"@type\":\"EntryPoint\",\"urlTemplate\":\"https:\/\/gjeilo.no\/?s={search_term_string}\"},\"query-input\":{\"@type\":\"PropertyValueSpecification\",\"valueRequired\":true,\"valueName\":\"search_term_string\"}}],\"inLanguage\":\"nb-NO\"}]}<\/script>\n<!-- \/ Yoast SEO plugin. -->","yoast_head_json":{"title":"Hytta i H\u00f8ydalen - Slektskap","robots":{"index":"index","follow":"follow","max-snippet":"max-snippet:-1","max-image-preview":"max-image-preview:large","max-video-preview":"max-video-preview:-1"},"canonical":"https:\/\/gjeilo.no\/?page_id=4833","og_locale":"nb_NO","og_type":"article","og_title":"Hytta i H\u00f8ydalen - Slektskap","og_url":"https:\/\/gjeilo.no\/?page_id=4833","og_site_name":"Slektskap","article_modified_time":"2023-09-26T16:37:31+00:00","og_image":[{"url":"https:\/\/gjeilo.no\/wp-content\/uploads\/2023\/09\/89201520-3EAE-4914-8C61-C17BE49E13BE-scaled.jpeg","type":"","width":"","height":""}],"twitter_card":"summary_large_image","schema":{"@context":"https:\/\/schema.org","@graph":[{"@type":"WebPage","@id":"https:\/\/gjeilo.no\/?page_id=4833","url":"https:\/\/gjeilo.no\/?page_id=4833","name":"Hytta i H\u00f8ydalen - Slektskap","isPartOf":{"@id":"https:\/\/gjeilo.no\/#website"},"datePublished":"2023-09-26T16:34:14+00:00","dateModified":"2023-09-26T16:37:31+00:00","breadcrumb":{"@id":"https:\/\/gjeilo.no\/?page_id=4833#breadcrumb"},"inLanguage":"nb-NO","potentialAction":[{"@type":"ReadAction","target":["https:\/\/gjeilo.no\/?page_id=4833"]}]},{"@type":"BreadcrumbList","@id":"https:\/\/gjeilo.no\/?page_id=4833#breadcrumb","itemListElement":[{"@type":"ListItem","position":1,"name":"Hjem","item":"https:\/\/gjeilo.no\/"},{"@type":"ListItem","position":2,"name":"Hytta i H\u00f8ydalen"}]},{"@type":"WebSite","@id":"https:\/\/gjeilo.no\/#website","url":"https:\/\/gjeilo.no\/","name":"Slektskap","description":"","potentialAction":[{"@type":"SearchAction","target":{"@type":"EntryPoint","urlTemplate":"https:\/\/gjeilo.no\/?s={search_term_string}"},"query-input":{"@type":"PropertyValueSpecification","valueRequired":true,"valueName":"search_term_string"}}],"inLanguage":"nb-NO"}]}},"_links":{"self":[{"href":"https:\/\/gjeilo.no\/index.php?rest_route=\/wp\/v2\/pages\/4833","targetHints":{"allow":["GET"]}}],"collection":[{"href":"https:\/\/gjeilo.no\/index.php?rest_route=\/wp\/v2\/pages"}],"about":[{"href":"https:\/\/gjeilo.no\/index.php?rest_route=\/wp\/v2\/types\/page"}],"author":[{"embeddable":true,"href":"https:\/\/gjeilo.no\/index.php?rest_route=\/wp\/v2\/users\/2"}],"replies":[{"embeddable":true,"href":"https:\/\/gjeilo.no\/index.php?rest_route=%2Fwp%2Fv2%2Fcomments&post=4833"}],"version-history":[{"count":3,"href":"https:\/\/gjeilo.no\/index.php?rest_route=\/wp\/v2\/pages\/4833\/revisions"}],"predecessor-version":[{"id":4837,"href":"https:\/\/gjeilo.no\/index.php?rest_route=\/wp\/v2\/pages\/4833\/revisions\/4837"}],"wp:attachment":[{"href":"https:\/\/gjeilo.no\/index.php?rest_route=%2Fwp%2Fv2%2Fmedia&parent=4833"}],"curies":[{"name":"wp","href":"https:\/\/api.w.org\/{rel}","templated":true}]}}