{"id":299,"date":"2015-09-01T10:50:57","date_gmt":"2015-09-01T10:50:57","guid":{"rendered":"https:\/\/gjeilo.no\/?page_id=299"},"modified":"2024-11-09T19:43:31","modified_gmt":"2024-11-09T19:43:31","slug":"kari-gunnarsdotter-kvist","status":"publish","type":"page","link":"https:\/\/gjeilo.no\/?page_id=299","title":{"rendered":"Kari Gunnarsdotter Kvist"},"content":{"rendered":"<p><a href=\"https:\/\/gjeilo.no\/wp-content\/uploads\/2020\/03\/16E247CC-5C0B-4D91-8437-CAD99496BE22-scaled.jpeg\"><img loading=\"lazy\" decoding=\"async\" class=\"aligncenter wp-image-968 size-large\" src=\"https:\/\/gjeilo.no\/wp-content\/uploads\/2020\/03\/16E247CC-5C0B-4D91-8437-CAD99496BE22-768x1024.jpeg\" alt=\"\" width=\"660\" height=\"880\" srcset=\"https:\/\/gjeilo.no\/wp-content\/uploads\/2020\/03\/16E247CC-5C0B-4D91-8437-CAD99496BE22-768x1024.jpeg 768w, https:\/\/gjeilo.no\/wp-content\/uploads\/2020\/03\/16E247CC-5C0B-4D91-8437-CAD99496BE22-225x300.jpeg 225w, https:\/\/gjeilo.no\/wp-content\/uploads\/2020\/03\/16E247CC-5C0B-4D91-8437-CAD99496BE22-1152x1536.jpeg 1152w, https:\/\/gjeilo.no\/wp-content\/uploads\/2020\/03\/16E247CC-5C0B-4D91-8437-CAD99496BE22-1536x2048.jpeg 1536w, https:\/\/gjeilo.no\/wp-content\/uploads\/2020\/03\/16E247CC-5C0B-4D91-8437-CAD99496BE22-scaled.jpeg 1920w\" sizes=\"auto, (max-width: 660px) 100vw, 660px\" \/><\/a>Gift med <a href=\"https:\/\/gjeilo.no\/?page_id=305\">Kristoffer Tomass. \u00d8ren<\/a><br \/>1848 &#8211; 1938<br \/>Mor: Barbra Larsdotter Drevdal fr\u00e5 Luster f. 1829<br \/>Far: Gunder Nilson Kvist f. 1820<\/p>\n<p>Kari gifta seg med Kristoffer Tomass.\u00a0 fr\u00e5 \u00d8vre \u00c5rdal. Deibusette seg i Gjerdet p\u00e5 L\u00e6rdals\u00f8yri og tok namnet Gjerdet.Dei fekk heile 15 barn for fr\u00e5 1876 til 1904 &#8211; 28 \u00e5r. Gjertrud kom til da Kari var 18 \u00e5r og den yngstre Ragnhild kom til da Kari var 46 \u00e5r.<\/p>\n<p><a href=\"https:\/\/gjeilo.no\"><img loading=\"lazy\" decoding=\"async\" class=\"alignnone  wp-image-6142\" src=\"https:\/\/gjeilo.no\/wp-content\/uploads\/2024\/11\/dor-100-DPI-1.png\" alt=\"\" width=\"89\" height=\"15\" \/><\/a><\/p>\n<pre><a href=\"https:\/\/gjeilo.no\/wp-content\/uploads\/2023\/01\/2023-01-30-16-32.pdf\" target=\"_blank\" rel=\"noopener\">Slekta Kari Gunnarsdotter Kvist utarbeidd m. a. av Kaare K.<\/a><\/pre>\n<pre><a href=\"https:\/\/gjeilo.no\/?page_id=2960\" target=\"_blank\" rel=\"noopener\">Sj\u00e5 bilde fr\u00e5 Smildenhuset\/L\u00e6rdals\u00f8yri<\/a><\/pre>\n\n\n<figure class=\"wp-block-gallery has-nested-images columns-default is-cropped wp-block-gallery-1 is-layout-flex wp-block-gallery-is-layout-flex\">\n<figure class=\"wp-block-image size-large\"><a href=\"https:\/\/gjeilo.no\/wp-content\/uploads\/2020\/03\/16E247CC-5C0B-4D91-8437-CAD99496BE22-scaled.jpeg\"><img loading=\"lazy\" decoding=\"async\" width=\"768\" height=\"1024\" data-id=\"968\" src=\"https:\/\/gjeilo.no\/wp-content\/uploads\/2020\/03\/16E247CC-5C0B-4D91-8437-CAD99496BE22-768x1024.jpeg\" alt=\"\" class=\"wp-image-968\" srcset=\"https:\/\/gjeilo.no\/wp-content\/uploads\/2020\/03\/16E247CC-5C0B-4D91-8437-CAD99496BE22-768x1024.jpeg 768w, https:\/\/gjeilo.no\/wp-content\/uploads\/2020\/03\/16E247CC-5C0B-4D91-8437-CAD99496BE22-225x300.jpeg 225w, https:\/\/gjeilo.no\/wp-content\/uploads\/2020\/03\/16E247CC-5C0B-4D91-8437-CAD99496BE22-1152x1536.jpeg 1152w, https:\/\/gjeilo.no\/wp-content\/uploads\/2020\/03\/16E247CC-5C0B-4D91-8437-CAD99496BE22-1536x2048.jpeg 1536w, https:\/\/gjeilo.no\/wp-content\/uploads\/2020\/03\/16E247CC-5C0B-4D91-8437-CAD99496BE22-scaled.jpeg 1920w\" sizes=\"auto, (max-width: 768px) 100vw, 768px\" \/><\/a><figcaption class=\"wp-element-caption\">Kari Gunnarsdotter Kvist.<\/figcaption><\/figure>\n\n\n\n<figure class=\"wp-block-image size-large\"><a href=\"https:\/\/gjeilo.no\/wp-content\/uploads\/2015\/09\/365.jpg\"><img loading=\"lazy\" decoding=\"async\" width=\"268\" height=\"340\" data-id=\"308\" src=\"https:\/\/gjeilo.no\/wp-content\/uploads\/2015\/09\/365.jpg\" alt=\"\" class=\"wp-image-308\" srcset=\"https:\/\/gjeilo.no\/wp-content\/uploads\/2015\/09\/365.jpg 268w, https:\/\/gjeilo.no\/wp-content\/uploads\/2015\/09\/365-236x300.jpg 236w\" sizes=\"auto, (max-width: 268px) 100vw, 268px\" \/><\/a><figcaption class=\"wp-element-caption\">Kristoffer Tomass. \u00d8ren \u00d8yri, f.  1852 \u2013 d. 1919 og Kari Gunnarsdotter Kvist, f. 1858 \u2013 d. 1938\n<\/figcaption><\/figure>\n\n\n\n<figure class=\"wp-block-image size-large\"><a href=\"https:\/\/gjeilo.no\/wp-content\/uploads\/2015\/09\/1015.jpg\"><img loading=\"lazy\" decoding=\"async\" width=\"274\" height=\"400\" data-id=\"301\" src=\"https:\/\/gjeilo.no\/wp-content\/uploads\/2015\/09\/1015.jpg\" alt=\"\" class=\"wp-image-301\" srcset=\"https:\/\/gjeilo.no\/wp-content\/uploads\/2015\/09\/1015.jpg 274w, https:\/\/gjeilo.no\/wp-content\/uploads\/2015\/09\/1015-206x300.jpg 206w\" sizes=\"auto, (max-width: 274px) 100vw, 274px\" \/><\/a><figcaption class=\"wp-element-caption\">Kari Gunnarsdotter Kvist. Kvistnamnet kjem fr\u00e5 Valdres. Tok Gjerdenamnet fr\u00e5 ein gard i L\u00e6rdal.<\/figcaption><\/figure>\n\n\n\n<figure class=\"wp-block-image size-large\"><a href=\"https:\/\/gjeilo.no\/wp-content\/uploads\/2020\/03\/CFC88C9E-07D2-47DB-AE1A-65F7E1202D16-scaled.jpeg\"><img loading=\"lazy\" decoding=\"async\" width=\"695\" height=\"1024\" data-id=\"969\" src=\"https:\/\/gjeilo.no\/wp-content\/uploads\/2020\/03\/CFC88C9E-07D2-47DB-AE1A-65F7E1202D16-695x1024.jpeg\" alt=\"\" class=\"wp-image-969\" srcset=\"https:\/\/gjeilo.no\/wp-content\/uploads\/2020\/03\/CFC88C9E-07D2-47DB-AE1A-65F7E1202D16-695x1024.jpeg 695w, https:\/\/gjeilo.no\/wp-content\/uploads\/2020\/03\/CFC88C9E-07D2-47DB-AE1A-65F7E1202D16-204x300.jpeg 204w, https:\/\/gjeilo.no\/wp-content\/uploads\/2020\/03\/CFC88C9E-07D2-47DB-AE1A-65F7E1202D16-768x1131.jpeg 768w, https:\/\/gjeilo.no\/wp-content\/uploads\/2020\/03\/CFC88C9E-07D2-47DB-AE1A-65F7E1202D16-1043x1536.jpeg 1043w, https:\/\/gjeilo.no\/wp-content\/uploads\/2020\/03\/CFC88C9E-07D2-47DB-AE1A-65F7E1202D16-1390x2048.jpeg 1390w, https:\/\/gjeilo.no\/wp-content\/uploads\/2020\/03\/CFC88C9E-07D2-47DB-AE1A-65F7E1202D16-scaled.jpeg 1738w\" sizes=\"auto, (max-width: 695px) 100vw, 695px\" \/><\/a><figcaption class=\"wp-element-caption\">Kari, mor til Anna saman med Gjertrud, syster til Anna. Ei fyrste Gjertrud d\u00f8de ung av difteri. To andre barn til Kari d\u00f8de av forgifta vatn.<\/figcaption><\/figure>\n\n\n\n<figure class=\"wp-block-image size-large\"><a href=\"https:\/\/gjeilo.no\/wp-content\/uploads\/2020\/03\/DSCN3449.jpg\"><img loading=\"lazy\" decoding=\"async\" width=\"1024\" height=\"768\" data-id=\"1249\" src=\"https:\/\/gjeilo.no\/wp-content\/uploads\/2020\/03\/DSCN3449-1024x768.jpg\" alt=\"\" class=\"wp-image-1249\" srcset=\"https:\/\/gjeilo.no\/wp-content\/uploads\/2020\/03\/DSCN3449-1024x768.jpg 1024w, https:\/\/gjeilo.no\/wp-content\/uploads\/2020\/03\/DSCN3449-300x225.jpg 300w, https:\/\/gjeilo.no\/wp-content\/uploads\/2020\/03\/DSCN3449-768x576.jpg 768w, https:\/\/gjeilo.no\/wp-content\/uploads\/2020\/03\/DSCN3449-1536x1152.jpg 1536w, https:\/\/gjeilo.no\/wp-content\/uploads\/2020\/03\/DSCN3449.jpg 2048w\" sizes=\"auto, (max-width: 1024px) 100vw, 1024px\" \/><\/a><figcaption class=\"wp-element-caption\">Smilden p\u00e5 L\u00e6rdals\u00f8yra der Anna voks opp. P\u00e5 trappa antakeleg Kari Gjerde, mor til Anna.<\/figcaption><\/figure>\n\n\n\n<figure class=\"wp-block-image size-large\"><a href=\"https:\/\/gjeilo.no\/wp-content\/uploads\/2022\/07\/3D5BCA25-E8CE-4CB9-9742-F7DBF76CD30B.jpeg\"><img loading=\"lazy\" decoding=\"async\" width=\"960\" height=\"731\" data-id=\"2141\" src=\"https:\/\/gjeilo.no\/wp-content\/uploads\/2022\/07\/3D5BCA25-E8CE-4CB9-9742-F7DBF76CD30B.jpeg\" alt=\"Kari Gundersdotter Kvist qvist\" class=\"wp-image-2141\" srcset=\"https:\/\/gjeilo.no\/wp-content\/uploads\/2022\/07\/3D5BCA25-E8CE-4CB9-9742-F7DBF76CD30B.jpeg 960w, https:\/\/gjeilo.no\/wp-content\/uploads\/2022\/07\/3D5BCA25-E8CE-4CB9-9742-F7DBF76CD30B-300x228.jpeg 300w, https:\/\/gjeilo.no\/wp-content\/uploads\/2022\/07\/3D5BCA25-E8CE-4CB9-9742-F7DBF76CD30B-768x585.jpeg 768w\" sizes=\"auto, (max-width: 960px) 100vw, 960px\" \/><\/a><figcaption class=\"wp-element-caption\">Fr\u00e5 Smildenhuset p\u00e5 L\u00e6rdals\u00f8yri. Dama i d\u00f8ra er nok Kari Gundersdotter Kvist (Qvist). Bak p\u00e5 trappa sit Gustav Smilden saman med kona og s\u00f8ster til Anna, Ragnhild. Kari gjekk bort i 1938 s\u00e5 dette m\u00e5 vere litt tidlegare p\u00e5 30-talet. Fremst til venstre ei anna syster til Anna.<\/figcaption><\/figure>\n\n\n\n<figure class=\"wp-block-image size-large\"><a href=\"https:\/\/gjeilo.no\/wp-content\/uploads\/2020\/03\/DSCN3412.jpg\"><img loading=\"lazy\" decoding=\"async\" width=\"1024\" height=\"768\" data-id=\"1261\" src=\"https:\/\/gjeilo.no\/wp-content\/uploads\/2020\/03\/DSCN3412-1024x768.jpg\" alt=\"\" class=\"wp-image-1261\" srcset=\"https:\/\/gjeilo.no\/wp-content\/uploads\/2020\/03\/DSCN3412-1024x768.jpg 1024w, https:\/\/gjeilo.no\/wp-content\/uploads\/2020\/03\/DSCN3412-300x225.jpg 300w, https:\/\/gjeilo.no\/wp-content\/uploads\/2020\/03\/DSCN3412-768x576.jpg 768w, https:\/\/gjeilo.no\/wp-content\/uploads\/2020\/03\/DSCN3412-1536x1152.jpg 1536w, https:\/\/gjeilo.no\/wp-content\/uploads\/2020\/03\/DSCN3412.jpg 2048w\" sizes=\"auto, (max-width: 1024px) 100vw, 1024px\" \/><\/a><figcaption class=\"wp-element-caption\">Smildenhuset i L\u00e6rdal der Anna kom fr\u00e5. Ragnhild, yngste syster til Anna, med mann Gustad Smilden. Borna er fr\u00e5 venstre Kari, Randi og Gunnar.<\/figcaption><\/figure>\n<\/figure>\n\n\n\n<p><strong>Etterslekt, Kari Gunnardotter Kvist og<\/strong><br><strong>Kristoffer Tomasson Gjerde \u00d8yri:<\/strong><\/p>\n\n\n\n<p>1. Gjertrud f. 23.juli 1876-d. 1884<br>2. Thomas f. 26.sep. 1879-d. 1884,<br>3. Gunnar f. 11.nov. 1881-d. 1884<br>4. Kristian f. 6.nov. 1883-d.<br>5. Gjertrud f. 7.sep 1885- d. 1969, g.m. Nils B\u00f8 fr\u00e5 B\u00f8v\u00e5gen, f. 1879-d. 1959<br>5.1. Gudrun Nilsd B\u00f8 f&nbsp; 2. jan. 1910, ugift<br>5.2. Kristian Nilss. B\u00f8, f 1912<br>5.3. Arne Nilss. B\u00f8, f 27. sep. 1913, g med Jarly Brevik<br>5.3.1. Siri Arned. B\u00f8, f 16.apr.1943, g med Tom Cliatt USA, f 1927<br>5.3.2. Gunnar Arnes. B\u00f8 f 11. aug.1 944, g med Else Sekkeseter, f 3. feb. 1946<br>5.3.3. Tore Arnes. B\u00f8, f 5. sep 1948, g med Anne Britt Olsvoll, f 21. nov. 1953<br>5.3.4. Wenche Arned. B\u00f8, f 20. feb 1950, g med Oddmund Lunde, f 2. jan. 1944<br>5.3.5. Sture Arnes. B\u00f8, f 31. aug 1951, g med Berit Fosse, f 27. apr 1953<br>5.3.6. Gertie Arned. B\u00f8 f 22. mars 1954, g med Yngve Bersvensen, f 1.jan 1953<br>5.4. Nils Nilss. B\u00f8, f 1916-d 1940<br>5.5. Einar Nilss. B\u00f8, f 1918-d 1968, g med ? Martiniussen<br>5.5.1. Gretha Einard. B\u00f8, f 1948, g med St\u00e5le Einan<br>5.5.1.2. Tone B\u00f8 Einan, f 1971<br>5.5.2. Eva Charlotte Einard. B\u00f8,f 1950, g med Bo Hansen<br>5.5.2.1. Kasper B\u00f8 Hansen, f 1976<br>5.5.2.2. Jul B\u00f8 Hansen, f 1982<br>5.6. Ruth Nilsd. B\u00f8, f 14. mai 1922, g med Gunnar Badd, Sverige<br>5.7. Kristian Nilss. B\u00f8, f 1926, g 1)Kitti, g 2) Kari G\u00e5rder, Halden<br>6. Nils, f. 7. mars 1887<br>7. <a href=\"http:\/\/home.online.no\/%7Eogjeilo\/familie\/karigunnardotterkvist.htm#Borghild\">Borghild<\/a>, f. 26. sep 1888, g.m. Johannes Nordb\u00f8 fr\u00e5 S\u00f8rb\u00f8v\u00e5g<br>7.1. Kristoffer Johanness. Nordb\u00f8, f 14. mai 1914,  g med Kjellaug<br>7.1.1.1. Roar Nordb\u00f8<br>7.1.1.2. Frank&nbsp; Nordb\u00f8<br>7.1.2. Else Kristofferd. Nordb\u00f8, f 1947, g med Nils Hodneland<br>7.1.2.1. Tone Hodneland<br>7.1.2.2. Unni&nbsp; Hodneland<br>7.1.3. Alek Nordb\u00f8,f 1952, g med Wenche Silden f 1955<br>7.1.3. 1 Kristoffer Nordb\u00f8, f 1991<br>7.2. Ella Johannesd. Nordb\u00f8, f 3. mai 1912, g med Ola Tonning, f 15.aug 1908<br>7.2.1. Jan Helge Ols. Tonning, f 1940, g med Magny Brendehaug, f 1940<br>7.2.1.1. Gunn Tonning<br>7.2.1.2. Torunn Tonning,f 1968<br>7.2.1.3. Karin Tonning, f 1973<br>7.2.2. Sigbj\u00f8rn Ols. Tonning, f 1944, g med Helga Tj\u00f8n\u00e5s,f 1944<br>7.2.2.1. Jorunn Tonning, f 1971<br>7.2.2.2. Elin Tonning<br>7.2.2.2.1. Tor Magnus Tonning, f 1986<br>7.2.2.3. Lena Tonning, f 1975<br>7.2.3. Bj\u00f8rg Olsd.Tonning,  f 1945,  g med Magne Garnes<br>7.2.3.1.Elin Garnes,f 1964<br>7.2.3.2. Kjell \u00d8ystein Garnes, f 1966<br>7.2.3.2.1. Johannes Garnes, f 1986<br>7.2.3.3. Randi Garnes, f 1968<br>7.3. Magnus Johanness. Nordb\u00f8, f 10. feb 1916, g med Margit Huke<br>7.3.1. Reidar Nordb\u00f8, f 1947, g med Solveig Helland<br>7.3.1.1. Elin Nordb\u00f8<br>7.3.1.2. Geir Nordb\u00f8<br>7.3.2. Edith Nordb\u00f8, f 1949, g med Jostein Leikvoll<br>7.3.2.1. Trond Leikvoll<br>7.3.2.2. Frode Leikvoll<br>7.3.3. Britt Nordb\u00f8, f 1956, g med Helge Aven<br>7.3.3.1. Sindre Aven<br>7.3.3.2. Lene Aven<br>7.4. Sigvald Johanness., Nordb\u00f8, f 16.  des 1918<br>7.5. Dagny Johannesd. Nordb\u00f8, f 1. g med Rolf Hatlem<br>7.5.1.2.1. Jan Erik Hatlem<br>7.5.1.3. Svein Otto Halland<br>7.5.1.4. Ann Kristin Halland<br>7.5.2. Odny R\u00f8nneseth, f 1948, g med Johan Garnes<br>7.5.2.1 Anne Berit Garnes<br>7.5.2.2. Vigdis Garnes<br>7.5.2.3. Jan Ove Garnes<br>7.5.3. Gunnar R\u00f8nneseth, f 1956, g med Lise Randi Berge<br>7.5.3.1. Karine R\u00f8nneseth<br>7.5.3.2. Roger R\u00f8nneseth<br>7.6. Bjarne Johanness, Nordb\u00f8, f 20.sep 1927, g med Jorunn Lens<br>7.6.1. Aud Nordb\u00f8, f 1954, g med Terje Berge<br>7.6.1.1. Gro Berge, f 1974<br>7.6.1.2. Bj\u00f8rn Berge, f 1978<br>7.6.2. Kari Nordb\u00f8, f 1957, g med Audun Systad<br>7.6.2.1. Silje Systad, f 1979<br>7.6.2.2. Jarle Systad, f 1983<br>7.6.2.3. B\u00f8rge Systad, f 1987<br>7.7. Ruth Johannesd. Nordb\u00f8, f 17. sep 1931, ugift<br>8. Kristine, f. 3.nov 1890, ugift<br>9. Thomas, f. 23.okt 1893, g.1m. Guri Jensen<br>9.1.Kristian Jon Thomass. Gjerdet, f 30.des 1918, g med Borgny \u00d8rbech, f 1920<br>9.1.1.Tor Magne Gjerdet, f 1960<br>9.1.2. Anne Guri Gjerdet, f 1961<br>9.2. Inger Thomasd.Gjerdet, f  5.mars 1920, g med Bernhard Mo f 1901<br>9.2.1. Ragnhild Mo, f 1941, g med Cato Ruud<br>9.2.1.1. Vidar Ruud, f 1962, g med Mona Kristin Nyhus<br>9.2.1.1.1. Kenneth Ruud, f 1985<br>9.2.1.1.2. Anette Ruud, f 1986<br>9.2.2. Bente Mo, f 1963, g med Stein Askjellsrud<br>9.2.2.1. Ida Askjellsrud, f 1984<br>9.3. Olaug Thomasd. Gjerdet, f 19.nov 1923, g med Leif Toft<br>9.3.1. Guri Toft, f 1945, g med ? Svanevik<br>9.3.1.1. Hege Svanevik, f 1971<br>9.3.1.2. Monica Svanevik, f 1972<br>9.3.1.3. Jannice Svanevik, f 1974<br>9.3.2. Tore Toft, f 1949, g med Randi Pedersen<br>9.3.2.1. Eirik Pedersen Toft, f 1973<br>9.3.2.2. Cecilia Pedersen Toft, f 1974<br>9.4. Gunvor Thomasd. Gjerdet, f 21.juli 1925, g med K\u00e5re Klingenberg<br>9.4.1. Per Tomas Klingenberg, f 1955, g med Jorunn Molland<br>9.4.1.1. Turid Klingenberg, f 1976<br>9.4.1.2. Kjersti Klingenberg, f 1978<br>9.4.1.3. Mari Klingenberg, f 1983<br>9.4.2. Knut Arne Klingenberg, f 1957, g med Anne Britt Fj\u00e6restad<br>9.4.2.1. K\u00e5re Klingenberg, f 1982<br>9.4.2.2. Henriette Klingenberg, f 1985<br>9.4.3. Kari Klingenberg, f 1958, g med Ivar Rosvoll<br>9.4.3.1. Silje Rosvoll, f 1979<br>9.4.3.2. Lars Rosvoll, f 1981<br>9.4.3.3. Tomas Rosvoll, f 1982<br>9.4.4. Gunnar Klingenberg, f 1965<br>9.5. Magnhild Thomasd. Gjerdet, f 1927, g med Knut Lassesen Bl\u00e5flat, f 1928 &nbsp;&nbsp;&nbsp; g.2m. Kristine Lj\u00f8sne, f. 23.des 1894<br>9.6. Anne Sofie Thomasd. Gjerdet, f 5. jan 1937, g med Ivar Eide, f 1930<br>9.7. Kirsten Thomasd. Gjerdet, f  3.des 1939, g med Endre Skjerven, f 1937<br>10. Kari , g&nbsp; med Sundin. Ingen barn. Kari vart blind.<br>11. Nils, f&nbsp; 30. april 1896 ugift<br>12. Kristoffer, f. 2.mai 1889<br>13. <a href=\"https:\/\/gjeilo.no\/?page_id=91\">Anna<\/a>, f. 26. sep 1899 d okt 1987  g.m. <a href=\"https:\/\/gjeilo.no\/?page_id=100\">Ola Anderss. Kroken<\/a>, f 1890<br>13.1. Arne Ols.Kroken, f 1920, g med Borgny Ultrimark<br>13.1.1. Frede Henrik Kroken, f 1945<br>13.2. Kaare Ols. Kroken, f 1924, g med Jofrid Olsd. Slettom, f 1929<br>13.2.1. Odd Arne Kroken, f 1960<br>13.2.2. Aud Kroken, f 1961<br>13.2.2.1. Rolv Gjeilo,f 1987<br>13.2.2.2. Synne Gjeilo,f 1988<br>13.2.2.3. Vetle Gjeilo,f 1991<br>13.2.2.4. Haakon Gjeilo,f 1994<br>13.2.3. Vigdis Kroken,f 1964<br>13.2.4. Jon Kroken, f 1966 <br>13.2.5. Kjell Kroken, f 1966 <br>13.2.5.1. Kristoffer Kroken,f 1997<br>13.3. Magne Ols. Kroken,g med Jenny Kr\u00e5b\u00f8l<br>13.3.1.  Ola&nbsp; Kroken<br>13.3.1.1. Marthe Thori Kroken<br>13.3.1.2. Sigrid Thori Kroken<br>13.3.2. Bodil&nbsp; Kroken<br>13.3.2.1. Stian Kroken<br>13.3.3. Mette Kroken  <br>13.3.3.1. Joachim St\u00f8land,f 1981<br>13.3.3.2. Maiken St\u00f8land,f 1986<br>13.4. Gunnar Ols. Kroken,g ,med Olga<br>13.4.1. Mari Anne Kroken<br>13.4.1.1. Marius Kroken,f 1995<br>13.5. \u00c5mund Ols. Kroken,g med Randi Byre<br>13.5.1.Anne Grethe Kroken, f 1961<br>13.5.1.1. Christine<br>13.5.1.2. Cecilie<br>13.5.2. Wenche Kroken, f 1964<br>13.5.2.1. Randi Marit Haugom<br>13.5.2.2. Odd \u00c5mund Haugom<br>13.6. Ivar Ols. Kroken, g med Irene Kristoffersen<br>13.6.1. Geir Owe Kroken, f 1966<br>13.6.1.1. Kim Andre<br>13.6.1.2. Ole Jacob<br>13.6.1.3.<br>13.6.2. Kjetil Kroken <br>13.6.2.1. Mads Kroken<br>13.6.3. Heidi Kroken<br>13.6.4. Jon Ivar Kroken<br>13.6.5. Ola Tarjei Kroken<br>14. Olaf, f. 7. mars 1901, g.m. Ingeborg Trapp, ingen barn<br>15. Ragnhild, f. 8. juni 1904, g.m. Gustav Smilden, f. 31. jan 1904<br>15.1. Kari Gustavsd. Smilden, f 5. feb 1935, g med Olav Jacob Dreyer<br>15.1.1. Cathrine Dreyer, f 1960, g med Paul Hermansen, f 1957<br>15.1.1.1. Thomas Hermansen, f 1982<br>15.1.1.2. Joachim Hermansen, f 1986<br>15.2. Randi Gustavsd. Smilden, f 25.mars 1936<br>15.3. Gunnar Gustavs. Smilden, f 27. juli 1939, g med Pirrko, Finland<br>15.3.1. Lasse Smilden, f 1968<br>15.3.2. Gunnar Smilden, f 1972<\/p>\n\n\n\n<p>Syskjen:<br>1. Lars Kvist (budde i Lofoten)<br>2. Ragnhild g.m. Myting i Bergen<br>3. Ola Kvist (budde i Bergen)<br>4. Nils Kvist (budde i Bergen)<\/p>\n\n\n\n<p>Halvsyskjen (far Anders Monsen Halsahalsen), f. 1840:<br>1. Martin,<br>2. Hans<br>3. Lars.<\/p>\n","protected":false},"excerpt":{"rendered":"<p>Gift med Kristoffer Tomass. \u00d8ren1848 &#8211; 1938Mor: Barbra Larsdotter Drevdal fr\u00e5 Luster f. 1829Far: Gunder Nilson Kvist f. 1820 Kari gifta seg med Kristoffer Tomass.\u00a0 fr\u00e5 \u00d8vre \u00c5rdal. Deibusette seg i Gjerdet p\u00e5 L\u00e6rdals\u00f8yri og tok namnet Gjerdet.Dei fekk heile 15 barn for fr\u00e5 1876 til 1904 &#8211; 28 \u00e5r. Gjertrud kom til da Kari &hellip; <a href=\"https:\/\/gjeilo.no\/?page_id=299\" class=\"more-link\">Fortsett \u00e5 lese <span class=\"screen-reader-text\">Kari Gunnarsdotter Kvist<\/span><\/a><\/p>\n","protected":false},"author":2,"featured_media":0,"parent":0,"menu_order":0,"comment_status":"closed","ping_status":"open","template":"","meta":{"footnotes":""},"class_list":["post-299","page","type-page","status-publish","hentry"],"yoast_head":"<!-- This site is optimized with the Yoast SEO plugin v26.0 - https:\/\/yoast.com\/wordpress\/plugins\/seo\/ -->\n<title>Kari Gunnarsdotter Kvist - Slektskap<\/title>\n<meta name=\"robots\" content=\"index, follow, max-snippet:-1, max-image-preview:large, max-video-preview:-1\" \/>\n<link rel=\"canonical\" href=\"https:\/\/gjeilo.no\/?page_id=299\" \/>\n<meta property=\"og:locale\" content=\"nb_NO\" \/>\n<meta property=\"og:type\" content=\"article\" \/>\n<meta property=\"og:title\" content=\"Kari Gunnarsdotter Kvist - Slektskap\" \/>\n<meta property=\"og:description\" content=\"Gift med Kristoffer Tomass. \u00d8ren1848 &#8211; 1938Mor: Barbra Larsdotter Drevdal fr\u00e5 Luster f. 1829Far: Gunder Nilson Kvist f. 1820 Kari gifta seg med Kristoffer Tomass.\u00a0 fr\u00e5 \u00d8vre \u00c5rdal. Deibusette seg i Gjerdet p\u00e5 L\u00e6rdals\u00f8yri og tok namnet Gjerdet.Dei fekk heile 15 barn for fr\u00e5 1876 til 1904 &#8211; 28 \u00e5r. Gjertrud kom til da Kari &hellip; Fortsett \u00e5 lese Kari Gunnarsdotter Kvist\" \/>\n<meta property=\"og:url\" content=\"https:\/\/gjeilo.no\/?page_id=299\" \/>\n<meta property=\"og:site_name\" content=\"Slektskap\" \/>\n<meta property=\"article:modified_time\" content=\"2024-11-09T19:43:31+00:00\" \/>\n<meta property=\"og:image\" content=\"https:\/\/gjeilo.no\/wp-content\/uploads\/2020\/03\/16E247CC-5C0B-4D91-8437-CAD99496BE22-scaled.jpeg\" \/>\n\t<meta property=\"og:image:width\" content=\"1920\" \/>\n\t<meta property=\"og:image:height\" content=\"2560\" \/>\n\t<meta property=\"og:image:type\" content=\"image\/jpeg\" \/>\n<meta name=\"twitter:card\" content=\"summary_large_image\" \/>\n<meta name=\"twitter:label1\" content=\"Ansl. lesetid\" \/>\n\t<meta name=\"twitter:data1\" content=\"10 minutter\" \/>\n<script type=\"application\/ld+json\" class=\"yoast-schema-graph\">{\"@context\":\"https:\/\/schema.org\",\"@graph\":[{\"@type\":\"WebPage\",\"@id\":\"https:\/\/gjeilo.no\/?page_id=299\",\"url\":\"https:\/\/gjeilo.no\/?page_id=299\",\"name\":\"Kari Gunnarsdotter Kvist - Slektskap\",\"isPartOf\":{\"@id\":\"https:\/\/gjeilo.no\/#website\"},\"primaryImageOfPage\":{\"@id\":\"https:\/\/gjeilo.no\/?page_id=299#primaryimage\"},\"image\":{\"@id\":\"https:\/\/gjeilo.no\/?page_id=299#primaryimage\"},\"thumbnailUrl\":\"https:\/\/gjeilo.no\/wp-content\/uploads\/2020\/03\/16E247CC-5C0B-4D91-8437-CAD99496BE22-768x1024.jpeg\",\"datePublished\":\"2015-09-01T10:50:57+00:00\",\"dateModified\":\"2024-11-09T19:43:31+00:00\",\"breadcrumb\":{\"@id\":\"https:\/\/gjeilo.no\/?page_id=299#breadcrumb\"},\"inLanguage\":\"nb-NO\",\"potentialAction\":[{\"@type\":\"ReadAction\",\"target\":[\"https:\/\/gjeilo.no\/?page_id=299\"]}]},{\"@type\":\"ImageObject\",\"inLanguage\":\"nb-NO\",\"@id\":\"https:\/\/gjeilo.no\/?page_id=299#primaryimage\",\"url\":\"https:\/\/gjeilo.no\/wp-content\/uploads\/2020\/03\/16E247CC-5C0B-4D91-8437-CAD99496BE22-scaled.jpeg\",\"contentUrl\":\"https:\/\/gjeilo.no\/wp-content\/uploads\/2020\/03\/16E247CC-5C0B-4D91-8437-CAD99496BE22-scaled.jpeg\",\"width\":1920,\"height\":2560,\"caption\":\"Kari Gunnarsdotter Kvist.\"},{\"@type\":\"BreadcrumbList\",\"@id\":\"https:\/\/gjeilo.no\/?page_id=299#breadcrumb\",\"itemListElement\":[{\"@type\":\"ListItem\",\"position\":1,\"name\":\"Hjem\",\"item\":\"https:\/\/gjeilo.no\/\"},{\"@type\":\"ListItem\",\"position\":2,\"name\":\"Kari Gunnarsdotter Kvist\"}]},{\"@type\":\"WebSite\",\"@id\":\"https:\/\/gjeilo.no\/#website\",\"url\":\"https:\/\/gjeilo.no\/\",\"name\":\"Slektskap\",\"description\":\"\",\"potentialAction\":[{\"@type\":\"SearchAction\",\"target\":{\"@type\":\"EntryPoint\",\"urlTemplate\":\"https:\/\/gjeilo.no\/?s={search_term_string}\"},\"query-input\":{\"@type\":\"PropertyValueSpecification\",\"valueRequired\":true,\"valueName\":\"search_term_string\"}}],\"inLanguage\":\"nb-NO\"}]}<\/script>\n<!-- \/ Yoast SEO plugin. -->","yoast_head_json":{"title":"Kari Gunnarsdotter Kvist - Slektskap","robots":{"index":"index","follow":"follow","max-snippet":"max-snippet:-1","max-image-preview":"max-image-preview:large","max-video-preview":"max-video-preview:-1"},"canonical":"https:\/\/gjeilo.no\/?page_id=299","og_locale":"nb_NO","og_type":"article","og_title":"Kari Gunnarsdotter Kvist - Slektskap","og_description":"Gift med Kristoffer Tomass. \u00d8ren1848 &#8211; 1938Mor: Barbra Larsdotter Drevdal fr\u00e5 Luster f. 1829Far: Gunder Nilson Kvist f. 1820 Kari gifta seg med Kristoffer Tomass.\u00a0 fr\u00e5 \u00d8vre \u00c5rdal. Deibusette seg i Gjerdet p\u00e5 L\u00e6rdals\u00f8yri og tok namnet Gjerdet.Dei fekk heile 15 barn for fr\u00e5 1876 til 1904 &#8211; 28 \u00e5r. Gjertrud kom til da Kari &hellip; Fortsett \u00e5 lese Kari Gunnarsdotter Kvist","og_url":"https:\/\/gjeilo.no\/?page_id=299","og_site_name":"Slektskap","article_modified_time":"2024-11-09T19:43:31+00:00","og_image":[{"width":1920,"height":2560,"url":"https:\/\/gjeilo.no\/wp-content\/uploads\/2020\/03\/16E247CC-5C0B-4D91-8437-CAD99496BE22-scaled.jpeg","type":"image\/jpeg"}],"twitter_card":"summary_large_image","twitter_misc":{"Ansl. lesetid":"10 minutter"},"schema":{"@context":"https:\/\/schema.org","@graph":[{"@type":"WebPage","@id":"https:\/\/gjeilo.no\/?page_id=299","url":"https:\/\/gjeilo.no\/?page_id=299","name":"Kari Gunnarsdotter Kvist - Slektskap","isPartOf":{"@id":"https:\/\/gjeilo.no\/#website"},"primaryImageOfPage":{"@id":"https:\/\/gjeilo.no\/?page_id=299#primaryimage"},"image":{"@id":"https:\/\/gjeilo.no\/?page_id=299#primaryimage"},"thumbnailUrl":"https:\/\/gjeilo.no\/wp-content\/uploads\/2020\/03\/16E247CC-5C0B-4D91-8437-CAD99496BE22-768x1024.jpeg","datePublished":"2015-09-01T10:50:57+00:00","dateModified":"2024-11-09T19:43:31+00:00","breadcrumb":{"@id":"https:\/\/gjeilo.no\/?page_id=299#breadcrumb"},"inLanguage":"nb-NO","potentialAction":[{"@type":"ReadAction","target":["https:\/\/gjeilo.no\/?page_id=299"]}]},{"@type":"ImageObject","inLanguage":"nb-NO","@id":"https:\/\/gjeilo.no\/?page_id=299#primaryimage","url":"https:\/\/gjeilo.no\/wp-content\/uploads\/2020\/03\/16E247CC-5C0B-4D91-8437-CAD99496BE22-scaled.jpeg","contentUrl":"https:\/\/gjeilo.no\/wp-content\/uploads\/2020\/03\/16E247CC-5C0B-4D91-8437-CAD99496BE22-scaled.jpeg","width":1920,"height":2560,"caption":"Kari Gunnarsdotter Kvist."},{"@type":"BreadcrumbList","@id":"https:\/\/gjeilo.no\/?page_id=299#breadcrumb","itemListElement":[{"@type":"ListItem","position":1,"name":"Hjem","item":"https:\/\/gjeilo.no\/"},{"@type":"ListItem","position":2,"name":"Kari Gunnarsdotter Kvist"}]},{"@type":"WebSite","@id":"https:\/\/gjeilo.no\/#website","url":"https:\/\/gjeilo.no\/","name":"Slektskap","description":"","potentialAction":[{"@type":"SearchAction","target":{"@type":"EntryPoint","urlTemplate":"https:\/\/gjeilo.no\/?s={search_term_string}"},"query-input":{"@type":"PropertyValueSpecification","valueRequired":true,"valueName":"search_term_string"}}],"inLanguage":"nb-NO"}]}},"_links":{"self":[{"href":"https:\/\/gjeilo.no\/index.php?rest_route=\/wp\/v2\/pages\/299","targetHints":{"allow":["GET"]}}],"collection":[{"href":"https:\/\/gjeilo.no\/index.php?rest_route=\/wp\/v2\/pages"}],"about":[{"href":"https:\/\/gjeilo.no\/index.php?rest_route=\/wp\/v2\/types\/page"}],"author":[{"embeddable":true,"href":"https:\/\/gjeilo.no\/index.php?rest_route=\/wp\/v2\/users\/2"}],"replies":[{"embeddable":true,"href":"https:\/\/gjeilo.no\/index.php?rest_route=%2Fwp%2Fv2%2Fcomments&post=299"}],"version-history":[{"count":37,"href":"https:\/\/gjeilo.no\/index.php?rest_route=\/wp\/v2\/pages\/299\/revisions"}],"predecessor-version":[{"id":6180,"href":"https:\/\/gjeilo.no\/index.php?rest_route=\/wp\/v2\/pages\/299\/revisions\/6180"}],"wp:attachment":[{"href":"https:\/\/gjeilo.no\/index.php?rest_route=%2Fwp%2Fv2%2Fmedia&parent=299"}],"curies":[{"name":"wp","href":"https:\/\/api.w.org\/{rel}","templated":true}]}}