{"id":262,"date":"2015-09-01T10:28:48","date_gmt":"2015-09-01T10:28:48","guid":{"rendered":"https:\/\/gjeilo.no\/?page_id=262"},"modified":"2024-11-09T20:06:52","modified_gmt":"2024-11-09T20:06:52","slug":"marit-persdatter-krogstad","status":"publish","type":"page","link":"https:\/\/gjeilo.no\/?page_id=262","title":{"rendered":"Marit Persdatter Krogstad"},"content":{"rendered":"\n<p>Marit Persdotter Storkj\u00f8rren (Krogstad, Kummen, Skj\u00e5keie)<\/p>\n\n\n<p>F\u00f8dd f 17. des. 1826\u00a0 D\u00f8d: 1916<br \/>Gift med<a href=\"https:\/\/gjeilo.no\/?page_id=264\"> Ola Storkj\u00f8rren<\/a> (f. 18\/12 1821) den 22\/1 1852<br \/>Mor: Anne Jonsdatter Tr\u00e5stad Krogstad (1793-1882)<br \/>Far: Per Frantsen Ramstad Krogstad (f. 1789)<\/p>\n<p>Born:<br \/><strong>Ola<\/strong> Bruheim (f. 22\/1 1852) g.m. Marit Eriksdtr. Morken<br \/><strong>Marit<\/strong> (f. 24\/10 1854) g.m. Iver Iversen Lund<br \/>Anne (f. 11\/5 1858) g.m. Rasmus Jakobsen Arnestuen<br \/><a title=\"Frans Olsson Gjeilo (Storkj\u00f8rren)\" href=\"https:\/\/gjeilo.no\/?page_id=253\">Frans<\/a> (f. 20\/6 1861) g.m. <a title=\"Embj\u00f8rg Amundsdotter Dalen (Amundsted)\" href=\"https:\/\/gjeilo.no\/?page_id=249\">Embj\u00f8rg Amundsdatter Dalen<br \/><\/a><br \/><strong><a href=\"https:\/\/www.geni.com\/people\/Marit-Storkj%C3%B8rren\/6000000007937034729?through=6000000009627710390\" target=\"_blank\" rel=\"noopener\"><strong>GENI<\/strong><\/a><\/strong><\/p>\n<p>Syskjen:<\/p>\n\n\n<figure class=\"wp-block-table is-style-stripes\"><table><tbody><tr><td><strong><a href=\"https:\/\/www.myheritage.no\/names\/marit_krogstad\" target=\"_blank\" rel=\"noreferrer noopener\">Marit Persdatter Ramstad Krogstad p\u00e5 Myheritage:<\/a><\/strong><br><a href=\"https:\/\/www.myheritage.no\/names\/marit_krogstad#\">Marit Persdatter Storkj\u00f8rren (f\u00f8dt Krogstad), 1826 &#8211; 1916<\/a><br>Marit Persdatter Storkj\u00f8rren (f\u00f8dt Krogstad) ble f\u00f8dt den dag m\u00e5ned 1826, i f\u00f8dested, til Per Frantsen Krogstad og Anne Jonsdatter Krogstad (f\u00f8dt Tr\u00e5stad).<br>Per ble f\u00f8dt i 1789.<br>Anne ble f\u00f8dt Ca. 15. januar 1793.<br>Marit hadde 5 s\u00f8sken: Synne Persdatter Ytre (f\u00f8dt Krogstad), Frants Persen Dalen og 3 s\u00f8sken i tillegg.<br>Marit giftet seg med Ola Nilsen Storkj\u00f8rren circa 1865, i en alder av 38 i giftem\u00e5l tok sted.<br>Ola ble f\u00f8dt den 28. desember 1821, i of Lom, Opland, Norway.<br>De hadde 6 barn: Marit Olsdatter Lund (f\u00f8dt Storkj\u00f8rren), Frants Olsen Gjeilo (Storkj\u00f8rren) og 4 andre barn.<br>Marit gikk bort av d\u00f8ds\u00e5rsak den dag m\u00e5ned 1916, i en alder av 89 i d\u00f8dssted.<br>Hun ble gravlagt i begravelsessted.<br><br><a href=\"https:\/\/www.myheritage.no\/names\/marit_krogstad#\">Dokumenter av Marit Persdatter Storkj\u00f8rren (f\u00f8dt Krogstad)<\/a> <a href=\"https:\/\/www.myheritage.no\/names\/marit_krogstad#\"><\/a><br><a href=\"https:\/\/www.myheritage.no\/names\/marit_krogstad#\"><strong>Marit Pedersdatter Storkj\u00f6rren<\/strong> i 1891-folketellingen i Norge<\/a> Marit Pedersdatter Storkj\u00f6rren ble f\u00f8dt i 1826, i <a href=\"https:\/\/www.myheritage.no\/names\/marit_krogstad#\">f\u00f8dested<\/a> .<br>Marit giftet seg med Ole Nilsen Storkj\u00f6rren .<br>De hadde 3 barn: Maria Olsdatter Storkj\u00f6rn og <a href=\"https:\/\/www.myheritage.no\/names\/marit_krogstad#\">2 andre barn<\/a> .<br>Marit levde i 1891, i <a href=\"https:\/\/www.myheritage.no\/names\/marit_krogstad#\">adresse<\/a> .<\/td><\/tr><\/tbody><\/table><\/figure>\n\n\n<p><a href=\"https:\/\/gjeilo.no\"><img loading=\"lazy\" decoding=\"async\" class=\"alignnone  wp-image-6142\" src=\"https:\/\/gjeilo.no\/wp-content\/uploads\/2024\/11\/dor-100-DPI-1.png\" alt=\"\" width=\"89\" height=\"15\" \/><\/a><\/p>","protected":false},"excerpt":{"rendered":"<p>Marit Persdotter Storkj\u00f8rren (Krogstad, Kummen, Skj\u00e5keie) F\u00f8dd f 17. des. 1826\u00a0 D\u00f8d: 1916Gift med Ola Storkj\u00f8rren (f. 18\/12 1821) den 22\/1 1852Mor: Anne Jonsdatter Tr\u00e5stad Krogstad (1793-1882)Far: Per Frantsen Ramstad Krogstad (f. 1789) Born:Ola Bruheim (f. 22\/1 1852) g.m. Marit Eriksdtr. MorkenMarit (f. 24\/10 1854) g.m. Iver Iversen LundAnne (f. 11\/5 1858) g.m. Rasmus Jakobsen &hellip; <a href=\"https:\/\/gjeilo.no\/?page_id=262\" class=\"more-link\">Fortsett \u00e5 lese <span class=\"screen-reader-text\">Marit Persdatter Krogstad<\/span><\/a><\/p>\n","protected":false},"author":2,"featured_media":0,"parent":0,"menu_order":0,"comment_status":"closed","ping_status":"open","template":"","meta":{"footnotes":""},"class_list":["post-262","page","type-page","status-publish","hentry"],"yoast_head":"<!-- This site is optimized with the Yoast SEO plugin v26.0 - https:\/\/yoast.com\/wordpress\/plugins\/seo\/ -->\n<title>Marit Persdatter Krogstad - Slektskap<\/title>\n<meta name=\"robots\" content=\"index, follow, max-snippet:-1, max-image-preview:large, max-video-preview:-1\" \/>\n<link rel=\"canonical\" href=\"https:\/\/gjeilo.no\/?page_id=262\" \/>\n<meta property=\"og:locale\" content=\"nb_NO\" \/>\n<meta property=\"og:type\" content=\"article\" \/>\n<meta property=\"og:title\" content=\"Marit Persdatter Krogstad - Slektskap\" \/>\n<meta property=\"og:description\" content=\"Marit Persdotter Storkj\u00f8rren (Krogstad, Kummen, Skj\u00e5keie) F\u00f8dd f 17. des. 1826\u00a0 D\u00f8d: 1916Gift med Ola Storkj\u00f8rren (f. 18\/12 1821) den 22\/1 1852Mor: Anne Jonsdatter Tr\u00e5stad Krogstad (1793-1882)Far: Per Frantsen Ramstad Krogstad (f. 1789) Born:Ola Bruheim (f. 22\/1 1852) g.m. Marit Eriksdtr. MorkenMarit (f. 24\/10 1854) g.m. Iver Iversen LundAnne (f. 11\/5 1858) g.m. Rasmus Jakobsen &hellip; Fortsett \u00e5 lese Marit Persdatter Krogstad\" \/>\n<meta property=\"og:url\" content=\"https:\/\/gjeilo.no\/?page_id=262\" \/>\n<meta property=\"og:site_name\" content=\"Slektskap\" \/>\n<meta property=\"article:modified_time\" content=\"2024-11-09T20:06:52+00:00\" \/>\n<meta property=\"og:image\" content=\"https:\/\/gjeilo.no\/wp-content\/uploads\/2024\/11\/dor-100-DPI-1.png\" \/>\n\t<meta property=\"og:image:width\" content=\"266\" \/>\n\t<meta property=\"og:image:height\" content=\"45\" \/>\n\t<meta property=\"og:image:type\" content=\"image\/png\" \/>\n<meta name=\"twitter:card\" content=\"summary_large_image\" \/>\n<meta name=\"twitter:label1\" content=\"Ansl. lesetid\" \/>\n\t<meta name=\"twitter:data1\" content=\"2 minutter\" \/>\n<script type=\"application\/ld+json\" class=\"yoast-schema-graph\">{\"@context\":\"https:\/\/schema.org\",\"@graph\":[{\"@type\":\"WebPage\",\"@id\":\"https:\/\/gjeilo.no\/?page_id=262\",\"url\":\"https:\/\/gjeilo.no\/?page_id=262\",\"name\":\"Marit Persdatter Krogstad - Slektskap\",\"isPartOf\":{\"@id\":\"https:\/\/gjeilo.no\/#website\"},\"primaryImageOfPage\":{\"@id\":\"https:\/\/gjeilo.no\/?page_id=262#primaryimage\"},\"image\":{\"@id\":\"https:\/\/gjeilo.no\/?page_id=262#primaryimage\"},\"thumbnailUrl\":\"https:\/\/gjeilo.no\/wp-content\/uploads\/2024\/11\/dor-100-DPI-1.png\",\"datePublished\":\"2015-09-01T10:28:48+00:00\",\"dateModified\":\"2024-11-09T20:06:52+00:00\",\"breadcrumb\":{\"@id\":\"https:\/\/gjeilo.no\/?page_id=262#breadcrumb\"},\"inLanguage\":\"nb-NO\",\"potentialAction\":[{\"@type\":\"ReadAction\",\"target\":[\"https:\/\/gjeilo.no\/?page_id=262\"]}]},{\"@type\":\"ImageObject\",\"inLanguage\":\"nb-NO\",\"@id\":\"https:\/\/gjeilo.no\/?page_id=262#primaryimage\",\"url\":\"https:\/\/gjeilo.no\/wp-content\/uploads\/2024\/11\/dor-100-DPI-1.png\",\"contentUrl\":\"https:\/\/gjeilo.no\/wp-content\/uploads\/2024\/11\/dor-100-DPI-1.png\"},{\"@type\":\"BreadcrumbList\",\"@id\":\"https:\/\/gjeilo.no\/?page_id=262#breadcrumb\",\"itemListElement\":[{\"@type\":\"ListItem\",\"position\":1,\"name\":\"Hjem\",\"item\":\"https:\/\/gjeilo.no\/\"},{\"@type\":\"ListItem\",\"position\":2,\"name\":\"Marit Persdatter Krogstad\"}]},{\"@type\":\"WebSite\",\"@id\":\"https:\/\/gjeilo.no\/#website\",\"url\":\"https:\/\/gjeilo.no\/\",\"name\":\"Slektskap\",\"description\":\"\",\"potentialAction\":[{\"@type\":\"SearchAction\",\"target\":{\"@type\":\"EntryPoint\",\"urlTemplate\":\"https:\/\/gjeilo.no\/?s={search_term_string}\"},\"query-input\":{\"@type\":\"PropertyValueSpecification\",\"valueRequired\":true,\"valueName\":\"search_term_string\"}}],\"inLanguage\":\"nb-NO\"}]}<\/script>\n<!-- \/ Yoast SEO plugin. -->","yoast_head_json":{"title":"Marit Persdatter Krogstad - Slektskap","robots":{"index":"index","follow":"follow","max-snippet":"max-snippet:-1","max-image-preview":"max-image-preview:large","max-video-preview":"max-video-preview:-1"},"canonical":"https:\/\/gjeilo.no\/?page_id=262","og_locale":"nb_NO","og_type":"article","og_title":"Marit Persdatter Krogstad - Slektskap","og_description":"Marit Persdotter Storkj\u00f8rren (Krogstad, Kummen, Skj\u00e5keie) F\u00f8dd f 17. des. 1826\u00a0 D\u00f8d: 1916Gift med Ola Storkj\u00f8rren (f. 18\/12 1821) den 22\/1 1852Mor: Anne Jonsdatter Tr\u00e5stad Krogstad (1793-1882)Far: Per Frantsen Ramstad Krogstad (f. 1789) Born:Ola Bruheim (f. 22\/1 1852) g.m. Marit Eriksdtr. MorkenMarit (f. 24\/10 1854) g.m. Iver Iversen LundAnne (f. 11\/5 1858) g.m. Rasmus Jakobsen &hellip; Fortsett \u00e5 lese Marit Persdatter Krogstad","og_url":"https:\/\/gjeilo.no\/?page_id=262","og_site_name":"Slektskap","article_modified_time":"2024-11-09T20:06:52+00:00","og_image":[{"width":266,"height":45,"url":"https:\/\/gjeilo.no\/wp-content\/uploads\/2024\/11\/dor-100-DPI-1.png","type":"image\/png"}],"twitter_card":"summary_large_image","twitter_misc":{"Ansl. lesetid":"2 minutter"},"schema":{"@context":"https:\/\/schema.org","@graph":[{"@type":"WebPage","@id":"https:\/\/gjeilo.no\/?page_id=262","url":"https:\/\/gjeilo.no\/?page_id=262","name":"Marit Persdatter Krogstad - Slektskap","isPartOf":{"@id":"https:\/\/gjeilo.no\/#website"},"primaryImageOfPage":{"@id":"https:\/\/gjeilo.no\/?page_id=262#primaryimage"},"image":{"@id":"https:\/\/gjeilo.no\/?page_id=262#primaryimage"},"thumbnailUrl":"https:\/\/gjeilo.no\/wp-content\/uploads\/2024\/11\/dor-100-DPI-1.png","datePublished":"2015-09-01T10:28:48+00:00","dateModified":"2024-11-09T20:06:52+00:00","breadcrumb":{"@id":"https:\/\/gjeilo.no\/?page_id=262#breadcrumb"},"inLanguage":"nb-NO","potentialAction":[{"@type":"ReadAction","target":["https:\/\/gjeilo.no\/?page_id=262"]}]},{"@type":"ImageObject","inLanguage":"nb-NO","@id":"https:\/\/gjeilo.no\/?page_id=262#primaryimage","url":"https:\/\/gjeilo.no\/wp-content\/uploads\/2024\/11\/dor-100-DPI-1.png","contentUrl":"https:\/\/gjeilo.no\/wp-content\/uploads\/2024\/11\/dor-100-DPI-1.png"},{"@type":"BreadcrumbList","@id":"https:\/\/gjeilo.no\/?page_id=262#breadcrumb","itemListElement":[{"@type":"ListItem","position":1,"name":"Hjem","item":"https:\/\/gjeilo.no\/"},{"@type":"ListItem","position":2,"name":"Marit Persdatter Krogstad"}]},{"@type":"WebSite","@id":"https:\/\/gjeilo.no\/#website","url":"https:\/\/gjeilo.no\/","name":"Slektskap","description":"","potentialAction":[{"@type":"SearchAction","target":{"@type":"EntryPoint","urlTemplate":"https:\/\/gjeilo.no\/?s={search_term_string}"},"query-input":{"@type":"PropertyValueSpecification","valueRequired":true,"valueName":"search_term_string"}}],"inLanguage":"nb-NO"}]}},"_links":{"self":[{"href":"https:\/\/gjeilo.no\/index.php?rest_route=\/wp\/v2\/pages\/262","targetHints":{"allow":["GET"]}}],"collection":[{"href":"https:\/\/gjeilo.no\/index.php?rest_route=\/wp\/v2\/pages"}],"about":[{"href":"https:\/\/gjeilo.no\/index.php?rest_route=\/wp\/v2\/types\/page"}],"author":[{"embeddable":true,"href":"https:\/\/gjeilo.no\/index.php?rest_route=\/wp\/v2\/users\/2"}],"replies":[{"embeddable":true,"href":"https:\/\/gjeilo.no\/index.php?rest_route=%2Fwp%2Fv2%2Fcomments&post=262"}],"version-history":[{"count":13,"href":"https:\/\/gjeilo.no\/index.php?rest_route=\/wp\/v2\/pages\/262\/revisions"}],"predecessor-version":[{"id":6209,"href":"https:\/\/gjeilo.no\/index.php?rest_route=\/wp\/v2\/pages\/262\/revisions\/6209"}],"wp:attachment":[{"href":"https:\/\/gjeilo.no\/index.php?rest_route=%2Fwp%2Fv2%2Fmedia&parent=262"}],"curies":[{"name":"wp","href":"https:\/\/api.w.org\/{rel}","templated":true}]}}