{"id":2591,"date":"2023-01-26T15:17:11","date_gmt":"2023-01-26T15:17:11","guid":{"rendered":"https:\/\/gjeilo.no\/?page_id=2591"},"modified":"2024-11-09T20:00:37","modified_gmt":"2024-11-09T20:00:37","slug":"synne-olsd-boje","status":"publish","type":"page","link":"https:\/\/gjeilo.no\/?page_id=2591","title":{"rendered":"Synne Olsd. B\u00f8je"},"content":{"rendered":"<div class=\"wp-block-image\">\n<figure class=\"alignright size-full\"><a href=\"https:\/\/gjeilo.no\/wp-content\/uploads\/2023\/01\/synne-kona-til-Rolv.jpg\"><img loading=\"lazy\" decoding=\"async\" width=\"229\" height=\"289\" src=\"https:\/\/gjeilo.no\/wp-content\/uploads\/2023\/01\/synne-kona-til-Rolv.jpg\" alt=\"\" class=\"wp-image-2593\"\/><\/a><\/figure><\/div>\n\n\n<p>f. 9. mars 1824    d. 13. januar 1911<br>Mor: <a rel=\"noreferrer noopener\" href=\"https:\/\/www.geni.com\/people\/Gunhild-B%C3%B8je\/6000000007884456167?through=6000000007884452074\" target=\"_blank\">Gunhild Jonsdotter B\u00f8je<\/a><br>Far: <a rel=\"noreferrer noopener\" href=\"https:\/\/www.geni.com\/people\/Ola-B%C3%B8je-III\/6000000007884452074?through=6000000009107892059\" target=\"_blank\">Ola Persson B\u00f8je<\/a><br>Gift med  <a href=\"https:\/\/gjeilo.no\/?page_id=2586\">Rolv Gregoriuss. Gjeilo<\/a> f 1815,<br><br><a rel=\"noreferrer noopener\" href=\"https:\/\/www.geni.com\/people\/Synne-Gjeilo\/6000000009107892059?through=6000000009107798725\" target=\"_blank\">GENI<\/a>: Mor til Tor\u00f8 Rolvsdotter Maurstad; Gunhild Rolvsdotter Bakken; R\u00f8nnaug Rolvsdotter Nystuen; Gregorius Rolvsson Gjeilo; Anne Rolvsdatter Kjekahagen og 7 others. S\u00f8ster av Embj\u00f8rg Olsdotter \u00d8verli; Anne Olsdotter B\u00f8je, I; Anne Olsdotter Skrinde, II; Marit Olsdotter Maurstad; Gunhild Olsdotter Ramstad og 4 others.<\/p>\n\n\n<p><a href=\"https:\/\/gjeilo.no\"><img loading=\"lazy\" decoding=\"async\" class=\"alignnone  wp-image-6142\" src=\"https:\/\/gjeilo.no\/wp-content\/uploads\/2024\/11\/dor-100-DPI-1.png\" alt=\"\" width=\"89\" height=\"15\" \/><\/a><\/p>\n\n<div class=\"wp-block-image\">\n<figure class=\"aligncenter size-full\"><a href=\"https:\/\/gjeilo.no\/wp-content\/uploads\/2015\/09\/b.jpg\"><img loading=\"lazy\" decoding=\"async\" width=\"624\" height=\"370\" src=\"https:\/\/gjeilo.no\/wp-content\/uploads\/2015\/09\/b.jpg\" alt=\"\" class=\"wp-image-214\" srcset=\"https:\/\/gjeilo.no\/wp-content\/uploads\/2015\/09\/b.jpg 624w, https:\/\/gjeilo.no\/wp-content\/uploads\/2015\/09\/b-300x178.jpg 300w\" sizes=\"auto, (max-width: 624px) 100vw, 624px\" \/><\/a><figcaption class=\"wp-element-caption\">Folka p\u00e5 Sygard Gjeilo 1875.  Fremst fr\u00e5 venstre: Rolv Gregoriusen (f. 25\/12 1815) p\u00e5 fanget son hans Rolv Rolvs, (f. 15\/12 1866), kona til Rolv, Synne Olsdatter B\u00f8je (f. 9\/3 1824) med dotter Anne Rolvsd. (f. 4\/8 1871). R\u00f8nnaug (f. 1\/1 1846) gift med Sevald Sevaldsen N\u00f8rstnes, Anne (f. 19\/9 1850) gift med Johannes Eriksen Kjekahagen, Gunnhild  (f. 21\/5 1844) gift med Ola Olsen Bakken med sonen deira Ola. Andre rekkje: Ola (f. 25\/2 1858), Gregorius (f. 25\/4 1848) gift med Tor\u00f8 Persdatter Vaagaasar\u00f8ygard, Synne (f. 6\/12 1852) gift med Lars Olsen Prestjordet, Jon (f. 22\/4 1864), som kj\u00f8pte Vaagaasar, gift med Julie Halvorsdotter Engum, Kari (f. 5\/6 1855) gift med Tore Syversen Skamsdalen og Embj\u00f8rg (f. 9\/6 1860) gift med Ola Torsen Gjeilo.  Etter folketeljinga i 1875 var eldste dotter Tor\u00f8 Rolvsd. gift med  Sylfest Maurstad, fl\u00f8tt til Gjeiloshaugen og ikkje med p\u00e5 bildet.  <br><a href=\"https:\/\/digitaltmuseum.no\/021018527702\/familien-pa-sygard-gjeilo-ca-1875\" target=\"_blank\" rel=\"noreferrer noopener\">Sj\u00e5 bildet i DigitalMuseum.<\/a><\/figcaption><\/figure><\/div>","protected":false},"excerpt":{"rendered":"<p>f. 9. mars 1824 d. 13. januar 1911Mor: Gunhild Jonsdotter B\u00f8jeFar: Ola Persson B\u00f8jeGift med Rolv Gregoriuss. Gjeilo f 1815, GENI: Mor til Tor\u00f8 Rolvsdotter Maurstad; Gunhild Rolvsdotter Bakken; R\u00f8nnaug Rolvsdotter Nystuen; Gregorius Rolvsson Gjeilo; Anne Rolvsdatter Kjekahagen og 7 others. S\u00f8ster av Embj\u00f8rg Olsdotter \u00d8verli; Anne Olsdotter B\u00f8je, I; Anne Olsdotter Skrinde, II; Marit &hellip; <a href=\"https:\/\/gjeilo.no\/?page_id=2591\" class=\"more-link\">Fortsett \u00e5 lese <span class=\"screen-reader-text\">Synne Olsd. B\u00f8je<\/span><\/a><\/p>\n","protected":false},"author":2,"featured_media":0,"parent":0,"menu_order":0,"comment_status":"closed","ping_status":"closed","template":"","meta":{"footnotes":""},"class_list":["post-2591","page","type-page","status-publish","hentry"],"yoast_head":"<!-- This site is optimized with the Yoast SEO plugin v26.0 - https:\/\/yoast.com\/wordpress\/plugins\/seo\/ -->\n<title>Synne Olsd. B\u00f8je - Slektskap<\/title>\n<meta name=\"robots\" content=\"index, follow, max-snippet:-1, max-image-preview:large, max-video-preview:-1\" \/>\n<link rel=\"canonical\" href=\"https:\/\/gjeilo.no\/?page_id=2591\" \/>\n<meta property=\"og:locale\" content=\"nb_NO\" \/>\n<meta property=\"og:type\" content=\"article\" \/>\n<meta property=\"og:title\" content=\"Synne Olsd. B\u00f8je - Slektskap\" \/>\n<meta property=\"og:description\" content=\"f. 9. mars 1824 d. 13. januar 1911Mor: Gunhild Jonsdotter B\u00f8jeFar: Ola Persson B\u00f8jeGift med Rolv Gregoriuss. Gjeilo f 1815, GENI: Mor til Tor\u00f8 Rolvsdotter Maurstad; Gunhild Rolvsdotter Bakken; R\u00f8nnaug Rolvsdotter Nystuen; Gregorius Rolvsson Gjeilo; Anne Rolvsdatter Kjekahagen og 7 others. S\u00f8ster av Embj\u00f8rg Olsdotter \u00d8verli; Anne Olsdotter B\u00f8je, I; Anne Olsdotter Skrinde, II; Marit &hellip; Fortsett \u00e5 lese Synne Olsd. B\u00f8je\" \/>\n<meta property=\"og:url\" content=\"https:\/\/gjeilo.no\/?page_id=2591\" \/>\n<meta property=\"og:site_name\" content=\"Slektskap\" \/>\n<meta property=\"article:modified_time\" content=\"2024-11-09T20:00:37+00:00\" \/>\n<meta property=\"og:image\" content=\"https:\/\/gjeilo.no\/wp-content\/uploads\/2023\/01\/synne-kona-til-Rolv.jpg\" \/>\n\t<meta property=\"og:image:width\" content=\"229\" \/>\n\t<meta property=\"og:image:height\" content=\"289\" \/>\n\t<meta property=\"og:image:type\" content=\"image\/jpeg\" \/>\n<meta name=\"twitter:card\" content=\"summary_large_image\" \/>\n<meta name=\"twitter:label1\" content=\"Ansl. lesetid\" \/>\n\t<meta name=\"twitter:data1\" content=\"2 minutter\" \/>\n<script type=\"application\/ld+json\" class=\"yoast-schema-graph\">{\"@context\":\"https:\/\/schema.org\",\"@graph\":[{\"@type\":\"WebPage\",\"@id\":\"https:\/\/gjeilo.no\/?page_id=2591\",\"url\":\"https:\/\/gjeilo.no\/?page_id=2591\",\"name\":\"Synne Olsd. B\u00f8je - Slektskap\",\"isPartOf\":{\"@id\":\"https:\/\/gjeilo.no\/#website\"},\"primaryImageOfPage\":{\"@id\":\"https:\/\/gjeilo.no\/?page_id=2591#primaryimage\"},\"image\":{\"@id\":\"https:\/\/gjeilo.no\/?page_id=2591#primaryimage\"},\"thumbnailUrl\":\"https:\/\/gjeilo.no\/wp-content\/uploads\/2023\/01\/synne-kona-til-Rolv.jpg\",\"datePublished\":\"2023-01-26T15:17:11+00:00\",\"dateModified\":\"2024-11-09T20:00:37+00:00\",\"breadcrumb\":{\"@id\":\"https:\/\/gjeilo.no\/?page_id=2591#breadcrumb\"},\"inLanguage\":\"nb-NO\",\"potentialAction\":[{\"@type\":\"ReadAction\",\"target\":[\"https:\/\/gjeilo.no\/?page_id=2591\"]}]},{\"@type\":\"ImageObject\",\"inLanguage\":\"nb-NO\",\"@id\":\"https:\/\/gjeilo.no\/?page_id=2591#primaryimage\",\"url\":\"https:\/\/gjeilo.no\/wp-content\/uploads\/2023\/01\/synne-kona-til-Rolv.jpg\",\"contentUrl\":\"https:\/\/gjeilo.no\/wp-content\/uploads\/2023\/01\/synne-kona-til-Rolv.jpg\"},{\"@type\":\"BreadcrumbList\",\"@id\":\"https:\/\/gjeilo.no\/?page_id=2591#breadcrumb\",\"itemListElement\":[{\"@type\":\"ListItem\",\"position\":1,\"name\":\"Hjem\",\"item\":\"https:\/\/gjeilo.no\/\"},{\"@type\":\"ListItem\",\"position\":2,\"name\":\"Synne Olsd. B\u00f8je\"}]},{\"@type\":\"WebSite\",\"@id\":\"https:\/\/gjeilo.no\/#website\",\"url\":\"https:\/\/gjeilo.no\/\",\"name\":\"Slektskap\",\"description\":\"\",\"potentialAction\":[{\"@type\":\"SearchAction\",\"target\":{\"@type\":\"EntryPoint\",\"urlTemplate\":\"https:\/\/gjeilo.no\/?s={search_term_string}\"},\"query-input\":{\"@type\":\"PropertyValueSpecification\",\"valueRequired\":true,\"valueName\":\"search_term_string\"}}],\"inLanguage\":\"nb-NO\"}]}<\/script>\n<!-- \/ Yoast SEO plugin. -->","yoast_head_json":{"title":"Synne Olsd. B\u00f8je - Slektskap","robots":{"index":"index","follow":"follow","max-snippet":"max-snippet:-1","max-image-preview":"max-image-preview:large","max-video-preview":"max-video-preview:-1"},"canonical":"https:\/\/gjeilo.no\/?page_id=2591","og_locale":"nb_NO","og_type":"article","og_title":"Synne Olsd. B\u00f8je - Slektskap","og_description":"f. 9. mars 1824 d. 13. januar 1911Mor: Gunhild Jonsdotter B\u00f8jeFar: Ola Persson B\u00f8jeGift med Rolv Gregoriuss. Gjeilo f 1815, GENI: Mor til Tor\u00f8 Rolvsdotter Maurstad; Gunhild Rolvsdotter Bakken; R\u00f8nnaug Rolvsdotter Nystuen; Gregorius Rolvsson Gjeilo; Anne Rolvsdatter Kjekahagen og 7 others. S\u00f8ster av Embj\u00f8rg Olsdotter \u00d8verli; Anne Olsdotter B\u00f8je, I; Anne Olsdotter Skrinde, II; Marit &hellip; Fortsett \u00e5 lese Synne Olsd. B\u00f8je","og_url":"https:\/\/gjeilo.no\/?page_id=2591","og_site_name":"Slektskap","article_modified_time":"2024-11-09T20:00:37+00:00","og_image":[{"width":229,"height":289,"url":"https:\/\/gjeilo.no\/wp-content\/uploads\/2023\/01\/synne-kona-til-Rolv.jpg","type":"image\/jpeg"}],"twitter_card":"summary_large_image","twitter_misc":{"Ansl. lesetid":"2 minutter"},"schema":{"@context":"https:\/\/schema.org","@graph":[{"@type":"WebPage","@id":"https:\/\/gjeilo.no\/?page_id=2591","url":"https:\/\/gjeilo.no\/?page_id=2591","name":"Synne Olsd. B\u00f8je - Slektskap","isPartOf":{"@id":"https:\/\/gjeilo.no\/#website"},"primaryImageOfPage":{"@id":"https:\/\/gjeilo.no\/?page_id=2591#primaryimage"},"image":{"@id":"https:\/\/gjeilo.no\/?page_id=2591#primaryimage"},"thumbnailUrl":"https:\/\/gjeilo.no\/wp-content\/uploads\/2023\/01\/synne-kona-til-Rolv.jpg","datePublished":"2023-01-26T15:17:11+00:00","dateModified":"2024-11-09T20:00:37+00:00","breadcrumb":{"@id":"https:\/\/gjeilo.no\/?page_id=2591#breadcrumb"},"inLanguage":"nb-NO","potentialAction":[{"@type":"ReadAction","target":["https:\/\/gjeilo.no\/?page_id=2591"]}]},{"@type":"ImageObject","inLanguage":"nb-NO","@id":"https:\/\/gjeilo.no\/?page_id=2591#primaryimage","url":"https:\/\/gjeilo.no\/wp-content\/uploads\/2023\/01\/synne-kona-til-Rolv.jpg","contentUrl":"https:\/\/gjeilo.no\/wp-content\/uploads\/2023\/01\/synne-kona-til-Rolv.jpg"},{"@type":"BreadcrumbList","@id":"https:\/\/gjeilo.no\/?page_id=2591#breadcrumb","itemListElement":[{"@type":"ListItem","position":1,"name":"Hjem","item":"https:\/\/gjeilo.no\/"},{"@type":"ListItem","position":2,"name":"Synne Olsd. B\u00f8je"}]},{"@type":"WebSite","@id":"https:\/\/gjeilo.no\/#website","url":"https:\/\/gjeilo.no\/","name":"Slektskap","description":"","potentialAction":[{"@type":"SearchAction","target":{"@type":"EntryPoint","urlTemplate":"https:\/\/gjeilo.no\/?s={search_term_string}"},"query-input":{"@type":"PropertyValueSpecification","valueRequired":true,"valueName":"search_term_string"}}],"inLanguage":"nb-NO"}]}},"_links":{"self":[{"href":"https:\/\/gjeilo.no\/index.php?rest_route=\/wp\/v2\/pages\/2591","targetHints":{"allow":["GET"]}}],"collection":[{"href":"https:\/\/gjeilo.no\/index.php?rest_route=\/wp\/v2\/pages"}],"about":[{"href":"https:\/\/gjeilo.no\/index.php?rest_route=\/wp\/v2\/types\/page"}],"author":[{"embeddable":true,"href":"https:\/\/gjeilo.no\/index.php?rest_route=\/wp\/v2\/users\/2"}],"replies":[{"embeddable":true,"href":"https:\/\/gjeilo.no\/index.php?rest_route=%2Fwp%2Fv2%2Fcomments&post=2591"}],"version-history":[{"count":14,"href":"https:\/\/gjeilo.no\/index.php?rest_route=\/wp\/v2\/pages\/2591\/revisions"}],"predecessor-version":[{"id":6200,"href":"https:\/\/gjeilo.no\/index.php?rest_route=\/wp\/v2\/pages\/2591\/revisions\/6200"}],"wp:attachment":[{"href":"https:\/\/gjeilo.no\/index.php?rest_route=%2Fwp%2Fv2%2Fmedia&parent=2591"}],"curies":[{"name":"wp","href":"https:\/\/api.w.org\/{rel}","templated":true}]}}