{"id":2586,"date":"2023-01-26T15:07:25","date_gmt":"2023-01-26T15:07:25","guid":{"rendered":"https:\/\/gjeilo.no\/?page_id=2586"},"modified":"2024-11-09T20:01:22","modified_gmt":"2024-11-09T20:01:22","slug":"rolv-gregoriuss-gjeilo","status":"publish","type":"page","link":"https:\/\/gjeilo.no\/?page_id=2586","title":{"rendered":"Rolv Gregoriuss. Gjeilo"},"content":{"rendered":"<div class=\"wp-block-image\">\n<figure class=\"alignright size-full\"><a href=\"https:\/\/gjeilo.no\/wp-content\/uploads\/2023\/01\/Rolv-mann-til-synne.jpg\"><img loading=\"lazy\" decoding=\"async\" width=\"211\" height=\"351\" src=\"https:\/\/gjeilo.no\/wp-content\/uploads\/2023\/01\/Rolv-mann-til-synne.jpg\" alt=\"\" class=\"wp-image-2605\" srcset=\"https:\/\/gjeilo.no\/wp-content\/uploads\/2023\/01\/Rolv-mann-til-synne.jpg 211w, https:\/\/gjeilo.no\/wp-content\/uploads\/2023\/01\/Rolv-mann-til-synne-180x300.jpg 180w\" sizes=\"auto, (max-width: 211px) 100vw, 211px\" \/><\/a><\/figure><\/div>\n\n\n<p class=\"has-text-align-left\">f.  25\/12 1815  d. 21\/1 1894<br>gift med <a href=\"https:\/\/gjeilo.no\/?page_id=2591\" data-type=\"page\" data-id=\"2591\">Synne Olsd. B\u00f8je<\/a>, f. 1824<\/p>\n\n\n\n<p class=\"has-text-align-left\">Far til <a href=\"https:\/\/gjeilo.no\/?page_id=271\" data-type=\"page\" data-id=\"271\">Jon Jo John Gjeilo Vaagaasar<\/a><\/p>\n\n\n\n<p class=\"has-text-align-left\">Mor: <a href=\"https:\/\/www.geni.com\/people\/Gregorius-Gjeilo\/6000000005746553275?through=6000000009107798725\" target=\"_blank\" rel=\"noreferrer noopener\">Tor\u00f8 Sylfestdatter Ramstad<\/a><br>Far: <a href=\"https:\/\/www.geni.com\/people\/Gregorius-Gjeilo\/6000000005746553275?through=6000000009107798725\" target=\"_blank\" rel=\"noreferrer noopener\">Gregorius Rolvsen Gjeilo<\/a><br><br><a href=\"https:\/\/www.geni.com\/people\/Rolv-Gjeilo\/6000000009107798725\" target=\"_blank\" rel=\"noreferrer noopener\">GENI<\/a>: Far til Tor\u00f8 Rolvsdotter Maurstad; Gunhild Rolvsdotter Bakken; R\u00f8nnaug Rolvsdotter Nystuen; Gregorius Rolvsson Gjeilo; Anne Rolvsdatter Kjekahagen og 7 others. Bror av Rasmus Gregoriusson Bustad; Ragnhild Gregoriusdotter Kjeka; Sylfest Gregoriusson Gjeilo; R\u00f8nnaug Gregoriusdotter Gjeilo og Kari Gregoriusdotter Prestjordet. Halvbror av Anne Gregoriusdotter Brandsar, I; Anne Gregoriusdotter Gjeilo, II; Kari Gregoriusdotter Gjeilo; Ragnhild Gregoriusdotter Prestjordet og Tor\u00f8 Gregoriusdatter Bakken.<br><\/p>\n\n\n<p><a href=\"https:\/\/gjeilo.no\"><img loading=\"lazy\" decoding=\"async\" class=\"alignnone  wp-image-6142\" src=\"https:\/\/gjeilo.no\/wp-content\/uploads\/2024\/11\/dor-100-DPI-1.png\" alt=\"\" width=\"89\" height=\"15\" \/><\/a><\/p>\n\n<div class=\"wp-block-image\">\n<figure class=\"alignleft size-full\"><a href=\"https:\/\/gjeilo.no\/wp-content\/uploads\/2015\/09\/b.jpg\"><img loading=\"lazy\" decoding=\"async\" width=\"624\" height=\"370\" src=\"https:\/\/gjeilo.no\/wp-content\/uploads\/2015\/09\/b.jpg\" alt=\"\" class=\"wp-image-214\" srcset=\"https:\/\/gjeilo.no\/wp-content\/uploads\/2015\/09\/b.jpg 624w, https:\/\/gjeilo.no\/wp-content\/uploads\/2015\/09\/b-300x178.jpg 300w\" sizes=\"auto, (max-width: 624px) 100vw, 624px\" \/><\/a><figcaption class=\"wp-element-caption\">Folka p\u00e5 Sygard Gjeilo 1875.  Fremst fr\u00e5 venstre: Rolv Gregoriusen (f. 25\/12 1815) p\u00e5 fanget har han Rolv Rolvs,(f. 15\/12 1866). Kona til Rolv, Synne Olsdatter B\u00f8je (f. 9\/3 1824) og p\u00e5 fanget dotter Anne Rolvsd.(f. 4\/8 1871). R\u00f8nnaug Rolvsd. (f.  1\/1 1846) gift med Sevald Sevaldsen N\u00f8rstnes. Anne Rolvsd.  (f. 19\/9 1850) gift med Johannes Eriksen Kjekahagen. Gunnhild Rolvsd. (f. 21\/5 1844) gift med Ola Olsen Bakken og sonen Etter folketeljinga i 1875 var eldste dotter Tor\u00f8 Rolvsd. gift med  Sylfest Maurstad, fl\u00f8tt til Gjeiloshaugen og ikkje med p\u00e5 bildet.<br><a rel=\"noreferrer noopener\" href=\"https:\/\/digitaltmuseum.no\/021018527702\/familien-pa-sygard-gjeilo-ca-1875\" target=\"_blank\">Sj\u00e5 bildet i DigitalMuseum.<\/a><\/figcaption><\/figure><\/div>","protected":false},"excerpt":{"rendered":"<p>f. 25\/12 1815 d. 21\/1 1894gift med Synne Olsd. B\u00f8je, f. 1824 Far til Jon Jo John Gjeilo Vaagaasar Mor: Tor\u00f8 Sylfestdatter RamstadFar: Gregorius Rolvsen Gjeilo GENI: Far til Tor\u00f8 Rolvsdotter Maurstad; Gunhild Rolvsdotter Bakken; R\u00f8nnaug Rolvsdotter Nystuen; Gregorius Rolvsson Gjeilo; Anne Rolvsdatter Kjekahagen og 7 others. Bror av Rasmus Gregoriusson Bustad; Ragnhild Gregoriusdotter Kjeka; &hellip; <a href=\"https:\/\/gjeilo.no\/?page_id=2586\" class=\"more-link\">Fortsett \u00e5 lese <span class=\"screen-reader-text\">Rolv Gregoriuss. Gjeilo<\/span><\/a><\/p>\n","protected":false},"author":2,"featured_media":0,"parent":0,"menu_order":0,"comment_status":"closed","ping_status":"closed","template":"","meta":{"footnotes":""},"class_list":["post-2586","page","type-page","status-publish","hentry"],"yoast_head":"<!-- This site is optimized with the Yoast SEO plugin v26.0 - https:\/\/yoast.com\/wordpress\/plugins\/seo\/ -->\n<title>Rolv Gregoriuss. Gjeilo - Slektskap<\/title>\n<meta name=\"robots\" content=\"index, follow, max-snippet:-1, max-image-preview:large, max-video-preview:-1\" \/>\n<link rel=\"canonical\" href=\"https:\/\/gjeilo.no\/?page_id=2586\" \/>\n<meta property=\"og:locale\" content=\"nb_NO\" \/>\n<meta property=\"og:type\" content=\"article\" \/>\n<meta property=\"og:title\" content=\"Rolv Gregoriuss. Gjeilo - Slektskap\" \/>\n<meta property=\"og:description\" content=\"f. 25\/12 1815 d. 21\/1 1894gift med Synne Olsd. B\u00f8je, f. 1824 Far til Jon Jo John Gjeilo Vaagaasar Mor: Tor\u00f8 Sylfestdatter RamstadFar: Gregorius Rolvsen Gjeilo GENI: Far til Tor\u00f8 Rolvsdotter Maurstad; Gunhild Rolvsdotter Bakken; R\u00f8nnaug Rolvsdotter Nystuen; Gregorius Rolvsson Gjeilo; Anne Rolvsdatter Kjekahagen og 7 others. Bror av Rasmus Gregoriusson Bustad; Ragnhild Gregoriusdotter Kjeka; &hellip; Fortsett \u00e5 lese Rolv Gregoriuss. Gjeilo\" \/>\n<meta property=\"og:url\" content=\"https:\/\/gjeilo.no\/?page_id=2586\" \/>\n<meta property=\"og:site_name\" content=\"Slektskap\" \/>\n<meta property=\"article:modified_time\" content=\"2024-11-09T20:01:22+00:00\" \/>\n<meta property=\"og:image\" content=\"https:\/\/gjeilo.no\/wp-content\/uploads\/2023\/01\/Rolv-mann-til-synne.jpg\" \/>\n\t<meta property=\"og:image:width\" content=\"211\" \/>\n\t<meta property=\"og:image:height\" content=\"351\" \/>\n\t<meta property=\"og:image:type\" content=\"image\/jpeg\" \/>\n<meta name=\"twitter:card\" content=\"summary_large_image\" \/>\n<meta name=\"twitter:label1\" content=\"Ansl. lesetid\" \/>\n\t<meta name=\"twitter:data1\" content=\"2 minutter\" \/>\n<script type=\"application\/ld+json\" class=\"yoast-schema-graph\">{\"@context\":\"https:\/\/schema.org\",\"@graph\":[{\"@type\":\"WebPage\",\"@id\":\"https:\/\/gjeilo.no\/?page_id=2586\",\"url\":\"https:\/\/gjeilo.no\/?page_id=2586\",\"name\":\"Rolv Gregoriuss. Gjeilo - Slektskap\",\"isPartOf\":{\"@id\":\"https:\/\/gjeilo.no\/#website\"},\"primaryImageOfPage\":{\"@id\":\"https:\/\/gjeilo.no\/?page_id=2586#primaryimage\"},\"image\":{\"@id\":\"https:\/\/gjeilo.no\/?page_id=2586#primaryimage\"},\"thumbnailUrl\":\"https:\/\/gjeilo.no\/wp-content\/uploads\/2023\/01\/Rolv-mann-til-synne.jpg\",\"datePublished\":\"2023-01-26T15:07:25+00:00\",\"dateModified\":\"2024-11-09T20:01:22+00:00\",\"breadcrumb\":{\"@id\":\"https:\/\/gjeilo.no\/?page_id=2586#breadcrumb\"},\"inLanguage\":\"nb-NO\",\"potentialAction\":[{\"@type\":\"ReadAction\",\"target\":[\"https:\/\/gjeilo.no\/?page_id=2586\"]}]},{\"@type\":\"ImageObject\",\"inLanguage\":\"nb-NO\",\"@id\":\"https:\/\/gjeilo.no\/?page_id=2586#primaryimage\",\"url\":\"https:\/\/gjeilo.no\/wp-content\/uploads\/2023\/01\/Rolv-mann-til-synne.jpg\",\"contentUrl\":\"https:\/\/gjeilo.no\/wp-content\/uploads\/2023\/01\/Rolv-mann-til-synne.jpg\"},{\"@type\":\"BreadcrumbList\",\"@id\":\"https:\/\/gjeilo.no\/?page_id=2586#breadcrumb\",\"itemListElement\":[{\"@type\":\"ListItem\",\"position\":1,\"name\":\"Hjem\",\"item\":\"https:\/\/gjeilo.no\/\"},{\"@type\":\"ListItem\",\"position\":2,\"name\":\"Rolv Gregoriuss. Gjeilo\"}]},{\"@type\":\"WebSite\",\"@id\":\"https:\/\/gjeilo.no\/#website\",\"url\":\"https:\/\/gjeilo.no\/\",\"name\":\"Slektskap\",\"description\":\"\",\"potentialAction\":[{\"@type\":\"SearchAction\",\"target\":{\"@type\":\"EntryPoint\",\"urlTemplate\":\"https:\/\/gjeilo.no\/?s={search_term_string}\"},\"query-input\":{\"@type\":\"PropertyValueSpecification\",\"valueRequired\":true,\"valueName\":\"search_term_string\"}}],\"inLanguage\":\"nb-NO\"}]}<\/script>\n<!-- \/ Yoast SEO plugin. -->","yoast_head_json":{"title":"Rolv Gregoriuss. Gjeilo - Slektskap","robots":{"index":"index","follow":"follow","max-snippet":"max-snippet:-1","max-image-preview":"max-image-preview:large","max-video-preview":"max-video-preview:-1"},"canonical":"https:\/\/gjeilo.no\/?page_id=2586","og_locale":"nb_NO","og_type":"article","og_title":"Rolv Gregoriuss. Gjeilo - Slektskap","og_description":"f. 25\/12 1815 d. 21\/1 1894gift med Synne Olsd. B\u00f8je, f. 1824 Far til Jon Jo John Gjeilo Vaagaasar Mor: Tor\u00f8 Sylfestdatter RamstadFar: Gregorius Rolvsen Gjeilo GENI: Far til Tor\u00f8 Rolvsdotter Maurstad; Gunhild Rolvsdotter Bakken; R\u00f8nnaug Rolvsdotter Nystuen; Gregorius Rolvsson Gjeilo; Anne Rolvsdatter Kjekahagen og 7 others. Bror av Rasmus Gregoriusson Bustad; Ragnhild Gregoriusdotter Kjeka; &hellip; Fortsett \u00e5 lese Rolv Gregoriuss. Gjeilo","og_url":"https:\/\/gjeilo.no\/?page_id=2586","og_site_name":"Slektskap","article_modified_time":"2024-11-09T20:01:22+00:00","og_image":[{"width":211,"height":351,"url":"https:\/\/gjeilo.no\/wp-content\/uploads\/2023\/01\/Rolv-mann-til-synne.jpg","type":"image\/jpeg"}],"twitter_card":"summary_large_image","twitter_misc":{"Ansl. lesetid":"2 minutter"},"schema":{"@context":"https:\/\/schema.org","@graph":[{"@type":"WebPage","@id":"https:\/\/gjeilo.no\/?page_id=2586","url":"https:\/\/gjeilo.no\/?page_id=2586","name":"Rolv Gregoriuss. Gjeilo - Slektskap","isPartOf":{"@id":"https:\/\/gjeilo.no\/#website"},"primaryImageOfPage":{"@id":"https:\/\/gjeilo.no\/?page_id=2586#primaryimage"},"image":{"@id":"https:\/\/gjeilo.no\/?page_id=2586#primaryimage"},"thumbnailUrl":"https:\/\/gjeilo.no\/wp-content\/uploads\/2023\/01\/Rolv-mann-til-synne.jpg","datePublished":"2023-01-26T15:07:25+00:00","dateModified":"2024-11-09T20:01:22+00:00","breadcrumb":{"@id":"https:\/\/gjeilo.no\/?page_id=2586#breadcrumb"},"inLanguage":"nb-NO","potentialAction":[{"@type":"ReadAction","target":["https:\/\/gjeilo.no\/?page_id=2586"]}]},{"@type":"ImageObject","inLanguage":"nb-NO","@id":"https:\/\/gjeilo.no\/?page_id=2586#primaryimage","url":"https:\/\/gjeilo.no\/wp-content\/uploads\/2023\/01\/Rolv-mann-til-synne.jpg","contentUrl":"https:\/\/gjeilo.no\/wp-content\/uploads\/2023\/01\/Rolv-mann-til-synne.jpg"},{"@type":"BreadcrumbList","@id":"https:\/\/gjeilo.no\/?page_id=2586#breadcrumb","itemListElement":[{"@type":"ListItem","position":1,"name":"Hjem","item":"https:\/\/gjeilo.no\/"},{"@type":"ListItem","position":2,"name":"Rolv Gregoriuss. Gjeilo"}]},{"@type":"WebSite","@id":"https:\/\/gjeilo.no\/#website","url":"https:\/\/gjeilo.no\/","name":"Slektskap","description":"","potentialAction":[{"@type":"SearchAction","target":{"@type":"EntryPoint","urlTemplate":"https:\/\/gjeilo.no\/?s={search_term_string}"},"query-input":{"@type":"PropertyValueSpecification","valueRequired":true,"valueName":"search_term_string"}}],"inLanguage":"nb-NO"}]}},"_links":{"self":[{"href":"https:\/\/gjeilo.no\/index.php?rest_route=\/wp\/v2\/pages\/2586","targetHints":{"allow":["GET"]}}],"collection":[{"href":"https:\/\/gjeilo.no\/index.php?rest_route=\/wp\/v2\/pages"}],"about":[{"href":"https:\/\/gjeilo.no\/index.php?rest_route=\/wp\/v2\/types\/page"}],"author":[{"embeddable":true,"href":"https:\/\/gjeilo.no\/index.php?rest_route=\/wp\/v2\/users\/2"}],"replies":[{"embeddable":true,"href":"https:\/\/gjeilo.no\/index.php?rest_route=%2Fwp%2Fv2%2Fcomments&post=2586"}],"version-history":[{"count":24,"href":"https:\/\/gjeilo.no\/index.php?rest_route=\/wp\/v2\/pages\/2586\/revisions"}],"predecessor-version":[{"id":6201,"href":"https:\/\/gjeilo.no\/index.php?rest_route=\/wp\/v2\/pages\/2586\/revisions\/6201"}],"wp:attachment":[{"href":"https:\/\/gjeilo.no\/index.php?rest_route=%2Fwp%2Fv2%2Fmedia&parent=2586"}],"curies":[{"name":"wp","href":"https:\/\/api.w.org\/{rel}","templated":true}]}}