{"id":253,"date":"2015-09-01T10:24:43","date_gmt":"2015-09-01T10:24:43","guid":{"rendered":"https:\/\/gjeilo.no\/?page_id=253"},"modified":"2026-03-06T09:27:13","modified_gmt":"2026-03-06T09:27:13","slug":"frans-olsson-gjeilo-storkjorren","status":"publish","type":"page","link":"https:\/\/gjeilo.no\/?page_id=253","title":{"rendered":"Frants Olsson Gjeilo (Storkj\u00f8rren)"},"content":{"rendered":"\n<div class=\"wp-block-media-text alignwide has-media-on-the-right is-stacked-on-mobile is-vertically-aligned-top\"><div class=\"wp-block-media-text__content\">\n<p>F\u00f8dd: 20\/6 1861<br>D\u00f8d: 26\/4 1955 (93 \u00e5r)<br>Gift den 9 \/6 1891 med <a href=\"https:\/\/gjeilo.no\/?page_id=249\">Embj\u00f8rg Amundsdatter Dalen<\/a> (f. 22 \/3 1876)<br>Mor: <a href=\"https:\/\/gjeilo.no\/?page_id=262\">Marit Persdtr. Krogstad<\/a> (f. 17\/12 1826)<br>Far: <a href=\"https:\/\/gjeilo.no\/?page_id=264\">Ola Storkj\u00f8rren<\/a> (f. 28\/12 1821)<br><br>Bilde fr\u00e5 Netosetra i 1905 <a rel=\"noreferrer noopener\" href=\"https:\/\/digitaltmuseum.no\/021018258513\/fra-netosetra-i-1905\" target=\"_blank\">digitaltmuseum.no<\/a> <\/p>\n<\/div><figure class=\"wp-block-media-text__media\"><img loading=\"lazy\" decoding=\"async\" width=\"154\" height=\"245\" src=\"https:\/\/gjeilo.no\/wp-content\/uploads\/2015\/09\/666.gif\" alt=\"\" class=\"wp-image-254 size-full\"\/><\/figure><\/div>\n\n\n<p><strong><a href=\"https:\/\/www.geni.com\/people\/Frants-Gjeilo\/6000000007936917017?through=6000000007937144530\" target=\"_blank\" rel=\"noopener\">GENI<\/a>:\u00a0\u00a0\u00a0\u00a0<\/strong><\/p>\n<p><strong><a href=\"https:\/\/gjeilo.no\"><img loading=\"lazy\" decoding=\"async\" class=\"alignnone  wp-image-6142\" src=\"https:\/\/gjeilo.no\/wp-content\/uploads\/2024\/11\/dor-100-DPI-1.png\" alt=\"\" width=\"89\" height=\"15\" \/><\/a><br \/><\/strong><\/p>\n<p>Born:<br \/><strong><a title=\"Ola Gjeilo (Frantsson)\" href=\"https:\/\/gjeilo.no\/?page_id=228\">Ola<\/a><\/strong> (f. 29\/9 1891),<br \/><strong>Anne\u00a0 Jonsgard<\/strong> (f. 14\/8 1893),<br \/><strong>Marie Gjeilo<\/strong> (f. 25\/21896),<br \/><strong>R\u00f8nnaug Gjeilo<\/strong> (f. 24\/10 1989, d. 1900),<br \/><strong>Amund<\/strong> (f. 16\/3 1901),<br \/><strong>Frants<\/strong> (f. 28\/7 1904),<br \/><strong>John<\/strong> (f. 3\/2 1907),<br \/><strong>Sverre<\/strong> (f. 30\/8 1909)og<br \/><strong>Ragna Bakkom<\/strong> (f. 4\/11 1911).<\/p>\n<p>Syskjen:<br \/><strong>Ola<\/strong> Bruheim (f. 22\/1 1852) ( g.m. Marit Eriksdtr. Morken),<br \/><strong>Marit<\/strong> (f. 24\/10 1854) ( g.m. Iver Iversen Lund)og<br \/><strong>Anne<\/strong> (f. 11\/5 1858) ( g.m. Rasmus Jakobsen Arnestuen).<\/p>\n<p>I tillegg til \u00e5 drive garden S\u00f8re Gjeilo, arbeidde Frans som oppsynsmann i Statens Vegvesen (var mellom anna med p\u00e5 arbeidet med Ofossbrua og Kollavegen).<\/p>\n<p><a href=\"https:\/\/media.digitalarkivet.no\/view\/5035\/172\" target=\"_blank\" rel=\"noopener noreferrer\">Vielsesprotokoll<\/a><br \/><a href=\"https:\/\/gjeilo.no\/wp-content\/uploads\/2020\/04\/3E608E32-7BE4-4745-A0B3-F913C320091B.jpeg\" target=\"_blank\" rel=\"noopener noreferrer\"><img loading=\"lazy\" decoding=\"async\" class=\"aligncenter wp-image-1509 size-full\" src=\"https:\/\/gjeilo.no\/wp-content\/uploads\/2020\/04\/3E608E32-7BE4-4745-A0B3-F913C320091B.jpeg\" alt=\"\" width=\"1280\" height=\"356\" srcset=\"https:\/\/gjeilo.no\/wp-content\/uploads\/2020\/04\/3E608E32-7BE4-4745-A0B3-F913C320091B.jpeg 1280w, https:\/\/gjeilo.no\/wp-content\/uploads\/2020\/04\/3E608E32-7BE4-4745-A0B3-F913C320091B-300x83.jpeg 300w, https:\/\/gjeilo.no\/wp-content\/uploads\/2020\/04\/3E608E32-7BE4-4745-A0B3-F913C320091B-1024x285.jpeg 1024w, https:\/\/gjeilo.no\/wp-content\/uploads\/2020\/04\/3E608E32-7BE4-4745-A0B3-F913C320091B-768x214.jpeg 768w\" sizes=\"auto, (max-width: 1280px) 100vw, 1280px\" \/><\/a><a href=\"https:\/\/digitaltmuseum.no\/021018525689\/bryllaupet-til-janfrid-graffer-og-jon-graffer-pa-norstnes\" target=\"_blank\" rel=\"noopener noreferrer\">Foto digitalmuseum.no<\/a><br \/><a href=\"http:\/\/www.gjeilo.no\/index.php?sideid=47\">Sj\u00e5 histoira om Sygard (Nordre) Gjeilo og S\u00f8re (S\u00f8p\u00e5) Gjeilo og om namnet Gjeilo.<\/a><br \/><a href=\"https:\/\/gjeilo.no\/?page_id=2832\" target=\"_blank\" rel=\"noopener\">Sj\u00e5 bilde fr\u00e5 Sygard Gjeilo.<\/a><\/p>\n<p><a href=\"https:\/\/gjeilo.no\/?page_id=6499\">Bygdahistorie fr\u00e5 Gjeilosstronde<\/a><\/p>\n<div id='gallery-1' class='gallery galleryid-253 gallery-columns-2 gallery-size-full'><figure class='gallery-item'>\n\t\t\t<div class='gallery-icon landscape'>\n\t\t\t\t<a href='https:\/\/gjeilo.no\/wp-content\/uploads\/2020\/04\/C18A82BD-73CA-4A3C-A243-9595089A1F2D-e1586437323199.jpeg'><img loading=\"lazy\" decoding=\"async\" width=\"1280\" height=\"958\" src=\"https:\/\/gjeilo.no\/wp-content\/uploads\/2020\/04\/C18A82BD-73CA-4A3C-A243-9595089A1F2D-e1586437323199.jpeg\" class=\"attachment-full size-full\" alt=\"\" aria-describedby=\"gallery-1-1374\" srcset=\"https:\/\/gjeilo.no\/wp-content\/uploads\/2020\/04\/C18A82BD-73CA-4A3C-A243-9595089A1F2D-e1586437323199.jpeg 1280w, https:\/\/gjeilo.no\/wp-content\/uploads\/2020\/04\/C18A82BD-73CA-4A3C-A243-9595089A1F2D-e1586437323199-300x225.jpeg 300w, https:\/\/gjeilo.no\/wp-content\/uploads\/2020\/04\/C18A82BD-73CA-4A3C-A243-9595089A1F2D-e1586437323199-1024x766.jpeg 1024w, https:\/\/gjeilo.no\/wp-content\/uploads\/2020\/04\/C18A82BD-73CA-4A3C-A243-9595089A1F2D-e1586437323199-768x575.jpeg 768w\" sizes=\"auto, (max-width: 1280px) 100vw, 1280px\" \/><\/a>\n\t\t\t<\/div>\n\t\t\t\t<figcaption class='wp-caption-text gallery-caption' id='gallery-1-1374'>\n\t\t\t\tSvijern etter Frans som Ola G. har.\n\t\t\t\t<\/figcaption><\/figure><figure class='gallery-item'>\n\t\t\t<div class='gallery-icon landscape'>\n\t\t\t\t<a href='https:\/\/gjeilo.no\/wp-content\/uploads\/2015\/09\/022wZ1VaonYY.jpg'><img loading=\"lazy\" decoding=\"async\" width=\"1200\" height=\"877\" src=\"https:\/\/gjeilo.no\/wp-content\/uploads\/2015\/09\/022wZ1VaonYY.jpg\" class=\"attachment-full size-full\" alt=\"\" aria-describedby=\"gallery-1-403\" srcset=\"https:\/\/gjeilo.no\/wp-content\/uploads\/2015\/09\/022wZ1VaonYY.jpg 1200w, https:\/\/gjeilo.no\/wp-content\/uploads\/2015\/09\/022wZ1VaonYY-300x219.jpg 300w, https:\/\/gjeilo.no\/wp-content\/uploads\/2015\/09\/022wZ1VaonYY-768x561.jpg 768w, https:\/\/gjeilo.no\/wp-content\/uploads\/2015\/09\/022wZ1VaonYY-1024x748.jpg 1024w\" sizes=\"auto, (max-width: 1200px) 100vw, 1200px\" \/><\/a>\n\t\t\t<\/div>\n\t\t\t\t<figcaption class='wp-caption-text gallery-caption' id='gallery-1-403'>\n\t\t\t\tFrans Gjeilo (f. 1861) m.kone Embj\u00f8rg Gjeilo (f. Dalen 1870) og \nfamilie. Ola Franson til venstre bak. Han var den eldste av syskjenflokken: Ola (f. 29\/9 1891),\nAnne (f. 14\/8 1893),\nMarie (f. 25\/21896),\nR\u00f8nnaug (f. 24\/10 1989, d. 1900),\nAmund (f. 16\/3 1901),\nFrants (f. 28\/7 1904),\nJohn (f. 3\/2 1907),\nSverre (f. 30\/8 1909)og\nRagna (f. 4\/11 1911).\n\nhttp:\/\/digitaltmuseum.no\/021016297276?query=gjeilo&#038;pos=16>\n\t\t\t\t<\/figcaption><\/figure><figure class='gallery-item'>\n\t\t\t<div class='gallery-icon portrait'>\n\t\t\t\t<a href='https:\/\/gjeilo.no\/wp-content\/uploads\/2015\/09\/666.gif'><img loading=\"lazy\" decoding=\"async\" width=\"154\" height=\"245\" src=\"https:\/\/gjeilo.no\/wp-content\/uploads\/2015\/09\/666.gif\" class=\"attachment-full size-full\" alt=\"\" \/><\/a>\n\t\t\t<\/div><\/figure><figure class='gallery-item'>\n\t\t\t<div class='gallery-icon portrait'>\n\t\t\t\t<a href='https:\/\/gjeilo.no\/wp-content\/uploads\/2020\/04\/last-ned-12.png'><img loading=\"lazy\" decoding=\"async\" width=\"163\" height=\"358\" src=\"https:\/\/gjeilo.no\/wp-content\/uploads\/2020\/04\/last-ned-12.png\" class=\"attachment-full size-full\" alt=\"\" aria-describedby=\"gallery-1-1383\" srcset=\"https:\/\/gjeilo.no\/wp-content\/uploads\/2020\/04\/last-ned-12.png 163w, https:\/\/gjeilo.no\/wp-content\/uploads\/2020\/04\/last-ned-12-137x300.png 137w\" sizes=\"auto, (max-width: 163px) 100vw, 163px\" \/><\/a>\n\t\t\t<\/div>\n\t\t\t\t<figcaption class='wp-caption-text gallery-caption' id='gallery-1-1383'>\n\t\t\t\tFr\u00e5 Netosetra i 1905\nFr\u00e5 venstre: Nr. 3 Marit eller Live Tr\u00e5stad, nr. 4. Tor\u00f8 Rudsar (f. Maurstad 1883), nr. 5. Ola Maurstad (f. Kolstad 1857) m\/Brit Maurstad (f. 1899 g. Forberg), nr. 6. Anne Maurstad (f. Vange 1860). 2 halvstore gutar fr\u00e5 Maurstad, Karl Jetlund, Frans Gjeilo (f. 1861), ukjend, Kari Rudsar.\n\nhttps:\/\/digitaltmuseum.no\/021018258513\/fra-netosetra-i-1905\n\t\t\t\t<\/figcaption><\/figure><figure class='gallery-item'>\n\t\t\t<div class='gallery-icon landscape'>\n\t\t\t\t<a href='https:\/\/gjeilo.no\/wp-content\/uploads\/2020\/04\/last-ned-13.png'><img loading=\"lazy\" decoding=\"async\" width=\"1128\" height=\"777\" src=\"https:\/\/gjeilo.no\/wp-content\/uploads\/2020\/04\/last-ned-13.png\" class=\"attachment-full size-full\" alt=\"\" aria-describedby=\"gallery-1-1384\" srcset=\"https:\/\/gjeilo.no\/wp-content\/uploads\/2020\/04\/last-ned-13.png 1128w, https:\/\/gjeilo.no\/wp-content\/uploads\/2020\/04\/last-ned-13-300x207.png 300w, https:\/\/gjeilo.no\/wp-content\/uploads\/2020\/04\/last-ned-13-1024x705.png 1024w, https:\/\/gjeilo.no\/wp-content\/uploads\/2020\/04\/last-ned-13-768x529.png 768w\" sizes=\"auto, (max-width: 1128px) 100vw, 1128px\" \/><\/a>\n\t\t\t<\/div>\n\t\t\t\t<figcaption class='wp-caption-text gallery-caption' id='gallery-1-1384'>\n\t\t\t\tFr\u00e5 Netosetra i 1905\nFr\u00e5 venstre: Nr. 3 Marit eller Live Tr\u00e5stad, nr. 4. Tor\u00f8 Rudsar (f. Maurstad 1883), nr. 5. Ola Maurstad (f. Kolstad 1857) m\/Brit Maurstad (f. 1899 g. Forberg), nr. 6. Anne Maurstad (f. Vange 1860). 2 halvstore gutar fr\u00e5 Maurstad, Karl Jetlund, Frans Gjeilo (f. 1861), ukjend, Kari Rudsar.\n\nhttps:\/\/digitaltmuseum.no\/021018258513\/fra-netosetra-i-1905\n\t\t\t\t<\/figcaption><\/figure><figure class='gallery-item'>\n\t\t\t<div class='gallery-icon portrait'>\n\t\t\t\t<a href='https:\/\/gjeilo.no\/wp-content\/uploads\/2023\/07\/718F73AC-5D91-4012-8F83-887431F373F4-scaled.jpeg'><img loading=\"lazy\" decoding=\"async\" width=\"1920\" height=\"2560\" src=\"https:\/\/gjeilo.no\/wp-content\/uploads\/2023\/07\/718F73AC-5D91-4012-8F83-887431F373F4-scaled.jpeg\" class=\"attachment-full size-full\" alt=\"\" aria-describedby=\"gallery-1-4613\" srcset=\"https:\/\/gjeilo.no\/wp-content\/uploads\/2023\/07\/718F73AC-5D91-4012-8F83-887431F373F4-scaled.jpeg 1920w, https:\/\/gjeilo.no\/wp-content\/uploads\/2023\/07\/718F73AC-5D91-4012-8F83-887431F373F4-225x300.jpeg 225w, https:\/\/gjeilo.no\/wp-content\/uploads\/2023\/07\/718F73AC-5D91-4012-8F83-887431F373F4-768x1024.jpeg 768w, https:\/\/gjeilo.no\/wp-content\/uploads\/2023\/07\/718F73AC-5D91-4012-8F83-887431F373F4-1152x1536.jpeg 1152w, https:\/\/gjeilo.no\/wp-content\/uploads\/2023\/07\/718F73AC-5D91-4012-8F83-887431F373F4-1536x2048.jpeg 1536w\" sizes=\"auto, (max-width: 1920px) 100vw, 1920px\" \/><\/a>\n\t\t\t<\/div>\n\t\t\t\t<figcaption class='wp-caption-text gallery-caption' id='gallery-1-4613'>\n\t\t\t\tThea meiner dette er pengeboka etter Frans.\n\t\t\t\t<\/figcaption><\/figure><figure class='gallery-item'>\n\t\t\t<div class='gallery-icon portrait'>\n\t\t\t\t<a href='https:\/\/gjeilo.no\/wp-content\/uploads\/2023\/07\/07D5B664-9E63-495A-A39E-3BC22F55F585-scaled.jpeg'><img loading=\"lazy\" decoding=\"async\" width=\"1920\" height=\"2560\" src=\"https:\/\/gjeilo.no\/wp-content\/uploads\/2023\/07\/07D5B664-9E63-495A-A39E-3BC22F55F585-scaled.jpeg\" class=\"attachment-full size-full\" alt=\"\" aria-describedby=\"gallery-1-4612\" srcset=\"https:\/\/gjeilo.no\/wp-content\/uploads\/2023\/07\/07D5B664-9E63-495A-A39E-3BC22F55F585-scaled.jpeg 1920w, https:\/\/gjeilo.no\/wp-content\/uploads\/2023\/07\/07D5B664-9E63-495A-A39E-3BC22F55F585-225x300.jpeg 225w, https:\/\/gjeilo.no\/wp-content\/uploads\/2023\/07\/07D5B664-9E63-495A-A39E-3BC22F55F585-768x1024.jpeg 768w, https:\/\/gjeilo.no\/wp-content\/uploads\/2023\/07\/07D5B664-9E63-495A-A39E-3BC22F55F585-1152x1536.jpeg 1152w, https:\/\/gjeilo.no\/wp-content\/uploads\/2023\/07\/07D5B664-9E63-495A-A39E-3BC22F55F585-1536x2048.jpeg 1536w\" sizes=\"auto, (max-width: 1920px) 100vw, 1920px\" \/><\/a>\n\t\t\t<\/div>\n\t\t\t\t<figcaption class='wp-caption-text gallery-caption' id='gallery-1-4612'>\n\t\t\t\tdette er pengeboka etter Frans.\n\t\t\t\t<\/figcaption><\/figure><figure class='gallery-item'>\n\t\t\t<div class='gallery-icon portrait'>\n\t\t\t\t<a href='https:\/\/gjeilo.no\/wp-content\/uploads\/2024\/02\/Skjermbilde-2024-02-09-kl.-13.23.11-e1763718561525.png'><img loading=\"lazy\" decoding=\"async\" width=\"1050\" height=\"1326\" src=\"https:\/\/gjeilo.no\/wp-content\/uploads\/2024\/02\/Skjermbilde-2024-02-09-kl.-13.23.11-e1763718561525.png\" class=\"attachment-full size-full\" alt=\"\" aria-describedby=\"gallery-1-5350\" srcset=\"https:\/\/gjeilo.no\/wp-content\/uploads\/2024\/02\/Skjermbilde-2024-02-09-kl.-13.23.11-e1763718561525.png 1050w, https:\/\/gjeilo.no\/wp-content\/uploads\/2024\/02\/Skjermbilde-2024-02-09-kl.-13.23.11-e1763718561525-238x300.png 238w, https:\/\/gjeilo.no\/wp-content\/uploads\/2024\/02\/Skjermbilde-2024-02-09-kl.-13.23.11-e1763718561525-811x1024.png 811w, https:\/\/gjeilo.no\/wp-content\/uploads\/2024\/02\/Skjermbilde-2024-02-09-kl.-13.23.11-e1763718561525-768x970.png 768w\" sizes=\"auto, (max-width: 1050px) 100vw, 1050px\" \/><\/a>\n\t\t\t<\/div>\n\t\t\t\t<figcaption class='wp-caption-text gallery-caption' id='gallery-1-5350'>\n\t\t\t\tGudbrandsd\u00f8len, onsdag 28. november 1928 Frans Gjeilo den eldre\n\t\t\t\t<\/figcaption><\/figure><figure class='gallery-item'>\n\t\t\t<div class='gallery-icon landscape'>\n\t\t\t\t<a href='https:\/\/gjeilo.no\/wp-content\/uploads\/2024\/02\/Skjermbilde-2024-02-09-kl.-13.34.42-e1763718520206.png'><img loading=\"lazy\" decoding=\"async\" width=\"1045\" height=\"840\" src=\"https:\/\/gjeilo.no\/wp-content\/uploads\/2024\/02\/Skjermbilde-2024-02-09-kl.-13.34.42-e1763718520206.png\" class=\"attachment-full size-full\" alt=\"\" aria-describedby=\"gallery-1-5353\" srcset=\"https:\/\/gjeilo.no\/wp-content\/uploads\/2024\/02\/Skjermbilde-2024-02-09-kl.-13.34.42-e1763718520206.png 1045w, https:\/\/gjeilo.no\/wp-content\/uploads\/2024\/02\/Skjermbilde-2024-02-09-kl.-13.34.42-e1763718520206-300x241.png 300w, https:\/\/gjeilo.no\/wp-content\/uploads\/2024\/02\/Skjermbilde-2024-02-09-kl.-13.34.42-e1763718520206-1024x823.png 1024w, https:\/\/gjeilo.no\/wp-content\/uploads\/2024\/02\/Skjermbilde-2024-02-09-kl.-13.34.42-e1763718520206-768x617.png 768w\" sizes=\"auto, (max-width: 1045px) 100vw, 1045px\" \/><\/a>\n\t\t\t<\/div>\n\t\t\t\t<figcaption class='wp-caption-text gallery-caption' id='gallery-1-5353'>\n\t\t\t\tLaagen, onsdag 10. april 1935. Frans Gjeilo\n\t\t\t\t<\/figcaption><\/figure>\n\t\t<\/div>\n","protected":false},"excerpt":{"rendered":"<p>F\u00f8dd: 20\/6 1861D\u00f8d: 26\/4 1955 (93 \u00e5r)Gift den 9 \/6 1891 med Embj\u00f8rg Amundsdatter Dalen (f. 22 \/3 1876)Mor: Marit Persdtr. Krogstad (f. 17\/12 1826)Far: Ola Storkj\u00f8rren (f. 28\/12 1821) Bilde fr\u00e5 Netosetra i 1905 digitaltmuseum.no GENI:\u00a0\u00a0\u00a0\u00a0 Born:Ola (f. 29\/9 1891),Anne\u00a0 Jonsgard (f. 14\/8 1893),Marie Gjeilo (f. 25\/21896),R\u00f8nnaug Gjeilo (f. 24\/10 1989, d. 1900),Amund (f. &hellip; <a href=\"https:\/\/gjeilo.no\/?page_id=253\" class=\"more-link\">Fortsett \u00e5 lese <span class=\"screen-reader-text\">Frants Olsson Gjeilo (Storkj\u00f8rren)<\/span><\/a><\/p>\n","protected":false},"author":2,"featured_media":0,"parent":0,"menu_order":0,"comment_status":"closed","ping_status":"open","template":"","meta":{"footnotes":""},"class_list":["post-253","page","type-page","status-publish","hentry"],"yoast_head":"<!-- This site is optimized with the Yoast SEO plugin v26.0 - https:\/\/yoast.com\/wordpress\/plugins\/seo\/ -->\n<title>Frants Olsson Gjeilo (Storkj\u00f8rren) - Slektskap<\/title>\n<meta name=\"robots\" content=\"index, follow, max-snippet:-1, max-image-preview:large, max-video-preview:-1\" \/>\n<link rel=\"canonical\" href=\"https:\/\/gjeilo.no\/?page_id=253\" \/>\n<meta property=\"og:locale\" content=\"nb_NO\" \/>\n<meta property=\"og:type\" content=\"article\" \/>\n<meta property=\"og:title\" content=\"Frants Olsson Gjeilo (Storkj\u00f8rren) - Slektskap\" \/>\n<meta property=\"og:description\" content=\"F\u00f8dd: 20\/6 1861D\u00f8d: 26\/4 1955 (93 \u00e5r)Gift den 9 \/6 1891 med Embj\u00f8rg Amundsdatter Dalen (f. 22 \/3 1876)Mor: Marit Persdtr. Krogstad (f. 17\/12 1826)Far: Ola Storkj\u00f8rren (f. 28\/12 1821) Bilde fr\u00e5 Netosetra i 1905 digitaltmuseum.no GENI:\u00a0\u00a0\u00a0\u00a0 Born:Ola (f. 29\/9 1891),Anne\u00a0 Jonsgard (f. 14\/8 1893),Marie Gjeilo (f. 25\/21896),R\u00f8nnaug Gjeilo (f. 24\/10 1989, d. 1900),Amund (f. &hellip; Fortsett \u00e5 lese Frants Olsson Gjeilo (Storkj\u00f8rren)\" \/>\n<meta property=\"og:url\" content=\"https:\/\/gjeilo.no\/?page_id=253\" \/>\n<meta property=\"og:site_name\" content=\"Slektskap\" \/>\n<meta property=\"article:modified_time\" content=\"2026-03-06T09:27:13+00:00\" \/>\n<meta property=\"og:image\" content=\"https:\/\/gjeilo.no\/wp-content\/uploads\/2020\/04\/C18A82BD-73CA-4A3C-A243-9595089A1F2D-e1586437323199.jpeg\" \/>\n<meta name=\"twitter:card\" content=\"summary_large_image\" \/>\n<meta name=\"twitter:label1\" content=\"Ansl. lesetid\" \/>\n\t<meta name=\"twitter:data1\" content=\"2 minutter\" \/>\n<script type=\"application\/ld+json\" class=\"yoast-schema-graph\">{\"@context\":\"https:\/\/schema.org\",\"@graph\":[{\"@type\":\"WebPage\",\"@id\":\"https:\/\/gjeilo.no\/?page_id=253\",\"url\":\"https:\/\/gjeilo.no\/?page_id=253\",\"name\":\"Frants Olsson Gjeilo (Storkj\u00f8rren) - Slektskap\",\"isPartOf\":{\"@id\":\"https:\/\/gjeilo.no\/#website\"},\"primaryImageOfPage\":{\"@id\":\"https:\/\/gjeilo.no\/?page_id=253#primaryimage\"},\"image\":{\"@id\":\"https:\/\/gjeilo.no\/?page_id=253#primaryimage\"},\"thumbnailUrl\":\"https:\/\/gjeilo.no\/wp-content\/uploads\/2015\/09\/666.gif\",\"datePublished\":\"2015-09-01T10:24:43+00:00\",\"dateModified\":\"2026-03-06T09:27:13+00:00\",\"breadcrumb\":{\"@id\":\"https:\/\/gjeilo.no\/?page_id=253#breadcrumb\"},\"inLanguage\":\"nb-NO\",\"potentialAction\":[{\"@type\":\"ReadAction\",\"target\":[\"https:\/\/gjeilo.no\/?page_id=253\"]}]},{\"@type\":\"ImageObject\",\"inLanguage\":\"nb-NO\",\"@id\":\"https:\/\/gjeilo.no\/?page_id=253#primaryimage\",\"url\":\"https:\/\/gjeilo.no\/wp-content\/uploads\/2015\/09\/666.gif\",\"contentUrl\":\"https:\/\/gjeilo.no\/wp-content\/uploads\/2015\/09\/666.gif\"},{\"@type\":\"BreadcrumbList\",\"@id\":\"https:\/\/gjeilo.no\/?page_id=253#breadcrumb\",\"itemListElement\":[{\"@type\":\"ListItem\",\"position\":1,\"name\":\"Hjem\",\"item\":\"https:\/\/gjeilo.no\/\"},{\"@type\":\"ListItem\",\"position\":2,\"name\":\"Frants Olsson Gjeilo (Storkj\u00f8rren)\"}]},{\"@type\":\"WebSite\",\"@id\":\"https:\/\/gjeilo.no\/#website\",\"url\":\"https:\/\/gjeilo.no\/\",\"name\":\"Slektskap\",\"description\":\"\",\"potentialAction\":[{\"@type\":\"SearchAction\",\"target\":{\"@type\":\"EntryPoint\",\"urlTemplate\":\"https:\/\/gjeilo.no\/?s={search_term_string}\"},\"query-input\":{\"@type\":\"PropertyValueSpecification\",\"valueRequired\":true,\"valueName\":\"search_term_string\"}}],\"inLanguage\":\"nb-NO\"}]}<\/script>\n<!-- \/ Yoast SEO plugin. -->","yoast_head_json":{"title":"Frants Olsson Gjeilo (Storkj\u00f8rren) - Slektskap","robots":{"index":"index","follow":"follow","max-snippet":"max-snippet:-1","max-image-preview":"max-image-preview:large","max-video-preview":"max-video-preview:-1"},"canonical":"https:\/\/gjeilo.no\/?page_id=253","og_locale":"nb_NO","og_type":"article","og_title":"Frants Olsson Gjeilo (Storkj\u00f8rren) - Slektskap","og_description":"F\u00f8dd: 20\/6 1861D\u00f8d: 26\/4 1955 (93 \u00e5r)Gift den 9 \/6 1891 med Embj\u00f8rg Amundsdatter Dalen (f. 22 \/3 1876)Mor: Marit Persdtr. Krogstad (f. 17\/12 1826)Far: Ola Storkj\u00f8rren (f. 28\/12 1821) Bilde fr\u00e5 Netosetra i 1905 digitaltmuseum.no GENI:\u00a0\u00a0\u00a0\u00a0 Born:Ola (f. 29\/9 1891),Anne\u00a0 Jonsgard (f. 14\/8 1893),Marie Gjeilo (f. 25\/21896),R\u00f8nnaug Gjeilo (f. 24\/10 1989, d. 1900),Amund (f. &hellip; Fortsett \u00e5 lese Frants Olsson Gjeilo (Storkj\u00f8rren)","og_url":"https:\/\/gjeilo.no\/?page_id=253","og_site_name":"Slektskap","article_modified_time":"2026-03-06T09:27:13+00:00","og_image":[{"url":"https:\/\/gjeilo.no\/wp-content\/uploads\/2020\/04\/C18A82BD-73CA-4A3C-A243-9595089A1F2D-e1586437323199.jpeg","type":"","width":"","height":""}],"twitter_card":"summary_large_image","twitter_misc":{"Ansl. lesetid":"2 minutter"},"schema":{"@context":"https:\/\/schema.org","@graph":[{"@type":"WebPage","@id":"https:\/\/gjeilo.no\/?page_id=253","url":"https:\/\/gjeilo.no\/?page_id=253","name":"Frants Olsson Gjeilo (Storkj\u00f8rren) - Slektskap","isPartOf":{"@id":"https:\/\/gjeilo.no\/#website"},"primaryImageOfPage":{"@id":"https:\/\/gjeilo.no\/?page_id=253#primaryimage"},"image":{"@id":"https:\/\/gjeilo.no\/?page_id=253#primaryimage"},"thumbnailUrl":"https:\/\/gjeilo.no\/wp-content\/uploads\/2015\/09\/666.gif","datePublished":"2015-09-01T10:24:43+00:00","dateModified":"2026-03-06T09:27:13+00:00","breadcrumb":{"@id":"https:\/\/gjeilo.no\/?page_id=253#breadcrumb"},"inLanguage":"nb-NO","potentialAction":[{"@type":"ReadAction","target":["https:\/\/gjeilo.no\/?page_id=253"]}]},{"@type":"ImageObject","inLanguage":"nb-NO","@id":"https:\/\/gjeilo.no\/?page_id=253#primaryimage","url":"https:\/\/gjeilo.no\/wp-content\/uploads\/2015\/09\/666.gif","contentUrl":"https:\/\/gjeilo.no\/wp-content\/uploads\/2015\/09\/666.gif"},{"@type":"BreadcrumbList","@id":"https:\/\/gjeilo.no\/?page_id=253#breadcrumb","itemListElement":[{"@type":"ListItem","position":1,"name":"Hjem","item":"https:\/\/gjeilo.no\/"},{"@type":"ListItem","position":2,"name":"Frants Olsson Gjeilo (Storkj\u00f8rren)"}]},{"@type":"WebSite","@id":"https:\/\/gjeilo.no\/#website","url":"https:\/\/gjeilo.no\/","name":"Slektskap","description":"","potentialAction":[{"@type":"SearchAction","target":{"@type":"EntryPoint","urlTemplate":"https:\/\/gjeilo.no\/?s={search_term_string}"},"query-input":{"@type":"PropertyValueSpecification","valueRequired":true,"valueName":"search_term_string"}}],"inLanguage":"nb-NO"}]}},"_links":{"self":[{"href":"https:\/\/gjeilo.no\/index.php?rest_route=\/wp\/v2\/pages\/253","targetHints":{"allow":["GET"]}}],"collection":[{"href":"https:\/\/gjeilo.no\/index.php?rest_route=\/wp\/v2\/pages"}],"about":[{"href":"https:\/\/gjeilo.no\/index.php?rest_route=\/wp\/v2\/types\/page"}],"author":[{"embeddable":true,"href":"https:\/\/gjeilo.no\/index.php?rest_route=\/wp\/v2\/users\/2"}],"replies":[{"embeddable":true,"href":"https:\/\/gjeilo.no\/index.php?rest_route=%2Fwp%2Fv2%2Fcomments&post=253"}],"version-history":[{"count":47,"href":"https:\/\/gjeilo.no\/index.php?rest_route=\/wp\/v2\/pages\/253\/revisions"}],"predecessor-version":[{"id":6515,"href":"https:\/\/gjeilo.no\/index.php?rest_route=\/wp\/v2\/pages\/253\/revisions\/6515"}],"wp:attachment":[{"href":"https:\/\/gjeilo.no\/index.php?rest_route=%2Fwp%2Fv2%2Fmedia&parent=253"}],"curies":[{"name":"wp","href":"https:\/\/api.w.org\/{rel}","templated":true}]}}