{"id":2295,"date":"2023-01-20T09:37:23","date_gmt":"2023-01-20T09:37:23","guid":{"rendered":"https:\/\/gjeilo.no\/?page_id=2295"},"modified":"2024-11-09T19:56:23","modified_gmt":"2024-11-09T19:56:23","slug":"ronnaug-krokje","status":"publish","type":"page","link":"https:\/\/gjeilo.no\/?page_id=2295","title":{"rendered":"R\u00f8nnaug Olsdotter"},"content":{"rendered":"\n<p>Mor til <a rel=\"noreferrer noopener\" href=\"https:\/\/gjeilo.no\/?page_id=204(\u00e5pnes i en ny fane)\" target=\"_blank\">Ola Lunna<\/a>, og bestemor til Jo \u00d8yjordet. F\u00f8dd i Nordistugu Kollen og var brukarar i Imbertgjerdet, kom seinare til Duvdalen og i 1875  var dei p\u00e5 Flaskom. I 1875 &#8211; ca 1977 budde dei p\u00e5 husmannsplassen Stigen i Medalen (bygdabok bind B\u00f8verdalen side 78.<\/p>\n\n\n\n<p>Born:<br>Erland f. 1861<br>Ola f. 1863 <br>Eldri f. 1866<br>Kari f. 1869 d. 1869<br>Kari f. 1870<br>Embj\u00f8rg f. 1872<br>Else f. 1875<br>Jon f. 1977<br><br>R\u00f8nnaug gifta seg opp att. Nordistugu Kr\u00f8kje.<\/p>\n\n\n<p><a href=\"https:\/\/gjeilo.no\"><img loading=\"lazy\" decoding=\"async\" class=\"alignnone  wp-image-6142\" src=\"https:\/\/gjeilo.no\/wp-content\/uploads\/2024\/11\/dor-100-DPI-1.png\" alt=\"\" width=\"89\" height=\"15\" \/><\/a><\/p>\n\n\n<figure class=\"wp-block-image size-large\"><a href=\"https:\/\/gjeilo.no\/wp-content\/uploads\/2022\/02\/Bilde-09.02.2022-17-23-00-kopi.jpg\"><img loading=\"lazy\" decoding=\"async\" width=\"768\" height=\"1024\" src=\"https:\/\/gjeilo.no\/wp-content\/uploads\/2022\/02\/Bilde-09.02.2022-17-23-00-kopi-768x1024.jpg\" alt=\"\" class=\"wp-image-1906\" srcset=\"https:\/\/gjeilo.no\/wp-content\/uploads\/2022\/02\/Bilde-09.02.2022-17-23-00-kopi-768x1024.jpg 768w, https:\/\/gjeilo.no\/wp-content\/uploads\/2022\/02\/Bilde-09.02.2022-17-23-00-kopi-225x300.jpg 225w, https:\/\/gjeilo.no\/wp-content\/uploads\/2022\/02\/Bilde-09.02.2022-17-23-00-kopi-1152x1536.jpg 1152w, https:\/\/gjeilo.no\/wp-content\/uploads\/2022\/02\/Bilde-09.02.2022-17-23-00-kopi-1536x2048.jpg 1536w, https:\/\/gjeilo.no\/wp-content\/uploads\/2022\/02\/Bilde-09.02.2022-17-23-00-kopi.jpg 1913w\" sizes=\"auto, (max-width: 768px) 100vw, 768px\" \/><\/a><\/figure>\n\n\n\n<p><a href=\"https:\/\/www.digitalarkivet.no\/census\/person\/pf01036427002060\" target=\"_blank\" rel=\"noreferrer noopener\">Er usikker p\u00e5 om detter er den rette R\u00f8nnaug i DigitalArkivet.<\/a><\/p>\n","protected":false},"excerpt":{"rendered":"<p>Mor til Ola Lunna, og bestemor til Jo \u00d8yjordet. F\u00f8dd i Nordistugu Kollen og var brukarar i Imbertgjerdet, kom seinare til Duvdalen og i 1875 var dei p\u00e5 Flaskom. I 1875 &#8211; ca 1977 budde dei p\u00e5 husmannsplassen Stigen i Medalen (bygdabok bind B\u00f8verdalen side 78. Born:Erland f. 1861Ola f. 1863 Eldri f. 1866Kari f. &hellip; <a href=\"https:\/\/gjeilo.no\/?page_id=2295\" class=\"more-link\">Fortsett \u00e5 lese <span class=\"screen-reader-text\">R\u00f8nnaug Olsdotter<\/span><\/a><\/p>\n","protected":false},"author":2,"featured_media":0,"parent":0,"menu_order":0,"comment_status":"closed","ping_status":"closed","template":"","meta":{"footnotes":""},"class_list":["post-2295","page","type-page","status-publish","hentry"],"yoast_head":"<!-- This site is optimized with the Yoast SEO plugin v26.0 - https:\/\/yoast.com\/wordpress\/plugins\/seo\/ -->\n<title>R\u00f8nnaug Olsdotter - Slektskap<\/title>\n<meta name=\"robots\" content=\"index, follow, max-snippet:-1, max-image-preview:large, max-video-preview:-1\" \/>\n<link rel=\"canonical\" href=\"https:\/\/gjeilo.no\/?page_id=2295\" \/>\n<meta property=\"og:locale\" content=\"nb_NO\" \/>\n<meta property=\"og:type\" content=\"article\" \/>\n<meta property=\"og:title\" content=\"R\u00f8nnaug Olsdotter - Slektskap\" \/>\n<meta property=\"og:description\" content=\"Mor til Ola Lunna, og bestemor til Jo \u00d8yjordet. F\u00f8dd i Nordistugu Kollen og var brukarar i Imbertgjerdet, kom seinare til Duvdalen og i 1875 var dei p\u00e5 Flaskom. I 1875 &#8211; ca 1977 budde dei p\u00e5 husmannsplassen Stigen i Medalen (bygdabok bind B\u00f8verdalen side 78. Born:Erland f. 1861Ola f. 1863 Eldri f. 1866Kari f. &hellip; Fortsett \u00e5 lese R\u00f8nnaug Olsdotter\" \/>\n<meta property=\"og:url\" content=\"https:\/\/gjeilo.no\/?page_id=2295\" \/>\n<meta property=\"og:site_name\" content=\"Slektskap\" \/>\n<meta property=\"article:modified_time\" content=\"2024-11-09T19:56:23+00:00\" \/>\n<meta property=\"og:image\" content=\"https:\/\/gjeilo.no\/wp-content\/uploads\/2024\/11\/dor-100-DPI-1.png\" \/>\n\t<meta property=\"og:image:width\" content=\"266\" \/>\n\t<meta property=\"og:image:height\" content=\"45\" \/>\n\t<meta property=\"og:image:type\" content=\"image\/png\" \/>\n<meta name=\"twitter:card\" content=\"summary_large_image\" \/>\n<meta name=\"twitter:label1\" content=\"Ansl. lesetid\" \/>\n\t<meta name=\"twitter:data1\" content=\"1 minutt\" \/>\n<script type=\"application\/ld+json\" class=\"yoast-schema-graph\">{\"@context\":\"https:\/\/schema.org\",\"@graph\":[{\"@type\":\"WebPage\",\"@id\":\"https:\/\/gjeilo.no\/?page_id=2295\",\"url\":\"https:\/\/gjeilo.no\/?page_id=2295\",\"name\":\"R\u00f8nnaug Olsdotter - Slektskap\",\"isPartOf\":{\"@id\":\"https:\/\/gjeilo.no\/#website\"},\"primaryImageOfPage\":{\"@id\":\"https:\/\/gjeilo.no\/?page_id=2295#primaryimage\"},\"image\":{\"@id\":\"https:\/\/gjeilo.no\/?page_id=2295#primaryimage\"},\"thumbnailUrl\":\"https:\/\/gjeilo.no\/wp-content\/uploads\/2024\/11\/dor-100-DPI-1.png\",\"datePublished\":\"2023-01-20T09:37:23+00:00\",\"dateModified\":\"2024-11-09T19:56:23+00:00\",\"breadcrumb\":{\"@id\":\"https:\/\/gjeilo.no\/?page_id=2295#breadcrumb\"},\"inLanguage\":\"nb-NO\",\"potentialAction\":[{\"@type\":\"ReadAction\",\"target\":[\"https:\/\/gjeilo.no\/?page_id=2295\"]}]},{\"@type\":\"ImageObject\",\"inLanguage\":\"nb-NO\",\"@id\":\"https:\/\/gjeilo.no\/?page_id=2295#primaryimage\",\"url\":\"https:\/\/gjeilo.no\/wp-content\/uploads\/2024\/11\/dor-100-DPI-1.png\",\"contentUrl\":\"https:\/\/gjeilo.no\/wp-content\/uploads\/2024\/11\/dor-100-DPI-1.png\"},{\"@type\":\"BreadcrumbList\",\"@id\":\"https:\/\/gjeilo.no\/?page_id=2295#breadcrumb\",\"itemListElement\":[{\"@type\":\"ListItem\",\"position\":1,\"name\":\"Hjem\",\"item\":\"https:\/\/gjeilo.no\/\"},{\"@type\":\"ListItem\",\"position\":2,\"name\":\"R\u00f8nnaug Olsdotter\"}]},{\"@type\":\"WebSite\",\"@id\":\"https:\/\/gjeilo.no\/#website\",\"url\":\"https:\/\/gjeilo.no\/\",\"name\":\"Slektskap\",\"description\":\"\",\"potentialAction\":[{\"@type\":\"SearchAction\",\"target\":{\"@type\":\"EntryPoint\",\"urlTemplate\":\"https:\/\/gjeilo.no\/?s={search_term_string}\"},\"query-input\":{\"@type\":\"PropertyValueSpecification\",\"valueRequired\":true,\"valueName\":\"search_term_string\"}}],\"inLanguage\":\"nb-NO\"}]}<\/script>\n<!-- \/ Yoast SEO plugin. -->","yoast_head_json":{"title":"R\u00f8nnaug Olsdotter - Slektskap","robots":{"index":"index","follow":"follow","max-snippet":"max-snippet:-1","max-image-preview":"max-image-preview:large","max-video-preview":"max-video-preview:-1"},"canonical":"https:\/\/gjeilo.no\/?page_id=2295","og_locale":"nb_NO","og_type":"article","og_title":"R\u00f8nnaug Olsdotter - Slektskap","og_description":"Mor til Ola Lunna, og bestemor til Jo \u00d8yjordet. F\u00f8dd i Nordistugu Kollen og var brukarar i Imbertgjerdet, kom seinare til Duvdalen og i 1875 var dei p\u00e5 Flaskom. I 1875 &#8211; ca 1977 budde dei p\u00e5 husmannsplassen Stigen i Medalen (bygdabok bind B\u00f8verdalen side 78. Born:Erland f. 1861Ola f. 1863 Eldri f. 1866Kari f. &hellip; Fortsett \u00e5 lese R\u00f8nnaug Olsdotter","og_url":"https:\/\/gjeilo.no\/?page_id=2295","og_site_name":"Slektskap","article_modified_time":"2024-11-09T19:56:23+00:00","og_image":[{"width":266,"height":45,"url":"https:\/\/gjeilo.no\/wp-content\/uploads\/2024\/11\/dor-100-DPI-1.png","type":"image\/png"}],"twitter_card":"summary_large_image","twitter_misc":{"Ansl. lesetid":"1 minutt"},"schema":{"@context":"https:\/\/schema.org","@graph":[{"@type":"WebPage","@id":"https:\/\/gjeilo.no\/?page_id=2295","url":"https:\/\/gjeilo.no\/?page_id=2295","name":"R\u00f8nnaug Olsdotter - Slektskap","isPartOf":{"@id":"https:\/\/gjeilo.no\/#website"},"primaryImageOfPage":{"@id":"https:\/\/gjeilo.no\/?page_id=2295#primaryimage"},"image":{"@id":"https:\/\/gjeilo.no\/?page_id=2295#primaryimage"},"thumbnailUrl":"https:\/\/gjeilo.no\/wp-content\/uploads\/2024\/11\/dor-100-DPI-1.png","datePublished":"2023-01-20T09:37:23+00:00","dateModified":"2024-11-09T19:56:23+00:00","breadcrumb":{"@id":"https:\/\/gjeilo.no\/?page_id=2295#breadcrumb"},"inLanguage":"nb-NO","potentialAction":[{"@type":"ReadAction","target":["https:\/\/gjeilo.no\/?page_id=2295"]}]},{"@type":"ImageObject","inLanguage":"nb-NO","@id":"https:\/\/gjeilo.no\/?page_id=2295#primaryimage","url":"https:\/\/gjeilo.no\/wp-content\/uploads\/2024\/11\/dor-100-DPI-1.png","contentUrl":"https:\/\/gjeilo.no\/wp-content\/uploads\/2024\/11\/dor-100-DPI-1.png"},{"@type":"BreadcrumbList","@id":"https:\/\/gjeilo.no\/?page_id=2295#breadcrumb","itemListElement":[{"@type":"ListItem","position":1,"name":"Hjem","item":"https:\/\/gjeilo.no\/"},{"@type":"ListItem","position":2,"name":"R\u00f8nnaug Olsdotter"}]},{"@type":"WebSite","@id":"https:\/\/gjeilo.no\/#website","url":"https:\/\/gjeilo.no\/","name":"Slektskap","description":"","potentialAction":[{"@type":"SearchAction","target":{"@type":"EntryPoint","urlTemplate":"https:\/\/gjeilo.no\/?s={search_term_string}"},"query-input":{"@type":"PropertyValueSpecification","valueRequired":true,"valueName":"search_term_string"}}],"inLanguage":"nb-NO"}]}},"_links":{"self":[{"href":"https:\/\/gjeilo.no\/index.php?rest_route=\/wp\/v2\/pages\/2295","targetHints":{"allow":["GET"]}}],"collection":[{"href":"https:\/\/gjeilo.no\/index.php?rest_route=\/wp\/v2\/pages"}],"about":[{"href":"https:\/\/gjeilo.no\/index.php?rest_route=\/wp\/v2\/types\/page"}],"author":[{"embeddable":true,"href":"https:\/\/gjeilo.no\/index.php?rest_route=\/wp\/v2\/users\/2"}],"replies":[{"embeddable":true,"href":"https:\/\/gjeilo.no\/index.php?rest_route=%2Fwp%2Fv2%2Fcomments&post=2295"}],"version-history":[{"count":6,"href":"https:\/\/gjeilo.no\/index.php?rest_route=\/wp\/v2\/pages\/2295\/revisions"}],"predecessor-version":[{"id":6195,"href":"https:\/\/gjeilo.no\/index.php?rest_route=\/wp\/v2\/pages\/2295\/revisions\/6195"}],"wp:attachment":[{"href":"https:\/\/gjeilo.no\/index.php?rest_route=%2Fwp%2Fv2%2Fmedia&parent=2295"}],"curies":[{"name":"wp","href":"https:\/\/api.w.org\/{rel}","templated":true}]}}