{"id":204,"date":"2015-09-01T09:47:19","date_gmt":"2015-09-01T09:47:19","guid":{"rendered":"https:\/\/gjeilo.no\/?page_id=204"},"modified":"2026-04-15T02:38:37","modified_gmt":"2026-04-15T02:38:37","slug":"ola-krokje-lunna","status":"publish","type":"page","link":"https:\/\/gjeilo.no\/?page_id=204","title":{"rendered":"Ola \/ Ole Johnsen"},"content":{"rendered":"<p>f. 1863 d. 5. desember 1896.<br \/>g.m. <a title=\"Marit Sygardsplassen\" href=\"https:\/\/gjeilo.no\/?page_id=201\"><strong>Marit Sperstadplads<\/strong> (etternamn i fyglje kyrkjeboka for Nordberg)<\/a><br \/>Mor:\u00a0 <a href=\"https:\/\/gjeilo.no\/?page_id=2295\"><strong>R\u00f8nnaug Olsdotter<\/strong> f. 1843 <\/a>f. i Nordistugu Kollen<br \/>Far: Jon Erlandsson f. 1834 i Imbertsgjerdet.<\/p>\n<p>Ved d\u00e5pen til John i Nordberg kyrkje 15. februar 1891 var Husmandss\u00f8n Ole Johnsen med bopel Gauper i Lom f. 1864 oppf\u00f8rt som far.\u00a0<\/p>\n<p>Marit og Ole gifta seg i Lom prestegjeld den 26. november 1891. I kyrkjeboka st\u00e5r det oppf\u00f8rt dag(?)arbeidar Lunna Lunna\u00a0 1863 og &#8211; Sperstadplads(en) 1872.<br \/><a href=\"https:\/\/gjeilo.no\/wp-content\/uploads\/2026\/04\/IMG_0878.png\"><img loading=\"lazy\" decoding=\"async\" class=\"alignnone size-full wp-image-6809\" src=\"https:\/\/gjeilo.no\/wp-content\/uploads\/2026\/04\/IMG_0878.png\" alt=\"\" width=\"3110\" height=\"948\" srcset=\"https:\/\/gjeilo.no\/wp-content\/uploads\/2026\/04\/IMG_0878.png 3110w, https:\/\/gjeilo.no\/wp-content\/uploads\/2026\/04\/IMG_0878-300x91.png 300w, https:\/\/gjeilo.no\/wp-content\/uploads\/2026\/04\/IMG_0878-1024x312.png 1024w, https:\/\/gjeilo.no\/wp-content\/uploads\/2026\/04\/IMG_0878-768x234.png 768w, https:\/\/gjeilo.no\/wp-content\/uploads\/2026\/04\/IMG_0878-1536x468.png 1536w, https:\/\/gjeilo.no\/wp-content\/uploads\/2026\/04\/IMG_0878-2048x624.png 2048w\" sizes=\"auto, (max-width: 3110px) 100vw, 3110px\" \/><\/a><\/p>\n<p>I kyrkjeboka ved gravferda den 10. desember 1896 st\u00e5r det:<br \/>Bopel \u00d8ijordet. Ombragt sig ved Hengning.\u00a0<\/p>\n<p>Jorun Lunna har skrive om oldefaren sin:<br \/><em>Oldefar Ola Jonsen var f\u00f8dd i 1863 og gjekk bort i 1896. Foreldra var Jon Erlandson og R\u00f8nnaug Olsdotter. Familien st\u00e5r oppf\u00f8rt som brukarar i Imbertgjerdet i Lia i 1865. Seinare budde dei i Duvdalen. Ved folketeljinga i 1875 kom dei til Flaskom, ein husmannsplass ovanfor N. Sulheim i Medalen. Men, i d\u00e5pslistene st\u00e5r dei f\u00f8rt som husmannsfolk p\u00e5 Stigen, ein annan husmannsplass noko n\u00e6rare N. Sulheim.<\/em><\/p>\n<figure id=\"attachment_4845\" aria-describedby=\"caption-attachment-4845\" style=\"width: 1920px\" class=\"wp-caption alignnone\"><a href=\"https:\/\/gjeilo.no\/wp-content\/uploads\/2023\/10\/1B9E4C7C-6E42-4C2D-A050-D190379328E5-scaled.jpeg\"><img loading=\"lazy\" decoding=\"async\" class=\"wp-image-4845 size-full\" src=\"https:\/\/gjeilo.no\/wp-content\/uploads\/2023\/10\/1B9E4C7C-6E42-4C2D-A050-D190379328E5-scaled.jpeg\" alt=\"\" width=\"1920\" height=\"2560\" srcset=\"https:\/\/gjeilo.no\/wp-content\/uploads\/2023\/10\/1B9E4C7C-6E42-4C2D-A050-D190379328E5-scaled.jpeg 1920w, https:\/\/gjeilo.no\/wp-content\/uploads\/2023\/10\/1B9E4C7C-6E42-4C2D-A050-D190379328E5-225x300.jpeg 225w, https:\/\/gjeilo.no\/wp-content\/uploads\/2023\/10\/1B9E4C7C-6E42-4C2D-A050-D190379328E5-768x1024.jpeg 768w, https:\/\/gjeilo.no\/wp-content\/uploads\/2023\/10\/1B9E4C7C-6E42-4C2D-A050-D190379328E5-1152x1536.jpeg 1152w, https:\/\/gjeilo.no\/wp-content\/uploads\/2023\/10\/1B9E4C7C-6E42-4C2D-A050-D190379328E5-1536x2048.jpeg 1536w\" sizes=\"auto, (max-width: 1920px) 100vw, 1920px\" \/><\/a><figcaption id=\"caption-attachment-4845\" class=\"wp-caption-text\">Fr\u00e5 Stigen i 2023.<\/figcaption><\/figure>\n<p><em>Fr\u00e5 Solsida i Lom.\u00a0 Vart gift med Marit Sygardsplassen i Br\u00e5t\u00e5 i Skj\u00e5k. Dei leigde S\u00f8re \u00d8yjordet i\u00a0<\/em> Medalen.<em> Dei fekk fire barn. Jo kom til p\u00e5 Sygardsplassen same \u00e5ret som Ola og Marit vart gift. Dei tre andre vart f\u00f8dde p\u00e5 \u00d8yjordet.\u00a0 Ola vart nerv\u00f8s og tok livet sitt i 1897, 33 \u00e5r gamal. Jo vart da bortsett til Gaupar der han hadde det vondt. M\u00e5tte vere med \u00e5 arbeide. Det vart gripe inn fr\u00e5 det offentlege og han kom da til \u00d8verb\u00f8. Mathias kom til Kvamme og fekk det godt. R\u00f8nnaug havna p\u00e5 \u00d8verb\u00f8 og hadde ogs\u00e5 med seg R\u00f8nnaug dit. Thora vart med Marit.<\/em><\/p>\n<p><em>Ola Jonson gifta seg i 1891 med Marit Nilsdotter f. 1871 fr\u00e5 Sperstadplassen i Skj\u00e5k. Dei budde b\u00e5de p\u00e5 Kleivi (ved Kleivsletten) og Visvollen (litt f\u00f8r Visbrua) f\u00f8r dei fl\u00f8tte til humannsplassen p\u00e5 S\u00f8re \u00d8yjordet. Dette var husmannsplass under S. Gaupar.<\/em><\/p>\n<p><em>Oldefar (Ola) var berre 33 \u00e5r da han tok sitt eige liv ved \u00e5 henge seg p\u00e5 ein liten haug ved vegen mot Gl\u00f8msdal den 5. desember 1896 (?) ikkje langt fr\u00e5 der familien budde. Da hadde ikkje Tora vorte f\u00f8dd enda og bestefar (John) var ikkje fyllt seks \u00e5r. Vi kan ikkje vite kvifor denne tragedia skjedde, men Ola Magnar Hoft har fortalt at det det var sagt at han &laquo;leid av tungsinn&raquo;. Kanskje var han psykisk sjuk. I alle fall var det sikkert at han hadde eit strevsamt liv. \u00a0<\/em><\/p>\n<p><em>Oldemor (Marit) fekk bu p\u00e5 husmannplassen p\u00e5 S\u00f8re \u00d8yjordet til Tora vart f\u00f8dd. Da m\u00e5tta dei fl\u00f8tte ut. Dette vart starten p\u00e5 ei vond tid for dei alle. Spesielt for bestefar John. Han kom p\u00e5 legd til S. Gaupar, berre seks \u00e5r gamal. Eg veit ikkje kor lenge han vart der, men han hadde det s\u00e5pass d\u00e5rleg der at han vart fl\u00f8tt til \u00d8verb\u00f8. Myndigheitene greip inn. Eg har h\u00f8yrt at oldemor Marit hadde med seg Tora (minstejenta) rundt om p\u00e5 gardane der ho tok seg arbeid. Tande Thea sa at ho hadde med seg b\u00e5de Tora og R\u00f8nnaug ei stund og at dei l\u00e5g i fj\u00f8sa og kom p\u00e5 legd etterkvart. <\/em><em>Mathias kom til Kvamme. Der fekk han det godt og dei adopterte han og han tok etternamnet Kvamme.<\/em><\/p>\n<p><em>Eg var ni \u00e5r da bestefar John gjekk bort (p\u00e5 L\u00e5gkollen). Eg var mykje i lag med bestefar i og med at vi budde i same huset i Graffershaugen og vi gjekk ofte turar innp\u00e5 L\u00e5gkollen. Bestefar var snill, t\u00e5lmodig og omsorgsfull. og fann p\u00e5 artige ting. Eg hugsar at han fekk til \u00e5 fylle ut sj\u00f8lvmeldinga si f\u00f8r eg kunne skrive. Krota ned fullt med krusedullar p\u00e5 eit sj\u00f8lvmeldingsskjema &#8211; fullt overbevist om at eg hadde skrive sj\u00f8lvmeldinga som han sa han hadde sendt med postmannen. Likeeins fekk bestefar meg til \u00e5 skrive brev til julenissen. N\u00e5r vi var innp\u00e5 L\u00e5gkollen hadde han arbeid med \u00e5 bryte opp gamle trer\u00f8tter med spett som han bar med heim i b\u00f8r p\u00e5 ryggen. Eg trur han stort sett brukte buserull. Vi hade faste plassar (steinar) som vi sat og kvilte p\u00e5. Da fekk eg Kongen av Danmark-drops. Ein gong kjem eg i hug at han sa at eg skulle sitje heilt roleg og h\u00f8yre godt etter for da kom eg til \u00e5 h\u00f8yre Skjellkv\u00e5len som sat i ein grantopp og spelte fele! Og eg tykte at eg kunne h\u00f8yre felespel! Dette var sikkert for \u00e5 f\u00e5 meg til \u00e5 vera roleg ei stund. Ein gong var syster Sigrun med. Da hadde vi g\u00e5tt nedtil Svart-tj\u00f8nna. Sigrun skulle samle blomar til herbarium.\u00a0 Eg stod og st\u00f8tta meg til ein roten kvist og ramla uti tj\u00f8nna og bl\u00f8ytte meg. Sigrun m\u00e5tte fylgje meg heim att da.<br \/><\/em><\/p>\n<p><em>Det var kanskje p\u00e5 ein av desse turane at bestefar fortalde meg eitt og hitt om korleis han haddde hatt det som liten sm\u00e5gut p\u00e5 Gaupar. For det gjorde han faktisk, litt rart \u00e5 tenkje p\u00e5. For det var noko han ellers ikkje prata noko s\u00e6rleg om. Eg trur ikkje han prata med sine eigne ungar om dette. Kanskje var det for vondt for han og\u00a0 for dei. Mellom anna sa han at han hadde st\u00e5tt opp og beundra nokre kvite stiva-snipper \/ halvskjorter, og kom til \u00e5 bryte litt p\u00e5 ein snipp. Da skulle han straffast og ein gardskar heldt han medan ein annan pissa p\u00e5 han i ansiktet. Han m\u00e5tte vere med \u00e5 arbeide og sto uti Visdalen om vinteren i sm\u00e5e sko og heldt oppe sekkar som dei samla lauv til dyrefor. Da var han s\u00e5 kald p\u00e5 f\u00f8tene at han mest ikkje kjende til dei. Fraus gjorde han ogs\u00e5 ofte n\u00e5r han pr\u00f8vde \u00e5 lese lekser p\u00e5 kveldstid. (Bestefar var flink til \u00e5 lese og skuleflink.)\u00a0 <\/em><\/p>\n<p><em>Da kunne han vakne ved bordet seint p\u00e5 kvelden eller natta av at han fraus. Det var ingen som hadde sett til at han fekk lagt seg. Han fortalde ogs\u00e5 at han hadde skeiv seng under ei anna seng. N\u00e5r\u00a0 det var p\u00e5 det kaldaste p\u00e5 vinteren var det is p\u00e5 golvet under senga. Men har fortalde ogs\u00e5 om at det arbeidde ei jente\/kvinne der som var snill mot han. Ho tok han av og til opp i senga og vermde han n\u00e5r han vart kald. Eg trur ogs\u00e5 han fortalde at ho hjalp han ein gong han hadde bl\u00f8ytt seg. Eg trur ho gav han omsorg og eg skulle gjerne vist kven ho var. Eg trur ikkje han nemnde namnet hennar.\u00a0<\/em><\/p>\n<p><em>Bestefar fortalde at han etter kvart kom til \u00d8verb\u00f8 og at han fekk det godt der. Han m\u00e5tte arbeide\u00a0 der ogs\u00e5 men det m\u00e5tte alle gjera p\u00e5 den tida. Der vart han sett og fekk mat, kl\u00e6r og omsorg.<\/em><\/p>\n<p><em>Eg kan ikkje hugse at bestefar prata om mor si. Han hadde vel ikkje s\u00e5 mykje kontakt med henne i oppvektsen og heller ikkje etter at han vart vaksen. Ho gifte seg opp att med Rasmus Lund som ar jernbanearbeidar, og dei flytte med nordover i landet der han hadde arbeid. Oldemor vart 100 \u00e5r i fylgje bygdaboka.<\/em><\/p>\n<p><em>Eg var ofte med bestefar borti vegen ved rampa for \u00e5 hente posten. Bestefar var interessert i \u00e5 lese avisa og f\u00f8lgje med. Eg hugsar ogs\u00e5 at eg las romanen i Dagningen h\u00f8gt for han etter at eg hadde l\u00e6rt meg \u00e5 lese. Da var han noks\u00e5 d\u00e5rleg til \u00e5 sj\u00e5. Og s\u00e5 spelte vi kort bl.a. svelte. Eg kan faktisk ikkje hugse at han var sint\/streng mot meg nokon gong.<\/em><\/p>\n<p><em>Dette vart mykje meir skriveri enn eg hadde tenkt, men eg har mange gode minner um bestefar og bestemor. Og eg tykkjer\u00a0 han ga meg noko spesielt ved \u00e5 fortelje meg dette sj\u00f8lv om eg var lita. Eg beundrar bestefar som tross alt vart slik han vart. Snill og pliktoppfyllande.\u00a0<\/em><\/p>\n<p>Jorun Synn\u00f8ve Lunna, mai 2023<\/p>\n<pre><a href=\"https:\/\/www.digitalarkivet.no\/view\/327\/pv00000004896729?fbclid=IwAR0yePker9xJMloPrGytQHrOqLpKdUsDnNtBSAoAW8_UhOLmcIuXgxkpTE0\">P\u00e5 digitalarkivet st\u00e5r det at Ola var f\u00f8dd p\u00e5 Lunna.<\/a><\/pre>\n<pre><a href=\"https:\/\/gjeilo.no\/wp-content\/uploads\/2023\/05\/husmenn-i-medalen2023-05-21-11-38.pdf\" target=\"_blank\" rel=\"noopener\">Sj\u00e5 oversikt over husmennsplassar i Medalen fortalt av Ragnar Skjelden til Jorunn Kvale.<\/a><\/pre>\n<p><em>Ola og Marit f\u00e5r desse borna:<\/em><br \/><a title=\"Jon \u00d8yjordet\" href=\"https:\/\/gjeilo.no\/?page_id=167\">Jon (John) \u00d8yjordet<\/a> (2\/1 1891 &#8211; 22\/8 1969) g.m. <a href=\"https:\/\/gjeilo.no\/?page_id=164\">Maria Haugtr\u00e6det<\/a><br \/>Mathias (f.\u00a0 1893 ) som kom til Kvamme <br \/>g1.m. &#8230;&#8230;.. fra Bergen d\u00f8d i &laquo;Spansken&raquo; da ho gjekk med barn<br \/>g2.m. s\u00f8ster til sin f\u00f8rste kone (fekk fem barn)\u00a0 bodde p\u00e5 Ask\u00f8y i Bergen<br \/>Thora (f.\u00a0\u00a0 ) g.m. Ole Kristiansen som arbeidde ved jernbana bodde i Spikkestad. 3 barn Klara, Oddveig og Ola (aktiv i motstandsarbeid under krigen &#8211; m\u00e5tte flykte og vart borte).<br \/>R\u00f8nnaug (f.\u00a0 1894) g.m. Nils Moen fr\u00e5 Skj\u00e5k og budde i ei stugu ovanfor vegen ved Nygarden i Skj\u00e5k.<br \/>Tor\u00f8 (f. 1897) g.m. Ole Kristiansen fr\u00e5 Lunner. Busette seg p\u00e5 Spikkestad.<\/p>\n<p>Syskjenflokk:<br \/>Erland \/ Erlend f. 1861<br \/>Ola f. 1863<br \/>Eldri f. 1866<br \/>Kari f. 1869 d. 1869<br \/>Kari f. 1870 (fl\u00f8tte til Amerika)<br \/>Embj\u00f8rg f. 1872<br \/>Else f. 1875 (fl\u00f8tte til Amerika)<br \/>Jon f. 1977<\/p>\n<p><a href=\"https:\/\/gjeilo.no\"><img loading=\"lazy\" decoding=\"async\" class=\"alignnone  wp-image-6142\" src=\"https:\/\/gjeilo.no\/wp-content\/uploads\/2024\/11\/dor-100-DPI-1.png\" alt=\"\" width=\"89\" height=\"15\" \/><\/a><\/p>\n\n\n<figure class=\"wp-block-gallery has-nested-images columns-default is-cropped wp-block-gallery-1 is-layout-flex wp-block-gallery-is-layout-flex\">\n<figure class=\"wp-block-image size-large\"><a href=\"https:\/\/gjeilo.no\/wp-content\/uploads\/2023\/05\/099A93AB-8A1B-44CB-B496-8A597C5F2362-scaled.jpeg\"><img decoding=\"async\" data-id=\"4536\" src=\"https:\/\/gjeilo.no\/wp-content\/uploads\/2023\/05\/099A93AB-8A1B-44CB-B496-8A597C5F2362-768x1024.jpeg\" alt=\"\" class=\"wp-image-4536\"\/><\/a><\/figure>\n\n\n\n<figure class=\"wp-block-image size-large\"><a href=\"https:\/\/gjeilo.no\/wp-content\/uploads\/2023\/05\/5796BD9E-05AD-425F-8F56-44E6B9BAC4E8-scaled.jpeg\"><img decoding=\"async\" data-id=\"4537\" src=\"https:\/\/gjeilo.no\/wp-content\/uploads\/2023\/05\/5796BD9E-05AD-425F-8F56-44E6B9BAC4E8-1024x768.jpeg\" alt=\"\" class=\"wp-image-4537\"\/><\/a><\/figure>\n\n\n\n<figure class=\"wp-block-image size-large\"><a href=\"https:\/\/gjeilo.no\/wp-content\/uploads\/2023\/05\/62949847-A797-4F93-B4D1-74FE1EBC24EC-scaled.jpeg\"><img decoding=\"async\" data-id=\"4540\" src=\"https:\/\/gjeilo.no\/wp-content\/uploads\/2023\/05\/62949847-A797-4F93-B4D1-74FE1EBC24EC-768x1024.jpeg\" alt=\"\" class=\"wp-image-4540\"\/><\/a><\/figure>\n\n\n\n<figure class=\"wp-block-image size-large\"><a href=\"https:\/\/gjeilo.no\/wp-content\/uploads\/2023\/05\/2D8E768F-D7A9-4FE6-973C-80F50DC7E420-scaled.jpeg\"><img decoding=\"async\" data-id=\"4541\" src=\"https:\/\/gjeilo.no\/wp-content\/uploads\/2023\/05\/2D8E768F-D7A9-4FE6-973C-80F50DC7E420-1024x768.jpeg\" alt=\"\" class=\"wp-image-4541\"\/><\/a><\/figure>\n\n\n\n<figure class=\"wp-block-image size-large\"><a href=\"https:\/\/gjeilo.no\/wp-content\/uploads\/2023\/05\/D631E58A-49E7-42DE-BB74-D2AEF8D26D5C-scaled.jpeg\"><img decoding=\"async\" data-id=\"4542\" src=\"https:\/\/gjeilo.no\/wp-content\/uploads\/2023\/05\/D631E58A-49E7-42DE-BB74-D2AEF8D26D5C-768x1024.jpeg\" alt=\"\" class=\"wp-image-4542\"\/><\/a><\/figure>\n\n\n\n<figure class=\"wp-block-image size-large\"><a href=\"https:\/\/gjeilo.no\/wp-content\/uploads\/2023\/05\/A154DC69-CD7F-4B3B-958D-A6C897A2B3F5-scaled.jpeg\"><img decoding=\"async\" data-id=\"4543\" src=\"https:\/\/gjeilo.no\/wp-content\/uploads\/2023\/05\/A154DC69-CD7F-4B3B-958D-A6C897A2B3F5-768x1024.jpeg\" alt=\"\" class=\"wp-image-4543\"\/><\/a><\/figure>\n\n\n\n<figure class=\"wp-block-image size-large\"><a href=\"https:\/\/gjeilo.no\/wp-content\/uploads\/2023\/05\/6DF7625A-DC2C-4469-AD9E-4CCE384A8A3D-scaled.jpeg\"><img decoding=\"async\" data-id=\"4544\" src=\"https:\/\/gjeilo.no\/wp-content\/uploads\/2023\/05\/6DF7625A-DC2C-4469-AD9E-4CCE384A8A3D-768x1024.jpeg\" alt=\"\" class=\"wp-image-4544\"\/><\/a><\/figure>\n<figcaption class=\"blocks-gallery-caption wp-element-caption\">Fr\u00e5 omr\u00e5det rundt \u00d8yjordet med tuftene etter det som antageleg var husmannsplassen som familien budde p\u00e5 da Ola tok sitt eige liv med omr\u00e5dt rundt som nok var delvis oppdyrka og ikkje minst haugen der Ola tok sitt eige liv berre 33 \u00e5r gamal.<\/figcaption><\/figure>\n","protected":false},"excerpt":{"rendered":"<p>f. 1863 d. 5. desember 1896.g.m. Marit Sperstadplads (etternamn i fyglje kyrkjeboka for Nordberg)Mor:\u00a0 R\u00f8nnaug Olsdotter f. 1843 f. i Nordistugu KollenFar: Jon Erlandsson f. 1834 i Imbertsgjerdet. Ved d\u00e5pen til John i Nordberg kyrkje 15. februar 1891 var Husmandss\u00f8n Ole Johnsen med bopel Gauper i Lom f. 1864 oppf\u00f8rt som far.\u00a0 Marit og Ole &hellip; <a href=\"https:\/\/gjeilo.no\/?page_id=204\" class=\"more-link\">Fortsett \u00e5 lese <span class=\"screen-reader-text\">Ola \/ Ole Johnsen<\/span><\/a><\/p>\n","protected":false},"author":2,"featured_media":0,"parent":0,"menu_order":0,"comment_status":"closed","ping_status":"open","template":"","meta":{"footnotes":""},"class_list":["post-204","page","type-page","status-publish","hentry"],"yoast_head":"<!-- This site is optimized with the Yoast SEO plugin v26.0 - https:\/\/yoast.com\/wordpress\/plugins\/seo\/ -->\n<title>Ola \/ Ole Johnsen - Slektskap<\/title>\n<meta name=\"robots\" content=\"index, follow, max-snippet:-1, max-image-preview:large, max-video-preview:-1\" \/>\n<link rel=\"canonical\" href=\"https:\/\/gjeilo.no\/?page_id=204\" \/>\n<meta property=\"og:locale\" content=\"nb_NO\" \/>\n<meta property=\"og:type\" content=\"article\" \/>\n<meta property=\"og:title\" content=\"Ola \/ Ole Johnsen - Slektskap\" \/>\n<meta property=\"og:description\" content=\"f. 1863 d. 5. desember 1896.g.m. Marit Sperstadplads (etternamn i fyglje kyrkjeboka for Nordberg)Mor:\u00a0 R\u00f8nnaug Olsdotter f. 1843 f. i Nordistugu KollenFar: Jon Erlandsson f. 1834 i Imbertsgjerdet. Ved d\u00e5pen til John i Nordberg kyrkje 15. februar 1891 var Husmandss\u00f8n Ole Johnsen med bopel Gauper i Lom f. 1864 oppf\u00f8rt som far.\u00a0 Marit og Ole &hellip; Fortsett \u00e5 lese Ola \/ Ole Johnsen\" \/>\n<meta property=\"og:url\" content=\"https:\/\/gjeilo.no\/?page_id=204\" \/>\n<meta property=\"og:site_name\" content=\"Slektskap\" \/>\n<meta property=\"article:modified_time\" content=\"2026-04-15T02:38:37+00:00\" \/>\n<meta property=\"og:image\" content=\"https:\/\/gjeilo.no\/wp-content\/uploads\/2026\/04\/IMG_0878-1024x312.png\" \/>\n\t<meta property=\"og:image:width\" content=\"1024\" \/>\n\t<meta property=\"og:image:height\" content=\"312\" \/>\n\t<meta property=\"og:image:type\" content=\"image\/png\" \/>\n<meta name=\"twitter:card\" content=\"summary_large_image\" \/>\n<meta name=\"twitter:label1\" content=\"Ansl. lesetid\" \/>\n\t<meta name=\"twitter:data1\" content=\"11 minutter\" \/>\n<script type=\"application\/ld+json\" class=\"yoast-schema-graph\">{\"@context\":\"https:\/\/schema.org\",\"@graph\":[{\"@type\":\"WebPage\",\"@id\":\"https:\/\/gjeilo.no\/?page_id=204\",\"url\":\"https:\/\/gjeilo.no\/?page_id=204\",\"name\":\"Ola \/ Ole Johnsen - Slektskap\",\"isPartOf\":{\"@id\":\"https:\/\/gjeilo.no\/#website\"},\"primaryImageOfPage\":{\"@id\":\"https:\/\/gjeilo.no\/?page_id=204#primaryimage\"},\"image\":{\"@id\":\"https:\/\/gjeilo.no\/?page_id=204#primaryimage\"},\"thumbnailUrl\":\"https:\/\/gjeilo.no\/wp-content\/uploads\/2026\/04\/IMG_0878.png\",\"datePublished\":\"2015-09-01T09:47:19+00:00\",\"dateModified\":\"2026-04-15T02:38:37+00:00\",\"breadcrumb\":{\"@id\":\"https:\/\/gjeilo.no\/?page_id=204#breadcrumb\"},\"inLanguage\":\"nb-NO\",\"potentialAction\":[{\"@type\":\"ReadAction\",\"target\":[\"https:\/\/gjeilo.no\/?page_id=204\"]}]},{\"@type\":\"ImageObject\",\"inLanguage\":\"nb-NO\",\"@id\":\"https:\/\/gjeilo.no\/?page_id=204#primaryimage\",\"url\":\"https:\/\/gjeilo.no\/wp-content\/uploads\/2026\/04\/IMG_0878.png\",\"contentUrl\":\"https:\/\/gjeilo.no\/wp-content\/uploads\/2026\/04\/IMG_0878.png\"},{\"@type\":\"BreadcrumbList\",\"@id\":\"https:\/\/gjeilo.no\/?page_id=204#breadcrumb\",\"itemListElement\":[{\"@type\":\"ListItem\",\"position\":1,\"name\":\"Hjem\",\"item\":\"https:\/\/gjeilo.no\/\"},{\"@type\":\"ListItem\",\"position\":2,\"name\":\"Ola \/ Ole Johnsen\"}]},{\"@type\":\"WebSite\",\"@id\":\"https:\/\/gjeilo.no\/#website\",\"url\":\"https:\/\/gjeilo.no\/\",\"name\":\"Slektskap\",\"description\":\"\",\"potentialAction\":[{\"@type\":\"SearchAction\",\"target\":{\"@type\":\"EntryPoint\",\"urlTemplate\":\"https:\/\/gjeilo.no\/?s={search_term_string}\"},\"query-input\":{\"@type\":\"PropertyValueSpecification\",\"valueRequired\":true,\"valueName\":\"search_term_string\"}}],\"inLanguage\":\"nb-NO\"}]}<\/script>\n<!-- \/ Yoast SEO plugin. -->","yoast_head_json":{"title":"Ola \/ Ole Johnsen - Slektskap","robots":{"index":"index","follow":"follow","max-snippet":"max-snippet:-1","max-image-preview":"max-image-preview:large","max-video-preview":"max-video-preview:-1"},"canonical":"https:\/\/gjeilo.no\/?page_id=204","og_locale":"nb_NO","og_type":"article","og_title":"Ola \/ Ole Johnsen - Slektskap","og_description":"f. 1863 d. 5. desember 1896.g.m. Marit Sperstadplads (etternamn i fyglje kyrkjeboka for Nordberg)Mor:\u00a0 R\u00f8nnaug Olsdotter f. 1843 f. i Nordistugu KollenFar: Jon Erlandsson f. 1834 i Imbertsgjerdet. Ved d\u00e5pen til John i Nordberg kyrkje 15. februar 1891 var Husmandss\u00f8n Ole Johnsen med bopel Gauper i Lom f. 1864 oppf\u00f8rt som far.\u00a0 Marit og Ole &hellip; Fortsett \u00e5 lese Ola \/ Ole Johnsen","og_url":"https:\/\/gjeilo.no\/?page_id=204","og_site_name":"Slektskap","article_modified_time":"2026-04-15T02:38:37+00:00","og_image":[{"width":1024,"height":312,"url":"https:\/\/gjeilo.no\/wp-content\/uploads\/2026\/04\/IMG_0878-1024x312.png","type":"image\/png"}],"twitter_card":"summary_large_image","twitter_misc":{"Ansl. lesetid":"11 minutter"},"schema":{"@context":"https:\/\/schema.org","@graph":[{"@type":"WebPage","@id":"https:\/\/gjeilo.no\/?page_id=204","url":"https:\/\/gjeilo.no\/?page_id=204","name":"Ola \/ Ole Johnsen - Slektskap","isPartOf":{"@id":"https:\/\/gjeilo.no\/#website"},"primaryImageOfPage":{"@id":"https:\/\/gjeilo.no\/?page_id=204#primaryimage"},"image":{"@id":"https:\/\/gjeilo.no\/?page_id=204#primaryimage"},"thumbnailUrl":"https:\/\/gjeilo.no\/wp-content\/uploads\/2026\/04\/IMG_0878.png","datePublished":"2015-09-01T09:47:19+00:00","dateModified":"2026-04-15T02:38:37+00:00","breadcrumb":{"@id":"https:\/\/gjeilo.no\/?page_id=204#breadcrumb"},"inLanguage":"nb-NO","potentialAction":[{"@type":"ReadAction","target":["https:\/\/gjeilo.no\/?page_id=204"]}]},{"@type":"ImageObject","inLanguage":"nb-NO","@id":"https:\/\/gjeilo.no\/?page_id=204#primaryimage","url":"https:\/\/gjeilo.no\/wp-content\/uploads\/2026\/04\/IMG_0878.png","contentUrl":"https:\/\/gjeilo.no\/wp-content\/uploads\/2026\/04\/IMG_0878.png"},{"@type":"BreadcrumbList","@id":"https:\/\/gjeilo.no\/?page_id=204#breadcrumb","itemListElement":[{"@type":"ListItem","position":1,"name":"Hjem","item":"https:\/\/gjeilo.no\/"},{"@type":"ListItem","position":2,"name":"Ola \/ Ole Johnsen"}]},{"@type":"WebSite","@id":"https:\/\/gjeilo.no\/#website","url":"https:\/\/gjeilo.no\/","name":"Slektskap","description":"","potentialAction":[{"@type":"SearchAction","target":{"@type":"EntryPoint","urlTemplate":"https:\/\/gjeilo.no\/?s={search_term_string}"},"query-input":{"@type":"PropertyValueSpecification","valueRequired":true,"valueName":"search_term_string"}}],"inLanguage":"nb-NO"}]}},"_links":{"self":[{"href":"https:\/\/gjeilo.no\/index.php?rest_route=\/wp\/v2\/pages\/204","targetHints":{"allow":["GET"]}}],"collection":[{"href":"https:\/\/gjeilo.no\/index.php?rest_route=\/wp\/v2\/pages"}],"about":[{"href":"https:\/\/gjeilo.no\/index.php?rest_route=\/wp\/v2\/types\/page"}],"author":[{"embeddable":true,"href":"https:\/\/gjeilo.no\/index.php?rest_route=\/wp\/v2\/users\/2"}],"replies":[{"embeddable":true,"href":"https:\/\/gjeilo.no\/index.php?rest_route=%2Fwp%2Fv2%2Fcomments&post=204"}],"version-history":[{"count":46,"href":"https:\/\/gjeilo.no\/index.php?rest_route=\/wp\/v2\/pages\/204\/revisions"}],"predecessor-version":[{"id":6826,"href":"https:\/\/gjeilo.no\/index.php?rest_route=\/wp\/v2\/pages\/204\/revisions\/6826"}],"wp:attachment":[{"href":"https:\/\/gjeilo.no\/index.php?rest_route=%2Fwp%2Fv2%2Fmedia&parent=204"}],"curies":[{"name":"wp","href":"https:\/\/api.w.org\/{rel}","templated":true}]}}