{"id":201,"date":"2015-09-01T09:46:24","date_gmt":"2015-09-01T09:46:24","guid":{"rendered":"https:\/\/gjeilo.no\/?page_id=201"},"modified":"2026-04-15T01:31:01","modified_gmt":"2026-04-15T01:31:01","slug":"marit-sygardsplassen","status":"publish","type":"page","link":"https:\/\/gjeilo.no\/?page_id=201","title":{"rendered":"Marit Nilsdotter Sperstadplass"},"content":{"rendered":"<figure id=\"attachment_1967\" aria-describedby=\"caption-attachment-1967\" style=\"width: 1613px\" class=\"wp-caption alignnone\"><a href=\"https:\/\/gjeilo.no\/wp-content\/uploads\/2022\/03\/Innskanning-0b-1-scaled.jpg\"><img loading=\"lazy\" decoding=\"async\" class=\"size-full wp-image-1967\" src=\"https:\/\/gjeilo.no\/wp-content\/uploads\/2022\/03\/Innskanning-0b-1-scaled.jpg\" alt=\"\" width=\"1613\" height=\"2560\" srcset=\"https:\/\/gjeilo.no\/wp-content\/uploads\/2022\/03\/Innskanning-0b-1-scaled.jpg 1613w, https:\/\/gjeilo.no\/wp-content\/uploads\/2022\/03\/Innskanning-0b-1-189x300.jpg 189w, https:\/\/gjeilo.no\/wp-content\/uploads\/2022\/03\/Innskanning-0b-1-645x1024.jpg 645w, https:\/\/gjeilo.no\/wp-content\/uploads\/2022\/03\/Innskanning-0b-1-768x1219.jpg 768w, https:\/\/gjeilo.no\/wp-content\/uploads\/2022\/03\/Innskanning-0b-1-968x1536.jpg 968w, https:\/\/gjeilo.no\/wp-content\/uploads\/2022\/03\/Innskanning-0b-1-1291x2048.jpg 1291w\" sizes=\"auto, (max-width: 1613px) 100vw, 1613px\" \/><\/a><figcaption id=\"caption-attachment-1967\" class=\"wp-caption-text\">Marit Sperstadplads fotografert p\u00e5 65 \u00e5rs dagen sin i Mosj\u00f8en. Bilde etter Anna Teigen.<\/figcaption><\/figure>\n<p>F. 21\/13 1872 d. 12\/2 1971. Vart nesten 100 \u00e5r.<br \/>g.m. <a title=\"Ola Kr\u00f8kje Lunna\" href=\"https:\/\/gjeilo.no\/?page_id=204\">Ola Johnsen<\/a> i 1891 i Lomskyrkja<br \/>Far: Nils Amundsson Bratteigen f. 23. januar 1843<br \/>Mor: <a class=\"tipped-tip-added\" draggable=\"false\" href=\"https:\/\/www.geni.com\/people\/Tor%C3%B8-Sperstaplassen\/6000000009082314122\" data-offset-x=\"-10\" data-offset-y=\"-10\" data-position=\"topleft\" data-profile-id=\"6000000009082314122\" data-remote-data=\"\/profile\/hovercard\" data-remote-params=\"{id:6000000009082314122}\" data-show-delay=\"800\" data-skin=\"hovercard\" data-template=\"hover.profile\">Tor\u00f8 Johnsdotter Sperstasplassen (Geni) <\/a>f. 1851<br \/>P\u00e5 <a href=\"https:\/\/www.geni.com\/people\/Marit-Lundemo\/6000000012285264713?fbclid=IwAR2pB-YMDTGbiBmLEK86ji_bM2WyfSOkV3Ad3BnHWCEK2lO3fmfMQaX8cG4\" target=\"_blank\" rel=\"noopener\">Geni<\/a> g\u00e5r Marit under namnet Marit Nilsdotter Lundemo (Sperstadplads, \u00d8yjordet)<\/p>\n<p>Marit og Ole gifta seg i Lom prestegjeld den 26. november 1891. I kyrkjeboka st\u00e5r det oppf\u00f8rt dag(?)arbeidar Lunna Lunna\u00a0 1863 og &#8211; Sperstadplads(en) 1872.<br \/><a href=\"https:\/\/gjeilo.no\/wp-content\/uploads\/2026\/04\/IMG_0878.png\"><img loading=\"lazy\" decoding=\"async\" class=\"alignnone size-full wp-image-6809\" src=\"https:\/\/gjeilo.no\/wp-content\/uploads\/2026\/04\/IMG_0878.png\" alt=\"\" width=\"3110\" height=\"948\" srcset=\"https:\/\/gjeilo.no\/wp-content\/uploads\/2026\/04\/IMG_0878.png 3110w, https:\/\/gjeilo.no\/wp-content\/uploads\/2026\/04\/IMG_0878-300x91.png 300w, https:\/\/gjeilo.no\/wp-content\/uploads\/2026\/04\/IMG_0878-1024x312.png 1024w, https:\/\/gjeilo.no\/wp-content\/uploads\/2026\/04\/IMG_0878-768x234.png 768w, https:\/\/gjeilo.no\/wp-content\/uploads\/2026\/04\/IMG_0878-1536x468.png 1536w, https:\/\/gjeilo.no\/wp-content\/uploads\/2026\/04\/IMG_0878-2048x624.png 2048w\" sizes=\"auto, (max-width: 3110px) 100vw, 3110px\" \/><\/a><\/p>\n<p>&nbsp;<\/p>\n<p>Vart gift med Ola Kr\u00f8kje p\u00e5 Solsida i Lom. Dei leigde S\u00f8re \u00d8yjordet i Medalen. Dei fekk fire barn. Jo kom til same \u00e5ret som Ola og Marit vart gift. Dei tre andre vart f\u00f8dde p\u00e5 \u00d8yjordet.\u00a0 Ola vart nerv\u00f8s og tok livet sitt i 1897. Jo vart da bortsett til Gaupar der han hadde det vondt. M\u00e5tte vere med \u00e5 arbeide. Det vart gripe inn fr\u00e5 det offentlege og kom da til \u00d8verb\u00f8.<\/p>\n<p>S\u00f8re \u00d8yjordet var i fylgje bygdabok 4 s. 105 husmannsplass under Sygard Gaupar f\u00f8r 1723 og busett av forskjellige familiar fram til <em>Ola Jonsson f. 1863 p\u00e5 Stigen og g.m. Marit Nilsdotter f. ca 1871 p\u00e5 Sperstadplassen i Skj\u00e5k fl\u00f8tte til S\u00f8re \u00d8yjordet f\u00f8r 5. des. 1896, da Ola d\u00f8ydde her. Tidlegare er dei nemnde <\/em>(p\u00e5)<em> Kleivi gnr 104-8 og Visvollen gnr 104-8.\u00a0<\/em><em> Marit\u00a0 var framleis p\u00e5 plassen da dotter Tor\u00f8 var f\u00f8dd (25. august 1897), men ved f.t. 1900 var ho i tenest p\u00e5 V\u00e5g\u00e5sar. Gift opp att med Rasmus Hansson Lund f. i Skj\u00e5k (Sm\u00e5tte-Rasmus).\u00a0 \u2026. <\/em>Alle fire syskjena, John, Mathias, R\u00f8nnaug og Tor\u00f8 er nemnde som bebuarar p\u00e5 S\u00f8re \u00d8yjordet kring 1897. Tor\u00f8 var f\u00f8dd i 1897. Tor\u00f8 brukte seinare namnet Thora.<\/p>\n<p>Mathias kom til Kvamme og fekk det godt. R\u00f8nnaug havna p\u00e5 \u00d8verb\u00f8 og hadde ogs\u00e5 med seg R\u00f8nnaug dit. Thora vart med Marit.<\/p>\n<p>Marit reiste rundt p\u00e5 gardane og tok seg arbeid. Da barna voks til, gifta Marit seg opp att med Rasmus Lund Obusmo og var i Skj\u00e5k lenge.\u00a0 Ho fekk fire born i dette ekteskapet.\u00a0 Marit fekk kreft i eine brystet og gjekk gjennom ein st\u00f8rre operasjon. Det er sagt at ho gjekk fr\u00e5 Otta og heim etter operasjonen og rett i arbeid (skurd). Seinare var familien p\u00e5 \u00c5kerlykkja p\u00e5 Lesja (saman med dei fire borna fr\u00e5 andre ektetskapet). Mannen arbeidde ved jernbana og fl\u00f8tte til slutt til Drevvatn i Helgeland.<\/p>\n<p>Lettliva og flink dame som var sv\u00e6rt flik til \u00e5 arbeide.<br \/><a href=\"https:\/\/gjeilo.no\/?page_id=6499\">Bygdahistorie fr\u00e5 Gjeilosstronde<\/a><\/p>\n<p>Born i f\u00f8rste ekteskap:<br \/><a title=\"Jon \u00d8yjordet\" href=\"https:\/\/gjeilo.no\/?page_id=167\">Jon \u00d8yjordet<\/a> (2\/1 1891 &#8211; 22\/8 1969) g.m. <a title=\"Maria Haugtr\u00e6det \u00d8yjordet\" href=\"https:\/\/gjeilo.no\/?page_id=164\">Maria Haugtr\u00e6det<\/a><br \/>R\u00f8nnaug (f.\u00a0\u00a0\u00a0 )g.m. Nils Moe fr\u00e5 Skj\u00e5k<br \/>Mathias (f.\u00a0\u00a0 ) g.m. &#8230;&#8230;.. fra Bergen d\u00f8d i &laquo;Spansken&raquo; da ho gjekk med barn<br \/>g2.m. s\u00f8ster til sin f\u00f8rste kone (fekk fem barn)\u00a0 bodde p\u00e5 Ask\u00f8y i Bergen<br \/>Thora (f.\u00a0\u00a0 ) g.m. Ole Kristiansen som arbeidde ved jernbana bodde i\u00a0\u00a0\u00a0\u00a0\u00a0 Spikkestad. 3 barn Klara, Oddveig og Ola (aktiv i motstandsarbeid under krigen &#8211; m\u00e5tte flykte og vart borte).<\/p>\n<p><a href=\"https:\/\/gjeilo.no\"><img loading=\"lazy\" decoding=\"async\" class=\"alignnone  wp-image-6142\" src=\"https:\/\/gjeilo.no\/wp-content\/uploads\/2024\/11\/dor-100-DPI-1.png\" alt=\"\" width=\"89\" height=\"15\" \/><\/a><\/p>\n\n\n<div class=\"wp-block-group\"><div class=\"wp-block-group__inner-container is-layout-constrained wp-block-group-is-layout-constrained\">\n<figure class=\"wp-block-image size-large\"><a href=\"https:\/\/gjeilo.no\/wp-content\/uploads\/2022\/03\/Innskanning-4-1-scaled.jpeg\"><img loading=\"lazy\" decoding=\"async\" width=\"651\" height=\"1024\" src=\"https:\/\/gjeilo.no\/wp-content\/uploads\/2022\/03\/Innskanning-4-1-651x1024.jpeg\" alt=\"Jo\" class=\"wp-image-1973\" srcset=\"https:\/\/gjeilo.no\/wp-content\/uploads\/2022\/03\/Innskanning-4-1-651x1024.jpeg 651w, https:\/\/gjeilo.no\/wp-content\/uploads\/2022\/03\/Innskanning-4-1-191x300.jpeg 191w, https:\/\/gjeilo.no\/wp-content\/uploads\/2022\/03\/Innskanning-4-1-768x1207.jpeg 768w, https:\/\/gjeilo.no\/wp-content\/uploads\/2022\/03\/Innskanning-4-1-977x1536.jpeg 977w, https:\/\/gjeilo.no\/wp-content\/uploads\/2022\/03\/Innskanning-4-1-1303x2048.jpeg 1303w, https:\/\/gjeilo.no\/wp-content\/uploads\/2022\/03\/Innskanning-4-1-scaled.jpeg 1629w\" sizes=\"auto, (max-width: 651px) 100vw, 651px\" \/><\/a><figcaption class=\"wp-element-caption\">Marit og Rasmus Lund Obusmo, som ho gifta seg opp att med saman med tre av barna dei to fekk, Halvard, Robert og Siva.<\/figcaption><\/figure>\n\n\n\n<figure class=\"wp-block-image size-large\"><a href=\"https:\/\/gjeilo.no\/wp-content\/uploads\/2022\/03\/Innskanning-3-scaled.jpeg\"><img loading=\"lazy\" decoding=\"async\" width=\"1024\" height=\"663\" src=\"https:\/\/gjeilo.no\/wp-content\/uploads\/2022\/03\/Innskanning-3-1024x663.jpeg\" alt=\"Jo\" class=\"wp-image-1974\" srcset=\"https:\/\/gjeilo.no\/wp-content\/uploads\/2022\/03\/Innskanning-3-1024x663.jpeg 1024w, https:\/\/gjeilo.no\/wp-content\/uploads\/2022\/03\/Innskanning-3-300x194.jpeg 300w, https:\/\/gjeilo.no\/wp-content\/uploads\/2022\/03\/Innskanning-3-768x497.jpeg 768w, https:\/\/gjeilo.no\/wp-content\/uploads\/2022\/03\/Innskanning-3-1536x994.jpeg 1536w, https:\/\/gjeilo.no\/wp-content\/uploads\/2022\/03\/Innskanning-3-2048x1325.jpeg 2048w\" sizes=\"auto, (max-width: 1024px) 100vw, 1024px\" \/><\/a><figcaption class=\"wp-element-caption\">Rasmus Lund p\u00e5 arbeid p\u00e5 jernbana. Kort fr\u00e5 Marit til John og Maria med p\u00e5skrift &laquo;jeg har Modtaget Tr\u00f8yen og Vaaterne de skal have saa Mange tusen tak jeg \u00f8nsker og vert hos eder i Julen.<\/figcaption><\/figure>\n\n\n\n<figure class=\"wp-block-image size-large\"><a href=\"https:\/\/gjeilo.no\/wp-content\/uploads\/2022\/03\/Innskanning-5-scaled.jpeg\"><img loading=\"lazy\" decoding=\"async\" width=\"1024\" height=\"590\" src=\"https:\/\/gjeilo.no\/wp-content\/uploads\/2022\/03\/Innskanning-5-1024x590.jpeg\" alt=\"Jo\" class=\"wp-image-1972\" srcset=\"https:\/\/gjeilo.no\/wp-content\/uploads\/2022\/03\/Innskanning-5-1024x590.jpeg 1024w, https:\/\/gjeilo.no\/wp-content\/uploads\/2022\/03\/Innskanning-5-300x173.jpeg 300w, https:\/\/gjeilo.no\/wp-content\/uploads\/2022\/03\/Innskanning-5-768x443.jpeg 768w, https:\/\/gjeilo.no\/wp-content\/uploads\/2022\/03\/Innskanning-5-1536x886.jpeg 1536w, https:\/\/gjeilo.no\/wp-content\/uploads\/2022\/03\/Innskanning-5-2048x1181.jpeg 2048w\" sizes=\"auto, (max-width: 1024px) 100vw, 1024px\" \/><\/a><figcaption class=\"wp-element-caption\">Fr\u00e5 Halvard, son til Marit og Rasmus Lund. Halvard var dermed halvbror til Jon\/John. Han arbeidde nok ogs\u00e5 p\u00e5 bana og er her avbilda p\u00e5 postkort antakeleg fr\u00e5 1925. &laquo;Til Herr John \u00d8yjordet adr. &laquo;Fyru&raquo; Garmo.&raquo; &laquo;Ja her ser du bildefra det store ras som gikk ved Verma. Bildet viser brudet  i \u00f8vre linje, den som ligger oppe i hoifjellet. Der arbeidet vi d\u00f8gnet rundt i otte dager jeg arbeidet fra 2 om dagen til 10 om aftenen. Du m\u00e5 hilse alle guttene og vesle Anna. Kan hende kommer en tur med spillet i h\u00f8st.&raquo; Havard\n<\/figcaption><\/figure>\n\n\n\n<figure class=\"wp-block-image size-large\"><a href=\"https:\/\/gjeilo.no\/wp-content\/uploads\/2022\/03\/Innskanning-1.jpeg\"><img loading=\"lazy\" decoding=\"async\" width=\"730\" height=\"1024\" src=\"https:\/\/gjeilo.no\/wp-content\/uploads\/2022\/03\/Innskanning-1-730x1024.jpeg\" alt=\"\" class=\"wp-image-1976\" srcset=\"https:\/\/gjeilo.no\/wp-content\/uploads\/2022\/03\/Innskanning-1-730x1024.jpeg 730w, https:\/\/gjeilo.no\/wp-content\/uploads\/2022\/03\/Innskanning-1-214x300.jpeg 214w, https:\/\/gjeilo.no\/wp-content\/uploads\/2022\/03\/Innskanning-1-768x1077.jpeg 768w, https:\/\/gjeilo.no\/wp-content\/uploads\/2022\/03\/Innskanning-1.jpeg 817w\" sizes=\"auto, (max-width: 730px) 100vw, 730px\" \/><\/a><figcaption class=\"wp-element-caption\">Marit og Rasmus Lund, Halvard, Robert<\/figcaption><\/figure>\n\n\n\n<figure class=\"wp-block-image size-large\"><a href=\"https:\/\/gjeilo.no\/wp-content\/uploads\/2022\/03\/Innskanning-7.jpeg\"><img loading=\"lazy\" decoding=\"async\" width=\"730\" height=\"1024\" src=\"https:\/\/gjeilo.no\/wp-content\/uploads\/2022\/03\/Innskanning-7-730x1024.jpeg\" alt=\"\" class=\"wp-image-1975\" srcset=\"https:\/\/gjeilo.no\/wp-content\/uploads\/2022\/03\/Innskanning-7-730x1024.jpeg 730w, https:\/\/gjeilo.no\/wp-content\/uploads\/2022\/03\/Innskanning-7-214x300.jpeg 214w, https:\/\/gjeilo.no\/wp-content\/uploads\/2022\/03\/Innskanning-7-768x1077.jpeg 768w, https:\/\/gjeilo.no\/wp-content\/uploads\/2022\/03\/Innskanning-7.jpeg 817w\" sizes=\"auto, (max-width: 730px) 100vw, 730px\" \/><\/a><\/figure>\n\n\n\n<figure class=\"wp-block-image size-large\"><a href=\"https:\/\/gjeilo.no\/wp-content\/uploads\/2022\/02\/Bilde-09.02.2022-17-02-26-scaled.jpg\"><img loading=\"lazy\" decoding=\"async\" width=\"1024\" height=\"962\" src=\"https:\/\/gjeilo.no\/wp-content\/uploads\/2022\/02\/Bilde-09.02.2022-17-02-26-1024x962.jpg\" alt=\"\" class=\"wp-image-1929\" srcset=\"https:\/\/gjeilo.no\/wp-content\/uploads\/2022\/02\/Bilde-09.02.2022-17-02-26-1024x962.jpg 1024w, https:\/\/gjeilo.no\/wp-content\/uploads\/2022\/02\/Bilde-09.02.2022-17-02-26-300x282.jpg 300w, https:\/\/gjeilo.no\/wp-content\/uploads\/2022\/02\/Bilde-09.02.2022-17-02-26-768x722.jpg 768w, https:\/\/gjeilo.no\/wp-content\/uploads\/2022\/02\/Bilde-09.02.2022-17-02-26-1536x1443.jpg 1536w, https:\/\/gjeilo.no\/wp-content\/uploads\/2022\/02\/Bilde-09.02.2022-17-02-26-2048x1924.jpg 2048w\" sizes=\"auto, (max-width: 1024px) 100vw, 1024px\" \/><\/a><figcaption class=\"wp-element-caption\">Marit Sygardsplassen \/ Lund, mor til Jo \/ Jon \u00d8yjordet. Bilde etter Maria\/Anna i Graffershaugen.<\/figcaption><\/figure>\n\n\n\n<figure class=\"wp-block-image size-large\"><a href=\"https:\/\/gjeilo.no\/wp-content\/uploads\/2022\/02\/Bilde-09.02.2022-17-03-53-1.jpg\"><img loading=\"lazy\" decoding=\"async\" width=\"1024\" height=\"936\" src=\"https:\/\/gjeilo.no\/wp-content\/uploads\/2022\/02\/Bilde-09.02.2022-17-03-53-1-1024x936.jpg\" alt=\"\" class=\"wp-image-1928\" srcset=\"https:\/\/gjeilo.no\/wp-content\/uploads\/2022\/02\/Bilde-09.02.2022-17-03-53-1-1024x936.jpg 1024w, https:\/\/gjeilo.no\/wp-content\/uploads\/2022\/02\/Bilde-09.02.2022-17-03-53-1-300x274.jpg 300w, https:\/\/gjeilo.no\/wp-content\/uploads\/2022\/02\/Bilde-09.02.2022-17-03-53-1-768x702.jpg 768w, https:\/\/gjeilo.no\/wp-content\/uploads\/2022\/02\/Bilde-09.02.2022-17-03-53-1-1536x1404.jpg 1536w, https:\/\/gjeilo.no\/wp-content\/uploads\/2022\/02\/Bilde-09.02.2022-17-03-53-1-2048x1873.jpg 2048w\" sizes=\"auto, (max-width: 1024px) 100vw, 1024px\" \/><\/a><figcaption class=\"wp-element-caption\">Marit Sygardsplassen til h\u00f8gre og systra Tora Kristiansen. Bilde etter Maria\/Anna i Graffershaugen.<\/figcaption><\/figure>\n<\/div><\/div>\n\n\n<div class=\"wp-block-image\">\n<figure class=\"aligncenter size-full\"><a href=\"https:\/\/gjeilo.no\/wp-content\/uploads\/2015\/09\/marit994.jpg\"><img loading=\"lazy\" decoding=\"async\" width=\"207\" height=\"301\" src=\"https:\/\/gjeilo.no\/wp-content\/uploads\/2015\/09\/marit994.jpg\" alt=\"\" class=\"wp-image-202\" srcset=\"https:\/\/gjeilo.no\/wp-content\/uploads\/2015\/09\/marit994.jpg 207w, https:\/\/gjeilo.no\/wp-content\/uploads\/2015\/09\/marit994-206x300.jpg 206w\" sizes=\"auto, (max-width: 207px) 100vw, 207px\" \/><\/a><figcaption class=\"wp-element-caption\">Marit Sygardsplassen<\/figcaption><\/figure><\/div>\n\n\n<figure class=\"wp-block-image size-large\"><a href=\"https:\/\/gjeilo.no\/wp-content\/uploads\/2022\/02\/Bilde-09.02.2022-16-45-47.jpg\"><img loading=\"lazy\" decoding=\"async\" width=\"768\" height=\"1024\" src=\"https:\/\/gjeilo.no\/wp-content\/uploads\/2022\/02\/Bilde-09.02.2022-16-45-47-768x1024.jpg\" alt=\"\" class=\"wp-image-1931\" srcset=\"https:\/\/gjeilo.no\/wp-content\/uploads\/2022\/02\/Bilde-09.02.2022-16-45-47-768x1024.jpg 768w, https:\/\/gjeilo.no\/wp-content\/uploads\/2022\/02\/Bilde-09.02.2022-16-45-47-225x300.jpg 225w, https:\/\/gjeilo.no\/wp-content\/uploads\/2022\/02\/Bilde-09.02.2022-16-45-47-1152x1536.jpg 1152w, https:\/\/gjeilo.no\/wp-content\/uploads\/2022\/02\/Bilde-09.02.2022-16-45-47-1536x2048.jpg 1536w, https:\/\/gjeilo.no\/wp-content\/uploads\/2022\/02\/Bilde-09.02.2022-16-45-47.jpg 1594w\" sizes=\"auto, (max-width: 768px) 100vw, 768px\" \/><\/a><figcaption class=\"wp-element-caption\">Marit Lund, mor til Jo \/ Jon \u00d8yjordet. Bilde etter Maria\/Anna i Graffershaugen.<\/figcaption><\/figure>\n\n\n\n<figure class=\"wp-block-image size-full\"><a href=\"https:\/\/gjeilo.no\/wp-content\/uploads\/2018\/10\/YJOARDE-red.jpg\"><img loading=\"lazy\" decoding=\"async\" width=\"562\" height=\"361\" src=\"https:\/\/gjeilo.no\/wp-content\/uploads\/2018\/10\/YJOARDE-red.jpg\" alt=\"\" class=\"wp-image-484\" srcset=\"https:\/\/gjeilo.no\/wp-content\/uploads\/2018\/10\/YJOARDE-red.jpg 562w, https:\/\/gjeilo.no\/wp-content\/uploads\/2018\/10\/YJOARDE-red-300x193.jpg 300w\" sizes=\"auto, (max-width: 562px) 100vw, 562px\" \/><\/a><figcaption class=\"wp-element-caption\">I Graffershaugen p\u00e5 konfirmasjonsdagen til Anna. Tea i midten fremst om lag fem \u00e5r, alts\u00e5 antageleg rett etter krigsutbrotet. Fr\u00e5 venstre: Maria med Ragnar, Reidar og Ola bak. Fire jenter er  M\u00e5lfrid med Anna bak, Tea (fremst) og Jarnfrid. Jo sit fremst. Bak han er gutane Odmund, Trygve og Magnar.  Dama til h\u00f8gre er mor til Jo, Marit Nilsdotter Sygardsplassen Lund. Marit budde i Nordland, men kom til Lom og var der under krigen.\n<\/figcaption><\/figure>\n\n\n\n<figure class=\"wp-block-image size-large\"><a href=\"https:\/\/gjeilo.no\/wp-content\/uploads\/2026\/02\/IMG_9585-scaled.jpeg\"><img loading=\"lazy\" decoding=\"async\" width=\"1024\" height=\"1014\" src=\"https:\/\/gjeilo.no\/wp-content\/uploads\/2026\/02\/IMG_9585-1024x1014.jpeg\" alt=\"\" class=\"wp-image-6446\" srcset=\"https:\/\/gjeilo.no\/wp-content\/uploads\/2026\/02\/IMG_9585-1024x1014.jpeg 1024w, https:\/\/gjeilo.no\/wp-content\/uploads\/2026\/02\/IMG_9585-300x297.jpeg 300w, https:\/\/gjeilo.no\/wp-content\/uploads\/2026\/02\/IMG_9585-150x150.jpeg 150w, https:\/\/gjeilo.no\/wp-content\/uploads\/2026\/02\/IMG_9585-768x760.jpeg 768w, https:\/\/gjeilo.no\/wp-content\/uploads\/2026\/02\/IMG_9585-1536x1521.jpeg 1536w, https:\/\/gjeilo.no\/wp-content\/uploads\/2026\/02\/IMG_9585-2048x2028.jpeg 2048w\" sizes=\"auto, (max-width: 1024px) 100vw, 1024px\" \/><\/a><figcaption class=\"wp-element-caption\">Marit p\u00e5 sine eldre dagar. <\/figcaption><\/figure>\n","protected":false},"excerpt":{"rendered":"<p>F. 21\/13 1872 d. 12\/2 1971. Vart nesten 100 \u00e5r.g.m. Ola Johnsen i 1891 i LomskyrkjaFar: Nils Amundsson Bratteigen f. 23. januar 1843Mor: Tor\u00f8 Johnsdotter Sperstasplassen (Geni) f. 1851P\u00e5 Geni g\u00e5r Marit under namnet Marit Nilsdotter Lundemo (Sperstadplads, \u00d8yjordet) Marit og Ole gifta seg i Lom prestegjeld den 26. november 1891. I kyrkjeboka st\u00e5r det &hellip; <a href=\"https:\/\/gjeilo.no\/?page_id=201\" class=\"more-link\">Fortsett \u00e5 lese <span class=\"screen-reader-text\">Marit Nilsdotter Sperstadplass<\/span><\/a><\/p>\n","protected":false},"author":2,"featured_media":0,"parent":0,"menu_order":0,"comment_status":"closed","ping_status":"open","template":"","meta":{"footnotes":""},"class_list":["post-201","page","type-page","status-publish","hentry"],"yoast_head":"<!-- This site is optimized with the Yoast SEO plugin v26.0 - https:\/\/yoast.com\/wordpress\/plugins\/seo\/ -->\n<title>Marit Nilsdotter Sperstadplass - Slektskap<\/title>\n<meta name=\"robots\" content=\"index, follow, max-snippet:-1, max-image-preview:large, max-video-preview:-1\" \/>\n<link rel=\"canonical\" href=\"https:\/\/gjeilo.no\/?page_id=201\" \/>\n<meta property=\"og:locale\" content=\"nb_NO\" \/>\n<meta property=\"og:type\" content=\"article\" \/>\n<meta property=\"og:title\" content=\"Marit Nilsdotter Sperstadplass - Slektskap\" \/>\n<meta property=\"og:description\" content=\"F. 21\/13 1872 d. 12\/2 1971. Vart nesten 100 \u00e5r.g.m. Ola Johnsen i 1891 i LomskyrkjaFar: Nils Amundsson Bratteigen f. 23. januar 1843Mor: Tor\u00f8 Johnsdotter Sperstasplassen (Geni) f. 1851P\u00e5 Geni g\u00e5r Marit under namnet Marit Nilsdotter Lundemo (Sperstadplads, \u00d8yjordet) Marit og Ole gifta seg i Lom prestegjeld den 26. november 1891. I kyrkjeboka st\u00e5r det &hellip; Fortsett \u00e5 lese Marit Nilsdotter Sperstadplass\" \/>\n<meta property=\"og:url\" content=\"https:\/\/gjeilo.no\/?page_id=201\" \/>\n<meta property=\"og:site_name\" content=\"Slektskap\" \/>\n<meta property=\"article:modified_time\" content=\"2026-04-15T01:31:01+00:00\" \/>\n<meta property=\"og:image\" content=\"https:\/\/gjeilo.no\/wp-content\/uploads\/2022\/03\/Innskanning-0b-1-scaled.jpg\" \/>\n\t<meta property=\"og:image:width\" content=\"1613\" \/>\n\t<meta property=\"og:image:height\" content=\"2560\" \/>\n\t<meta property=\"og:image:type\" content=\"image\/jpeg\" \/>\n<meta name=\"twitter:card\" content=\"summary_large_image\" \/>\n<meta name=\"twitter:label1\" content=\"Ansl. lesetid\" \/>\n\t<meta name=\"twitter:data1\" content=\"7 minutter\" \/>\n<script type=\"application\/ld+json\" class=\"yoast-schema-graph\">{\"@context\":\"https:\/\/schema.org\",\"@graph\":[{\"@type\":\"WebPage\",\"@id\":\"https:\/\/gjeilo.no\/?page_id=201\",\"url\":\"https:\/\/gjeilo.no\/?page_id=201\",\"name\":\"Marit Nilsdotter Sperstadplass - Slektskap\",\"isPartOf\":{\"@id\":\"https:\/\/gjeilo.no\/#website\"},\"primaryImageOfPage\":{\"@id\":\"https:\/\/gjeilo.no\/?page_id=201#primaryimage\"},\"image\":{\"@id\":\"https:\/\/gjeilo.no\/?page_id=201#primaryimage\"},\"thumbnailUrl\":\"https:\/\/gjeilo.no\/wp-content\/uploads\/2022\/03\/Innskanning-0b-1-scaled.jpg\",\"datePublished\":\"2015-09-01T09:46:24+00:00\",\"dateModified\":\"2026-04-15T01:31:01+00:00\",\"breadcrumb\":{\"@id\":\"https:\/\/gjeilo.no\/?page_id=201#breadcrumb\"},\"inLanguage\":\"nb-NO\",\"potentialAction\":[{\"@type\":\"ReadAction\",\"target\":[\"https:\/\/gjeilo.no\/?page_id=201\"]}]},{\"@type\":\"ImageObject\",\"inLanguage\":\"nb-NO\",\"@id\":\"https:\/\/gjeilo.no\/?page_id=201#primaryimage\",\"url\":\"https:\/\/gjeilo.no\/wp-content\/uploads\/2022\/03\/Innskanning-0b-1-scaled.jpg\",\"contentUrl\":\"https:\/\/gjeilo.no\/wp-content\/uploads\/2022\/03\/Innskanning-0b-1-scaled.jpg\"},{\"@type\":\"BreadcrumbList\",\"@id\":\"https:\/\/gjeilo.no\/?page_id=201#breadcrumb\",\"itemListElement\":[{\"@type\":\"ListItem\",\"position\":1,\"name\":\"Hjem\",\"item\":\"https:\/\/gjeilo.no\/\"},{\"@type\":\"ListItem\",\"position\":2,\"name\":\"Marit Nilsdotter Sperstadplass\"}]},{\"@type\":\"WebSite\",\"@id\":\"https:\/\/gjeilo.no\/#website\",\"url\":\"https:\/\/gjeilo.no\/\",\"name\":\"Slektskap\",\"description\":\"\",\"potentialAction\":[{\"@type\":\"SearchAction\",\"target\":{\"@type\":\"EntryPoint\",\"urlTemplate\":\"https:\/\/gjeilo.no\/?s={search_term_string}\"},\"query-input\":{\"@type\":\"PropertyValueSpecification\",\"valueRequired\":true,\"valueName\":\"search_term_string\"}}],\"inLanguage\":\"nb-NO\"}]}<\/script>\n<!-- \/ Yoast SEO plugin. -->","yoast_head_json":{"title":"Marit Nilsdotter Sperstadplass - Slektskap","robots":{"index":"index","follow":"follow","max-snippet":"max-snippet:-1","max-image-preview":"max-image-preview:large","max-video-preview":"max-video-preview:-1"},"canonical":"https:\/\/gjeilo.no\/?page_id=201","og_locale":"nb_NO","og_type":"article","og_title":"Marit Nilsdotter Sperstadplass - Slektskap","og_description":"F. 21\/13 1872 d. 12\/2 1971. Vart nesten 100 \u00e5r.g.m. Ola Johnsen i 1891 i LomskyrkjaFar: Nils Amundsson Bratteigen f. 23. januar 1843Mor: Tor\u00f8 Johnsdotter Sperstasplassen (Geni) f. 1851P\u00e5 Geni g\u00e5r Marit under namnet Marit Nilsdotter Lundemo (Sperstadplads, \u00d8yjordet) Marit og Ole gifta seg i Lom prestegjeld den 26. november 1891. I kyrkjeboka st\u00e5r det &hellip; Fortsett \u00e5 lese Marit Nilsdotter Sperstadplass","og_url":"https:\/\/gjeilo.no\/?page_id=201","og_site_name":"Slektskap","article_modified_time":"2026-04-15T01:31:01+00:00","og_image":[{"width":1613,"height":2560,"url":"https:\/\/gjeilo.no\/wp-content\/uploads\/2022\/03\/Innskanning-0b-1-scaled.jpg","type":"image\/jpeg"}],"twitter_card":"summary_large_image","twitter_misc":{"Ansl. lesetid":"7 minutter"},"schema":{"@context":"https:\/\/schema.org","@graph":[{"@type":"WebPage","@id":"https:\/\/gjeilo.no\/?page_id=201","url":"https:\/\/gjeilo.no\/?page_id=201","name":"Marit Nilsdotter Sperstadplass - Slektskap","isPartOf":{"@id":"https:\/\/gjeilo.no\/#website"},"primaryImageOfPage":{"@id":"https:\/\/gjeilo.no\/?page_id=201#primaryimage"},"image":{"@id":"https:\/\/gjeilo.no\/?page_id=201#primaryimage"},"thumbnailUrl":"https:\/\/gjeilo.no\/wp-content\/uploads\/2022\/03\/Innskanning-0b-1-scaled.jpg","datePublished":"2015-09-01T09:46:24+00:00","dateModified":"2026-04-15T01:31:01+00:00","breadcrumb":{"@id":"https:\/\/gjeilo.no\/?page_id=201#breadcrumb"},"inLanguage":"nb-NO","potentialAction":[{"@type":"ReadAction","target":["https:\/\/gjeilo.no\/?page_id=201"]}]},{"@type":"ImageObject","inLanguage":"nb-NO","@id":"https:\/\/gjeilo.no\/?page_id=201#primaryimage","url":"https:\/\/gjeilo.no\/wp-content\/uploads\/2022\/03\/Innskanning-0b-1-scaled.jpg","contentUrl":"https:\/\/gjeilo.no\/wp-content\/uploads\/2022\/03\/Innskanning-0b-1-scaled.jpg"},{"@type":"BreadcrumbList","@id":"https:\/\/gjeilo.no\/?page_id=201#breadcrumb","itemListElement":[{"@type":"ListItem","position":1,"name":"Hjem","item":"https:\/\/gjeilo.no\/"},{"@type":"ListItem","position":2,"name":"Marit Nilsdotter Sperstadplass"}]},{"@type":"WebSite","@id":"https:\/\/gjeilo.no\/#website","url":"https:\/\/gjeilo.no\/","name":"Slektskap","description":"","potentialAction":[{"@type":"SearchAction","target":{"@type":"EntryPoint","urlTemplate":"https:\/\/gjeilo.no\/?s={search_term_string}"},"query-input":{"@type":"PropertyValueSpecification","valueRequired":true,"valueName":"search_term_string"}}],"inLanguage":"nb-NO"}]}},"_links":{"self":[{"href":"https:\/\/gjeilo.no\/index.php?rest_route=\/wp\/v2\/pages\/201","targetHints":{"allow":["GET"]}}],"collection":[{"href":"https:\/\/gjeilo.no\/index.php?rest_route=\/wp\/v2\/pages"}],"about":[{"href":"https:\/\/gjeilo.no\/index.php?rest_route=\/wp\/v2\/types\/page"}],"author":[{"embeddable":true,"href":"https:\/\/gjeilo.no\/index.php?rest_route=\/wp\/v2\/users\/2"}],"replies":[{"embeddable":true,"href":"https:\/\/gjeilo.no\/index.php?rest_route=%2Fwp%2Fv2%2Fcomments&post=201"}],"version-history":[{"count":25,"href":"https:\/\/gjeilo.no\/index.php?rest_route=\/wp\/v2\/pages\/201\/revisions"}],"predecessor-version":[{"id":6821,"href":"https:\/\/gjeilo.no\/index.php?rest_route=\/wp\/v2\/pages\/201\/revisions\/6821"}],"wp:attachment":[{"href":"https:\/\/gjeilo.no\/index.php?rest_route=%2Fwp%2Fv2%2Fmedia&parent=201"}],"curies":[{"name":"wp","href":"https:\/\/api.w.org\/{rel}","templated":true}]}}