{"id":135,"date":"2015-09-01T08:39:06","date_gmt":"2015-09-01T08:39:06","guid":{"rendered":"https:\/\/gjeilo.no\/?page_id=135"},"modified":"2023-01-30T16:31:45","modified_gmt":"2023-01-30T16:31:45","slug":"jon-amundsen-brimiskjellen","status":"publish","type":"page","link":"https:\/\/gjeilo.no\/?page_id=135","title":{"rendered":"Jon Amundsen Brimiskjellen"},"content":{"rendered":"<p><a href=\"https:\/\/gjeilo.no\/wp-content\/uploads\/2015\/09\/JONAMUND.jpg\"><img loading=\"lazy\" decoding=\"async\" class=\"aligncenter wp-image-136 size-full\" src=\"https:\/\/gjeilo.no\/wp-content\/uploads\/2015\/09\/JONAMUND.jpg\" alt=\"JONAMUND\" width=\"340\" height=\"305\" srcset=\"https:\/\/gjeilo.no\/wp-content\/uploads\/2015\/09\/JONAMUND.jpg 340w, https:\/\/gjeilo.no\/wp-content\/uploads\/2015\/09\/JONAMUND-300x269.jpg 300w\" sizes=\"auto, (max-width: 340px) 100vw, 340px\" \/><\/a>F\u00f8dd 18.mai\u00a0 1828<br \/>\nGift med<a title=\"Embj\u00f8rg Andersdotter S\u00e6terdalen\" href=\"https:\/\/gjeilo.no\/?page_id=132\"> Embj\u00f8rg Andersdotter<\/a>, f. 9.mai 1828<\/p>\n<p><strong>Mor:<\/strong> Ingrid Imbertsdotter Lang\u00f8ygard, f. 1796<br \/>\nHo hadde eit barn f\u00f8r ekteskap:<br \/>\nR\u00f8nnaug Knutsd. vf 1823, vfar: Knut Ols. Lilles\u00e6ter<br \/>\n<strong>Far:<\/strong> Amund Iversen Orrhaugen, Lalm, vf. 1796 (1797)<br \/>\nHan\u00a0 hadde tre barn f\u00f8r ekteskap:<br \/>\nOla Amunds. Synslien, f 1823, mor: Ymbj\u00f8rg Olsd \u00d8degaardsneset<br \/>\nPeder Amunds.Viker Fossberg, f 1825, mor:<br \/>\nKari Amundsd. \u00d8yastugun, f 1826, mor:Ragnhild Iversd.Enersvollstuen.<br \/>\nGift\u00a0 6\/4 1834<\/p>\n<p>Far til Amund heitte Iver Iversen f ca 1770, Ormhaugen, Lalm<\/p>\n<p><a href=\"https:\/\/gjeilo.no\/wp-content\/uploads\/2023\/01\/2023-01-30-16-40.pdf\" target=\"_blank\" rel=\"noopener\">Slektstavle Jon Amundsen (Brimi)Skjellen utarbeidd av Kaare K.<\/a><\/p>\n<p>Born:<br \/>\n1.\u00a0<a title=\"Anders Jonsen Kroken\" href=\"https:\/\/gjeilo.no\/?page_id=111\">Anders Jons.<\/a><a href=\"http:\/\/www.gjeilo.no\/index.php?sideid=43\">, <\/a>f 12.jan\u00a0 1851, g.\u00a0 <a title=\"Marit Olsdotter Visvolden\" href=\"https:\/\/gjeilo.no\/?page_id=129\">Marit Olsdtr. Visvolden<\/a><br \/>\n2. Ingrid Jonsdtr., f 23. aug 1855, g. med John V\u00e6re i Trondheim<br \/>\n2.1. Jon Johns. V\u00e6re, f 1881<br \/>\n2.2. Rolf Johns. V\u00e6re, f 1885<br \/>\n2.3. Ingeborg Johnsd. V\u00e6re, f 1888<br \/>\n2.4.Ivar Johns. V\u00e6re, f 1898<br \/>\n3. Amund Jons., f 2. mars 1859, yrkesmilit\u00e6r i Stockholm<br \/>\n4. Embj\u00f8rg Jonsdtr., f 1. nov 1861, g. Wormdahl i Oslo<br \/>\n5. R\u00f8nnaug Jonsdtr., f 1864,<br \/>\n6. Gunhild Jonsdtr., f 1867 g.m. Fredrik Sagen Nilsen<br \/>\n7. Ivar Jons.f. 1870, flytte til Oslo<\/p>\n<p>Syskjen:<br \/>\n1. Anne Amundsdtr., f 4. apr 1831<br \/>\n2. R\u00f8nnaug Amundsdtr., f 24. feb 1834<br \/>\n3.\u00a0 Iver\u00a0 Amunds. f 27. des 1836<br \/>\n4.\u00a0 Embj\u00f8rg Amundsdtr., f 9. mars 1842<br \/>\n5.\u00a0 Berit Amundsdtr., f 1.des\u00a0 1844<\/p>\n<p>Jon gjekk saman med d\u00f8trene Gunhild og R\u00f8nnaug til Trondheim for \u00e5 skaffe dei arbeid. Gunhild fekk post som gardsjente, m.a. p\u00e5 Blussuvoll og ho gifta seg med Fredrik Sagen Nilsen fr\u00e5 Hitra. Dei budde blant anna p\u00e5 S\u00e6terbakken og p\u00e5 \u00d8ya i Trondheim.<\/p>\n","protected":false},"excerpt":{"rendered":"<p>F\u00f8dd 18.mai\u00a0 1828 Gift med Embj\u00f8rg Andersdotter, f. 9.mai 1828 Mor: Ingrid Imbertsdotter Lang\u00f8ygard, f. 1796 Ho hadde eit barn f\u00f8r ekteskap: R\u00f8nnaug Knutsd. vf 1823, vfar: Knut Ols. Lilles\u00e6ter Far: Amund Iversen Orrhaugen, Lalm, vf. 1796 (1797) Han\u00a0 hadde tre barn f\u00f8r ekteskap: Ola Amunds. Synslien, f 1823, mor: Ymbj\u00f8rg Olsd \u00d8degaardsneset Peder Amunds.Viker &hellip; <a href=\"https:\/\/gjeilo.no\/?page_id=135\" class=\"more-link\">Fortsett \u00e5 lese <span class=\"screen-reader-text\">Jon Amundsen Brimiskjellen<\/span><\/a><\/p>\n","protected":false},"author":2,"featured_media":0,"parent":0,"menu_order":0,"comment_status":"closed","ping_status":"open","template":"","meta":{"footnotes":""},"class_list":["post-135","page","type-page","status-publish","hentry"],"yoast_head":"<!-- This site is optimized with the Yoast SEO plugin v26.0 - https:\/\/yoast.com\/wordpress\/plugins\/seo\/ -->\n<title>Jon Amundsen Brimiskjellen - Slektskap<\/title>\n<meta name=\"robots\" content=\"index, follow, max-snippet:-1, max-image-preview:large, max-video-preview:-1\" \/>\n<link rel=\"canonical\" href=\"https:\/\/gjeilo.no\/?page_id=135\" \/>\n<meta property=\"og:locale\" content=\"nb_NO\" \/>\n<meta property=\"og:type\" content=\"article\" \/>\n<meta property=\"og:title\" content=\"Jon Amundsen Brimiskjellen - Slektskap\" \/>\n<meta property=\"og:description\" content=\"F\u00f8dd 18.mai\u00a0 1828 Gift med Embj\u00f8rg Andersdotter, f. 9.mai 1828 Mor: Ingrid Imbertsdotter Lang\u00f8ygard, f. 1796 Ho hadde eit barn f\u00f8r ekteskap: R\u00f8nnaug Knutsd. vf 1823, vfar: Knut Ols. Lilles\u00e6ter Far: Amund Iversen Orrhaugen, Lalm, vf. 1796 (1797) Han\u00a0 hadde tre barn f\u00f8r ekteskap: Ola Amunds. Synslien, f 1823, mor: Ymbj\u00f8rg Olsd \u00d8degaardsneset Peder Amunds.Viker &hellip; Fortsett \u00e5 lese Jon Amundsen Brimiskjellen\" \/>\n<meta property=\"og:url\" content=\"https:\/\/gjeilo.no\/?page_id=135\" \/>\n<meta property=\"og:site_name\" content=\"Slektskap\" \/>\n<meta property=\"article:modified_time\" content=\"2023-01-30T16:31:45+00:00\" \/>\n<meta property=\"og:image\" content=\"https:\/\/gjeilo.no\/wp-content\/uploads\/2015\/09\/JONAMUND.jpg\" \/>\n<meta name=\"twitter:card\" content=\"summary_large_image\" \/>\n<meta name=\"twitter:label1\" content=\"Ansl. lesetid\" \/>\n\t<meta name=\"twitter:data1\" content=\"1 minutt\" \/>\n<script type=\"application\/ld+json\" class=\"yoast-schema-graph\">{\"@context\":\"https:\/\/schema.org\",\"@graph\":[{\"@type\":\"WebPage\",\"@id\":\"https:\/\/gjeilo.no\/?page_id=135\",\"url\":\"https:\/\/gjeilo.no\/?page_id=135\",\"name\":\"Jon Amundsen Brimiskjellen - Slektskap\",\"isPartOf\":{\"@id\":\"https:\/\/gjeilo.no\/#website\"},\"primaryImageOfPage\":{\"@id\":\"https:\/\/gjeilo.no\/?page_id=135#primaryimage\"},\"image\":{\"@id\":\"https:\/\/gjeilo.no\/?page_id=135#primaryimage\"},\"thumbnailUrl\":\"https:\/\/gjeilo.no\/wp-content\/uploads\/2015\/09\/JONAMUND.jpg\",\"datePublished\":\"2015-09-01T08:39:06+00:00\",\"dateModified\":\"2023-01-30T16:31:45+00:00\",\"breadcrumb\":{\"@id\":\"https:\/\/gjeilo.no\/?page_id=135#breadcrumb\"},\"inLanguage\":\"nb-NO\",\"potentialAction\":[{\"@type\":\"ReadAction\",\"target\":[\"https:\/\/gjeilo.no\/?page_id=135\"]}]},{\"@type\":\"ImageObject\",\"inLanguage\":\"nb-NO\",\"@id\":\"https:\/\/gjeilo.no\/?page_id=135#primaryimage\",\"url\":\"https:\/\/gjeilo.no\/wp-content\/uploads\/2015\/09\/JONAMUND.jpg\",\"contentUrl\":\"https:\/\/gjeilo.no\/wp-content\/uploads\/2015\/09\/JONAMUND.jpg\"},{\"@type\":\"BreadcrumbList\",\"@id\":\"https:\/\/gjeilo.no\/?page_id=135#breadcrumb\",\"itemListElement\":[{\"@type\":\"ListItem\",\"position\":1,\"name\":\"Hjem\",\"item\":\"https:\/\/gjeilo.no\/\"},{\"@type\":\"ListItem\",\"position\":2,\"name\":\"Jon Amundsen Brimiskjellen\"}]},{\"@type\":\"WebSite\",\"@id\":\"https:\/\/gjeilo.no\/#website\",\"url\":\"https:\/\/gjeilo.no\/\",\"name\":\"Slektskap\",\"description\":\"\",\"potentialAction\":[{\"@type\":\"SearchAction\",\"target\":{\"@type\":\"EntryPoint\",\"urlTemplate\":\"https:\/\/gjeilo.no\/?s={search_term_string}\"},\"query-input\":{\"@type\":\"PropertyValueSpecification\",\"valueRequired\":true,\"valueName\":\"search_term_string\"}}],\"inLanguage\":\"nb-NO\"}]}<\/script>\n<!-- \/ Yoast SEO plugin. -->","yoast_head_json":{"title":"Jon Amundsen Brimiskjellen - Slektskap","robots":{"index":"index","follow":"follow","max-snippet":"max-snippet:-1","max-image-preview":"max-image-preview:large","max-video-preview":"max-video-preview:-1"},"canonical":"https:\/\/gjeilo.no\/?page_id=135","og_locale":"nb_NO","og_type":"article","og_title":"Jon Amundsen Brimiskjellen - Slektskap","og_description":"F\u00f8dd 18.mai\u00a0 1828 Gift med Embj\u00f8rg Andersdotter, f. 9.mai 1828 Mor: Ingrid Imbertsdotter Lang\u00f8ygard, f. 1796 Ho hadde eit barn f\u00f8r ekteskap: R\u00f8nnaug Knutsd. vf 1823, vfar: Knut Ols. Lilles\u00e6ter Far: Amund Iversen Orrhaugen, Lalm, vf. 1796 (1797) Han\u00a0 hadde tre barn f\u00f8r ekteskap: Ola Amunds. Synslien, f 1823, mor: Ymbj\u00f8rg Olsd \u00d8degaardsneset Peder Amunds.Viker &hellip; Fortsett \u00e5 lese Jon Amundsen Brimiskjellen","og_url":"https:\/\/gjeilo.no\/?page_id=135","og_site_name":"Slektskap","article_modified_time":"2023-01-30T16:31:45+00:00","og_image":[{"url":"https:\/\/gjeilo.no\/wp-content\/uploads\/2015\/09\/JONAMUND.jpg","type":"","width":"","height":""}],"twitter_card":"summary_large_image","twitter_misc":{"Ansl. lesetid":"1 minutt"},"schema":{"@context":"https:\/\/schema.org","@graph":[{"@type":"WebPage","@id":"https:\/\/gjeilo.no\/?page_id=135","url":"https:\/\/gjeilo.no\/?page_id=135","name":"Jon Amundsen Brimiskjellen - Slektskap","isPartOf":{"@id":"https:\/\/gjeilo.no\/#website"},"primaryImageOfPage":{"@id":"https:\/\/gjeilo.no\/?page_id=135#primaryimage"},"image":{"@id":"https:\/\/gjeilo.no\/?page_id=135#primaryimage"},"thumbnailUrl":"https:\/\/gjeilo.no\/wp-content\/uploads\/2015\/09\/JONAMUND.jpg","datePublished":"2015-09-01T08:39:06+00:00","dateModified":"2023-01-30T16:31:45+00:00","breadcrumb":{"@id":"https:\/\/gjeilo.no\/?page_id=135#breadcrumb"},"inLanguage":"nb-NO","potentialAction":[{"@type":"ReadAction","target":["https:\/\/gjeilo.no\/?page_id=135"]}]},{"@type":"ImageObject","inLanguage":"nb-NO","@id":"https:\/\/gjeilo.no\/?page_id=135#primaryimage","url":"https:\/\/gjeilo.no\/wp-content\/uploads\/2015\/09\/JONAMUND.jpg","contentUrl":"https:\/\/gjeilo.no\/wp-content\/uploads\/2015\/09\/JONAMUND.jpg"},{"@type":"BreadcrumbList","@id":"https:\/\/gjeilo.no\/?page_id=135#breadcrumb","itemListElement":[{"@type":"ListItem","position":1,"name":"Hjem","item":"https:\/\/gjeilo.no\/"},{"@type":"ListItem","position":2,"name":"Jon Amundsen Brimiskjellen"}]},{"@type":"WebSite","@id":"https:\/\/gjeilo.no\/#website","url":"https:\/\/gjeilo.no\/","name":"Slektskap","description":"","potentialAction":[{"@type":"SearchAction","target":{"@type":"EntryPoint","urlTemplate":"https:\/\/gjeilo.no\/?s={search_term_string}"},"query-input":{"@type":"PropertyValueSpecification","valueRequired":true,"valueName":"search_term_string"}}],"inLanguage":"nb-NO"}]}},"_links":{"self":[{"href":"https:\/\/gjeilo.no\/index.php?rest_route=\/wp\/v2\/pages\/135","targetHints":{"allow":["GET"]}}],"collection":[{"href":"https:\/\/gjeilo.no\/index.php?rest_route=\/wp\/v2\/pages"}],"about":[{"href":"https:\/\/gjeilo.no\/index.php?rest_route=\/wp\/v2\/types\/page"}],"author":[{"embeddable":true,"href":"https:\/\/gjeilo.no\/index.php?rest_route=\/wp\/v2\/users\/2"}],"replies":[{"embeddable":true,"href":"https:\/\/gjeilo.no\/index.php?rest_route=%2Fwp%2Fv2%2Fcomments&post=135"}],"version-history":[{"count":11,"href":"https:\/\/gjeilo.no\/index.php?rest_route=\/wp\/v2\/pages\/135\/revisions"}],"predecessor-version":[{"id":2910,"href":"https:\/\/gjeilo.no\/index.php?rest_route=\/wp\/v2\/pages\/135\/revisions\/2910"}],"wp:attachment":[{"href":"https:\/\/gjeilo.no\/index.php?rest_route=%2Fwp%2Fv2%2Fmedia&parent=135"}],"curies":[{"name":"wp","href":"https:\/\/api.w.org\/{rel}","templated":true}]}}