{"id":132,"date":"2015-09-01T08:36:49","date_gmt":"2015-09-01T08:36:49","guid":{"rendered":"https:\/\/gjeilo.no\/?page_id=132"},"modified":"2024-11-09T19:47:33","modified_gmt":"2024-11-09T19:47:33","slug":"embjorg-andersdotter-saeterdalen","status":"publish","type":"page","link":"https:\/\/gjeilo.no\/?page_id=132","title":{"rendered":"Embj\u00f8rg Andersdotter S\u00e6terdalen"},"content":{"rendered":"<p>F\u00f8dd 9\/5 1828<br \/>\nGift i 1853 med <a href=\"https:\/\/gjeilo.no\/?page_id=135\">Jon Amundsen Brimiskjellen<\/a> ,f. 18\/5 1828<br \/>\nMor: Embj\u00f8rg Jonsdotter Runningen, f. 1800<br \/>\nFar: Frants Anders Seterdalen ,f. 1791<br \/>\nBorn: <a title=\"Anders Jonsen Kroken\" href=\"https:\/\/gjeilo.no\/?page_id=111\">Anders <\/a>(f. 12\/1 1851) g. <a title=\"Marit Olsdotter Visvolden\" href=\"https:\/\/gjeilo.no\/?page_id=129\">Marit Olsdotter Visvolden<\/a> &#8211; 8 barn, Ingrid Jonsdtr. (f. 23\/8 1855) g. V\u00e6re i Trondheim, Amund (f. 2\/3 1859), Embj\u00f8rg Jonsdtr. (f. 1\/11 1861) (d. 1941) g. m. Lars Wormdahl (f. 15\/8 1860) (d. f\/7 1931) i Oslo i 1888, R\u00f8nnaug Jonsdtr. (f. 1864), Gunhild Jonsdtr. (f. 1867?) g.m. Fredrik S. Nilsen, Ivar (f. 1870).<\/p>\n<p>Syskjen:<\/p>\n<p>Embj\u00f8rgs Jonsdatter var dotter til Embj\u00f8rg og Jon Amundsen Skjellen og var gift med Lars Wormdal fr\u00e5 Oslo. Som 16 \u00e5ring gjekk Embj\u00f8rg over fjellet fr\u00e5 Lom til St\u00f8ren for \u00e5 f\u00e5 seg arbeid. Ho fekk arbeid hj\u00e5 Sorkstad i Trondheim. Mannen til Embj\u00f8rg Jonstr. , Lars, gjekk befalsskulen i Trondheim og traff sikkert Embj\u00f8rg da. Seinare vart han tilsett som intendant ved Ranheim cellulosefabrikk.<\/p>\n<p><a href=\"https:\/\/gjeilo.no\"><img loading=\"lazy\" decoding=\"async\" class=\"alignnone  wp-image-6142\" src=\"https:\/\/gjeilo.no\/wp-content\/uploads\/2024\/11\/dor-100-DPI-1.png\" alt=\"\" width=\"89\" height=\"15\" \/><\/a><\/p>\n","protected":false},"excerpt":{"rendered":"<p>F\u00f8dd 9\/5 1828 Gift i 1853 med Jon Amundsen Brimiskjellen ,f. 18\/5 1828 Mor: Embj\u00f8rg Jonsdotter Runningen, f. 1800 Far: Frants Anders Seterdalen ,f. 1791 Born: Anders (f. 12\/1 1851) g. Marit Olsdotter Visvolden &#8211; 8 barn, Ingrid Jonsdtr. (f. 23\/8 1855) g. V\u00e6re i Trondheim, Amund (f. 2\/3 1859), Embj\u00f8rg Jonsdtr. (f. 1\/11 1861) &hellip; <a href=\"https:\/\/gjeilo.no\/?page_id=132\" class=\"more-link\">Fortsett \u00e5 lese <span class=\"screen-reader-text\">Embj\u00f8rg Andersdotter S\u00e6terdalen<\/span><\/a><\/p>\n","protected":false},"author":2,"featured_media":0,"parent":0,"menu_order":0,"comment_status":"closed","ping_status":"open","template":"","meta":{"footnotes":""},"class_list":["post-132","page","type-page","status-publish","hentry"],"yoast_head":"<!-- This site is optimized with the Yoast SEO plugin v26.0 - https:\/\/yoast.com\/wordpress\/plugins\/seo\/ -->\n<title>Embj\u00f8rg Andersdotter S\u00e6terdalen - Slektskap<\/title>\n<meta name=\"robots\" content=\"index, follow, max-snippet:-1, max-image-preview:large, max-video-preview:-1\" \/>\n<link rel=\"canonical\" href=\"https:\/\/gjeilo.no\/?page_id=132\" \/>\n<meta property=\"og:locale\" content=\"nb_NO\" \/>\n<meta property=\"og:type\" content=\"article\" \/>\n<meta property=\"og:title\" content=\"Embj\u00f8rg Andersdotter S\u00e6terdalen - Slektskap\" \/>\n<meta property=\"og:description\" content=\"F\u00f8dd 9\/5 1828 Gift i 1853 med Jon Amundsen Brimiskjellen ,f. 18\/5 1828 Mor: Embj\u00f8rg Jonsdotter Runningen, f. 1800 Far: Frants Anders Seterdalen ,f. 1791 Born: Anders (f. 12\/1 1851) g. Marit Olsdotter Visvolden &#8211; 8 barn, Ingrid Jonsdtr. (f. 23\/8 1855) g. V\u00e6re i Trondheim, Amund (f. 2\/3 1859), Embj\u00f8rg Jonsdtr. (f. 1\/11 1861) &hellip; Fortsett \u00e5 lese Embj\u00f8rg Andersdotter S\u00e6terdalen\" \/>\n<meta property=\"og:url\" content=\"https:\/\/gjeilo.no\/?page_id=132\" \/>\n<meta property=\"og:site_name\" content=\"Slektskap\" \/>\n<meta property=\"article:modified_time\" content=\"2024-11-09T19:47:33+00:00\" \/>\n<meta property=\"og:image\" content=\"https:\/\/gjeilo.no\/wp-content\/uploads\/2024\/11\/dor-100-DPI-1.png\" \/>\n\t<meta property=\"og:image:width\" content=\"266\" \/>\n\t<meta property=\"og:image:height\" content=\"45\" \/>\n\t<meta property=\"og:image:type\" content=\"image\/png\" \/>\n<meta name=\"twitter:card\" content=\"summary_large_image\" \/>\n<meta name=\"twitter:label1\" content=\"Ansl. lesetid\" \/>\n\t<meta name=\"twitter:data1\" content=\"1 minutt\" \/>\n<script type=\"application\/ld+json\" class=\"yoast-schema-graph\">{\"@context\":\"https:\/\/schema.org\",\"@graph\":[{\"@type\":\"WebPage\",\"@id\":\"https:\/\/gjeilo.no\/?page_id=132\",\"url\":\"https:\/\/gjeilo.no\/?page_id=132\",\"name\":\"Embj\u00f8rg Andersdotter S\u00e6terdalen - Slektskap\",\"isPartOf\":{\"@id\":\"https:\/\/gjeilo.no\/#website\"},\"primaryImageOfPage\":{\"@id\":\"https:\/\/gjeilo.no\/?page_id=132#primaryimage\"},\"image\":{\"@id\":\"https:\/\/gjeilo.no\/?page_id=132#primaryimage\"},\"thumbnailUrl\":\"https:\/\/gjeilo.no\/wp-content\/uploads\/2024\/11\/dor-100-DPI-1.png\",\"datePublished\":\"2015-09-01T08:36:49+00:00\",\"dateModified\":\"2024-11-09T19:47:33+00:00\",\"breadcrumb\":{\"@id\":\"https:\/\/gjeilo.no\/?page_id=132#breadcrumb\"},\"inLanguage\":\"nb-NO\",\"potentialAction\":[{\"@type\":\"ReadAction\",\"target\":[\"https:\/\/gjeilo.no\/?page_id=132\"]}]},{\"@type\":\"ImageObject\",\"inLanguage\":\"nb-NO\",\"@id\":\"https:\/\/gjeilo.no\/?page_id=132#primaryimage\",\"url\":\"https:\/\/gjeilo.no\/wp-content\/uploads\/2024\/11\/dor-100-DPI-1.png\",\"contentUrl\":\"https:\/\/gjeilo.no\/wp-content\/uploads\/2024\/11\/dor-100-DPI-1.png\"},{\"@type\":\"BreadcrumbList\",\"@id\":\"https:\/\/gjeilo.no\/?page_id=132#breadcrumb\",\"itemListElement\":[{\"@type\":\"ListItem\",\"position\":1,\"name\":\"Hjem\",\"item\":\"https:\/\/gjeilo.no\/\"},{\"@type\":\"ListItem\",\"position\":2,\"name\":\"Embj\u00f8rg Andersdotter S\u00e6terdalen\"}]},{\"@type\":\"WebSite\",\"@id\":\"https:\/\/gjeilo.no\/#website\",\"url\":\"https:\/\/gjeilo.no\/\",\"name\":\"Slektskap\",\"description\":\"\",\"potentialAction\":[{\"@type\":\"SearchAction\",\"target\":{\"@type\":\"EntryPoint\",\"urlTemplate\":\"https:\/\/gjeilo.no\/?s={search_term_string}\"},\"query-input\":{\"@type\":\"PropertyValueSpecification\",\"valueRequired\":true,\"valueName\":\"search_term_string\"}}],\"inLanguage\":\"nb-NO\"}]}<\/script>\n<!-- \/ Yoast SEO plugin. -->","yoast_head_json":{"title":"Embj\u00f8rg Andersdotter S\u00e6terdalen - Slektskap","robots":{"index":"index","follow":"follow","max-snippet":"max-snippet:-1","max-image-preview":"max-image-preview:large","max-video-preview":"max-video-preview:-1"},"canonical":"https:\/\/gjeilo.no\/?page_id=132","og_locale":"nb_NO","og_type":"article","og_title":"Embj\u00f8rg Andersdotter S\u00e6terdalen - Slektskap","og_description":"F\u00f8dd 9\/5 1828 Gift i 1853 med Jon Amundsen Brimiskjellen ,f. 18\/5 1828 Mor: Embj\u00f8rg Jonsdotter Runningen, f. 1800 Far: Frants Anders Seterdalen ,f. 1791 Born: Anders (f. 12\/1 1851) g. Marit Olsdotter Visvolden &#8211; 8 barn, Ingrid Jonsdtr. (f. 23\/8 1855) g. V\u00e6re i Trondheim, Amund (f. 2\/3 1859), Embj\u00f8rg Jonsdtr. (f. 1\/11 1861) &hellip; Fortsett \u00e5 lese Embj\u00f8rg Andersdotter S\u00e6terdalen","og_url":"https:\/\/gjeilo.no\/?page_id=132","og_site_name":"Slektskap","article_modified_time":"2024-11-09T19:47:33+00:00","og_image":[{"width":266,"height":45,"url":"https:\/\/gjeilo.no\/wp-content\/uploads\/2024\/11\/dor-100-DPI-1.png","type":"image\/png"}],"twitter_card":"summary_large_image","twitter_misc":{"Ansl. lesetid":"1 minutt"},"schema":{"@context":"https:\/\/schema.org","@graph":[{"@type":"WebPage","@id":"https:\/\/gjeilo.no\/?page_id=132","url":"https:\/\/gjeilo.no\/?page_id=132","name":"Embj\u00f8rg Andersdotter S\u00e6terdalen - Slektskap","isPartOf":{"@id":"https:\/\/gjeilo.no\/#website"},"primaryImageOfPage":{"@id":"https:\/\/gjeilo.no\/?page_id=132#primaryimage"},"image":{"@id":"https:\/\/gjeilo.no\/?page_id=132#primaryimage"},"thumbnailUrl":"https:\/\/gjeilo.no\/wp-content\/uploads\/2024\/11\/dor-100-DPI-1.png","datePublished":"2015-09-01T08:36:49+00:00","dateModified":"2024-11-09T19:47:33+00:00","breadcrumb":{"@id":"https:\/\/gjeilo.no\/?page_id=132#breadcrumb"},"inLanguage":"nb-NO","potentialAction":[{"@type":"ReadAction","target":["https:\/\/gjeilo.no\/?page_id=132"]}]},{"@type":"ImageObject","inLanguage":"nb-NO","@id":"https:\/\/gjeilo.no\/?page_id=132#primaryimage","url":"https:\/\/gjeilo.no\/wp-content\/uploads\/2024\/11\/dor-100-DPI-1.png","contentUrl":"https:\/\/gjeilo.no\/wp-content\/uploads\/2024\/11\/dor-100-DPI-1.png"},{"@type":"BreadcrumbList","@id":"https:\/\/gjeilo.no\/?page_id=132#breadcrumb","itemListElement":[{"@type":"ListItem","position":1,"name":"Hjem","item":"https:\/\/gjeilo.no\/"},{"@type":"ListItem","position":2,"name":"Embj\u00f8rg Andersdotter S\u00e6terdalen"}]},{"@type":"WebSite","@id":"https:\/\/gjeilo.no\/#website","url":"https:\/\/gjeilo.no\/","name":"Slektskap","description":"","potentialAction":[{"@type":"SearchAction","target":{"@type":"EntryPoint","urlTemplate":"https:\/\/gjeilo.no\/?s={search_term_string}"},"query-input":{"@type":"PropertyValueSpecification","valueRequired":true,"valueName":"search_term_string"}}],"inLanguage":"nb-NO"}]}},"_links":{"self":[{"href":"https:\/\/gjeilo.no\/index.php?rest_route=\/wp\/v2\/pages\/132","targetHints":{"allow":["GET"]}}],"collection":[{"href":"https:\/\/gjeilo.no\/index.php?rest_route=\/wp\/v2\/pages"}],"about":[{"href":"https:\/\/gjeilo.no\/index.php?rest_route=\/wp\/v2\/types\/page"}],"author":[{"embeddable":true,"href":"https:\/\/gjeilo.no\/index.php?rest_route=\/wp\/v2\/users\/2"}],"replies":[{"embeddable":true,"href":"https:\/\/gjeilo.no\/index.php?rest_route=%2Fwp%2Fv2%2Fcomments&post=132"}],"version-history":[{"count":3,"href":"https:\/\/gjeilo.no\/index.php?rest_route=\/wp\/v2\/pages\/132\/revisions"}],"predecessor-version":[{"id":6186,"href":"https:\/\/gjeilo.no\/index.php?rest_route=\/wp\/v2\/pages\/132\/revisions\/6186"}],"wp:attachment":[{"href":"https:\/\/gjeilo.no\/index.php?rest_route=%2Fwp%2Fv2%2Fmedia&parent=132"}],"curies":[{"name":"wp","href":"https:\/\/api.w.org\/{rel}","templated":true}]}}