{"id":114,"date":"2015-09-01T08:21:17","date_gmt":"2015-09-01T08:21:17","guid":{"rendered":"https:\/\/gjeilo.no\/?page_id=114"},"modified":"2026-03-06T14:21:04","modified_gmt":"2026-03-06T14:21:04","slug":"dagboka-til-anders-jonsen","status":"publish","type":"page","link":"https:\/\/gjeilo.no\/?page_id=114","title":{"rendered":"Dagboka til Anders Jonsen"},"content":{"rendered":"<h4><strong><a href=\"https:\/\/gjeilo.no\/wp-content\/uploads\/2020\/12\/2020-julehefte-dagbok.png\"><img loading=\"lazy\" decoding=\"async\" class=\"wp-image-1721  alignleft\" src=\"https:\/\/gjeilo.no\/wp-content\/uploads\/2020\/12\/2020-julehefte-dagbok.png\" alt=\"\" width=\"457\" height=\"661\" srcset=\"https:\/\/gjeilo.no\/wp-content\/uploads\/2020\/12\/2020-julehefte-dagbok.png 897w, https:\/\/gjeilo.no\/wp-content\/uploads\/2020\/12\/2020-julehefte-dagbok-207x300.png 207w, https:\/\/gjeilo.no\/wp-content\/uploads\/2020\/12\/2020-julehefte-dagbok-708x1024.png 708w, https:\/\/gjeilo.no\/wp-content\/uploads\/2020\/12\/2020-julehefte-dagbok-768x1111.png 768w\" sizes=\"auto, (max-width: 457px) 100vw, 457px\" \/><\/a><\/strong><\/h4>\n<p>Etter Kaare har Aud teke vare p\u00e5 ei dagbok som <a title=\"Anders Jonsen Kroken\" href=\"https:\/\/gjeilo.no\/?page_id=111\">Anders Jonsen Kroken <\/a>skreiv fr\u00e5 1886 til 1899. P\u00e5 dennetida budde familien p\u00e5 husmannsplass i Medalen. Dagboka er skrive med penn i eit lite hefte.<strong><br \/>\n<\/strong><\/p>\n<figure id=\"attachment_108\" aria-describedby=\"caption-attachment-108\" style=\"width: 1990px\" class=\"wp-caption alignnone\"><a href=\"https:\/\/gjeilo.no\/wp-content\/uploads\/2015\/09\/OLAANDER-2.jpg\" target=\"_blank\" rel=\"noopener noreferrer\"><img loading=\"lazy\" decoding=\"async\" class=\"wp-image-108 size-full\" src=\"https:\/\/gjeilo.no\/wp-content\/uploads\/2015\/09\/OLAANDER-2.jpg\" alt=\"\" width=\"1990\" height=\"1305\" srcset=\"https:\/\/gjeilo.no\/wp-content\/uploads\/2015\/09\/OLAANDER-2.jpg 1990w, https:\/\/gjeilo.no\/wp-content\/uploads\/2015\/09\/OLAANDER-2-300x197.jpg 300w, https:\/\/gjeilo.no\/wp-content\/uploads\/2015\/09\/OLAANDER-2-1024x672.jpg 1024w\" sizes=\"auto, (max-width: 1990px) 100vw, 1990px\" \/><\/a><figcaption id=\"caption-attachment-108\" class=\"wp-caption-text\">Familien til Anders og Marit. Fr\u00e5 venstre: Anders, Ola, R\u00f8nnaug, Amund, Marit og Hans. Fotografert f\u00f8r 1904. Anders Kroken eigde fotografiet.<\/figcaption><\/figure>\n<figure id=\"attachment_6372\" aria-describedby=\"caption-attachment-6372\" style=\"width: 960px\" class=\"wp-caption alignnone\"><a href=\"https:\/\/gjeilo.no\/wp-content\/uploads\/2025\/11\/Jon-N-Mary-Murphy-586097659_25367924146135285_7872625160365399285_n.jpg\"><img loading=\"lazy\" decoding=\"async\" class=\"size-full wp-image-6372\" src=\"https:\/\/gjeilo.no\/wp-content\/uploads\/2025\/11\/Jon-N-Mary-Murphy-586097659_25367924146135285_7872625160365399285_n.jpg\" alt=\"\" width=\"960\" height=\"644\" srcset=\"https:\/\/gjeilo.no\/wp-content\/uploads\/2025\/11\/Jon-N-Mary-Murphy-586097659_25367924146135285_7872625160365399285_n.jpg 960w, https:\/\/gjeilo.no\/wp-content\/uploads\/2025\/11\/Jon-N-Mary-Murphy-586097659_25367924146135285_7872625160365399285_n-300x201.jpg 300w, https:\/\/gjeilo.no\/wp-content\/uploads\/2025\/11\/Jon-N-Mary-Murphy-586097659_25367924146135285_7872625160365399285_n-768x515.jpg 768w\" sizes=\"auto, (max-width: 960px) 100vw, 960px\" \/><\/a><figcaption id=\"caption-attachment-6372\" class=\"wp-caption-text\">AI-gen bilde av familien.<\/figcaption><\/figure>\n<p><a href=\"https:\/\/gjeilo.no\/wp-content\/uploads\/2020\/12\/2020-julehefte-husmann.pdf\" target=\"_blank\" rel=\"noopener noreferrer\">Sj\u00e5 oppslag i desembermagasin for Lom 2020 om husmannslivet i Medalen<\/a><\/p>\n<p>P\u00e5 framsida av dagboka st\u00e5r det:<br \/>\n&raquo; Aars Dagbog fra Aaret 1886 om Ualmindeligt Veir o.s.v. for Anders Johnsen f\u00f8dt den 12de Januar 1851.Gift den 7de Juni Aar 1872&#8243;.<br \/>\nSm\u00f8rregning for Aret 1887. Det udj\u00f8r sig til J Bismo en pund 9 merk isammen v\u00e6gt fra S\u00e6teren det oph\u00f8rte sig ikke hjem.<\/p>\n<p>Hvor meget Rume<br \/>\ntil den 29 de april 6 Lit<br \/>\ntil den 30. Mai 3 Lit<br \/>\ntil den 7. Juli 4 Lit<\/p>\n<p>&#8230;&#8230;&#8230;<br \/>\nfra den 7de Juni var det koldt veir snogtander og koldvin et fjortendages Tid den 22de i d.s. Reiste til S\u00e6teren og siden bare koldt den 7de Juli om Natten fr\u00f8s Pottet Graset bordt siden kold helle Juli Maane i Augustmaaned var det meget regn saa det var en daarlig inh\u00f8sning paa H\u00f8iet begyndte lidt med Skulen den 25 eller 29 August i September var det et heldt 14 dages Tid med Regn fra den 1de Siden vin og God T\u00f8rk den 24 i d. n. s. Skar dem af det siste. God T\u00f8rk begynder Ogtober med den 7de Ogtober da fr\u00f8s det ned siden Koldt men ikke sne f\u00f8ren 27de November da kom den 2. 1\/2 Kvardt Tyk den 30de kom det ogsaa meget sne den 2 og 3 Desember Regner det ualmindeligt det gik Skrider magesteds<\/p>\n<p>&#8230;&#8230;&#8230;<\/p>\n<p>Aar 1886\/1887<br \/>\nI Aaret 1886 Var det en kold Sommer haard vaar vaar\u00f8iene begyndes 12de Mai Reiser til S\u00e6tern den 25de Juni Slaaes S\u00e6teren den 16de August da havde os Stri Vin den 20. Skulon den 1. September. 4 Fredager efter hinanden med Strivin den 14de September kom der Sne saa meget at Treverne var n\u00e6sten juletre den 16 begynte de at Skar lidt 17 Klarnede 18 om Naten fr\u00f8s det bordt men det var ikke saa meget ijen 23. 24. 25. de var det Klardt og koldt, Det var en stor God h\u00f8st det var n\u00e6sten ikke sne f\u00f8ren den 3de Desember siden klardt koldt til midten i Januar den 21de var det ualmindeligt til T\u00f8ir siden stor Holdt det paa med T\u00f8ir et heldt 14 dage saa begynte det med T\u00f8ir den 22de Februar siden var det berdt til den 25de mars siden lidt sne men en kold og haard vaar men ikke sne begyndte med Vaar\u00f8in den 9de mai og saade det sisde den 18de den 26de Reiste Jo til Amerike da var det meget varmdt veir og God havn<\/p>\n<p>&#8230;&#8230;&#8230;<\/p>\n<p>Den 29de November gik Ole Galde til i Sneskriden da efter var det ualminneligt dem fandt ham den 18de Desember imellem Jul og Nytaar var det pent veir.<\/p>\n<p>&#8230;&#8230;&#8230;<\/p>\n<p>Aar 1888<br \/>\nNytaarsdagen begyndes med gaadt veir den 8de begyndes med T\u00f8ir fra sist i Januar til Mars sind udgang var det koldt veir Rigtig ualminneligt 3 dage f\u00f8rst i Mars med snedrev siden koldt ualminneligt haardt fortid vor\u00f8nden begynder den 15de saade Rug den 26de saade det sidste den 2de Juni Hele Juni maaned var det varmt veir den 23de saa vi i Rugaxet Juli Maaned var det varmt ikke Regn f\u00f8r den 24de i August var det meget Regn det var ikke vandet fra den 24de Juli begynder med Skur\u00f8nen den 3de September og holdt paa til den 27de September var t\u00f8r ualminnelig god inh\u00f8stning paa Kornet Nogenlunde god H\u00f8st i mitten i November kom det meget Sne det var bestemt et brylup ved Galde den 13de men Prosten kom ike ram saa var det bestemt til den 27de da gik det Lige saa det var Kristen og Tor\u00f8 Lille\u00f8degaarden .<\/p>\n<p>&#8230;&#8230;&#8230;<\/p>\n<p>Aar 1889<br \/>\ndet var en Mild vinter og en god vaar det gr\u00f8ner i 14 dage paa Sommeren begynder med vaar\u00f8inen den 9de Mai, ualminneligt gaadt veir. Jeg h\u00f8rde gauken den 10. Mai det var i Lauvspr\u00e6tingen det blev fulvaxen i Maimaaned Mai Juni lige til den 7de Juli var det ualminneligt varmt da f\u00f8rdst kom det Regn Bygaxet var fuldt udkommet den 24de Juni Slaadt\u00f8nen begynder den 8de Juli da begynder det med Regn og Holdt paa til den 28de Juli dda var det T\u00f8rk en uge. August Maaned var ualminnelig God god indh\u00f8stning paa Gr\u00f8et det var afskaaret til den siste August ualminnelig God H\u00f8st Jorden var Tien til den 23de November men Godt F\u00f8re i Julen<\/p>\n<p>&#8230;&#8230;&#8230;<\/p>\n<p>Aaret 1890<br \/>\nvar en God Vinter men blev fortligt f\u00f8rlauken 25\/3 Saa blev det en kaald vaar vaar\u00f8inen begyndte den 6de Mai mai var god llige til den 25de Siden var det meget Regn og Koldt baade Juni Juli det var en uge i August som var varm I Skul\u00f8ien begyndte den 25de August og \u00e6nte den 20de September det f\u00f8rste av Gr\u00f8et var god t\u00f8rk paa men det siste var daarligere 4de Ogtober var sneen 4 tomer da safte vi Tr\u00e6verne den 6de var sneen 14 tomer Tyk den 10de blev det bardt ijen Det var en God H\u00f8st den 23de November begynte det med Kaldt det sirkuler ved 20 Graders Kulde den Uge saa blev det en God T\u00f8ir Saa begynte det med Kaaldt og haalt ved til den 10de Januar det Sirkulerer ved 20 Grader<\/p>\n<p>&#8230;&#8230;&#8230;<\/p>\n<p>Aaret 1991<br \/>\nI 1891 var det et stordt Aar en Krone pr vaag H\u00f8i 40 \u00f8re pr vaag Halm men det var en Kold vinter og en Haardt vaar Mai maane var ualmindeligt haart veir det var saa vidt L\u00f8vet sprat i mai maaned vaar\u00f8ien begynte den 12de Mai og den 26de var vi f\u00e6rdige m\u00e6d den det var ikke en God dag f\u00f8r den 21de Juni siden var det varmt Regn kom det ikke f\u00f8r Slaat\u00f8ien begynder Skur\u00f8ien begynte midten i August maned Det blev indh\u00f8stet til den 27de September den 20de Septembervar Lars Torekveen ved Galde og Pr\u00e6dikerte det var en god h\u00f8st om vinteren var det lidt sne men stadigt veir og gaadt f\u00f8re<\/p>\n<p>I 1892 var det gaadt veir tidligt blev barjord sistimars maaned Aprilmaaned var god men Mai var kold det var saavidt lauvet spratt i mai Vaar\u00f8ien begynder um 12de Mai og endte 30de den vaar Reiste det mange til Amerika omkring 40 menesker i B\u00e6verdalen det var en kold sommer men et midels Aar det regner fra f\u00f8rst i August til midten i September omframt til v\u00e6r dag og siden gang om gang siste h\u00f8iet og gr\u00f8et var d\u00e5rlig int\u00f8rk<\/p>\n<p>&#8230;&#8230;&#8230;<\/p>\n<p>I Aaret 1893<br \/>\nDet var en st\u00f8 vinter lige til i Marsmaaned da kom det meget sne det gik sneskred der som ikke har gaadt f\u00f8r som faalk mindest Natten imellem den 13de a 14de Mars gik sneskred ved Gauper og andre steder ogsaa den 15de i samme reiste John til Amerika det var en alminnelig vaar og god somer et fjorten dages Regn da sl\u00e5dten begynder et gaadt og midels aar god H\u00f8st.<\/p>\n<p>&#8230;&#8230;&#8230;<\/p>\n<p>Aaret 1894<br \/>\nfra midten i Januar maaned og til midten i Mars var det ualmindeligt til veir og sne den 8de Februar gik sneskred paa Gauper den vinteren var det ikke vei l\u00e6ngre eller til Gaakra men tidligt bardt og godt veir det gr\u00f8nte i April det blev en god sommer og et gaadt Aar.<\/p>\n<p>&#8230;&#8230;&#8230;<\/p>\n<p>Aaret 1895<br \/>\ndet var en st\u00f8 vinter lidet sne ualminneligt Kaaldt i Januar maaned var det meget af rypen men en god vaar Lauvet spradt miten i Mai maaned Juni maaned var kaald vaar\u00f8inen begynder um 13de Mai det var en vaad sommer det var ike vandet det var bare d\u00e5rlig indh\u00f8sning paa h\u00f8iet men paa gr\u00f8et var det god indh\u00f8stning paa konfirmationsdagen bleiv det b\u00e5de en jente og en h\u00e6st under Glimsdals \u00c6lven det var en t\u00f8r h\u00f8st det kom en del sne f\u00f8rst i Desember og strags f\u00f8r Jul og ijul var det kaaldt<\/p>\n<p>&#8230;&#8230;&#8230;<\/p>\n<p>Aaret 1896<br \/>\nvar en god vaar og et udm\u00e6rket gaadt Aar sist i November maaned heingte han sig selv han Ole J.\u00d8ijordet det var ike sne f\u00f8r i Julen og siden var det en st\u00f8 vinter<\/p>\n<p>&#8230;&#8230;&#8230;<\/p>\n<p>I Aaret 1897 var en haard vaar det var nogle varme dage sist i mai og f\u00f8rst i Juni siden var det Kaaldt lige til midtsommer dag da var det varmt lige til den 8ende August da regner det en uge det var mange som led af mangel faar van lidet h\u00f8i det var f\u00f8rste Aaret jeg var paa Engum jeg saade det siste den 3 Juni den 29de mai var det stor flaam ualmindeligt Juva var saa skr\u00e6kelig det var ike noget saadant Glaamen var skrekelig stor den tog bort 3 af bruerne og lige til \u00f8vre fj\u00f8set og tog bordt meget den uv\u00e6iren den 8de September reiste Kari til Amerika Daarlig indh\u00f8sning og lide paa jorden.<\/p>\n<p>i Aaret 1898 var ike f\u00f8re f\u00f8r Sist i Februar maaned det var en haard vaar det var mange steder Kreaturerne Svaldt n\u00e6ir ij\u00e6l det var ike for at faa men det var at faa 15 kr vaag\/r\u00f8i 80 \u00f8re halm\/vaag Jeg saade det Siste den 8de Juni p\u00e5 Engum.<\/p>\n<p>&#8230;&#8230;&#8230;<\/p>\n<p>I Aaret 1899 flyter jeg paa Stigen den vinteren var meget sne og en haard vaar den 18de mai begyndte de vaar\u00f8inen det var saa vidt at lauvet spradt til den 1.Juni paa varmeste fl\u00e6kene miten i Juni begynte med varmt veir ualmindeligt varmt i 5 uger lidt kj\u00f8ligt veir i en maaneds thid varmt og t\u00f8rt hele tiden det var lidt regn 3 gange hele sommeren lige til den 1de September den 18.mai begynte vaar\u00f8inen og miten i August begynte de og skur\u00f8inen.<\/p>\n<p>John Andersen f\u00f8dt den 11de Mai 1874.<br \/>\nKari Andersdatter f\u00f8dt den 26de Juli 1878 d\u00f8de den 21.Juli 1924.<br \/>\nEmj\u00f8r og Maridt Andersdatter f\u00f8dt den 26de April 1883.<br \/>\nR\u00f8nnog Andersdatter f\u00f8dt den 12de Januar 1886.<br \/>\nOle Andersen f\u00f8dt den 1. Februar 1890.<br \/>\nAmun og Hans Andersen f\u00f8dt 5de Juni. Amun d\u00f8 27.April 1905 den 5de Mai var begravelsedagen.<\/p>\n<p><a href=\"https:\/\/gjeilo.no\"><img loading=\"lazy\" decoding=\"async\" class=\"alignnone  wp-image-6142\" src=\"https:\/\/gjeilo.no\/wp-content\/uploads\/2024\/11\/dor-100-DPI-1.png\" alt=\"\" width=\"107\" height=\"18\" \/><\/a><\/p>\n","protected":false},"excerpt":{"rendered":"<p>Etter Kaare har Aud teke vare p\u00e5 ei dagbok som Anders Jonsen Kroken skreiv fr\u00e5 1886 til 1899. P\u00e5 dennetida budde familien p\u00e5 husmannsplass i Medalen. Dagboka er skrive med penn i eit lite hefte. Sj\u00e5 oppslag i desembermagasin for Lom 2020 om husmannslivet i Medalen P\u00e5 framsida av dagboka st\u00e5r det: &raquo; Aars Dagbog &hellip; <a href=\"https:\/\/gjeilo.no\/?page_id=114\" class=\"more-link\">Fortsett \u00e5 lese <span class=\"screen-reader-text\">Dagboka til Anders Jonsen<\/span><\/a><\/p>\n","protected":false},"author":2,"featured_media":0,"parent":0,"menu_order":0,"comment_status":"closed","ping_status":"open","template":"","meta":{"footnotes":""},"class_list":["post-114","page","type-page","status-publish","hentry"],"yoast_head":"<!-- This site is optimized with the Yoast SEO plugin v26.0 - https:\/\/yoast.com\/wordpress\/plugins\/seo\/ -->\n<title>Dagboka til Anders Jonsen - Slektskap<\/title>\n<meta name=\"robots\" content=\"index, follow, max-snippet:-1, max-image-preview:large, max-video-preview:-1\" \/>\n<link rel=\"canonical\" href=\"https:\/\/gjeilo.no\/?page_id=114\" \/>\n<meta property=\"og:locale\" content=\"nb_NO\" \/>\n<meta property=\"og:type\" content=\"article\" \/>\n<meta property=\"og:title\" content=\"Dagboka til Anders Jonsen - Slektskap\" \/>\n<meta property=\"og:description\" content=\"Etter Kaare har Aud teke vare p\u00e5 ei dagbok som Anders Jonsen Kroken skreiv fr\u00e5 1886 til 1899. P\u00e5 dennetida budde familien p\u00e5 husmannsplass i Medalen. Dagboka er skrive med penn i eit lite hefte. Sj\u00e5 oppslag i desembermagasin for Lom 2020 om husmannslivet i Medalen P\u00e5 framsida av dagboka st\u00e5r det: &raquo; Aars Dagbog &hellip; Fortsett \u00e5 lese Dagboka til Anders Jonsen\" \/>\n<meta property=\"og:url\" content=\"https:\/\/gjeilo.no\/?page_id=114\" \/>\n<meta property=\"og:site_name\" content=\"Slektskap\" \/>\n<meta property=\"article:modified_time\" content=\"2026-03-06T14:21:04+00:00\" \/>\n<meta property=\"og:image\" content=\"https:\/\/gjeilo.no\/wp-content\/uploads\/2020\/12\/2020-julehefte-dagbok.png\" \/>\n\t<meta property=\"og:image:width\" content=\"897\" \/>\n\t<meta property=\"og:image:height\" content=\"1298\" \/>\n\t<meta property=\"og:image:type\" content=\"image\/png\" \/>\n<meta name=\"twitter:card\" content=\"summary_large_image\" \/>\n<meta name=\"twitter:label1\" content=\"Ansl. lesetid\" \/>\n\t<meta name=\"twitter:data1\" content=\"10 minutter\" \/>\n<script type=\"application\/ld+json\" class=\"yoast-schema-graph\">{\"@context\":\"https:\/\/schema.org\",\"@graph\":[{\"@type\":\"WebPage\",\"@id\":\"https:\/\/gjeilo.no\/?page_id=114\",\"url\":\"https:\/\/gjeilo.no\/?page_id=114\",\"name\":\"Dagboka til Anders Jonsen - Slektskap\",\"isPartOf\":{\"@id\":\"https:\/\/gjeilo.no\/#website\"},\"primaryImageOfPage\":{\"@id\":\"https:\/\/gjeilo.no\/?page_id=114#primaryimage\"},\"image\":{\"@id\":\"https:\/\/gjeilo.no\/?page_id=114#primaryimage\"},\"thumbnailUrl\":\"https:\/\/gjeilo.no\/wp-content\/uploads\/2020\/12\/2020-julehefte-dagbok.png\",\"datePublished\":\"2015-09-01T08:21:17+00:00\",\"dateModified\":\"2026-03-06T14:21:04+00:00\",\"breadcrumb\":{\"@id\":\"https:\/\/gjeilo.no\/?page_id=114#breadcrumb\"},\"inLanguage\":\"nb-NO\",\"potentialAction\":[{\"@type\":\"ReadAction\",\"target\":[\"https:\/\/gjeilo.no\/?page_id=114\"]}]},{\"@type\":\"ImageObject\",\"inLanguage\":\"nb-NO\",\"@id\":\"https:\/\/gjeilo.no\/?page_id=114#primaryimage\",\"url\":\"https:\/\/gjeilo.no\/wp-content\/uploads\/2020\/12\/2020-julehefte-dagbok.png\",\"contentUrl\":\"https:\/\/gjeilo.no\/wp-content\/uploads\/2020\/12\/2020-julehefte-dagbok.png\"},{\"@type\":\"BreadcrumbList\",\"@id\":\"https:\/\/gjeilo.no\/?page_id=114#breadcrumb\",\"itemListElement\":[{\"@type\":\"ListItem\",\"position\":1,\"name\":\"Hjem\",\"item\":\"https:\/\/gjeilo.no\/\"},{\"@type\":\"ListItem\",\"position\":2,\"name\":\"Dagboka til Anders Jonsen\"}]},{\"@type\":\"WebSite\",\"@id\":\"https:\/\/gjeilo.no\/#website\",\"url\":\"https:\/\/gjeilo.no\/\",\"name\":\"Slektskap\",\"description\":\"\",\"potentialAction\":[{\"@type\":\"SearchAction\",\"target\":{\"@type\":\"EntryPoint\",\"urlTemplate\":\"https:\/\/gjeilo.no\/?s={search_term_string}\"},\"query-input\":{\"@type\":\"PropertyValueSpecification\",\"valueRequired\":true,\"valueName\":\"search_term_string\"}}],\"inLanguage\":\"nb-NO\"}]}<\/script>\n<!-- \/ Yoast SEO plugin. -->","yoast_head_json":{"title":"Dagboka til Anders Jonsen - Slektskap","robots":{"index":"index","follow":"follow","max-snippet":"max-snippet:-1","max-image-preview":"max-image-preview:large","max-video-preview":"max-video-preview:-1"},"canonical":"https:\/\/gjeilo.no\/?page_id=114","og_locale":"nb_NO","og_type":"article","og_title":"Dagboka til Anders Jonsen - Slektskap","og_description":"Etter Kaare har Aud teke vare p\u00e5 ei dagbok som Anders Jonsen Kroken skreiv fr\u00e5 1886 til 1899. P\u00e5 dennetida budde familien p\u00e5 husmannsplass i Medalen. Dagboka er skrive med penn i eit lite hefte. Sj\u00e5 oppslag i desembermagasin for Lom 2020 om husmannslivet i Medalen P\u00e5 framsida av dagboka st\u00e5r det: &raquo; Aars Dagbog &hellip; Fortsett \u00e5 lese Dagboka til Anders Jonsen","og_url":"https:\/\/gjeilo.no\/?page_id=114","og_site_name":"Slektskap","article_modified_time":"2026-03-06T14:21:04+00:00","og_image":[{"width":897,"height":1298,"url":"https:\/\/gjeilo.no\/wp-content\/uploads\/2020\/12\/2020-julehefte-dagbok.png","type":"image\/png"}],"twitter_card":"summary_large_image","twitter_misc":{"Ansl. lesetid":"10 minutter"},"schema":{"@context":"https:\/\/schema.org","@graph":[{"@type":"WebPage","@id":"https:\/\/gjeilo.no\/?page_id=114","url":"https:\/\/gjeilo.no\/?page_id=114","name":"Dagboka til Anders Jonsen - Slektskap","isPartOf":{"@id":"https:\/\/gjeilo.no\/#website"},"primaryImageOfPage":{"@id":"https:\/\/gjeilo.no\/?page_id=114#primaryimage"},"image":{"@id":"https:\/\/gjeilo.no\/?page_id=114#primaryimage"},"thumbnailUrl":"https:\/\/gjeilo.no\/wp-content\/uploads\/2020\/12\/2020-julehefte-dagbok.png","datePublished":"2015-09-01T08:21:17+00:00","dateModified":"2026-03-06T14:21:04+00:00","breadcrumb":{"@id":"https:\/\/gjeilo.no\/?page_id=114#breadcrumb"},"inLanguage":"nb-NO","potentialAction":[{"@type":"ReadAction","target":["https:\/\/gjeilo.no\/?page_id=114"]}]},{"@type":"ImageObject","inLanguage":"nb-NO","@id":"https:\/\/gjeilo.no\/?page_id=114#primaryimage","url":"https:\/\/gjeilo.no\/wp-content\/uploads\/2020\/12\/2020-julehefte-dagbok.png","contentUrl":"https:\/\/gjeilo.no\/wp-content\/uploads\/2020\/12\/2020-julehefte-dagbok.png"},{"@type":"BreadcrumbList","@id":"https:\/\/gjeilo.no\/?page_id=114#breadcrumb","itemListElement":[{"@type":"ListItem","position":1,"name":"Hjem","item":"https:\/\/gjeilo.no\/"},{"@type":"ListItem","position":2,"name":"Dagboka til Anders Jonsen"}]},{"@type":"WebSite","@id":"https:\/\/gjeilo.no\/#website","url":"https:\/\/gjeilo.no\/","name":"Slektskap","description":"","potentialAction":[{"@type":"SearchAction","target":{"@type":"EntryPoint","urlTemplate":"https:\/\/gjeilo.no\/?s={search_term_string}"},"query-input":{"@type":"PropertyValueSpecification","valueRequired":true,"valueName":"search_term_string"}}],"inLanguage":"nb-NO"}]}},"_links":{"self":[{"href":"https:\/\/gjeilo.no\/index.php?rest_route=\/wp\/v2\/pages\/114","targetHints":{"allow":["GET"]}}],"collection":[{"href":"https:\/\/gjeilo.no\/index.php?rest_route=\/wp\/v2\/pages"}],"about":[{"href":"https:\/\/gjeilo.no\/index.php?rest_route=\/wp\/v2\/types\/page"}],"author":[{"embeddable":true,"href":"https:\/\/gjeilo.no\/index.php?rest_route=\/wp\/v2\/users\/2"}],"replies":[{"embeddable":true,"href":"https:\/\/gjeilo.no\/index.php?rest_route=%2Fwp%2Fv2%2Fcomments&post=114"}],"version-history":[{"count":24,"href":"https:\/\/gjeilo.no\/index.php?rest_route=\/wp\/v2\/pages\/114\/revisions"}],"predecessor-version":[{"id":6570,"href":"https:\/\/gjeilo.no\/index.php?rest_route=\/wp\/v2\/pages\/114\/revisions\/6570"}],"wp:attachment":[{"href":"https:\/\/gjeilo.no\/index.php?rest_route=%2Fwp%2Fv2%2Fmedia&parent=114"}],"curies":[{"name":"wp","href":"https:\/\/api.w.org\/{rel}","templated":true}]}}